{"id":9925,"date":"2021-07-29T15:25:09","date_gmt":"2021-07-29T12:25:09","guid":{"rendered":"http:\/\/panvvg.lt?page_id=9925"},"modified":"2021-09-17T17:36:27","modified_gmt":"2021-09-17T14:36:27","slug":"karjera","status":"publish","type":"page","link":"https:\/\/panvvg.lt?page_id=9925","title":{"rendered":"Karjera"},"content":{"rendered":"\r\n<p><strong>Karjeros galimyb\u0117s, darbuotoj\u0173 paie\u0161ka:<\/strong><\/p>\r\n<p>\u0160iuo metu darbo pasi\u016blymu dirbti Panev\u0117\u017eio rajono vietos veiklos grup\u0117je n\u0117ra.<\/p>\r\n<p><strong>VVG pareigybi\u0173 apra\u0161ymas:<\/strong><\/p>\r\n<p>Informacija apie Panev\u0117\u017eio rajono vietos veiklos grup\u0117s darbuotojus ir j\u0173 pareigybes \u017ei\u016br\u0117ti <a href=\"https:\/\/panvvg.lt\/?page_id=1599\" target=\"_blank\" rel=\"noopener\">kontaktuose<\/a>.<\/p>\r\n<p>&nbsp;<\/p>\r\n<p>&nbsp;<\/p>\r\n<p>&nbsp;<\/p>\r\n<p>&nbsp;<\/p>\r\n","protected":false},"excerpt":{"rendered":"<p>Karjeros galimyb\u0117s, darbuotoj\u0173 paie\u0161ka: \u0160iuo metu darbo pasi\u016blymu dirbti Panev\u0117\u017eio rajono vietos veiklos grup\u0117je n\u0117ra. VVG pareigybi\u0173 apra\u0161ymas: Informacija apie Panev\u0117\u017eio rajono vietos veiklos grup\u0117s darbuotojus ir j\u0173 pareigybes \u017ei\u016br\u0117ti kontaktuose. &nbsp; &nbsp; &nbsp; &nbsp;<\/p>\n","protected":false},"author":2,"featured_media":0,"parent":0,"menu_order":0,"comment_status":"closed","ping_status":"closed","template":"","meta":{"footnotes":""},"class_list":["post-9925","page","type-page","status-publish","hentry"],"_links":{"self":[{"href":"https:\/\/panvvg.lt\/index.php?rest_route=\/wp\/v2\/pages\/9925","targetHints":{"allow":["GET"]}}],"collection":[{"href":"https:\/\/panvvg.lt\/index.php?rest_route=\/wp\/v2\/pages"}],"about":[{"href":"https:\/\/panvvg.lt\/index.php?rest_route=\/wp\/v2\/types\/page"}],"author":[{"embeddable":true,"href":"https:\/\/panvvg.lt\/index.php?rest_route=\/wp\/v2\/users\/2"}],"replies":[{"embeddable":true,"href":"https:\/\/panvvg.lt\/index.php?rest_route=%2Fwp%2Fv2%2Fcomments&post=9925"}],"version-history":[{"count":7,"href":"https:\/\/panvvg.lt\/index.php?rest_route=\/wp\/v2\/pages\/9925\/revisions"}],"predecessor-version":[{"id":9984,"href":"https:\/\/panvvg.lt\/index.php?rest_route=\/wp\/v2\/pages\/9925\/revisions\/9984"}],"wp:attachment":[{"href":"https:\/\/panvvg.lt\/index.php?rest_route=%2Fwp%2Fv2%2Fmedia&parent=9925"}],"curies":[{"name":"wp","href":"https:\/\/api.w.org\/{rel}","templated":true}]}}