{"id":9921,"date":"2021-07-16T13:31:54","date_gmt":"2021-07-16T10:31:54","guid":{"rendered":"http:\/\/panvvg.lt?page_id=9921"},"modified":"2021-10-29T20:05:45","modified_gmt":"2021-10-29T17:05:45","slug":"korupcijos-prevencija","status":"publish","type":"page","link":"https:\/\/panvvg.lt?page_id=9921","title":{"rendered":"Korupcijos prevencija"},"content":{"rendered":"\n<p><strong>Korupcijos prevencija<\/strong><\/p>\n<p>Panev\u0117\u017eio rajono vietos veiklos grup\u0117 (toliau \u2013VVG) suinteresuota, kad teikiant \u012fstaigos paslaugas, neb\u016bt\u0173 korupcijos aprai\u0161k\u0173: ky\u0161ininkavimo, tarpininko ky\u0161ininkavimo, papirkimo, piktnaud\u017eiavimo tarnybine pad\u0117timi, tarnybos pareig\u0173 neatlikimo ir kit\u0173 korupcinio pob\u016bd\u017eio nusikalstam\u0173 veik\u0173, kai toki\u0173 veik\u0173 padarymu siekiama ar reikalaujama ky\u0161io, papirkimo arba nusl\u0117pti, u\u017emaskuoti ky\u0161ininkavim\u0105 ar papirkim\u0105. <br \/>U\u017e korupcinio pob\u016bd\u017eio teis\u0117s pa\u017eeidimus yra numatyta administracin\u0117, drausmin\u0117 ar kitokia teisin\u0117 atsakomyb\u0117. \u012e VVG gali kreiptis kiekvienas asmuo, kuris mano tur\u012fs \u017eini\u0173 arba pagr\u012fst\u0173 \u012ftarim\u0173 apie VVG darbuotojo padarytas, daromas ar ketinamas daryti korupcinio pob\u016bd\u017eio nusikalstamas veikas.<\/p>\n<p>Apie VVG darbuotoj\u0173 neteis\u0117tus veiksmus pra\u0161ome prane\u0161ti tel. +370 686 03 434 arba el. pa\u0161tu vilmajuodagalvyte@gmail.com. Anonimi\u0161kum\u0105 garantuojame.<\/p>\n<p>Lietuvos Respublikos \u012fstatymai draud\u017eia \u0161mei\u017eti ar melagingai kaltinti kit\u0105 asmen\u012f nusikaltimo padarymu. U\u017e tokius veiksmus numatyta baud\u017eiamoji atsakomyb\u0117.<\/p>\n<p>Susid\u016brus su galimais korupcinio pob\u016bd\u017eio teis\u0117s pa\u017eeidimais taip pat galite prane\u0161ti Speciali\u0173j\u0173 tyrim\u0173 tarnybai (STT)<\/p>\n<p>\u201eKar\u0161t\u0105ja linija\u201c vis\u0105 par\u0105 (darbo ir poilsio dienomis) tel. (8 5) 266 3333.2. El. pa\u0161tu pranesk@stt.lt3.<br \/>\u00a0STT interneto puslapyje: <a href=\"https:\/\/www.stt.lt\/pateikti-pranesima-apie-korupcija\/7425\" target=\"_blank\" rel=\"noopener\">https:\/\/www.stt.lt\/pateikti-pranesima-apie-korupcija\/7425<\/a><\/p>\n<p>STT kvie\u010dia valstyb\u0117s tarnautojus ir visus besidomin\u010dius antikorupcin\u0117s aplinkos k\u016brimo tema naudotis E. mokym\u0173 platforma. Profesionaliai atrinkta antikorupcinio \u0161vietimo mokym\u0173 med\u017eiaga leid\u017eia kiekvienam savaranki\u0161kai gilintis \u012f skirtingas temas. E. mokym\u0173 platforma startavo su a\u0161tuoniomis temomis: korupcijos samprata, korupcinio pob\u016bd\u017eio nusikalstamos veikos, interes\u0173 konfliktai, dovan\u0173 politika, prane\u0161\u0117j\u0173 apsauga bei korupcijos rizikos sveikatos apsaugos sektoriuje ir kt. Tem\u0173 s\u0105ra\u0161as ir turinys joje nuolat pildomas. STT sukurtos mokym\u0173 platformos <a href=\"https:\/\/www.stt.lt\/naujienos\/7464\/stt-pristate-nauja-e.-mokymu-platforma:3210\" target=\"_blank\" rel=\"noopener\">pristatymas<\/a>. <a class=\"moz-txt-link-freetext\" href=\"https:\/\/www.stt.lt\/naujienos\/7464\/stt-pristate-nauja-e.-mokymu-platforma:3210\"><\/a>Prisijungimas prie platformos <a class=\"moz-txt-link-freetext\" href=\"https:\/\/emokymai.stt.lt\/\">https:\/\/emokymai.stt.lt\/<\/a><\/p>\n<p><a href=\"https:\/\/e-seimas.lrs.lt\/portal\/legalAct\/lt\/TAD\/TAIS.168154\/asr\" target=\"_blank\" rel=\"noopener noreferrer\">Lietuvos Respublikos korupcijos prevencijos \u012fstatymas<\/a><\/p>\n<p><\/p>\n","protected":false},"excerpt":{"rendered":"<p>Korupcijos prevencija Panev\u0117\u017eio rajono vietos veiklos grup\u0117 (toliau \u2013VVG) suinteresuota, kad teikiant \u012fstaigos paslaugas, neb\u016bt\u0173 korupcijos aprai\u0161k\u0173: ky\u0161ininkavimo, tarpininko ky\u0161ininkavimo, papirkimo, piktnaud\u017eiavimo tarnybine pad\u0117timi, tarnybos pareig\u0173 neatlikimo ir kit\u0173 korupcinio pob\u016bd\u017eio nusikalstam\u0173 veik\u0173, kai toki\u0173 veik\u0173 padarymu siekiama ar reikalaujama ky\u0161io, papirkimo arba nusl\u0117pti, u\u017emaskuoti ky\u0161ininkavim\u0105 ar papirkim\u0105. U\u017e korupcinio pob\u016bd\u017eio teis\u0117s pa\u017eeidimus yra numatyta [&hellip;]<\/p>\n","protected":false},"author":2,"featured_media":0,"parent":0,"menu_order":0,"comment_status":"closed","ping_status":"closed","template":"","meta":{"footnotes":""},"class_list":["post-9921","page","type-page","status-publish","hentry"],"_links":{"self":[{"href":"https:\/\/panvvg.lt\/index.php?rest_route=\/wp\/v2\/pages\/9921","targetHints":{"allow":["GET"]}}],"collection":[{"href":"https:\/\/panvvg.lt\/index.php?rest_route=\/wp\/v2\/pages"}],"about":[{"href":"https:\/\/panvvg.lt\/index.php?rest_route=\/wp\/v2\/types\/page"}],"author":[{"embeddable":true,"href":"https:\/\/panvvg.lt\/index.php?rest_route=\/wp\/v2\/users\/2"}],"replies":[{"embeddable":true,"href":"https:\/\/panvvg.lt\/index.php?rest_route=%2Fwp%2Fv2%2Fcomments&post=9921"}],"version-history":[{"count":4,"href":"https:\/\/panvvg.lt\/index.php?rest_route=\/wp\/v2\/pages\/9921\/revisions"}],"predecessor-version":[{"id":10040,"href":"https:\/\/panvvg.lt\/index.php?rest_route=\/wp\/v2\/pages\/9921\/revisions\/10040"}],"wp:attachment":[{"href":"https:\/\/panvvg.lt\/index.php?rest_route=%2Fwp%2Fv2%2Fmedia&parent=9921"}],"curies":[{"name":"wp","href":"https:\/\/api.w.org\/{rel}","templated":true}]}}