{"id":9671,"date":"2021-01-26T13:45:23","date_gmt":"2021-01-26T11:45:23","guid":{"rendered":"http:\/\/panvvg.lt?page_id=9671"},"modified":"2021-01-26T13:45:25","modified_gmt":"2021-01-26T11:45:25","slug":"socialinio-verslo-vykdytoju-dokumentai","status":"publish","type":"page","link":"https:\/\/panvvg.lt?page_id=9671","title":{"rendered":"Socialinio verslo vykdytoj\u0173 dokumentai"},"content":{"rendered":"\n<p><strong>V\u0161\u012e \u201eMie\u017ei\u0161ki\u0173 bendruomeniniai vaik\u0173 globos namai\u201c<\/strong> (Nr. PANE-LEADER-6B-DS-4-2-2018)<br \/><br \/>&#8211; Sprendimas <a href=\"https:\/\/drive.google.com\/uc?id=1U6I2l66405JokJLHsDePOuDh7Sefuo4X\" target=\"_blank\" rel=\"noopener\">d\u0117l pelno reinvestavimo (paskirstymo)<\/a><strong><br \/><\/strong>&#8211; \u012esakymas d\u0117l atskaitingo ir skaidraus <a href=\"https:\/\/drive.google.com\/uc?id=1nyRlbdQIREv9UdKCIOYUt37OW4gdzIdl\" target=\"_blank\" rel=\"noopener\">valdymo tvarkos apra\u0161o<\/a><br \/>&#8211; Atskaitingo ir skaidraus <a href=\"https:\/\/drive.google.com\/uc?id=1iFUN3uUfM14TaGTktJl6u_tXymCNtJEH\" target=\"_blank\" rel=\"noopener\">valdymo tvarkos apra\u0161as<\/a><br \/><br \/><\/p>\n","protected":false},"excerpt":{"rendered":"<p>V\u0161\u012e \u201eMie\u017ei\u0161ki\u0173 bendruomeniniai vaik\u0173 globos namai\u201c (Nr. PANE-LEADER-6B-DS-4-2-2018) &#8211; Sprendimas d\u0117l pelno reinvestavimo (paskirstymo)&#8211; \u012esakymas d\u0117l atskaitingo ir skaidraus valdymo tvarkos apra\u0161o&#8211; Atskaitingo ir skaidraus valdymo tvarkos apra\u0161as<\/p>\n","protected":false},"author":2,"featured_media":0,"parent":0,"menu_order":0,"comment_status":"closed","ping_status":"closed","template":"","meta":{"footnotes":""},"class_list":["post-9671","page","type-page","status-publish","hentry"],"_links":{"self":[{"href":"https:\/\/panvvg.lt\/index.php?rest_route=\/wp\/v2\/pages\/9671","targetHints":{"allow":["GET"]}}],"collection":[{"href":"https:\/\/panvvg.lt\/index.php?rest_route=\/wp\/v2\/pages"}],"about":[{"href":"https:\/\/panvvg.lt\/index.php?rest_route=\/wp\/v2\/types\/page"}],"author":[{"embeddable":true,"href":"https:\/\/panvvg.lt\/index.php?rest_route=\/wp\/v2\/users\/2"}],"replies":[{"embeddable":true,"href":"https:\/\/panvvg.lt\/index.php?rest_route=%2Fwp%2Fv2%2Fcomments&post=9671"}],"version-history":[{"count":2,"href":"https:\/\/panvvg.lt\/index.php?rest_route=\/wp\/v2\/pages\/9671\/revisions"}],"predecessor-version":[{"id":9673,"href":"https:\/\/panvvg.lt\/index.php?rest_route=\/wp\/v2\/pages\/9671\/revisions\/9673"}],"wp:attachment":[{"href":"https:\/\/panvvg.lt\/index.php?rest_route=%2Fwp%2Fv2%2Fmedia&parent=9671"}],"curies":[{"name":"wp","href":"https:\/\/api.w.org\/{rel}","templated":true}]}}