{"id":9557,"date":"2020-10-19T09:59:23","date_gmt":"2020-10-19T06:59:23","guid":{"rendered":"http:\/\/panvvg.lt?page_id=9557"},"modified":"2021-02-05T11:00:15","modified_gmt":"2021-02-05T09:00:15","slug":"kvietimas-nr-22-verslo-pradzia","status":"publish","type":"page","link":"https:\/\/panvvg.lt?page_id=9557","title":{"rendered":"Kvietimas Nr. 22 (verslo prad\u017eia)"},"content":{"rendered":"<p><span color=\"#ff6600\">Parai\u0161kos pagal \u0161\u012f kvietim\u0105 buvo renkamos nuo 2020-10-19 9.00 val. iki 2020-12-14 16.00 val. (kvietimo galiojimo terminas baig\u0117si).<br \/>Artimiausiu metu planuojam\u0173 skelbti\u00a0<span><a href=\"https:\/\/panvvg.lt\/?page_id=3857\" target=\"_blank\" rel=\"noopener noreferrer\">kvietim\u0173 grafikas<\/a>.<\/span><br \/><\/span><span color=\"#ff6600\"><span style=\"color: #ff6600;\">\u00a0<\/span><\/span><\/p>\n<p><b>KVIETIMO TEIKTI VIETOS PROJEKTUS NR. 22 DOKUMENTACIJA:<\/b><\/p>\n<ul style=\"list-style-type: disc;\">\n<li>Kvietimas teikti vietos projektus Nr. 22 (<strong class=\"highlights\"><a href=\"https:\/\/drive.google.com\/uc?id=1a_gPIkO-7SMcQDOLwDb01io7I2cyEAn9\" target=\"_blank\" rel=\"noopener noreferrer\">kvietimo skelbimas<\/a><\/strong>);<\/li>\n<li>VPS priemon\u0117s \u201e\u016akio ir verslo pl\u0117tra\u201c veiklos srities \u201e<strong>Parama jaun\u0173 \u017emoni\u0173 verslui kaimo vietov\u0117se prad\u0117ti<\/strong>\u201c Nr. LEADER-19.2-6.2:\n<ul style=\"list-style-type: disc;\">\n<li><strong class=\"highlights\"><a href=\"https:\/\/drive.google.com\/uc?id=1lZCh8cF0IxlIPzzjNsnPMJtlmiZAcpY4\" target=\"_blank\" rel=\"noopener noreferrer\">Finansavimo s\u0105lyg\u0173 apra\u0161as (FSA)<\/a><\/strong>;<\/li>\n<li>1 priedas <strong class=\"highlights\"><a href=\"https:\/\/drive.google.com\/uc?id=1OU1TzNT_O4XMEZYZpqPFv6_3boxS1pbA\" target=\"_blank\" rel=\"noopener noreferrer\">Vietos projekto parai\u0161ka<\/a><\/strong>;<\/li>\n<li>2 priedas <strong class=\"highlights\"><a href=\"https:\/\/drive.google.com\/uc?id=1TNgHKI4aju0Ko5NSrPguveA9ORjohzYX\" target=\"_blank\" rel=\"noopener noreferrer\">Verslo plano forma<\/a><\/strong>;<\/li>\n<li>3 priedas <strong class=\"highlights\"><a href=\"https:\/\/drive.google.com\/uc?id=1KPQrshG8TTM_BUfMC_37EhgadZtt7xvX\" target=\"_blank\" rel=\"noopener noreferrer\">Remiamos ir neremiamos veiklos pagal EVRK<\/a><a href=\"https:\/\/drive.google.com\/uc?id=1SFfQMQSILpsaApkPALjYEseJUv7A9TJk\" target=\"_blank\" rel=\"noopener noreferrer\"><\/a><\/strong>;<\/li>\n<li>4 priedas <strong class=\"highlights\"><a href=\"https:\/\/drive.google.com\/uc?id=1jfGY6eEaOh_5Cp5SUaFXdwGC-alMjAJE\" target=\"_blank\" rel=\"noopener noreferrer\">Inovatyvumo vertinimo metodika<\/a><\/strong>;<\/li>\n<\/ul>\n<\/li>\n<li><strong class=\"highlights\"><a href=\"https:\/\/drive.google.com\/uc?id=1tJneLCPbi_X5KrJcN67IErpAwWy6kzNP\" target=\"_blank\" rel=\"noopener noreferrer\">\u201eVienos \u012fmon\u0117s deklaracija\u201c<\/a><\/strong> (pagal komisijos reglament\u0105 (ES) Nr. 1407\/2013 <strong class=\"highlights\"><a href=\"https:\/\/drive.google.com\/uc?id=15QAyok-wa0pQlF7kiZjqhr_yrCP4z-Q6\" target=\"_blank\" rel=\"noopener noreferrer\">xlxs<\/a><\/strong> formatu);<\/li>\n<li><strong class=\"highlights\"><a href=\"https:\/\/drive.google.com\/uc?id=1v9xjnMyQx-ij14CbcZCtlLlGogH9_QhT\" target=\"_blank\" rel=\"noopener noreferrer\">,,Smulkiojo ar vidutinio verslo subjekto statuso deklaracija\u201c<\/a><\/strong> (<strong class=\"highlights\"><a href=\"https:\/\/drive.google.com\/uc?id=1sAYGY81tnvVbYkMCMSCqfECjMK5llgwR\" target=\"_blank\" rel=\"noopener noreferrer\">xlxs<\/a><\/strong> formatu).<\/li>\n<\/ul>\n<ul>\n<li style=\"list-style-type: none;\">\n<ul style=\"list-style-type: disc;\"><\/ul>\n<\/li>\n<\/ul>\n<p>Paramos vietos projektui \u012fgyvendinti lyginamoji dalis:<br \/>&#8211;\u00a0<strong>iki 70 proc<\/strong>. vis\u0173 tinkam\u0173 finansuoti vietos projekto i\u0161laid\u0173, kai vietos projekt\u0105 teikia privatus juridinis ar fizinis asmuo, atitinkantis labai ma\u017eai \u012fmonei keliamus reikalavimus;<br \/>&#8211; <strong>iki 50 proc<\/strong>.\u00a0vis\u0173 tinkam\u0173 finansuoti vietos projekto i\u0161laid\u0173, kai projekt\u0105 teikia privatus juridinis ar fizinis asmuo, i\u0161skyrus asmenis, atitinkan\u010dius labai ma\u017eai \u012fmonei keliamus reikalavimus.<\/p>\n<p>Kvietimui skiriama VPS paramos l\u0117\u0161\u0173 suma <strong>35 045,00<\/strong> <strong>Eur<\/strong> i\u0161 E\u017d\u016aFKP ir Lietuvos Respublikos valstyb\u0117s biud\u017eeto l\u0117\u0161\u0173;<br \/>Did\u017eiausia galima parama vienam vietos projektui \u012fgyvendinti <strong>35 045,00<\/strong> <strong>Eur<\/strong>.<br \/>Vietos projekt\u0173 parai\u0161kos priimamos Panev\u0117\u017eio rajono vietos veiklos grup\u0117s b\u016bstin\u0117je adresu J. \u017demgulio g. 46 (106 kab.), Panev\u0117\u017eys.<\/p>\n<p><b>PAPILDOMI DOKUMENTAI (pagalba parei\u0161k\u0117jams)<\/b><b>:<\/b><\/p>\n<ul>\n<li>I\u0161laid\u0173 pagrindimo dokument\u0173, teikiam\u0173 kartu su parai\u0161ka, <a href=\"https:\/\/drive.google.com\/uc?id=1w8rBk37fopuNO4iHKcZq7mjiL4fSLD9v\" target=\"_blank\" rel=\"noopener noreferrer\"><strong class=\"highlights\">tinkamumo reikalavimai<\/strong><\/a><\/li>\n<li>Vietos projekt\u0173, \u012fgyvendinam\u0173 bendruomeni\u0173 inicijuotos vietos pl\u0117tros b\u016bdu, administravimo taisykl\u0117s (<a href=\"https:\/\/www.e-tar.lt\/portal\/lt\/legalAct\/2c022700800111e6b969d7ae07280e89\/asr\" target=\"_blank\" rel=\"noopener noreferrer\"><strong class=\"highlights\">kvietimo teikti vietos projekt\u0173 parai\u0161kas Nr. 22 metu taikoma suvestin\u0117 redakcija<\/strong><\/a>)<\/li>\n<li>Vietos projekt\u0173, pateikt\u0173 pagal vietos pl\u0117tros strategijas, \u012fgyvendinamas bendruomeni\u0173 inicijuotos vietos pl\u0117tros b\u016bdu, administravimo proced\u016bros apra\u0161as ir priedai (<a href=\"https:\/\/www.nma.lt\/index.php\/parama\/lietuvos-kaimo-pletros-20142020-m-programa\/priemoniu-sarasas\/parama-vietos-projektams-igyvendinti-pagal-vps-2016-m\/20142020-m-programinio-laikotarpio-vietos-projektu-pateiktu-pagal-vietos-pletros-strategijas-igyvendinamas-bendruomeniu-inicijuotos-vietos-pletros-budu-administravimo-proceduros-aprasas\/11112\" target=\"_blank\" rel=\"noopener noreferrer\"><strong class=\"highlights\">kvietimo teikti vietos projekt\u0173 parai\u0161kas Nr. 22 metu taikoma proced\u016bros apra\u0161o redakcija<\/strong><\/a>)<\/li>\n<li>Motorini\u0173 transporto priemoni\u0173 ir j\u0173 priekab\u0173 kategorij\u0173 ir klasi\u0173 pagal konstrukcij\u0105 <span lang=\"LT\"><strong class=\"highlights\"><\/span><a href=\"https:\/\/www.e-tar.lt\/portal\/lt\/legalAct\/TAR.385773CCCFE8\/WuDxdLlJej\" target=\"_blank\" rel=\"noopener noreferrer\">reikalavimai<\/a><span lang=\"LT\"><\/strong><\/span><\/li>\n<li>Ekonominio gyvybingumo <strong class=\"highlights\"><a href=\"https:\/\/www.e-tar.lt\/portal\/lt\/legalAct\/bba802c0163711e4afafe56485a7e49a\/ZbAtSKbjar\" target=\"_blank\" rel=\"noopener noreferrer\">nustatymo taisykl\u0117s<\/a><\/strong><\/li>\n<li>Vidutinio metinio darbuotoj\u0173 skai\u010diaus nustatymo <strong class=\"highlights\"><a href=\"https:\/\/www.e-tar.lt\/portal\/lt\/legalAct\/47a74d00268211e78397ae072f58c508\" target=\"_blank\" rel=\"noopener noreferrer\">tvarkos apra\u0161as<\/a><\/strong><\/li>\n<li>Smulkiojo ir vidutinio <strong class=\"highlights\"><a href=\"https:\/\/www.e-tar.lt\/portal\/lt\/legalAct\/TAR.640D50DB8877\/iKJGgOOWkj\" target=\"_blank\" rel=\"noopener noreferrer\">verslo pl\u0117tros \u012fstatymas<\/a><\/strong><\/li>\n<li>Projekt\u0173, \u012fgyvendinam\u0173 pagal Lietuvos kaimo pl\u0117tros 2014-2020 met\u0173 programos priemones, rodiklio <strong class=\"highlights\">\u201e<a href=\"https:\/\/www.e-tar.lt\/portal\/lt\/legalAct\/4143fdd0c52b11e79122ea2db7aeb5f0\/asr\" target=\"_blank\" rel=\"noopener noreferrer\">Naujos darbo vietos suk\u016brimas ir i\u0161laikymas\u201c pasiekimo vertinimo metodika<\/a><\/strong><\/li>\n<li>Vietos projekt\u0173\u00a0<a href=\"https:\/\/www.e-tar.lt\/portal\/lt\/legalAct\/ed70b9107edc11e4bc68a1493830b8b9\/asr\" target=\"_blank\" rel=\"noopener noreferrer\"><strong class=\"highlights\">vie\u0161inimo taisykl\u0117s<\/strong><\/a><\/li>\n<li>Projekt\u0173 vykdytoj\u0173, pretenduojan\u010di\u0173 gauti param\u0105, <strong class=\"highlights\"><a href=\"http:\/\/www.infolex.lt\/ta\/320663\" target=\"_blank\" rel=\"noopener noreferrer\">pirkimo taisykl\u0117s<\/a><\/strong><\/li>\n<li>Sankcij\u0173 u\u017e pa\u017eeidimus <strong class=\"highlights\"><a href=\"https:\/\/www.e-tar.lt\/portal\/lt\/legalActEditions\/3a4d3d907c6111e4abe983995522ea30?faces-redirect=true\" target=\"_blank\" rel=\"noopener noreferrer\">taikymo metodika<\/a><\/strong><\/li>\n<\/ul>\n<p><strong>KVIETIMO NR. 22 METU GAUT\u0172 VIETOS PROJEKT\u0172 VERTINIMAS:<\/strong><\/p>\n<p>Informacija apie u\u017eregistruotas vietos projekt\u0173 parai\u0161kas (<a href=\"https:\/\/drive.google.com\/uc?id=1OaT3nWw_VeqaVOk33_ipOzQBtTv5wrTH\" target=\"_blank\" rel=\"noreferrer noopener\" aria-label=\" (atidaroma naujame nar\u0161ykl\u0117s skirtuke)\"><strong>projekt\u0173\u00a0s\u0105ra\u0161as<\/strong><\/a>)<br \/><span>Informacija apie vietos projekt\u0173 parai\u0161k\u0173 prid\u0117tin\u0117s vert\u0117s (kokyb\u0117s) vertinimo\u00a0<\/span><strong class=\"highlights\"><a href=\"https:\/\/drive.google.com\/uc?id=1zPZUNYkg_xKtADo9M2-SYBMxKY9-qhp4\" target=\"_blank\" rel=\"noopener noreferrer\">rezultatus<\/a><br \/><\/strong><span>Vietos projekt\u0173 pirmasis <strong><a href=\"https:\/\/drive.google.com\/uc?id=17bme28gh8EvVSspgLOyhGmfo5ff_dhi8\" target=\"_blank\" rel=\"noopener\">prioritetinis s\u0105ra\u0161as<\/a><br \/><\/strong>Rezervinis vietos <a href=\"https:\/\/drive.google.com\/uc?id=1nBNMzIenWI5r14zd0kuBKNPDKxO1iqDj\" target=\"_blank\" rel=\"noopener\"><\/a><strong><a href=\"https:\/\/drive.google.com\/uc?id=1qfnopiaC6xsj_MlA1a09BdjbM0d42K0z\" target=\"_blank\" rel=\"noopener\">projekt\u0173 s\u0105ra\u0161as<\/a><\/strong><\/span><strong class=\"highlights\"><br \/><\/strong>Vietos projekt\u0173 atrankos vertinimo <strong class=\"highlights\"><a href=\"https:\/\/drive.google.com\/uc?id=1W6gfvaNTmws5VCveVTFEA3emPWBJKyft\" target=\"_blank\" rel=\"noopener noreferrer\">rezultat\u0173 suvestin\u0117<\/a><br \/><\/strong>Vietos projekt\u0173 atrankos komiteto 2021-01-20 Nr. (20-22)-1<strong class=\"highlights\"><span><strong><a href=\"https:\/\/drive.google.com\/uc?id=1kUyQgowzhskJr2loYIZPzHk2EfaxeXl4\" target=\"_blank\" rel=\"noopener\">nutariamoji<\/a> <\/strong><\/span><\/strong>dalis<\/p>\n\n","protected":false},"excerpt":{"rendered":"<p>Parai\u0161kos pagal \u0161\u012f kvietim\u0105 buvo renkamos nuo 2020-10-19 9.00 val. iki 2020-12-14 16.00 val. (kvietimo galiojimo terminas baig\u0117si).Artimiausiu metu planuojam\u0173 skelbti\u00a0kvietim\u0173 grafikas.\u00a0 KVIETIMO TEIKTI VIETOS PROJEKTUS NR. 22 DOKUMENTACIJA: Kvietimas teikti vietos projektus Nr. 22 (); VPS priemon\u0117s \u201e\u016akio ir verslo pl\u0117tra\u201c veiklos srities \u201eParama jaun\u0173 \u017emoni\u0173 verslui kaimo vietov\u0117se prad\u0117ti\u201c Nr. LEADER-19.2-6.2: ; 1 [&hellip;]<\/p>\n","protected":false},"author":2,"featured_media":0,"parent":0,"menu_order":0,"comment_status":"closed","ping_status":"closed","template":"","meta":{"footnotes":""},"class_list":["post-9557","page","type-page","status-publish","hentry"],"_links":{"self":[{"href":"https:\/\/panvvg.lt\/index.php?rest_route=\/wp\/v2\/pages\/9557","targetHints":{"allow":["GET"]}}],"collection":[{"href":"https:\/\/panvvg.lt\/index.php?rest_route=\/wp\/v2\/pages"}],"about":[{"href":"https:\/\/panvvg.lt\/index.php?rest_route=\/wp\/v2\/types\/page"}],"author":[{"embeddable":true,"href":"https:\/\/panvvg.lt\/index.php?rest_route=\/wp\/v2\/users\/2"}],"replies":[{"embeddable":true,"href":"https:\/\/panvvg.lt\/index.php?rest_route=%2Fwp%2Fv2%2Fcomments&post=9557"}],"version-history":[{"count":6,"href":"https:\/\/panvvg.lt\/index.php?rest_route=\/wp\/v2\/pages\/9557\/revisions"}],"predecessor-version":[{"id":9805,"href":"https:\/\/panvvg.lt\/index.php?rest_route=\/wp\/v2\/pages\/9557\/revisions\/9805"}],"wp:attachment":[{"href":"https:\/\/panvvg.lt\/index.php?rest_route=%2Fwp%2Fv2%2Fmedia&parent=9557"}],"curies":[{"name":"wp","href":"https:\/\/api.w.org\/{rel}","templated":true}]}}