{"id":9375,"date":"2020-05-23T10:13:31","date_gmt":"2020-05-23T07:13:31","guid":{"rendered":"http:\/\/panvvg.lt?page_id=9375"},"modified":"2022-11-23T14:39:05","modified_gmt":"2022-11-23T12:39:05","slug":"kvietimas-nr-18-z-u-produktu-perdirbimas","status":"publish","type":"page","link":"https:\/\/panvvg.lt?page_id=9375","title":{"rendered":"Kvietimas Nr. 18 (\u017e. \u016b. produkt\u0173 perdirbimas)"},"content":{"rendered":"<p><span color=\"#ff6600\">Parai\u0161kos pagal \u0161\u012f kvietim\u0105 buvo renkamos nuo 2020-05-25 9.00 val. <\/span><span color=\"#ff6600\">iki<\/span><span color=\"#ff6600\"><span color=\"#ff6600\"> 2020-07-24 16.00 val. (kvietimo galiojimo terminas baig\u0117si).<br \/>Artimiausiu metu planuojam\u0173 skelbti\u00a0<span><a href=\"https:\/\/panvvg.lt\/?page_id=3857\" target=\"_blank\" rel=\"noopener noreferrer\">kvietim\u0173 grafikas<\/a>.<\/span><br \/><\/span><\/span><span color=\"#ff6600\"><br \/><\/span><b>KVIETIMO TEIKTI VIETOS PROJEKTUS NR. 18 DOKUMENTACIJA:<\/b><\/p>\n<ul style=\"list-style-type: disc;\">\n<li>Paprastas kvietimas teikti vietos projektus Nr. 18 (<strong class=\"highlights\"><a href=\"https:\/\/drive.google.com\/uc?id=1fVIpiRaFQCDDPlJI6iiuWHeIBMVMtIje\" target=\"_blank\" rel=\"noopener noreferrer\">kvietimo skelbimas<\/a><\/strong>);<\/li>\n<li>VPS priemon\u0117s \u201eInvesticijos \u012f material\u0173j\u012f turt\u0105\u201c veiklos sritis <strong>\u201eParama \u017eem\u0117s \u016bkio produkt\u0173 perdirbimui, rinkodarai ir (arba) pl\u0117trai\u201c <\/strong>Nr. LEADER-19.2-4.2:\n<ul style=\"list-style-type: disc;\">\n<li><strong class=\"highlights\"><a href=\"https:\/\/drive.google.com\/uc?id=1NWMfKp4DSo9IyBVtz-JDP7wZS_8rLQK4\" target=\"_blank\" rel=\"noopener noreferrer\">Finansavimo s\u0105lyg\u0173 apra\u0161as (FSA) aktuali redakcija (2022-03-24)<\/a><\/strong>, <a href=\"https:\/\/drive.google.com\/uc?id=1jrMgOjnNPNbAfHPG7DuEXfI7Y2fW6L3K\" target=\"_blank\" rel=\"noopener\">2020-05-22 FSA redakcija<\/a>;<\/li>\n<li>1 priedas <strong class=\"highlights\"><a href=\"https:\/\/drive.google.com\/uc?id=1-B8x5JFssjhWD8widWDadCgLGGxTPtJV\" target=\"_blank\" rel=\"noopener noreferrer\">Vietos projekto parai\u0161ka<\/a><\/strong>;<\/li>\n<li>2 priedas <strong class=\"highlights\"><a href=\"https:\/\/drive.google.com\/uc?id=1D2aD1OQpfjjFIpE05VNsCg7_o1ZKAt6P\" target=\"_blank\" rel=\"noopener noreferrer\">Verslo plano forma<\/a><\/strong> (<a href=\"https:\/\/drive.google.com\/uc?id=1D2aD1OQpfjjFIpE05VNsCg7_o1ZKAt6P\" target=\"_blank\" rel=\"noopener noreferrer\">xlsx formatu<\/a>);<\/li>\n<li>3 priedas <strong class=\"highlights\"><a href=\"https:\/\/drive.google.com\/uc?id=1GFNhCiN8zGGkU7aIGM8ZOzVtgarlvl-G\" target=\"_blank\" rel=\"noopener noreferrer\">Vietos projekt\u0173 inovatyvumo vertinimo mtodika<\/a><\/strong>;<\/li>\n<\/ul>\n<\/li>\n<li><strong class=\"highlights\"><a href=\"https:\/\/drive.google.com\/uc?id=1tJneLCPbi_X5KrJcN67IErpAwWy6kzNP\" target=\"_blank\" rel=\"noopener noreferrer\">\u201eVienos \u012fmon\u0117s deklaracija\u201c<\/a><\/strong> (pagal komisijos reglament\u0105 (ES) Nr. 1407\/2013 <strong class=\"highlights\"><a href=\"https:\/\/drive.google.com\/uc?id=1tJneLCPbi_X5KrJcN67IErpAwWy6kzNP\" target=\"_blank\" rel=\"noopener noreferrer\">doc<\/a><\/strong> ir <strong class=\"highlights\"><a href=\"https:\/\/drive.google.com\/uc?id=15QAyok-wa0pQlF7kiZjqhr_yrCP4z-Q6\" target=\"_blank\" rel=\"noopener noreferrer\">xlxs<\/a><\/strong> formatu);<\/li>\n<li><strong class=\"highlights\"><a href=\"https:\/\/drive.google.com\/uc?id=1v9xjnMyQx-ij14CbcZCtlLlGogH9_QhT\" target=\"_blank\" rel=\"noopener noreferrer\">,,Smulkiojo ar vidutinio verslo subjekto statuso deklaracija\u201c<\/a><\/strong> (<strong class=\"highlights\"><a href=\"https:\/\/drive.google.com\/uc?id=1v9xjnMyQx-ij14CbcZCtlLlGogH9_QhT\" target=\"_blank\" rel=\"noopener noreferrer\">docx<\/a><\/strong> ir <strong class=\"highlights\"><a href=\"https:\/\/drive.google.com\/uc?id=1sAYGY81tnvVbYkMCMSCqfECjMK5llgwR\" target=\"_blank\" rel=\"noopener noreferrer\">xlxs<\/a><\/strong> formatu).<\/li>\n<\/ul>\n<p>Paramos vietos projektui \u012fgyvendinti lyginamoji dalis:<br \/>&#8211; <strong>iki 50 proc.<\/strong> vis\u0173 tinkam\u0173 finansuoti vietos projekto i\u0161laid\u0173, kai projekt\u0105 teikia <strong>privatus juridinis ar fizinis asmuo, i\u0161skyrus asmenis, atitinkan\u010dius labai ma\u017eai \u012fmonei keliamus reikalavimus;<\/strong><br \/>\u2013<strong>\u00a0 iki 70 proc.<\/strong> vis\u0173 tinkam\u0173 finansuoti vietos projekto i\u0161laid\u0173, kai vietos projekt\u0105 teikia <strong>privatus juridinis ar fizinis asmuo, atitinkantis labai ma\u017eai \u012fmonei keliamus reikalavimus<\/strong>;<br \/>&#8211;\u00a0<strong>iki 80 proc.<\/strong> vis\u0173 tinkam\u0173 finansuoti vietos projekto i\u0161laid\u0173, kai vietos projekt\u0105 teikia vie\u0161ieji juridiniai asmenus, atitinkantys NVO status\u0105.<\/p>\n<p>Tinkami vietos projekt\u0173 vykdytojai:\u00a0<br \/>&#8211; fiziniai asmenys (kaimo gyventojai, \u012fskaitant \u016bkininkus, vyresni nei 18 m. am\u017eiaus);<br \/>&#8211; privat\u016bs juridiniai asmenys, atitinkantys labai ma\u017eos arba ma\u017eos \u012fmon\u0117s status\u0105;<br \/>&#8211; vie\u0161ieji juridiniai asmenys, atitinkantys NVO status\u0105 (bendruomenin\u0117s organizacijos ir kitos nevyriausybin\u0117s organizacijos).<\/p>\n<p>Kvietimui skiriama VPS paramos l\u0117\u0161\u0173 suma <strong>224 720 Eur<\/strong>;<br \/>Did\u017eiausia galima parama vienam vietos projektui \u012fgyvendinti <strong>75 000 Eur<\/strong>.<br \/>Vietos projekt\u0173 parai\u0161kos bus priimamos Panev\u0117\u017eio rajono vietos veiklos grup\u0117s b\u016bstin\u0117je adresu J. \u017demgulio g. 46 (106 kab.), Panev\u0117\u017eys.<\/p>\n<p><b><br \/>PAPILDOMI DOKUMENTAI (pagalba parei\u0161k\u0117jams)<\/b><b>:<\/b><\/p>\n<ul style=\"list-style-type: disc;\">\n<li>I\u0161laid\u0173 tinkamumo finansuoti paramos l\u0117\u0161omis\u00a0<a href=\"https:\/\/www.nma.lt\/uploads\/files\/dir2560\/dir128\/dir6\/6_0.php\" target=\"_blank\" rel=\"noopener noreferrer\"><strong class=\"highlights\">vertinimo tvarka<\/strong><\/a><\/li>\n<li>I\u0161laid\u0173 pagrindimo dokument\u0173, teikiam\u0173 kartu su parai\u0161ka, <a href=\"https:\/\/drive.google.com\/uc?id=18C36M4FWIg6yGXPgaGSlW7tckVcMGKvY\" target=\"_blank\" rel=\"noopener noreferrer\"><strong class=\"highlights\">tinkamumo reikalavimai<\/strong><\/a><\/li>\n<li>Vietos projekt\u0173, \u012fgyvendinam\u0173 bendruomeni\u0173 inicijuotos vietos pl\u0117tros b\u016bdu, administravimo taisykl\u0117s (<a href=\"https:\/\/www.e-tar.lt\/portal\/lt\/legalAct\/2c022700800111e6b969d7ae07280e89\/asr\" target=\"_blank\" rel=\"noopener noreferrer\"><strong class=\"highlights\">kvietimo teikti vietos projekt\u0173 parai\u0161kas Nr. 18 metu taikoma suvestin\u0117 redakcija<\/strong><\/a>)<\/li>\n<li>Vietos projekt\u0173, pateikt\u0173 pagal vietos pl\u0117tros strategijas, \u012fgyvendinamas bendruomeni\u0173 inicijuotos vietos pl\u0117tros b\u016bdu, administravimo proced\u016bros apra\u0161as ir priedai (<a href=\"https:\/\/www.nma.lt\/index.php\/parama\/lietuvos-kaimo-pletros-20142020-m-programa\/priemoniu-sarasas\/parama-vietos-projektams-igyvendinti-pagal-vps-2016-m\/20142020-m-programinio-laikotarpio-vietos-projektu-pateiktu-pagal-vietos-pletros-strategijas-igyvendinamas-bendruomeniu-inicijuotos-vietos-pletros-budu-administravimo-proceduros-aprasas\/11112\" target=\"_blank\" rel=\"noopener noreferrer\"><strong class=\"highlights\">kvietimo teikti vietos projekt\u0173 parai\u0161kas Nr. 18 metu taikoma proced\u016bros apra\u0161o redakcija<\/strong><\/a>)<\/li>\n<li>Motorini\u0173 transporto priemoni\u0173 ir j\u0173 priekab\u0173 kategorij\u0173 ir klasi\u0173 pagal konstrukcij\u0105 <span lang=\"LT\"><strong class=\"highlights\"><\/span><a href=\"https:\/\/www.e-tar.lt\/portal\/lt\/legalAct\/TAR.385773CCCFE8\/WuDxdLlJej\" target=\"_blank\" rel=\"noopener noreferrer\">reikalavimai<\/a><span lang=\"LT\"><\/strong><\/span><\/li>\n<li>Ekonominio gyvybingumo <strong class=\"highlights\"><a href=\"https:\/\/www.e-tar.lt\/portal\/lt\/legalAct\/bba802c0163711e4afafe56485a7e49a\/ZbAtSKbjar\" target=\"_blank\" rel=\"noopener noreferrer\">nustatymo taisykl\u0117s<\/a><\/strong><\/li>\n<li>Vidutinio metinio darbuotoj\u0173 skai\u010diaus nustatymo <strong class=\"highlights\"><a href=\"https:\/\/www.e-tar.lt\/portal\/lt\/legalAct\/47a74d00268211e78397ae072f58c508\" target=\"_blank\" rel=\"noopener noreferrer\">tvarkos apra\u0161as<\/a><\/strong><\/li>\n<li>Smulkiojo ir vidutinio <strong class=\"highlights\"><a href=\"https:\/\/www.e-tar.lt\/portal\/lt\/legalAct\/TAR.640D50DB8877\/iKJGgOOWkj\" target=\"_blank\" rel=\"noopener noreferrer\">verslo pl\u0117tros \u012fstatymas<\/a><\/strong><\/li>\n<li>Projekt\u0173, \u012fgyvendinam\u0173 pagal Lietuvos kaimo pl\u0117tros 2014-2020 met\u0173 programos priemones, rodiklio <strong class=\"highlights\">\u201e<a href=\"https:\/\/www.e-tar.lt\/portal\/lt\/legalAct\/4143fdd0c52b11e79122ea2db7aeb5f0\/asr\" target=\"_blank\" rel=\"noopener noreferrer\">Naujos darbo vietos suk\u016brimas ir i\u0161laikymas\u201c pasiekimo vertinimo metodika<\/a><\/strong><\/li>\n<li>Vietos projekt\u0173\u00a0<a href=\"https:\/\/www.e-tar.lt\/portal\/lt\/legalAct\/ed70b9107edc11e4bc68a1493830b8b9\/asr\" target=\"_blank\" rel=\"noopener noreferrer\"><strong class=\"highlights\">vie\u0161inimo taisykl\u0117s<\/strong><\/a><\/li>\n<li>Projekt\u0173 vykdytoj\u0173, pretenduojan\u010di\u0173 gauti param\u0105, <strong class=\"highlights\"><a href=\"http:\/\/www.infolex.lt\/ta\/320663\" target=\"_blank\" rel=\"noopener noreferrer\">pirkimo taisykl\u0117s<\/a><\/strong><\/li>\n<li>Sankcij\u0173 u\u017e pa\u017eeidimus <strong class=\"highlights\"><a href=\"https:\/\/www.e-tar.lt\/portal\/lt\/legalActEditions\/3a4d3d907c6111e4abe983995522ea30?faces-redirect=true\" target=\"_blank\" rel=\"noopener noreferrer\">taikymo metodika<\/a><\/strong><\/li>\n<\/ul>\n<p><strong>KVIETIMO NR. 18 METU GAUT\u0172 VIETOS PROJEKT\u0172 VERTINIMAS:<\/strong><\/p>\n<p>Informacija apie u\u017eregistruotas vietos projekt\u0173 parai\u0161kas (<a href=\"https:\/\/drive.google.com\/file\/d\/1Uip40Itf-Hk8Kit9Wstudnk1TUGQA22q\/view?usp=sharing\" target=\"_blank\" rel=\"noreferrer noopener\" aria-label=\" (atidaroma naujame nar\u0161ykl\u0117s skirtuke)\"><strong>projekt\u0173\u00a0s\u0105ra\u0161as<\/strong><\/a>)<br \/><span>Informacija apie vietos projekt\u0173 parai\u0161k\u0173 prid\u0117tin\u0117s vert\u0117s (kokyb\u0117s) vertinimo\u00a0<\/span><strong class=\"highlights\"><a href=\"https:\/\/drive.google.com\/file\/d\/1wWRSIyRxYSeGgKr-HO3qHKDLIItkunKB\/view?usp=sharing\" target=\"_blank\" rel=\"noopener noreferrer\">rezultatus<\/a><br \/><\/strong><span>Vietos projekt\u0173 parai\u0161k\u0173 atrankos vertinimo<\/span><span>\u00a0<\/span><strong class=\"highlights\"><a href=\"https:\/\/drive.google.com\/file\/d\/1-HHr-czrQjLjqLrGe9OUkAmDrcC966XD\/view?usp=sharing\" target=\"_blank\" rel=\"noopener noreferrer\">rezultat\u0173 suvestin\u0117<\/a><br \/><\/strong>Vietos projekt\u0173 atrankos komiteto 2020-08-25 Nr. (18-19)-1 <strong class=\"highlights\"><strong><a rel=\"noreferrer noopener\" href=\"https:\/\/drive.google.com\/uc?id=1u_pnY_dbU8SHVosSzlqmkJ9SQb8wte3-\" target=\"_blank\">nutariamoji\u00a0<\/a><\/strong><\/strong>dalis<strong class=\"highlights\"><br \/><\/strong><\/p>\n\n\n<p><\/p>\n\n\n","protected":false},"excerpt":{"rendered":"<p>Parai\u0161kos pagal \u0161\u012f kvietim\u0105 buvo renkamos nuo 2020-05-25 9.00 val. iki 2020-07-24 16.00 val. (kvietimo galiojimo terminas baig\u0117si).Artimiausiu metu planuojam\u0173 skelbti\u00a0kvietim\u0173 grafikas.KVIETIMO TEIKTI VIETOS PROJEKTUS NR. 18 DOKUMENTACIJA: Paprastas kvietimas teikti vietos projektus Nr. 18 (); VPS priemon\u0117s \u201eInvesticijos \u012f material\u0173j\u012f turt\u0105\u201c veiklos sritis \u201eParama \u017eem\u0117s \u016bkio produkt\u0173 perdirbimui, rinkodarai ir (arba) pl\u0117trai\u201c Nr. LEADER-19.2-4.2: [&hellip;]<\/p>\n","protected":false},"author":2,"featured_media":0,"parent":0,"menu_order":0,"comment_status":"closed","ping_status":"closed","template":"","meta":{"footnotes":""},"class_list":["post-9375","page","type-page","status-publish","hentry"],"_links":{"self":[{"href":"https:\/\/panvvg.lt\/index.php?rest_route=\/wp\/v2\/pages\/9375","targetHints":{"allow":["GET"]}}],"collection":[{"href":"https:\/\/panvvg.lt\/index.php?rest_route=\/wp\/v2\/pages"}],"about":[{"href":"https:\/\/panvvg.lt\/index.php?rest_route=\/wp\/v2\/types\/page"}],"author":[{"embeddable":true,"href":"https:\/\/panvvg.lt\/index.php?rest_route=\/wp\/v2\/users\/2"}],"replies":[{"embeddable":true,"href":"https:\/\/panvvg.lt\/index.php?rest_route=%2Fwp%2Fv2%2Fcomments&post=9375"}],"version-history":[{"count":10,"href":"https:\/\/panvvg.lt\/index.php?rest_route=\/wp\/v2\/pages\/9375\/revisions"}],"predecessor-version":[{"id":10484,"href":"https:\/\/panvvg.lt\/index.php?rest_route=\/wp\/v2\/pages\/9375\/revisions\/10484"}],"wp:attachment":[{"href":"https:\/\/panvvg.lt\/index.php?rest_route=%2Fwp%2Fv2%2Fmedia&parent=9375"}],"curies":[{"name":"wp","href":"https:\/\/api.w.org\/{rel}","templated":true}]}}