{"id":925,"date":"2014-09-13T15:33:16","date_gmt":"2014-09-13T15:33:16","guid":{"rendered":"http:\/\/104.131.255.213\/specular\/business\/?page_id=925"},"modified":"2017-07-07T10:56:05","modified_gmt":"2017-07-07T12:56:05","slug":"faq","status":"publish","type":"page","link":"https:\/\/panvvg.lt?page_id=925","title":{"rendered":"DUK"},"content":{"rendered":"<p>[vc_row][vc_column][vc_custom_heading text=&#8221;Da\u017enai U\u017eduodami Klausimai (D.U.K.)&#8221; font_container=&#8221;tag:h2|font_size:35px|text_align:center|line_height:45px&#8221; google_fonts=&#8221;font_family:Raleway%3A100%2C200%2C300%2Cregular%2C500%2C600%2C700%2C800%2C900|font_style:500%20bold%20regular%3A500%3Anormal&#8221;][block_title padding_desc=&#8221;20%&#8221; description=&#8221;Codeless Support System work 24\/7, we love to make our clients happy&#8221;][\/block_title][\/vc_column][\/vc_row][vc_row][vc_column][faq][\/vc_column][\/vc_row][vc_row][vc_column width=&#8221;1\/2&#8243;][block_title style=&#8221;column_title&#8221; title=&#8221;U\u017eduokite klausim\u0105 tiesiogiai&#8221;][\/block_title][vc_column_text]Jeigu neradote Jums r\u016bpimo klausimo tarp \u0161i\u0173 Da\u017enai U\u017eduodam\u0173 Klausim\u0173 (DUK) susisiekite su mumis tiesiogiai ir u\u017eduokite Jums aktual\u0173 klausim\u0105.[\/vc_column_text][button title=&#8221;Susisieki su VVG&#8221; link=&#8221;https:\/\/panvvg.lt\/kontaktai\/&#8221; icon=&#8221;steadysets-icon-wifi-full&#8221;][\/vc_column][vc_column width=&#8221;1\/2&#8243;][block_title style=&#8221;column_title&#8221; title=&#8221;Veiklos dokumentai&#8221;][\/block_title][vc_column_text]Daug atsakym\u0173 \u012f Jums r\u016bpimus klausimus galima rasti panagrin\u0117jus Panev\u0117\u017eio rajono vietos veiklos grup\u0117s veiklos dokumentus ir dokumentacij\u0105 susisijus\u0119 su \u0161iuo metu \u012fgyvendinama \u201ePanev\u0117\u017eio rajono 2016 &#8211; 2023 m. vietos pl\u0117tros strategij\u0105\u201c.[\/vc_column_text][button title=&#8221;Dokumentai&#8221; link=&#8221;https:\/\/panvvg.lt\/2016-2023-m-vps\/&#8221; icon=&#8221;linecon-icon-clip&#8221;][\/vc_column][\/vc_row]<\/p>\n","protected":false},"excerpt":{"rendered":"<p>[vc_row][vc_column][vc_custom_heading text=&#8221;Da\u017enai U\u017eduodami Klausimai (D.U.K.)&#8221; font_container=&#8221;tag:h2|font_size:35px|text_align:center|line_height:45px&#8221; google_fonts=&#8221;font_family:Raleway%3A100%2C200%2C300%2Cregular%2C500%2C600%2C700%2C800%2C900|font_style:500%20bold%20regular%3A500%3Anormal&#8221;][block_title padding_desc=&#8221;20%&#8221; description=&#8221;Codeless Support System work 24\/7, we love to make our clients happy&#8221;][\/block_title][\/vc_column][\/vc_row][vc_row][vc_column][faq][\/vc_column][\/vc_row][vc_row][vc_column width=&#8221;1\/2&#8243;][block_title style=&#8221;column_title&#8221; title=&#8221;U\u017eduokite klausim\u0105 tiesiogiai&#8221;][\/block_title][vc_column_text]Jeigu neradote Jums r\u016bpimo klausimo tarp \u0161i\u0173 Da\u017enai U\u017eduodam\u0173 Klausim\u0173 (DUK) susisiekite su mumis tiesiogiai ir u\u017eduokite Jums aktual\u0173 klausim\u0105.[\/vc_column_text][button title=&#8221;Susisieki su VVG&#8221; link=&#8221;https:\/\/panvvg.lt\/kontaktai\/&#8221; icon=&#8221;steadysets-icon-wifi-full&#8221;][\/vc_column][vc_column width=&#8221;1\/2&#8243;][block_title style=&#8221;column_title&#8221; title=&#8221;Veiklos dokumentai&#8221;][\/block_title][vc_column_text]Daug atsakym\u0173 \u012f [&hellip;]<\/p>\n","protected":false},"author":1,"featured_media":0,"parent":0,"menu_order":0,"comment_status":"open","ping_status":"open","template":"","meta":{"footnotes":""},"class_list":["post-925","page","type-page","status-publish","hentry"],"_links":{"self":[{"href":"https:\/\/panvvg.lt\/index.php?rest_route=\/wp\/v2\/pages\/925","targetHints":{"allow":["GET"]}}],"collection":[{"href":"https:\/\/panvvg.lt\/index.php?rest_route=\/wp\/v2\/pages"}],"about":[{"href":"https:\/\/panvvg.lt\/index.php?rest_route=\/wp\/v2\/types\/page"}],"author":[{"embeddable":true,"href":"https:\/\/panvvg.lt\/index.php?rest_route=\/wp\/v2\/users\/1"}],"replies":[{"embeddable":true,"href":"https:\/\/panvvg.lt\/index.php?rest_route=%2Fwp%2Fv2%2Fcomments&post=925"}],"version-history":[{"count":8,"href":"https:\/\/panvvg.lt\/index.php?rest_route=\/wp\/v2\/pages\/925\/revisions"}],"predecessor-version":[{"id":2929,"href":"https:\/\/panvvg.lt\/index.php?rest_route=\/wp\/v2\/pages\/925\/revisions\/2929"}],"wp:attachment":[{"href":"https:\/\/panvvg.lt\/index.php?rest_route=%2Fwp%2Fv2%2Fmedia&parent=925"}],"curies":[{"name":"wp","href":"https:\/\/api.w.org\/{rel}","templated":true}]}}