{"id":9186,"date":"2025-01-31T17:26:53","date_gmt":"2025-01-31T15:26:53","guid":{"rendered":"http:\/\/panvvg.lt?page_id=9186"},"modified":"2025-12-12T14:41:32","modified_gmt":"2025-12-12T12:41:32","slug":"galiojantys-kvietimai-teikti-paraiskas","status":"publish","type":"page","link":"https:\/\/panvvg.lt?page_id=9186","title":{"rendered":"Planuojami kvietimai teikti parai\u0161kas"},"content":{"rendered":"<p><\/p>\n<p style=\"text-align: center;\"><strong>KVIETIMAI PAGAL PANEV\u0116\u017dIO RAJONO 2024 &#8211; 2029 M. VIETOS PL\u0116TROS STRATEGIJOS PRIEMONES\u00a0\u00a0<\/strong><br \/>\n<table id=\"tablepress-29\" class=\"tablepress tablepress-id-29\">\n<thead>\n<tr class=\"row-1\">\n\t<th class=\"column-1\">Priemon\u0117s Nr. ir pavadinimas <\/th><th class=\"column-2\">Paramos suma priemonei, Eur<\/th><th class=\"column-3\">Maks. parama projektui, Eur<\/th><th class=\"column-4\">Paramos intensyvumas proc.<\/th><th colspan=\"6\" class=\"column-5\">Kvietimai 2024 - 2029 m.<\/th>\n<\/tr>\n<\/thead>\n<tbody class=\"row-striping row-hover\">\n<tr class=\"row-2\">\n\t<td class=\"column-1\"><\/td><td class=\"column-2\"><\/td><td class=\"column-3\"><\/td><td class=\"column-4\"><\/td><td class=\"column-5\"><strong>2024 m.<\/strong><\/td><td class=\"column-6\"><strong>2025m.<\/strong><\/td><td class=\"column-7\"><strong>2026 m. <\/strong><\/td><td class=\"column-8\"><strong>2027 m.<\/strong><\/td><td class=\"column-9\"><strong>2028 m.<\/strong><\/td><td class=\"column-10\"><strong>2029 m.<\/strong><\/td>\n<\/tr>\n<tr class=\"row-3\">\n\t<td class=\"column-1\">1. Ne \u017eem\u0117s \u016bkio verslo k\u016brimas ir pl\u0117tra<\/td><td class=\"column-2\">560 000<\/td><td class=\"column-3\">50 000\/<br \/>\n90 000 Eur<\/td><td class=\"column-4\">iki 65 proc.<\/td><td class=\"column-5\">2024-09-23 iki 2024-10-31 <br \/>\n<a href=\"https:\/\/panvvg.lt\/?page_id=10983\" rel=\"noopener noreferrer\" target=\"_blank\"><strong class=\"highlights\">Nr. 2<\/strong><\/a><\/td><td class=\"column-6\">2025-09-11 iki 2025-11-10 <br \/>\n<a href=\"https:\/\/panvvg.lt\/?page_id=11291\" rel=\"noopener noreferrer\" target=\"_blank\"><strong class=\"highlights\">Nr. 5<\/strong><\/a><\/td><td class=\"column-7\"><\/td><td class=\"column-8\"><\/td><td class=\"column-9\"><\/td><td class=\"column-10\"><\/td>\n<\/tr>\n<tr class=\"row-4\">\n\t<td class=\"column-1\">2. Bendruomeninio verslo k\u016brimas ir pl\u0117tra<\/td><td class=\"column-2\">150 000<\/td><td class=\"column-3\">50 000 Eur<\/td><td class=\"column-4\">iki 95 proc.<\/td><td class=\"column-5\"><\/td><td class=\"column-6\">2025-04-01 iki 2025-05-19 <br \/>\n<a href=\"https:\/\/panvvg.lt\/?page_id=11191\" rel=\"noopener noreferrer\" target=\"_blank\"><strong class=\"highlights\">Nr. 3<\/strong><\/a><\/td><td class=\"column-7\">2026-09-08 iki 2026-11-07 <br \/>\n<a href=\"https:\/\/panvvg.lt\/?page_id=9186\" rel=\"noopener noreferrer\" target=\"_blank\"><strong class=\"highlights\">Nr. 9<\/strong><\/a><\/td><td class=\"column-8\"><\/td><td class=\"column-9\"><\/td><td class=\"column-10\"><\/td>\n<\/tr>\n<tr class=\"row-5\">\n\t<td class=\"column-1\">3. Socialinio verslo k\u016brimas ir pl\u0117tra<\/td><td class=\"column-2\">400 000<\/td><td class=\"column-3\">200 000 Eur<\/td><td class=\"column-4\">iki 95 proc.<\/td><td class=\"column-5\">2024-09-23 iki 2024-10-31 <br \/>\n<a href=\"https:\/\/panvvg.lt\/?page_id=10973\" rel=\"noopener noreferrer\" target=\"_blank\"><strong class=\"highlights\">Nr. 1<\/strong><\/a><\/td><td class=\"column-6\"><\/td><td class=\"column-7\">2026-04-01 iki 2026-05-29 <br \/>\n<a href=\"https:\/\/panvvg.lt\/?page_id=11607\" rel=\"noopener noreferrer\" target=\"_blank\"><strong class=\"highlights\">Nr. 7<\/strong><\/a><\/td><td class=\"column-8\"><\/td><td class=\"column-9\"><\/td><td class=\"column-10\"><\/td>\n<\/tr>\n<tr class=\"row-6\">\n\t<td class=\"column-1\">4. Kokybi\u0161k\u0173 vie\u0161\u0173j\u0173 paslaug\u0173 prieinamumo didinimas<\/td><td class=\"column-2\">200 000<\/td><td class=\"column-3\">100 000 Eur<\/td><td class=\"column-4\">iki 95\/40 proc. <\/td><td class=\"column-5\"><\/td><td class=\"column-6\">2025-04-01 iki 2025-05-19 <br \/>\n<a href=\"https:\/\/panvvg.lt\/?page_id=11187\" rel=\"noopener noreferrer\" target=\"_blank\"><strong class=\"highlights\">Nr. 4<\/strong><\/a><\/td><td class=\"column-7\">2026-04-01 iki 2026-05-29 <br \/>\n<a href=\"https:\/\/panvvg.lt\/?page_id=11612\" rel=\"noopener noreferrer\" target=\"_blank\"><strong class=\"highlights\">Nr. 8<\/strong><\/a><\/td><td class=\"column-8\"><\/td><td class=\"column-9\"><\/td><td class=\"column-10\"><\/td>\n<\/tr>\n<tr class=\"row-7\">\n\t<td class=\"column-1\">5. NVO stiprinimas ir vietos gyventoj\u0173 bendruomeni\u0161kumo skatinimas<\/td><td class=\"column-2\">131 648,80<\/td><td class=\"column-3\">16 456 Eur<\/td><td class=\"column-4\">iki 90 proc.<\/td><td class=\"column-5\"><\/td><td class=\"column-6\">2025-09-11 iki 2025-11-10 <br \/>\n<a href=\"https:\/\/panvvg.lt\/?page_id=11298\" rel=\"noopener noreferrer\" target=\"_blank\"><strong class=\"highlights\">Nr. 6<\/strong><\/a><\/td><td class=\"column-7\"><\/td><td class=\"column-8\">IV ketv. <br \/>\n49368,80<\/td><td class=\"column-9\"><\/td><td class=\"column-10\"><\/td>\n<\/tr>\n<tr class=\"row-8\">\n\t<td class=\"column-1\">6. Teritorinis VVG bendradarbiavimas<\/td><td class=\"column-2\">13 000<br \/>\n<\/td><td class=\"column-3\">13 000 Eur<\/td><td class=\"column-4\">iki 95 proc.<\/td><td class=\"column-5\"><\/td><td class=\"column-6\"><\/td><td class=\"column-7\"><\/td><td class=\"column-8\"><\/td><td class=\"column-9\"><\/td><td class=\"column-10\"><\/td>\n<\/tr>\n<\/tbody>\n<tfoot>\n<tr class=\"row-9\">\n\t<th class=\"column-1\">I\u0161 viso:<\/th><th class=\"column-2\">1 454 648,80<\/th><td class=\"column-3\"><\/td><td class=\"column-4\"><\/td><td class=\"column-5\"><\/td><td class=\"column-6\"><\/td><td class=\"column-7\"><\/td><td class=\"column-8\"><\/td><td class=\"column-9\"><\/td><td class=\"column-10\"><\/td>\n<\/tr>\n<\/tfoot>\n<\/table>\n<!-- #tablepress-29 from cache --><\/p>\n<p>Paskutinio atnaujinimo data 2025-12-12<\/p>\n<p><\/p>\n<p><\/p>\n\n","protected":false},"excerpt":{"rendered":"<p>KVIETIMAI PAGAL PANEV\u0116\u017dIO RAJONO 2024 &#8211; 2029 M. VIETOS PL\u0116TROS STRATEGIJOS PRIEMONES\u00a0\u00a0 Paskutinio atnaujinimo data 2025-12-12<\/p>\n","protected":false},"author":2,"featured_media":0,"parent":0,"menu_order":0,"comment_status":"closed","ping_status":"closed","template":"","meta":{"footnotes":""},"class_list":["post-9186","page","type-page","status-publish","hentry"],"_links":{"self":[{"href":"https:\/\/panvvg.lt\/index.php?rest_route=\/wp\/v2\/pages\/9186","targetHints":{"allow":["GET"]}}],"collection":[{"href":"https:\/\/panvvg.lt\/index.php?rest_route=\/wp\/v2\/pages"}],"about":[{"href":"https:\/\/panvvg.lt\/index.php?rest_route=\/wp\/v2\/types\/page"}],"author":[{"embeddable":true,"href":"https:\/\/panvvg.lt\/index.php?rest_route=\/wp\/v2\/users\/2"}],"replies":[{"embeddable":true,"href":"https:\/\/panvvg.lt\/index.php?rest_route=%2Fwp%2Fv2%2Fcomments&post=9186"}],"version-history":[{"count":59,"href":"https:\/\/panvvg.lt\/index.php?rest_route=\/wp\/v2\/pages\/9186\/revisions"}],"predecessor-version":[{"id":11499,"href":"https:\/\/panvvg.lt\/index.php?rest_route=\/wp\/v2\/pages\/9186\/revisions\/11499"}],"wp:attachment":[{"href":"https:\/\/panvvg.lt\/index.php?rest_route=%2Fwp%2Fv2%2Fmedia&parent=9186"}],"curies":[{"name":"wp","href":"https:\/\/api.w.org\/{rel}","templated":true}]}}