{"id":9059,"date":"2019-12-31T15:49:21","date_gmt":"2019-12-31T13:49:21","guid":{"rendered":"http:\/\/panvvg.lt?page_id=9059"},"modified":"2021-01-27T12:21:28","modified_gmt":"2021-01-27T10:21:28","slug":"kvietimas-nr-13-parama-verslo-pletrai-2","status":"publish","type":"page","link":"https:\/\/panvvg.lt?page_id=9059","title":{"rendered":"Kvietimas Nr. 17 (\u017e. \u016b. produkt\u0173 perdirbimas)"},"content":{"rendered":"<p><span color=\"#ff6600\">Parai\u0161kos pagal \u0161\u012f kvietim\u0105 buvo renkamos nuo 2020-01-06 9.00 val. <\/span><span color=\"#ff6600\">iki<\/span><span color=\"#ff6600\"><span color=\"#ff6600\"> 2020-03-06 16.00 val.<\/span><\/span><span color=\"#ff6600\"><br \/>Artimiausiu metu planuojam\u0173 skelbti <a href=\"https:\/\/panvvg.lt\/?page_id=3857\" target=\"_blank\" rel=\"noopener noreferrer\">kvietim\u0173 grafikas<\/a>.<\/span><\/p>\n<p><b><br \/><strong class=\"highlights\">PAPRASTO KVIETIMO TEIKTI VIETOS PROJEKTUS NR. 17 DOKUMENTACIJA<\/strong>:<\/b><\/p>\n<ul style=\"list-style-type: disc;\">\n<li>Paprastas kvietimas teikti vietos projektus Nr. 17 (<strong class=\"highlights\"><a href=\"https:\/\/drive.google.com\/uc?id=1OrDh4LgmQsKZP6OmsVUdcUHXRYLgOXLB\" target=\"_blank\" rel=\"noopener noreferrer\">kvietimo skelbimas<\/a><\/strong>);<\/li>\n<li>VPS priemon\u0117s \u201eInvesticijos \u012f material\u0173j\u012f turt\u0105\u201c veiklos sritis <strong>\u201eParama \u017eem\u0117s \u016bkio produkt\u0173 perdirbimui, rinkodarai ir (arba) pl\u0117trai\u201c <\/strong>Nr. LEADER-19.2-4.2:\n<ul style=\"list-style-type: disc;\">\n<li><strong class=\"highlights\"><a href=\"https:\/\/drive.google.com\/uc?id=1WgufUsOyUoMXPaM4tvF4mu8XbhtkmZLH\" target=\"_blank\" rel=\"noopener noreferrer\">Finansavimo s\u0105lyg\u0173 apra\u0161as (FSA)<\/a><\/strong>;<\/li>\n<li>1 priedas <strong class=\"highlights\"><a href=\"https:\/\/drive.google.com\/uc?id=1psuYaplOqYHK3jvej_-CoA4VaD9iblt9\" target=\"_blank\" rel=\"noopener noreferrer\">Vietos projekto parai\u0161ka<\/a><\/strong>;<\/li>\n<li>2 priedas <strong class=\"highlights\"><a href=\"https:\/\/drive.google.com\/uc?id=1bj_183dbzjziKrKgudxKQZ21bRN7lzTC\" target=\"_blank\" rel=\"noopener noreferrer\">Verslo plano forma<\/a><\/strong> (<a href=\"https:\/\/drive.google.com\/uc?id=1bj_183dbzjziKrKgudxKQZ21bRN7lzTC\" target=\"_blank\" rel=\"noopener noreferrer\">xlsx formatu<\/a>);<\/li>\n<li>3 priedas <strong class=\"highlights\"><a href=\"https:\/\/drive.google.com\/uc?id=1RVthGpRzuBhZTQon_NgcnWAz0ydHKjhp\" target=\"_blank\" rel=\"noopener noreferrer\">Vietos projekt\u0173 inovatyvumo vertinimo mtodika<\/a><\/strong>;<\/li>\n<\/ul>\n<\/li>\n<li><strong class=\"highlights\"><a href=\"https:\/\/drive.google.com\/uc?id=1tJneLCPbi_X5KrJcN67IErpAwWy6kzNP\" target=\"_blank\" rel=\"noopener noreferrer\">\u201eVienos \u012fmon\u0117s deklaracija\u201c<\/a><\/strong> (pagal komisijos reglament\u0105 (ES) Nr. 1407\/2013 <strong class=\"highlights\"><a href=\"https:\/\/drive.google.com\/uc?id=1tJneLCPbi_X5KrJcN67IErpAwWy6kzNP\" target=\"_blank\" rel=\"noopener noreferrer\">doc<\/a><\/strong> ir <strong class=\"highlights\"><a href=\"https:\/\/drive.google.com\/uc?id=15QAyok-wa0pQlF7kiZjqhr_yrCP4z-Q6\" target=\"_blank\" rel=\"noopener noreferrer\">xlxs<\/a><\/strong> formatu);<\/li>\n<li><strong class=\"highlights\"><a href=\"https:\/\/drive.google.com\/uc?id=1v9xjnMyQx-ij14CbcZCtlLlGogH9_QhT\" target=\"_blank\" rel=\"noopener noreferrer\">,,Smulkiojo ar vidutinio verslo subjekto statuso deklaracija\u201c<\/a><\/strong> (<strong class=\"highlights\"><a href=\"https:\/\/drive.google.com\/uc?id=1v9xjnMyQx-ij14CbcZCtlLlGogH9_QhT\" target=\"_blank\" rel=\"noopener noreferrer\">docx<\/a><\/strong> ir <strong class=\"highlights\"><a href=\"https:\/\/drive.google.com\/uc?id=1sAYGY81tnvVbYkMCMSCqfECjMK5llgwR\" target=\"_blank\" rel=\"noopener noreferrer\">xlxs<\/a><\/strong> formatu).<\/li>\n<li>Paramos vietos projektui \u012fgyvendinti lyginamoji dalis:<br \/>&#8211; <strong>iki 50 proc.<\/strong> vis\u0173 tinkam\u0173 finansuoti vietos projekto i\u0161laid\u0173, kai projekt\u0105 teikia privatus juridinis ar fizinis asmuo, i\u0161skyrus asmenis, atitinkan\u010dius labai ma\u017eai \u012fmonei keliamus reikalavimus;<br \/>\u2013<strong>\u00a0 iki 70 proc.<\/strong> vis\u0173 tinkam\u0173 finansuoti vietos projekto i\u0161laid\u0173, kai vietos projekt\u0105 teikia privatus juridinis ar fizinis asmuo, atitinkantis labai ma\u017eai \u012fmonei keliamus reikalavimus, nurodytus Lietuvos Respublikos smulkiojo ir vidutinio verslo pl\u0117tros \u012fstatyme (taikoma juridiniams asmenims) ir Europos Komisijos 2003 m. gegu\u017e\u0117s 6 d. rekomendacijoje Nr. 2003\/361\/EC d\u0117l labai ma\u017eos, ma\u017eos ir vidutin\u0117s \u012fmon\u0117s apibr\u0117\u017eimo (taikoma fiziniams asmenims);<br \/>&#8211;\u00a0<strong>iki 80 proc.<\/strong> vis\u0173 tinkam\u0173 finansuoti vietos projekto i\u0161laid\u0173, kai vietos projekt\u0105 teikia nevyriausybin\u0117 organizacija ar kitas vie\u0161asis juridinis asmuo;<br \/>&#8211; <strong>iki 95 proc.<\/strong> vis\u0173 tinkam\u0173 finansuoti vietos projekto i\u0161laid\u0173, kai vietos projektas yra bendruomeninio, kaip apibr\u0117\u017eta Socialinio verslo vykdymo pagal Lietuvos kaimo pl\u0117tros 2014\u20132020 met\u0173 programos priemones gair\u0117se, patvirtintose Lietuvos Respublikos \u017eem\u0117s \u016bkio ministro 2017 m. lapkri\u010dio 9 d. \u012fsakymu Nr. 3D-720 \u201eD\u0117l Socialinio verslo vykdymo pagal Lietuvos kaimo pl\u0117tros 2014\u20132020 met\u0173 programos priemones gairi\u0173 patvirtinimo\u201c (toliau \u2013 Socialinio verslo gair\u0117s), arba NVO socialinio verslo, atitinkan\u010dio Socialinio verslo gairi\u0173 nuostatas, pob\u016bd\u017eio.<\/li>\n<\/ul>\n<p>Tinkami vietos projekt\u0173 vykdytojai:\u00a0<br \/>&#8211; fiziniai asmenys (kaimo gyventojai, \u012fskaitant \u016bkininkus, vyresni nei 18 m. am\u017eiaus);<br \/>&#8211; privat\u016bs juridiniai asmenys, atitinkantys labai ma\u017eos arba ma\u017eos \u012fmon\u0117s status\u0105;<br \/>&#8211; vie\u0161ieji juridiniai asmenys, atitinkantys NVO status\u0105 (bendruomenin\u0117s organizacijos ir kitos nevyriausybin\u0117s organizacijos).<\/p>\n<p>Kvietimui skiriama VPS paramos l\u0117\u0161\u0173 suma 224 720 Eur;<br \/>Did\u017eiausia galima parama vienam vietos projektui \u012fgyvendinti 75 000,00 Eur.<br \/>Vietos projekt\u0173 parai\u0161kos bus priimamos Panev\u0117\u017eio rajono vietos veiklos grup\u0117s b\u016bstin\u0117je adresu J. \u017demgulio g. 46 (106 kab.), Panev\u0117\u017eys.<\/p>\n<p><b><br \/>PAPILDOMI DOKUMENTAI (pagalba parei\u0161k\u0117jams)<\/b><b>:<\/b><\/p>\n<ul style=\"list-style-type: disc;\">\n<li>I\u0161laid\u0173 tinkamumo finansuoti paramos l\u0117\u0161omis\u00a0<a href=\"https:\/\/www.nma.lt\/uploads\/files\/dir2253\/dir112\/dir5\/11_0.php\" target=\"_blank\" rel=\"noopener noreferrer\"><strong class=\"highlights\">vertinimo tvarka<\/strong><\/a><\/li>\n<li>I\u0161laid\u0173 pagrindimo dokument\u0173, teikiam\u0173 kartu su parai\u0161ka, <a href=\"https:\/\/drive.google.com\/uc?id=18C36M4FWIg6yGXPgaGSlW7tckVcMGKvY\" target=\"_blank\" rel=\"noopener noreferrer\"><strong class=\"highlights\">tinkamumo reikalavimai<\/strong><\/a><\/li>\n<li>Vietos projekt\u0173, \u012fgyvendinam\u0173 bendruomeni\u0173 inicijuotos vietos pl\u0117tros b\u016bdu, administravimo taisykl\u0117s (<a href=\"https:\/\/www.e-tar.lt\/portal\/lt\/legalAct\/2c022700800111e6b969d7ae07280e89\/nbnJqFuISW\" target=\"_blank\" rel=\"noopener noreferrer\"><strong class=\"highlights\">kvietimo teikti vietos projekt\u0173 parai\u0161kas Nr. 17 metu taikoma suvestin\u0117 redakcija<\/strong><\/a>)<\/li>\n<li>Vietos projekt\u0173, pateikt\u0173 pagal vietos pl\u0117tros strategijas, \u012fgyvendinamas bendruomeni\u0173 inicijuotos vietos pl\u0117tros b\u016bdu, administravimo proced\u016bros apra\u0161as ir priedai (<a href=\"https:\/\/www.nma.lt\/index.php\/parama\/lietuvos-kaimo-pletros-20142020-m-programa\/priemoniu-sarasas\/parama-vietos-projektams-igyvendinti-pagal-vps-2016-m\/20142020-m-programinio-laikotarpio-vietos-projektu-pateiktu-pagal-vietos-pletros-strategijas-igyvendinamas-bendruomeniu-inicijuotos-vietos-pletros-budu-administravimo-proceduros-aprasas\/11112\" target=\"_blank\" rel=\"noopener noreferrer\"><strong class=\"highlights\">kvietimo teikti vietos projekt\u0173 parai\u0161kas Nr. 17 metu taikoma proced\u016bros apra\u0161o redakcija<\/strong><\/a>)<\/li>\n<li>Motorini\u0173 transporto priemoni\u0173 ir j\u0173 priekab\u0173 kategorij\u0173 ir klasi\u0173 pagal konstrukcij\u0105 <span lang=\"LT\"><strong class=\"highlights\"><\/span><a href=\"https:\/\/www.e-tar.lt\/portal\/lt\/legalAct\/TAR.385773CCCFE8\/KITraopjTt\" target=\"_blank\" rel=\"noopener noreferrer\">reikalavimai<\/a><span lang=\"LT\"><\/strong><\/span><\/li>\n<li>Ekonominio gyvybingumo <strong class=\"highlights\"><a href=\"https:\/\/www.e-tar.lt\/portal\/lt\/legalAct\/bba802c0163711e4afafe56485a7e49a\/NOWEHzCMpp\" target=\"_blank\" rel=\"noopener noreferrer\">nustatymo taisykl\u0117s<\/a><\/strong><\/li>\n<li>Vidutinio metinio darbuotoj\u0173 skai\u010diaus nustatymo <strong class=\"highlights\"><a href=\"https:\/\/www.e-tar.lt\/portal\/lt\/legalAct\/47a74d00268211e78397ae072f58c508\" target=\"_blank\" rel=\"noopener noreferrer\">tvarkos apra\u0161as<\/a><\/strong><\/li>\n<li>Smulkiojo ir vidutinio <strong class=\"highlights\"><a href=\"https:\/\/www.e-tar.lt\/portal\/lt\/legalAct\/TAR.640D50DB8877\/HgxIVPeiFi\" target=\"_blank\" rel=\"noopener noreferrer\">verslo pl\u0117tros \u012fstatymas<\/a><\/strong><\/li>\n<li>Projekt\u0173, \u012fgyvendinam\u0173 pagal Lietuvos kaimo pl\u0117tros 2014-2020 met\u0173 programos priemones, rodiklio <strong class=\"highlights\">\u201e<a href=\"https:\/\/www.e-tar.lt\/portal\/lt\/legalAct\/4143fdd0c52b11e79122ea2db7aeb5f0\" target=\"_blank\" rel=\"noopener noreferrer\">Naujos darbo vietos suk\u016brimas ir i\u0161laikymas\u201c pasiekimo vertinimo metodika<\/a><\/strong><\/li>\n<li>Vietos projekt\u0173\u00a0<a href=\"https:\/\/www.e-tar.lt\/portal\/lt\/legalAct\/ed70b9107edc11e4bc68a1493830b8b9\/gcNqPREAbI\" target=\"_blank\" rel=\"noopener noreferrer\"><strong class=\"highlights\">vie\u0161inimo taisykl\u0117s<\/strong><\/a><\/li>\n<li>Projekt\u0173 vykdytoj\u0173, pretenduojan\u010di\u0173 gauti param\u0105, <strong class=\"highlights\"><a href=\"http:\/\/www.infolex.lt\/ta\/320663\" target=\"_blank\" rel=\"noopener noreferrer\">pirkimo taisykl\u0117s<\/a><\/strong><\/li>\n<li>Sankcij\u0173 u\u017e pirkim\u0173 tvarkos pa\u017eeidimus <strong class=\"highlights\"><a href=\"https:\/\/www.e-tar.lt\/portal\/lt\/legalAct\/TAR.946878076DBF\/ZKtuMryeog\" target=\"_blank\" rel=\"noopener noreferrer\">taikymo metodika<\/a><\/strong><\/li>\n<li>Sankcij\u0173 u\u017e pa\u017eeidimus <strong class=\"highlights\"><a href=\"https:\/\/www.e-tar.lt\/portal\/lt\/legalAct\/3a4d3d907c6111e4abe983995522ea30\/kHbwEKPrCo\" target=\"_blank\" rel=\"noopener noreferrer\">taikymo metodika<\/a><\/strong><\/li>\n<\/ul>\n<p><strong>KVIETIMO NR. 17 METU GAUT\u0172 VIETOS PROJEKT\u0172 VERTINIMAS:<br \/><\/strong>\u0160io kvietimo galiojimo metu vietos projekt\u0173 parai\u0161k\u0173 nebuvo gauta<\/p>\n<p><\/p>\n\n\n<p><\/p>\n","protected":false},"excerpt":{"rendered":"<p>Parai\u0161kos pagal \u0161\u012f kvietim\u0105 buvo renkamos nuo 2020-01-06 9.00 val. iki 2020-03-06 16.00 val.Artimiausiu metu planuojam\u0173 skelbti kvietim\u0173 grafikas. : Paprastas kvietimas teikti vietos projektus Nr. 17 (); VPS priemon\u0117s \u201eInvesticijos \u012f material\u0173j\u012f turt\u0105\u201c veiklos sritis \u201eParama \u017eem\u0117s \u016bkio produkt\u0173 perdirbimui, rinkodarai ir (arba) pl\u0117trai\u201c Nr. LEADER-19.2-4.2: ; 1 priedas ; 2 priedas (xlsx formatu); [&hellip;]<\/p>\n","protected":false},"author":2,"featured_media":0,"parent":0,"menu_order":0,"comment_status":"closed","ping_status":"closed","template":"","meta":{"footnotes":""},"class_list":["post-9059","page","type-page","status-publish","hentry"],"_links":{"self":[{"href":"https:\/\/panvvg.lt\/index.php?rest_route=\/wp\/v2\/pages\/9059","targetHints":{"allow":["GET"]}}],"collection":[{"href":"https:\/\/panvvg.lt\/index.php?rest_route=\/wp\/v2\/pages"}],"about":[{"href":"https:\/\/panvvg.lt\/index.php?rest_route=\/wp\/v2\/types\/page"}],"author":[{"embeddable":true,"href":"https:\/\/panvvg.lt\/index.php?rest_route=\/wp\/v2\/users\/2"}],"replies":[{"embeddable":true,"href":"https:\/\/panvvg.lt\/index.php?rest_route=%2Fwp%2Fv2%2Fcomments&post=9059"}],"version-history":[{"count":9,"href":"https:\/\/panvvg.lt\/index.php?rest_route=\/wp\/v2\/pages\/9059\/revisions"}],"predecessor-version":[{"id":9705,"href":"https:\/\/panvvg.lt\/index.php?rest_route=\/wp\/v2\/pages\/9059\/revisions\/9705"}],"wp:attachment":[{"href":"https:\/\/panvvg.lt\/index.php?rest_route=%2Fwp%2Fv2%2Fmedia&parent=9059"}],"curies":[{"name":"wp","href":"https:\/\/api.w.org\/{rel}","templated":true}]}}