{"id":9057,"date":"2019-12-31T14:39:35","date_gmt":"2019-12-31T12:39:35","guid":{"rendered":"http:\/\/panvvg.lt?page_id=9057"},"modified":"2021-02-05T11:10:31","modified_gmt":"2021-02-05T09:10:31","slug":"kvietimasnr1-2-2-2-5-2","status":"publish","type":"page","link":"https:\/\/panvvg.lt?page_id=9057","title":{"rendered":"Kvietimas Nr. 16 (bendruomeninis verslas)"},"content":{"rendered":"<p><span color=\"#ff6600\">Parai\u0161kos pagal \u0161\u012f kvietim\u0105 buvo renkamos nuo 2020-01-06 9.00 val. <\/span><span color=\"#ff6600\">iki<\/span><span color=\"#ff6600\"> 2020-03-06 16.00 val. (kvietimo galiojimo terminas baig\u0117si).<\/span><span color=\"#ff6600\"><br \/>Artimiausiu metu planuojam\u0173 skelbti <a href=\"https:\/\/panvvg.lt\/?page_id=3857\" target=\"_blank\" rel=\"noopener noreferrer\">kvietim\u0173 grafikas<\/a>.<\/span><\/p>\n<p><b><br \/><strong class=\"highlights\">PAPRASTO KVIETIMO TEIKTI VIETOS PROJEKTUS NR. 16 DOKUMENTACIJA<\/strong>:<\/b><\/p>\n<ul style=\"list-style-type: disc;\">\n<li>Paprastas kvietimas teikti vietos projektus Nr. 16 (<strong class=\"highlights\"><a href=\"https:\/\/drive.google.com\/uc?id=1CK1TZyws5PIBAczAsSn2RGnYOuzbK5bJ\" target=\"_blank\" rel=\"noopener noreferrer\">kvietimo skelbimas, aktuali 2020-01-28 redakcija<\/strong><\/a>, <a href=\"https:\/\/drive.google.com\/uc?id=158t-cykjYH4EyW4KgYZgkm-PSW7Q59kZ\" target=\"_blank\" rel=\"noopener noreferrer\">2019-12-12 redakcija<\/a>);<\/li>\n<li>VPS priemon\u0117 \u201e<strong>NVO ir bendruomeninio verslo k\u016brimas ir pl\u0117tra<\/strong>\u201c Nr. LEADER-19.2-SAVA-5:\n<ul style=\"list-style-type: disc;\"><\/ul>\n<ul style=\"list-style-type: disc;\">\n<li><strong class=\"highlights\"><a href=\"https:\/\/drive.google.com\/uc?id=1S-_vvzUuYucUfqT5LN8ktkDM8who2VoF\" target=\"_blank\" rel=\"noopener noreferrer\">Finansavimo s\u0105lyg\u0173 apra\u0161as (FSA), aktuali 2020-01-28 redakcija<\/a><\/strong>, <a href=\"https:\/\/drive.google.com\/uc?id=1aALv1rwMq_42PwViHmZQPQa0xRP-6dAe\" target=\"_blank\" rel=\"noopener noreferrer\">2019-12-12 redakcija<\/a>;<\/li>\n<li>1 priedas <strong class=\"highlights\"><a href=\"https:\/\/drive.google.com\/uc?id=1xle3rvb9djKcrp2pqxwc9zLg7tA0pp9I\" target=\"_blank\" rel=\"noopener noreferrer\">Vietos projekto parai\u0161ka<\/a><\/strong>;<\/li>\n<li>2 priedas <strong class=\"highlights\"><a href=\"https:\/\/drive.google.com\/uc?id=1wDGdn0F-ERKFUaYo_N7-YzYkanbYu7b6\" target=\"_blank\" rel=\"noopener noreferrer\">Pavyzdin\u0117 jungtin\u0117s veiklos sutarties forma<\/a><\/strong>;<\/li>\n<li>3 priedas\u00a0<strong class=\"highlights\"><a href=\"https:\/\/drive.google.com\/uc?id=1TcC5u-e5FCPFOvkOSxi6qJrUIl3T9RzR\" target=\"_blank\" rel=\"noopener noreferrer\">Verslo plano forma<\/a><\/strong> (xlsx formatu);<\/li>\n<li>4 priedas <strong class=\"highlights\"><a href=\"https:\/\/drive.google.com\/uc?id=1_qde4bMiGMJocw5lE2SeiDuYvoXUzMSI\" target=\"_blank\" rel=\"noopener noreferrer\">Remiamos ir neremiamos veiklos pagal EVRK<\/a><\/strong>;<\/li>\n<\/ul>\n<\/li>\n<li><strong class=\"highlights\"><a href=\"https:\/\/drive.google.com\/uc?id=1tJneLCPbi_X5KrJcN67IErpAwWy6kzNP\" target=\"_blank\" rel=\"noopener noreferrer\">\u201eVienos \u012fmon\u0117s deklaracija\u201c<\/a><\/strong> (pagal komisijos reglament\u0105 (ES) Nr. 1407\/2013 <strong class=\"highlights\"><a href=\"https:\/\/drive.google.com\/uc?id=1tJneLCPbi_X5KrJcN67IErpAwWy6kzNP\" target=\"_blank\" rel=\"noopener noreferrer\">doc<\/a><\/strong> ir <strong class=\"highlights\"><a href=\"https:\/\/drive.google.com\/uc?id=15QAyok-wa0pQlF7kiZjqhr_yrCP4z-Q6\" target=\"_blank\" rel=\"noopener noreferrer\">xlxs<\/a><\/strong> formatu);<\/li>\n<li><strong class=\"highlights\"><a href=\"https:\/\/drive.google.com\/uc?id=1v9xjnMyQx-ij14CbcZCtlLlGogH9_QhT\" target=\"_blank\" rel=\"noopener noreferrer\">,,Smulkiojo ar vidutinio verslo subjekto statuso deklaracija\u201c<\/a><\/strong> (<strong class=\"highlights\"><a href=\"https:\/\/drive.google.com\/uc?id=1v9xjnMyQx-ij14CbcZCtlLlGogH9_QhT\" target=\"_blank\" rel=\"noopener noreferrer\">docx<\/a><\/strong> ir <strong class=\"highlights\"><a href=\"https:\/\/drive.google.com\/uc?id=1sAYGY81tnvVbYkMCMSCqfECjMK5llgwR\" target=\"_blank\" rel=\"noopener noreferrer\">xlxs<\/a><\/strong> formatu).<\/li>\n<li>Paramos vietos projektui \u012fgyvendinti lyginamoji dalis:<br \/>&#8211; <strong>iki 95 proc<\/strong>. vis\u0173 tinkam\u0173 finansuoti vietos projekto i\u0161laid\u0173, kai vietos projektas yra bendruomeninio, kaip apibr\u0117\u017eta Socialinio verslo vykdymo pagal Lietuvos kaimo pl\u0117tros 2014\u20132020 met\u0173 programos priemones gair\u0117se, patvirtintose Lietuvos Respublikos \u017eem\u0117s \u016bkio ministro 2017 m. lapkri\u010dio 9 d. \u012fsakymu Nr. 3D-720 \u201eD\u0117l Socialinio verslo vykdymo pagal Lietuvos kaimo pl\u0117tros 2014\u20132020 met\u0173 programos priemones gairi\u0173 patvirtinimo\u201c (toliau \u2013<strong class=\"highlights\"> <a href=\"https:\/\/www.e-tar.lt\/portal\/lt\/legalAct\/c2dd3290c53e11e79122ea2db7aeb5f0\/XedTMFBeSS\" target=\"_blank\" rel=\"noopener noreferrer\">Socialinio verslo gair\u0117s<\/a><\/strong>), arba NVO socialinio verslo, atitinkan\u010dio Socialinio verslo gairi\u0173 nuostatas, pob\u016bd\u017eio;<br \/>&#8211; 2020 m. sausio 28 d. Panev\u0117\u017eio rajono vietos veiklos grup\u0117s <a href=\"https:\/\/panvvg.lt?p=9111\" target=\"_blank\" data-wplink-url-error=\"true\" rel=\"noopener noreferrer\">valdybos pos\u0117d\u017eio metu<\/a> buvo atliktas FSA tikslinimas, susij\u0119s su paramos vietos projektui \u012fgyvendinti lyginamosios dalies keitimu. Tinkamiems vietos projekt\u0173 parei\u0161k\u0117jams nustatyta vienoda (<strong>iki 95 proc.<\/strong>) paramos vietos projektui \u012fgyvendinti lyginamoji dalis.<\/li>\n<\/ul>\n<ul style=\"list-style-type: disc;\">\n<li style=\"list-style-type: none;\">\n<ul style=\"list-style-type: disc;\"><\/ul>\n<\/li>\n<\/ul>\n<ul style=\"list-style-type: disc;\"><\/ul>\n<p>Bendra viso kvietimo teikti vietos projektus suma 260 00 Eur i\u0161 E\u017d\u016aFKP ir Lietuvos Respublikos valstyb\u0117s biud\u017eeto l\u0117\u0161\u0173. Did\u017eiausia galima parama vienam vietos projektui \u012fgyvendinti 65 000 Eur.<br \/>Vietos projekt\u0173 parai\u0161kos bus priimamos Panev\u0117\u017eio rajono vietos veiklos grup\u0117s b\u016bstin\u0117je adresu J. \u017demgulio g. 46 (106 kab.), Panev\u0117\u017eys.<\/p>\n<p><b><br \/>PAPILDOMI DOKUMENTAI (pagalba parei\u0161k\u0117jams)<\/b><b>:<\/b><\/p>\n<ul style=\"list-style-type: disc;\">\n<li>I\u0161laid\u0173 pagrindimo dokument\u0173 <a href=\"https:\/\/drive.google.com\/uc?id=1A2_gas4lQrRulrJGPwVkg63_XVfSYSV4\" target=\"_blank\" rel=\"noopener noreferrer\"><strong class=\"highlights\">tinkamumo reikalavimai<\/strong><\/a><\/li>\n<li>Vietos projekt\u0173, \u012fgyvendinam\u0173 bendruomeni\u0173 inicijuotos vietos pl\u0117tros b\u016bdu, administravimo taisykl\u0117s (<a href=\"https:\/\/www.e-tar.lt\/portal\/lt\/legalAct\/2c022700800111e6b969d7ae07280e89\/asr\" target=\"_blank\" rel=\"noopener noreferrer\"><strong class=\"highlights\">kvietimo teikti vietos projekt\u0173 parai\u0161kas Nr. 16 metu taikoma suvestin\u0117 redakcija<\/strong><\/a>)<\/li>\n<li>Vietos projekt\u0173, pateikt\u0173 pagal vietos pl\u0117tros strategijas, \u012fgyvendinamas bendruomeni\u0173 inicijuotos vietos pl\u0117tros b\u016bdu, administravimo proced\u016bros apra\u0161as ir priedai (<a href=\"https:\/\/www.nma.lt\/index.php\/parama\/lietuvos-kaimo-pletros-20142020-m-programa\/priemoniu-sarasas\/parama-vietos-projektams-igyvendinti-pagal-vps-2016-m\/20142020-m-programinio-laikotarpio-vietos-projektu-pateiktu-pagal-vietos-pletros-strategijas-igyvendinamas-bendruomeniu-inicijuotos-vietos-pletros-budu-administravimo-proceduros-aprasas\/11112\" target=\"_blank\" rel=\"noopener noreferrer\"><strong class=\"highlights\">kvietimo teikti vietos projekt\u0173 parai\u0161kas Nr. 16 metu taikoma proced\u016bros apra\u0161o redakcija<\/strong><\/a>)<\/li>\n<li>Motorini\u0173 transporto priemoni\u0173 ir j\u0173 priekab\u0173 kategorij\u0173 ir klasi\u0173 pagal konstrukcij\u0105 <span lang=\"LT\"><strong class=\"highlights\"><\/span><a href=\"https:\/\/www.e-tar.lt\/portal\/lt\/legalAct\/TAR.385773CCCFE8\/KITraopjTt\" target=\"_blank\" rel=\"noopener noreferrer\">reikalavimai<\/a><span lang=\"LT\"><\/strong><\/span><\/li>\n<li>Ekonominio gyvybingumo <strong class=\"highlights\"><a href=\"https:\/\/www.e-tar.lt\/portal\/lt\/legalAct\/bba802c0163711e4afafe56485a7e49a\/NOWEHzCMpp\" target=\"_blank\" rel=\"noopener noreferrer\">nustatymo taisykl\u0117s<\/a><\/strong><\/li>\n<li>Vidutinio metinio darbuotoj\u0173 skai\u010diaus nustatymo <strong class=\"highlights\"><a href=\"https:\/\/www.e-tar.lt\/portal\/lt\/legalAct\/47a74d00268211e78397ae072f58c508\" target=\"_blank\" rel=\"noopener noreferrer\">tvarkos apra\u0161as<\/a><\/strong><\/li>\n<li>Smulkiojo ir vidutinio <strong class=\"highlights\"><a href=\"https:\/\/www.e-tar.lt\/portal\/lt\/legalAct\/TAR.640D50DB8877\/HgxIVPeiFi\" target=\"_blank\" rel=\"noopener noreferrer\">verslo pl\u0117tros \u012fstatymas<\/a><\/strong><\/li>\n<li>Projekt\u0173, \u012fgyvendinam\u0173 pagal Lietuvos kaimo pl\u0117tros 2014-2020 met\u0173 programos priemones, rodiklio <strong class=\"highlights\">\u201e<a href=\"https:\/\/www.e-tar.lt\/portal\/lt\/legalAct\/4143fdd0c52b11e79122ea2db7aeb5f0\" target=\"_blank\" rel=\"noopener noreferrer\">Naujos darbo vietos suk\u016brimas ir i\u0161laikymas\u201c pasiekimo vertinimo metodika<\/a><\/strong><\/li>\n<li>Vietos projekt\u0173\u00a0<a href=\"https:\/\/www.e-tar.lt\/portal\/lt\/legalAct\/ed70b9107edc11e4bc68a1493830b8b9\/gcNqPREAbI\" target=\"_blank\" rel=\"noopener noreferrer\"><strong class=\"highlights\">vie\u0161inimo taisykl\u0117s<\/strong><\/a><\/li>\n<li>Projekt\u0173 vykdytoj\u0173, pretenduojan\u010di\u0173 gauti param\u0105, <strong class=\"highlights\"><a href=\"http:\/\/www.infolex.lt\/ta\/320663\" target=\"_blank\" rel=\"noopener noreferrer\">pirkimo taisykl\u0117s<\/a><\/strong><\/li>\n<li>Sankcij\u0173 u\u017e pirkim\u0173 tvarkos pa\u017eeidimus <strong class=\"highlights\"><a href=\"https:\/\/www.e-tar.lt\/portal\/lt\/legalAct\/TAR.946878076DBF\/ZKtuMryeog\" target=\"_blank\" rel=\"noopener noreferrer\">taikymo metodika<\/a><\/strong><\/li>\n<li>Sankcij\u0173 u\u017e pa\u017eeidimus <strong class=\"highlights\"><a href=\"https:\/\/www.e-tar.lt\/portal\/lt\/legalAct\/3a4d3d907c6111e4abe983995522ea30\/kHbwEKPrCo\" target=\"_blank\" rel=\"noopener noreferrer\">taikymo metodika<\/a><\/strong><\/li>\n<\/ul>\n<p><strong>KVIETIMO NR. 16 METU GAUT\u0172 VIETOS PROJEKT\u0172 VERTINIMAS:<\/strong><\/p>\n<p>Informacija apie u\u017eregistruotas vietos projekt\u0173 parai\u0161kas (<a href=\"https:\/\/drive.google.com\/uc?id=1eHaVTwQoSwDS4BGsjfF1fWDpm1HSrlMi\" target=\"_blank\" rel=\"noopener noreferrer\"><strong>projekt\u0173<\/strong><strong><span>\u00a0<\/span>s\u0105ra\u0161as<\/strong><\/a>)<br \/><span>Informacija apie vietos projekt\u0173 parai\u0161k\u0173 prid\u0117tin\u0117s vert\u0117s (kokyb\u0117s) vertinimo\u00a0<\/span><strong class=\"highlights\"><a href=\"https:\/\/drive.google.com\/file\/d\/1R2AfFM2HrvC2NyFe6OBDS_Rc3xYuZtb_\/view?usp=sharing\" target=\"_blank\" rel=\"noopener noreferrer\">rezultatus<\/a><br \/><\/strong><span>Vietos projekt\u0173 parai\u0161k\u0173 atrankos vertinimo<\/span><span>\u00a0<\/span><strong class=\"highlights\"><a href=\"https:\/\/drive.google.com\/file\/d\/1iFi0rvNbICm_Jo0z9NxE6zggdhemMCAG\/view?usp=sharing\" target=\"_blank\" rel=\"noopener noreferrer\">rezultat\u0173 suvestin\u0117<\/a><br \/><\/strong>Vietos projekt\u0173 atrankos komiteto 2020-04-10 Nr. 16-1 ra\u0161ytin\u0117s proced\u016bros tvarka <strong><a href=\"https:\/\/drive.google.com\/uc?id=1dhckykXVqzlrU7QlJJpUq-g-oLhgOP4h\" target=\"_blank\" rel=\"noopener\">protokolas<\/a><\/strong><strong class=\"highlights\"><span>, <\/span><a href=\"https:\/\/drive.google.com\/uc?id=1CpufL9MRw5t84UTLuJxiEx8tZfIJ2lnw\" target=\"_blank\" rel=\"noopener\">projekt\u0173 s\u0105ra\u0161as<\/a><br \/><\/strong>Vietos projekt\u0173 parai\u0161k\u0173 vertinimo rezultat\u0173\u00a0<strong class=\"highlights\"><a href=\"https:\/\/drive.google.com\/file\/d\/1GKf0DC5ilz8g367sYecreZ_UJ3xushbY\/view?usp=sharing\" target=\"_blank\" rel=\"noopener noreferrer\">suvestin\u0117<\/a><br \/><\/strong><a href=\"https:\/\/drive.google.com\/file\/d\/1GivJKpW8_jpr9nKx1vqjztPgT5mLkMCH\/view?usp=sharing\" target=\"_blank\" rel=\"noopener noreferrer\">\u012esakymas<\/a> d\u0117l vietos projekt\u0173 atrankos komiteto sprendimo, taikant ra\u0161ytin\u0119 proced\u016br\u0105, d\u0117l vietos projekt\u0173 atrankos rezultat\u0173 patvirtinimo<\/p>\n\n","protected":false},"excerpt":{"rendered":"<p>Parai\u0161kos pagal \u0161\u012f kvietim\u0105 buvo renkamos nuo 2020-01-06 9.00 val. iki 2020-03-06 16.00 val. (kvietimo galiojimo terminas baig\u0117si).Artimiausiu metu planuojam\u0173 skelbti kvietim\u0173 grafikas. : Paprastas kvietimas teikti vietos projektus Nr. 16 (, 2019-12-12 redakcija); VPS priemon\u0117 \u201eNVO ir bendruomeninio verslo k\u016brimas ir pl\u0117tra\u201c Nr. LEADER-19.2-SAVA-5: , 2019-12-12 redakcija; 1 priedas ; 2 priedas ; 3 [&hellip;]<\/p>\n","protected":false},"author":2,"featured_media":0,"parent":0,"menu_order":0,"comment_status":"closed","ping_status":"closed","template":"","meta":{"footnotes":""},"class_list":["post-9057","page","type-page","status-publish","hentry"],"_links":{"self":[{"href":"https:\/\/panvvg.lt\/index.php?rest_route=\/wp\/v2\/pages\/9057","targetHints":{"allow":["GET"]}}],"collection":[{"href":"https:\/\/panvvg.lt\/index.php?rest_route=\/wp\/v2\/pages"}],"about":[{"href":"https:\/\/panvvg.lt\/index.php?rest_route=\/wp\/v2\/types\/page"}],"author":[{"embeddable":true,"href":"https:\/\/panvvg.lt\/index.php?rest_route=\/wp\/v2\/users\/2"}],"replies":[{"embeddable":true,"href":"https:\/\/panvvg.lt\/index.php?rest_route=%2Fwp%2Fv2%2Fcomments&post=9057"}],"version-history":[{"count":20,"href":"https:\/\/panvvg.lt\/index.php?rest_route=\/wp\/v2\/pages\/9057\/revisions"}],"predecessor-version":[{"id":9808,"href":"https:\/\/panvvg.lt\/index.php?rest_route=\/wp\/v2\/pages\/9057\/revisions\/9808"}],"wp:attachment":[{"href":"https:\/\/panvvg.lt\/index.php?rest_route=%2Fwp%2Fv2%2Fmedia&parent=9057"}],"curies":[{"name":"wp","href":"https:\/\/api.w.org\/{rel}","templated":true}]}}