{"id":8886,"date":"2019-09-23T06:54:06","date_gmt":"2019-09-23T08:54:06","guid":{"rendered":"http:\/\/panvvg.lt?page_id=8886"},"modified":"2021-01-27T13:33:43","modified_gmt":"2021-01-27T11:33:43","slug":"kvietimasnr1-2-2-2-5","status":"publish","type":"page","link":"https:\/\/panvvg.lt?page_id=8886","title":{"rendered":"Kvietimas Nr. 11 (bendruomeninis verslas)"},"content":{"rendered":"<p><span color=\"#ff6600\">Parai\u0161kos pagal \u0161\u012f kvietim\u0105 buvo renkamos nuo 2019-09-23 9.00 val. <\/span><span color=\"#ff6600\">iki<\/span><span color=\"#ff6600\"> 2019-11-15 16.00 val. (kvietimo galiojimo terminas baig\u0117si)<span>.<\/span><\/span><span color=\"#ff6600\"><br \/>\nArtimiausiu metu planuojam\u0173 skelbti <a href=\"https:\/\/panvvg.lt\/?page_id=3857\" target=\"_blank\" rel=\"noopener noreferrer\">kvietim\u0173 grafikas<\/a>.<\/span><\/p>\n<p><b><br \/>\n<strong class=\"highlights\">PAPRASTO KVIETIMO TEIKTI VIETOS PROJEKTUS NR. 11 DOKUMENTACIJA<\/strong>:<\/b><\/p>\n<ul style=\"list-style-type: disc;\">\n<li>Paprastas kvietimas teikti vietos projektus Nr. 11 (<strong class=\"highlights\"><a href=\"https:\/\/drive.google.com\/uc?id=1kkm1W5zY_utE1aT9Xg8NgR_dPt0a_QCE\" target=\"_blank\" rel=\"noopener noreferrer\">kvietimo skelbimas<\/a><\/strong>);<\/li>\n<li>VPS priemon\u0117 \u201e<strong>Bendruomeninio verslo k\u016brimas ir pl\u0117tra<\/strong>\u201c Nr. LEADER-19.2-SAVA-5:\n<ul style=\"list-style-type: disc;\"><\/ul>\n<ul style=\"list-style-type: disc;\">\n<li><strong class=\"highlights\"><a href=\"https:\/\/drive.google.com\/uc?id=1Df85LSXjXE2EYErHWPnK96gwhAi-00qx\" target=\"_blank\" rel=\"noopener noreferrer\">Finansavimo s\u0105lyg\u0173 apra\u0161as (FSA)<\/a><\/strong>;<\/li>\n<li>1 priedas <strong class=\"highlights\"><a href=\"https:\/\/drive.google.com\/uc?id=1fDEOJ1XTHbOf9ZjtxWoiq8ISpq06emm_\" target=\"_blank\" rel=\"noopener noreferrer\">Vietos projekto parai\u0161ka<\/a><\/strong>;<\/li>\n<li>2 priedas <strong class=\"highlights\"><a href=\"https:\/\/drive.google.com\/uc?id=1NkbFZX4VPPDJqqJS1ORArqHdjIao0z8u\" target=\"_blank\" rel=\"noopener noreferrer\">Pavyzdin\u0117 jungtin\u0117s veiklos sutarties forma<\/a><\/strong>;<\/li>\n<li>3 priedas\u00a0<strong class=\"highlights\"><a href=\"https:\/\/drive.google.com\/uc?id=1TcC5u-e5FCPFOvkOSxi6qJrUIl3T9RzR\" target=\"_blank\" rel=\"noopener noreferrer\">Verslo plano forma<\/a><\/strong> (xlsx formatu);<\/li>\n<li>4 priedas <strong class=\"highlights\"><a href=\"https:\/\/drive.google.com\/uc?id=12ibKVIluew54-0GhFZ_YgIIrLuIBlUlf\" target=\"_blank\" rel=\"noopener noreferrer\">Remiamos ir neremiamos veiklos pagal EVRK<\/a><\/strong>;Paramos vietos projektui \u012fgyvendinti lyginamoji dalis:<br \/>\n&#8211; <strong>iki 95 proc<\/strong>. vis\u0173 tinkam\u0173 finansuoti vietos projekto i\u0161laid\u0173, kai vietos projektas yra bendruomeninio, kaip apibr\u0117\u017eta Socialinio verslo vykdymo pagal Lietuvos kaimo pl\u0117tros 2014\u20132020 met\u0173 programos priemones gair\u0117se, patvirtintose Lietuvos Respublikos \u017eem\u0117s \u016bkio ministro 2017 m. lapkri\u010dio 9 d. \u012fsakymu Nr. 3D-720 \u201eD\u0117l Socialinio verslo vykdymo pagal Lietuvos kaimo pl\u0117tros 2014\u20132020 met\u0173 programos priemones gairi\u0173 patvirtinimo\u201c (toliau \u2013 Socialinio verslo gair\u0117s), arba NVO socialinio verslo, atitinkan\u010dio Socialinio verslo gairi\u0173 nuostatas, pob\u016bd\u017eio;<br \/>\n&#8211; <strong>iki 80 proc.<\/strong> vis\u0173 tinkam\u0173 finansuoti vietos projekto i\u0161laid\u0173, kai vietos projekt\u0105 teikia nevyriausybin\u0117 organizacija ar kitas vie\u0161asis juridinis asmuo.<\/li>\n<\/ul>\n<\/li>\n<\/ul>\n<ul style=\"list-style-type: disc;\">\n<li style=\"list-style-type: none;\">\n<ul style=\"list-style-type: disc;\"><\/ul>\n<\/li>\n<\/ul>\n<ul style=\"list-style-type: disc;\"><\/ul>\n<p>Bendra viso kvietimo teikti vietos projektus suma 260 00 Eur i\u0161 E\u017d\u016aFKP ir Lietuvos Respublikos valstyb\u0117s biud\u017eeto l\u0117\u0161\u0173.<br \/>\nVietos projekt\u0173 parai\u0161kos bus priimamos Panev\u0117\u017eio rajono vietos veiklos grup\u0117s b\u016bstin\u0117je adresu J. \u017demgulio g. 46 (106 kab.), Panev\u0117\u017eys.<\/p>\n<p><b><br \/>\nPAPILDOMI DOKUMENTAI (pagalba parei\u0161k\u0117jams)<\/b><b>:<\/b><\/p>\n<ul style=\"list-style-type: disc;\">\n<li>I\u0161laid\u0173 tinkamumo finansuoti paramos l\u0117\u0161omis\u00a0<a href=\"https:\/\/drive.google.com\/open?id=18C36M4FWIg6yGXPgaGSlW7tckVcMGKvY\" target=\"_blank\" rel=\"noopener noreferrer\"><strong class=\"highlights\">vertinimo tvarka<\/strong><\/a><\/li>\n<li>Vietos projekt\u0173, \u012fgyvendinam\u0173 bendruomeni\u0173 inicijuotos vietos pl\u0117tros b\u016bdu, administravimo taisykl\u0117s (<a href=\"https:\/\/www.e-tar.lt\/portal\/lt\/legalAct\/2c022700800111e6b969d7ae07280e89\/asr\" target=\"_blank\" rel=\"noopener noreferrer\"><strong class=\"highlights\">kvietimo teikti vietos projekt\u0173 parai\u0161kas Nr. 11 metu taikoma suvestin\u0117 redakcija<\/strong><\/a>)<\/li>\n<li>Vietos projekt\u0173, pateikt\u0173 pagal vietos pl\u0117tros strategijas, \u012fgyvendinamas bendruomeni\u0173 inicijuotos vietos pl\u0117tros b\u016bdu, administravimo proced\u016bros apra\u0161as ir priedai (<a href=\"https:\/\/www.nma.lt\/index.php\/parama\/lietuvos-kaimo-pletros-20142020-m-programa\/priemoniu-sarasas\/parama-vietos-projektams-igyvendinti-pagal-vps-2016-m\/20142020-m-programinio-laikotarpio-vietos-projektu-pateiktu-pagal-vietos-pletros-strategijas-igyvendinamas-bendruomeniu-inicijuotos-vietos-pletros-budu-administravimo-proceduros-aprasas\/11112\" target=\"_blank\" rel=\"noopener noreferrer\"><strong class=\"highlights\">kvietimo teikti vietos projekt\u0173 parai\u0161kas Nr. 11 metu taikoma proced\u016bros apra\u0161o redakcija<\/strong><\/a>)<\/li>\n<li>Motorini\u0173 transporto priemoni\u0173 ir j\u0173 priekab\u0173 kategorij\u0173 ir klasi\u0173 pagal konstrukcij\u0105 <span lang=\"LT\"><strong class=\"highlights\"><\/span><a href=\"https:\/\/www.e-tar.lt\/portal\/lt\/legalAct\/TAR.385773CCCFE8\/KITraopjTt\" target=\"_blank\" rel=\"noopener noreferrer\">reikalavimai<\/a><span lang=\"LT\"><\/strong><\/span><\/li>\n<li>Ekonominio gyvybingumo <strong class=\"highlights\"><a href=\"https:\/\/www.e-tar.lt\/portal\/lt\/legalAct\/bba802c0163711e4afafe56485a7e49a\/NOWEHzCMpp\" target=\"_blank\" rel=\"noopener noreferrer\">nustatymo taisykl\u0117s<\/a><\/strong><\/li>\n<li>Vidutinio metinio darbuotoj\u0173 skai\u010diaus nustatymo <strong class=\"highlights\"><a href=\"https:\/\/www.e-tar.lt\/portal\/lt\/legalAct\/47a74d00268211e78397ae072f58c508\" target=\"_blank\" rel=\"noopener noreferrer\">tvarkos apra\u0161as<\/a><\/strong><\/li>\n<li>Smulkiojo ir vidutinio <strong class=\"highlights\"><a href=\"https:\/\/www.e-tar.lt\/portal\/lt\/legalAct\/TAR.640D50DB8877\/HgxIVPeiFi\" target=\"_blank\" rel=\"noopener noreferrer\">verslo pl\u0117tros \u012fstatymas<\/a><\/strong><\/li>\n<li>Projekt\u0173, \u012fgyvendinam\u0173 pagal Lietuvos kaimo pl\u0117tros 2014-2020 met\u0173 programos priemones, rodiklio <strong class=\"highlights\">\u201e<a href=\"https:\/\/www.e-tar.lt\/portal\/lt\/legalAct\/4143fdd0c52b11e79122ea2db7aeb5f0\" target=\"_blank\" rel=\"noopener noreferrer\">Naujos darbo vietos suk\u016brimas ir i\u0161laikymas\u201c pasiekimo vertinimo metodika<\/a><\/strong><\/li>\n<li>Vietos projekt\u0173\u00a0<a href=\"https:\/\/www.e-tar.lt\/portal\/lt\/legalAct\/ed70b9107edc11e4bc68a1493830b8b9\/gcNqPREAbI\" target=\"_blank\" rel=\"noopener noreferrer\"><strong class=\"highlights\">vie\u0161inimo taisykl\u0117s<\/strong><\/a><\/li>\n<li>Projekt\u0173 vykdytoj\u0173, pretenduojan\u010di\u0173 gauti param\u0105, <strong class=\"highlights\"><a href=\"http:\/\/www.infolex.lt\/ta\/320663\" target=\"_blank\" rel=\"noopener noreferrer\">pirkimo taisykl\u0117s<\/a><\/strong><\/li>\n<li>Sankcij\u0173 u\u017e pirkim\u0173 tvarkos pa\u017eeidimus <strong class=\"highlights\"><a href=\"https:\/\/www.e-tar.lt\/portal\/lt\/legalAct\/TAR.946878076DBF\/ZKtuMryeog\" target=\"_blank\" rel=\"noopener noreferrer\">taikymo metodika<\/a><\/strong><\/li>\n<li>Sankcij\u0173 u\u017e pa\u017eeidimus <strong class=\"highlights\"><a href=\"https:\/\/www.e-tar.lt\/portal\/lt\/legalAct\/3a4d3d907c6111e4abe983995522ea30\/kHbwEKPrCo\" target=\"_blank\" rel=\"noopener noreferrer\">taikymo metodika<\/a><\/strong><\/li>\n<\/ul>\n<p><strong>KVIETIMO NR. 11 METU GAUT\u0172 VIETOS PROJEKT\u0172 VERTINIMAS:<br \/>\n<\/strong>\u0160io kvietimo galiojimo metu vietos projekt\u0173 parai\u0161k\u0173 nebuvo gauta<\/p>\n","protected":false},"excerpt":{"rendered":"<p>Parai\u0161kos pagal \u0161\u012f kvietim\u0105 buvo renkamos nuo 2019-09-23 9.00 val. iki 2019-11-15 16.00 val. (kvietimo galiojimo terminas baig\u0117si). Artimiausiu metu planuojam\u0173 skelbti kvietim\u0173 grafikas. : Paprastas kvietimas teikti vietos projektus Nr. 11 (); VPS priemon\u0117 \u201eBendruomeninio verslo k\u016brimas ir pl\u0117tra\u201c Nr. LEADER-19.2-SAVA-5: ; 1 priedas ; 2 priedas ; 3 priedas\u00a0 (xlsx formatu); 4 priedas [&hellip;]<\/p>\n","protected":false},"author":2,"featured_media":0,"parent":0,"menu_order":0,"comment_status":"closed","ping_status":"closed","template":"","meta":{"footnotes":""},"class_list":["post-8886","page","type-page","status-publish","hentry"],"_links":{"self":[{"href":"https:\/\/panvvg.lt\/index.php?rest_route=\/wp\/v2\/pages\/8886","targetHints":{"allow":["GET"]}}],"collection":[{"href":"https:\/\/panvvg.lt\/index.php?rest_route=\/wp\/v2\/pages"}],"about":[{"href":"https:\/\/panvvg.lt\/index.php?rest_route=\/wp\/v2\/types\/page"}],"author":[{"embeddable":true,"href":"https:\/\/panvvg.lt\/index.php?rest_route=\/wp\/v2\/users\/2"}],"replies":[{"embeddable":true,"href":"https:\/\/panvvg.lt\/index.php?rest_route=%2Fwp%2Fv2%2Fcomments&post=8886"}],"version-history":[{"count":9,"href":"https:\/\/panvvg.lt\/index.php?rest_route=\/wp\/v2\/pages\/8886\/revisions"}],"predecessor-version":[{"id":9708,"href":"https:\/\/panvvg.lt\/index.php?rest_route=\/wp\/v2\/pages\/8886\/revisions\/9708"}],"wp:attachment":[{"href":"https:\/\/panvvg.lt\/index.php?rest_route=%2Fwp%2Fv2%2Fmedia&parent=8886"}],"curies":[{"name":"wp","href":"https:\/\/api.w.org\/{rel}","templated":true}]}}