{"id":6,"date":"2014-08-20T09:53:16","date_gmt":"2014-08-20T09:53:16","guid":{"rendered":"http:\/\/104.131.255.213\/specular\/business\/?page_id=6"},"modified":"2025-07-15T11:27:41","modified_gmt":"2025-07-15T08:27:41","slug":"home-5-2-2","status":"publish","type":"page","link":"https:\/\/panvvg.lt","title":{"rendered":"Titulinis"},"content":{"rendered":"<p>[vc_row class=&#8221;custom_class&#8221;][vc_column][vc_column_text][\/vc_column_text][vc_text_separator title=&#8221;2024-2029 m. vietos pl\u0117tros strategija&#8221; title_align=&#8221;separator_align_left&#8221;][vc_gallery interval=&#8221;3&#8243; images=&#8221;10884&#8243; img_size=&#8221;full&#8221; onclick=&#8221;custom_link&#8221; custom_links_target=&#8221;_blank&#8221; css_animation=&#8221;fadeInRight&#8221; custom_links=&#8221;#E-8_aHR0cCUzQSUyRiUyRnBhbnZ2Zy5sdCUyRiUzRnBvcnRmb2xpbyUzRDIwMjQtMjAyOS1tLXZpZXRvcy1wbGV0cm9zLXN0cmF0ZWdpamE=&#8221;][vc_text_separator title=&#8221;Naujienos&#8221; title_align=&#8221;separator_align_left&#8221;][latest_blog carousel=&#8221;no&#8221; style=&#8221;boxed&#8221; posts_per_page=&#8221;9&#8243;][vc_column_text]<a class=\"btn-bt default\" style=\"padding: 10px 48px;\" href=\"https:\/\/panvvg.lt\/?page_id=2021\">Daugiau naujien\u0173<i class=\"moon-arrow-right-5\"><\/i><\/a>[\/vc_column_text][\/vc_column][\/vc_row][vc_row class=&#8221;varnos_stilius&#8221;][vc_column width=&#8221;1\/2&#8243;][vc_text_separator title=&#8221;Vietos pl\u0117tros strategija 2016-2023 m.&#8221; title_align=&#8221;separator_align_left&#8221;][vc_column_text css_animation=&#8221;fadeInDown&#8221;]Strategija \u012f<span>gyvendinama pagal Lietuvos kaimo pl\u0117tros 2014\u20132020 met\u0173 programos priemon\u0119 \u201eLEADER\u201c.<br \/>\n<\/span>Skirta parama: <strong>3 156 186,00<\/strong> Eur.<br \/>\n\u012egyvendinimo laikotarpis: <strong>2016-02-01 &#8211; 2023-09-01<\/strong>.<\/p>\n<ul style=\"list-style: none; width: 50%; float: left;\">\n<li><i class=\"steadysets-icon-checkmark\"><\/i> <a href=\"https:\/\/panvvg.lt\/?portfolio=panevezio-rajono-2016-2023-m-vietos-pletros-strategija\" target=\"_blank\" rel=\"noopener noreferrer\"><span> Apie Panev\u0117\u017eio rajono 2016-2023 m.<br \/>\nvietos pl\u0117tros strategij\u0105<\/span><\/a><\/li>\n<li><i class=\"steadysets-icon-checkmark\"><\/i> <a href=\"https:\/\/drive.google.com\/uc?id=1h-pVlgwtaAsP31MfYA7cgWH4ZcEFv8NZ\" target=\"_blank\" rel=\"noopener noreferrer\">Aktuali strategijos redakcija<\/a><\/li>\n<li><i class=\"steadysets-icon-checkmark\"><\/i>\u00a0<a href=\"https:\/\/panvvg.lt\/wp-content\/uploads\/2017\/05\/vps2016-2023priemones.png\" target=\"_blank\" rel=\"noopener noreferrer\">Strategijos prioritetai, priemon\u0117s ir veiklos sritys<\/a><\/li>\n<li><i class=\"steadysets-icon-checkmark\"><\/i> <a href=\"https:\/\/panvvg.lt\/?page_id=8326\" target=\"_blank\" rel=\"noopener\">Pagal strategija vykdomi\/baigti vietos projektai<\/a><\/li>\n<li><i class=\"steadysets-icon-checkmark\"><\/i> <a href=\"https:\/\/panvvg.lt\/?page_id=3857\" target=\"_blank\" rel=\"noopener noreferrer\">Parai\u0161k\u0173 pri\u0117mimo grafikas<\/a><\/li>\n<li><\/li>\n<li><\/li>\n<\/ul>\n<ul style=\"list-style: none; width: 50%; float: right;\">\n<li><i class=\"steadysets-icon-checkmark\"><\/i> <a href=\"https:\/\/panvvg.lt\/?portfolio=panevezio-rajono-2016-2023-m-vietos-pletros-strategija\" target=\"_blank\" rel=\"noopener\">Strategijos \u012fgyvendinimo ataskaitos<\/a> (<a href=\"https:\/\/drive.google.com\/uc?id=1C6Ce0R8SofFl8DE5o3dy_cAVUgLqE1De\" target=\"_blank\" rel=\"noopener\">u\u017e 2017 m<\/a>., <a href=\"https:\/\/drive.google.com\/uc?id=1xbnL77YMo7D5k4X0v1vB9aeHhMWzTwex\" target=\"_blank\" rel=\"noopener\">2018 m.<\/a>, <a href=\"https:\/\/drive.google.com\/uc?id=1zJXY6TdCJCa321OF_lPIt0lGqJ35u3Zy\" target=\"_blank\" rel=\"noopener\">2019 m.<\/a>, <a href=\"https:\/\/drive.google.com\/uc?id=1kpzemxlIft_NP-or1lLa2sRN5l5axUJP\" target=\"_blank\" rel=\"noopener\">2020 m.<\/a>)<\/li>\n<li><i class=\"steadysets-icon-checkmark\"><\/i> <a href=\"http:\/\/www.leaderlietuva.lt\/uploads\/Vietos%20pl%C4%97tros%20strategij%C5%B3%20%C4%AFgyvendinimo%202017%20m.%20ap%C5%BEvalga.pdf\" target=\"_blank\" rel=\"noopener noreferrer\">Vietos pl\u0117tros strategij\u0173 \u012fgyvendinimo 2017 m. ap\u017evalga<\/a><\/li>\n<li><i class=\"steadysets-icon-checkmark\"><\/i> <a href=\"https:\/\/enrd.ec.europa.eu\/file\/12355\/download_en?token=MiDH_xS1\" target=\"_blank\" rel=\"noopener noreferrer\">LEADER\/BIVP vertinimo gair\u0117s<\/a><\/li>\n<li><i class=\"steadysets-icon-checkmark\"><\/i> <a href=\"https:\/\/panvvg.lt\/?page_id=9671\" target=\"_blank\" rel=\"noopener\">Socialinio verslo vietos projekt\u0173 vykdytoj\u0173 dokumentai<\/a><\/li>\n<li><\/li>\n<\/ul>\n<p>[\/vc_column_text][\/vc_column][vc_column width=&#8221;1\/2&#8243;][vc_text_separator title=&#8221;Taip pat skaitykite&#8221; title_align=&#8221;separator_align_left&#8221;][recent_news posts_per_page=&#8221;4&#8243; dynamic_from_where=&#8221;cat&#8221; dynamic_cat=&#8221;71&#8243; style=&#8221;vertical&#8221;][vc_column_text]<a class=\"btn-bt default\" style=\"padding: 10px 48px;\" href=\"https:\/\/panvvg.lt\/?cat=54\">Daugiau straipsni\u0173<i class=\"moon-arrow-right-5\"><\/i><\/a>[\/vc_column_text][\/vc_column][\/vc_row][vc_row class=&#8221;varnos_stilius&#8221;][vc_column][vc_text_separator title=&#8221;Partneriai&#8221; title_align=&#8221;separator_align_left&#8221;][vc_column_text]<div class=\"carousel-slider-outer carousel-slider-outer-image-carousel-url carousel-slider-outer-2345\" style=\"--carousel-slider-nav-color:#f1f1f1;--carousel-slider-active-nav-color:#518ebc;--carousel-slider-arrow-size:48px;--carousel-slider-bullet-size:10px\">\n<div id=\"&#039;id-2345\" class=\"carousel-slider carousel-slider-2345 arrows-visibility-hover dots-visibility-never arrows-outside dots-center dots-square owl-carousel\" data-slide-type=\"image-carousel-url\" data-owl-settings='{\"nav\":true,\"dots\":false,\"slideBy\":1,\"stagePadding\":0,\"margin\":10,\"loop\":true,\"lazyLoad\":false,\"autoplay\":true,\"autoplayTimeout\":5000,\"autoplaySpeed\":500,\"autoplayHoverPause\":false,\"autoWidth\":false,\"responsive\":{\"300\":{\"items\":1},\"576\":{\"items\":2},\"768\":{\"items\":2},\"1024\":{\"items\":3},\"1280\":{\"items\":4},\"1536\":{\"items\":5}}}'>\n<div class=\"carousel-slider__item\">\n\t<a href=\"http:\/\/www.sirvintuvvg.lt\/\" target=\"_blank\"><img decoding=\"async\" alt=\"Alt text\" src=\"http:\/\/panvvg.lt\/wp-content\/uploads\/2021\/10\/sirvintuvvg.png\" \/><div class=\"carousel-slider__caption\"><p class=\"caption\">\u0160irvint\u0173 rajono vietos veiklos grup\u0117<\/p><\/div><\/a><\/div>\n<div class=\"carousel-slider__item\">\n\t<a href=\"http:\/\/www.panrs.lt\" target=\"_blank\"><img decoding=\"async\" alt=\"\" src=\"http:\/\/panvvg.lt\/wp-content\/uploads\/2021\/10\/panrsLogo.png\" \/><div class=\"carousel-slider__caption\"><p class=\"caption\"><\/p><\/div><\/a><\/div>\n<div class=\"carousel-slider__item\">\n\t<img decoding=\"async\" alt=\"\" src=\"http:\/\/panvvg.lt\/wp-content\/uploads\/2021\/10\/mieziskiulog.png\" \/><div class=\"carousel-slider__caption\"><p class=\"caption\">Mie\u017ei\u0161ki\u0173 gyventoj\u0173 bendruomen\u0117<\/p><\/div><\/div>\n<div class=\"carousel-slider__item\">\n\t<a href=\"http:\/\/www.ykkosakseli.fi\/in-english\/\" target=\"_blank\"><img decoding=\"async\" alt=\"\" src=\"http:\/\/panvvg.lt\/wp-content\/uploads\/2021\/10\/ykkosakseli-logo2.png\" \/><div class=\"carousel-slider__caption\"><p class=\"caption\">Suomijos VVG Ykkosakseli<\/p><\/div><\/a><\/div>\n<div class=\"carousel-slider__item\">\n\t<a href=\"http:\/\/www.isolasalento.org\/\" target=\"_blank\"><img decoding=\"async\" alt=\"\" src=\"http:\/\/panvvg.lt\/wp-content\/uploads\/2021\/10\/isolasalentologoB.jpg\" \/><div class=\"carousel-slider__caption\"><p class=\"caption\">Italijos VVG Isola Salento<\/p><\/div><\/a><\/div>\n<div class=\"carousel-slider__item\">\n\t<a href=\"http:\/\/www.emory.fi\" target=\"_blank\"><img decoding=\"async\" alt=\"\" src=\"http:\/\/panvvg.lt\/wp-content\/uploads\/2021\/10\/EMOryLogo.png\" \/><div class=\"carousel-slider__caption\"><p class=\"caption\">Suomijos VVG EMOry<\/p><\/div><\/a><\/div>\n<div class=\"carousel-slider__item\">\n\t<a href=\"http:\/\/www.gelgaudiskio-bendruomene.lt\/\" target=\"_blank\"><img decoding=\"async\" alt=\"\" src=\"http:\/\/panvvg.lt\/wp-content\/uploads\/2021\/10\/gelgaudiskis.jpg\" \/><div class=\"carousel-slider__caption\"><p class=\"caption\">Gelgaudi\u0161kio bendruomen\u0117s centras<\/p><\/div><\/a><\/div>\n<div class=\"carousel-slider__item\">\n\t<a href=\"http:\/\/www.pasvaliorvvg.lt\/\" target=\"_blank\"><img decoding=\"async\" alt=\"\" src=\"http:\/\/panvvg.lt\/wp-content\/uploads\/2021\/10\/pasvaliorajVVG.png\" \/><div class=\"carousel-slider__caption\"><p class=\"caption\"><\/p><\/div><\/a><\/div>\n<div class=\"carousel-slider__item\">\n\t<a href=\"http:\/\/sakiukrastovvg.lt\/\" target=\"_blank\"><img decoding=\"async\" alt=\"\" src=\"http:\/\/panvvg.lt\/wp-content\/uploads\/2021\/10\/sakiuvvglogo.png\" \/><div class=\"carousel-slider__caption\"><p class=\"caption\">\u0160aki\u0173 kra\u0161to VVG<\/p><\/div><\/a><\/div>\n<div class=\"carousel-slider__item\">\n\t<a href=\"http:\/\/www.pvkc.lt\" target=\"_blank\"><img decoding=\"async\" alt=\"\" src=\"http:\/\/panvvg.lt\/wp-content\/uploads\/2021\/10\/PVKClogo.jpg\" \/><div class=\"carousel-slider__caption\"><p class=\"caption\"><\/p><\/div><\/a><\/div>\n<div class=\"carousel-slider__item\">\n\t<img decoding=\"async\" alt=\"\" src=\"http:\/\/panvvg.lt\/wp-content\/uploads\/2021\/10\/LogoPRBS.jpg\" \/><div class=\"carousel-slider__caption\"><p class=\"caption\">Panev\u0117\u017eio rajono bendruomeni\u0173 s\u0105junga<\/p><\/div><\/div>\n<div class=\"carousel-slider__item\">\n\t<a href=\"http:\/\/www.pku.lt\" target=\"_blank\"><img decoding=\"async\" alt=\"\" src=\"http:\/\/panvvg.lt\/wp-content\/uploads\/2021\/10\/pku.jpg\" \/><div class=\"carousel-slider__caption\"><p class=\"caption\"><\/p><\/div><\/a><\/div>\n<\/div><!-- .carousel-slider-2345 -->\n<\/div><!-- .carousel-slider-outer-2345 -->\n[\/vc_column_text][\/vc_column][\/vc_row]<\/p>\n","protected":false},"excerpt":{"rendered":"<p>[vc_row class=&#8221;custom_class&#8221;][vc_column][vc_column_text][\/vc_column_text][vc_text_separator title=&#8221;2024-2029 m. vietos pl\u0117tros strategija&#8221; title_align=&#8221;separator_align_left&#8221;][vc_gallery interval=&#8221;3&#8243; images=&#8221;10884&#8243; img_size=&#8221;full&#8221; onclick=&#8221;custom_link&#8221; custom_links_target=&#8221;_blank&#8221; css_animation=&#8221;fadeInRight&#8221; custom_links=&#8221;#E-8_aHR0cCUzQSUyRiUyRnBhbnZ2Zy5sdCUyRiUzRnBvcnRmb2xpbyUzRDIwMjQtMjAyOS1tLXZpZXRvcy1wbGV0cm9zLXN0cmF0ZWdpamE=&#8221;][vc_text_separator title=&#8221;Naujienos&#8221; title_align=&#8221;separator_align_left&#8221;][latest_blog carousel=&#8221;no&#8221; style=&#8221;boxed&#8221; posts_per_page=&#8221;9&#8243;][vc_column_text]Daugiau naujien\u0173[\/vc_column_text][\/vc_column][\/vc_row][vc_row class=&#8221;varnos_stilius&#8221;][vc_column width=&#8221;1\/2&#8243;][vc_text_separator title=&#8221;Vietos pl\u0117tros strategija 2016-2023 m.&#8221; title_align=&#8221;separator_align_left&#8221;][vc_column_text css_animation=&#8221;fadeInDown&#8221;]Strategija \u012fgyvendinama pagal Lietuvos kaimo pl\u0117tros 2014\u20132020 met\u0173 programos priemon\u0119 \u201eLEADER\u201c. Skirta parama: 3 156 186,00 Eur. \u012egyvendinimo laikotarpis: 2016-02-01 &#8211; 2023-09-01. Apie Panev\u0117\u017eio rajono 2016-2023 [&hellip;]<\/p>\n","protected":false},"author":1,"featured_media":0,"parent":0,"menu_order":0,"comment_status":"open","ping_status":"open","template":"","meta":{"footnotes":""},"class_list":["post-6","page","type-page","status-publish","hentry"],"_links":{"self":[{"href":"https:\/\/panvvg.lt\/index.php?rest_route=\/wp\/v2\/pages\/6","targetHints":{"allow":["GET"]}}],"collection":[{"href":"https:\/\/panvvg.lt\/index.php?rest_route=\/wp\/v2\/pages"}],"about":[{"href":"https:\/\/panvvg.lt\/index.php?rest_route=\/wp\/v2\/types\/page"}],"author":[{"embeddable":true,"href":"https:\/\/panvvg.lt\/index.php?rest_route=\/wp\/v2\/users\/1"}],"replies":[{"embeddable":true,"href":"https:\/\/panvvg.lt\/index.php?rest_route=%2Fwp%2Fv2%2Fcomments&post=6"}],"version-history":[{"count":125,"href":"https:\/\/panvvg.lt\/index.php?rest_route=\/wp\/v2\/pages\/6\/revisions"}],"predecessor-version":[{"id":11245,"href":"https:\/\/panvvg.lt\/index.php?rest_route=\/wp\/v2\/pages\/6\/revisions\/11245"}],"wp:attachment":[{"href":"https:\/\/panvvg.lt\/index.php?rest_route=%2Fwp%2Fv2%2Fmedia&parent=6"}],"curies":[{"name":"wp","href":"https:\/\/api.w.org\/{rel}","templated":true}]}}