{"id":4991,"date":"2018-11-30T11:07:17","date_gmt":"2018-11-30T13:07:17","guid":{"rendered":"http:\/\/panvvg.lt?page_id=4991"},"modified":"2018-11-30T11:32:16","modified_gmt":"2018-11-30T13:32:16","slug":"kvietimasnr1-2-2-2-3-2","status":"publish","type":"page","link":"https:\/\/panvvg.lt?page_id=4991","title":{"rendered":"Kvietimas Nr. 6 (sustabdytas)"},"content":{"rendered":"<p><span style=\"color: #ff6600;\"><span color=\"#ff6600\">Parai\u0161kos pagal \u0161\u012f kvietim\u0105 buvo renkamos\u00a0iki 2018 m. lapkri\u010dio 16 d. 16.00 val.<\/span><span color=\"#ff6600\"><span color=\"#ff6600\">\u00a0<\/span><\/span><span color=\"#ff6600\">Kvietimas teikti parai\u0161kas 2018-11-16<\/span><span color=\"#ff6600\">\u00a0<\/span><span color=\"#ff6600\">buvo\u00a0<a href=\"https:\/\/panvvg.lt\/?p=4985\" target=\"_blank\" rel=\"noopener\" style=\"color: #ff6600;\">sustabdytas<\/a><\/span><span color=\"#ff6600\"><\/span><span color=\"#ff6600\">.\u00a0<\/span><span color=\"#ff6600\">Nuo 2018-11-16 atnaujinta kvietimo dokumentacija ir prat\u0119stas kvietimo galiojimo laikas iki 2018-12-14<\/span><\/span><\/p>\n<p><span color=\"#ff6600\"><br \/>\n<\/span><b><span style=\"color: #ff6600;\">KVIETIMO TEIKTI VIETOS PROJEKTUS NR. 6 DOKUMENTACIJA:<\/span><\/b><\/p>\n<ul style=\"list-style-type: disc;\">\n<li>Kvietimas teikti vietos projektus Nr. 6 (<a href=\"https:\/\/drive.google.com\/uc?id=1age_hwVPX6F35lGwhgp3fWYxHztqNqQn\" target=\"_blank\" rel=\"noopener\">kvietimo skelbimas<\/a>);<\/li>\n<li>VPS priemon\u0117\u00a0<strong>\u201eVietos projekt\u0173 parei\u0161k\u0117j\u0173 ir vykdytoj\u0173 mokymas, \u012fg\u016bd\u017ei\u0173 \u012fgijimas\u201c\u00a0<\/strong>Nr. LEADER-19.2-SAVA-3:\n<ul style=\"list-style-type: disc;\">\n<li><a href=\"https:\/\/drive.google.com\/uc?id=1Rl47xO4TVZ3X2vkZ9QI4F1qOkDusnzDJ\" target=\"_blank\" rel=\"noopener\">Finansavimo s\u0105lyg\u0173 apra\u0161as (FSA)<\/a>;<\/li>\n<li>1 priedas <a href=\"https:\/\/drive.google.com\/uc?id=1pc-Uv7bz6h-5ejPi_v3w9XMuuC-QvfCP\" target=\"_blank\" rel=\"noopener\">Vietos projekto parai\u0161ka<\/a>;<\/li>\n<\/ul>\n<\/li>\n<\/ul>\n<ul style=\"list-style-type: disc;\"><\/ul>\n<p>Kvietimui skiriama VPS paramos l\u0117\u0161\u0173 suma 30 000,00 Eur i\u0161 E\u017d\u016aFKP ir Lietuvos Respublikos valstyb\u0117s biud\u017eeto l\u0117\u0161\u0173;<br \/>\nDid\u017eiausia galima parama vienam vietos projektui \u012fgyvendinti 10 000,00 Eur.<br \/>\nParamos vietos projektui \u012fgyvendinti lyginamoji dalis &#8211; iki 100 proc. vis\u0173 tinkam\u0173 finansuoti vietos projekto i\u0161laid\u0173.<\/p>\n<p>&nbsp;<\/p>\n<p>&nbsp;<\/p>\n","protected":false},"excerpt":{"rendered":"<p>Parai\u0161kos pagal \u0161\u012f kvietim\u0105 buvo renkamos\u00a0iki 2018 m. lapkri\u010dio 16 d. 16.00 val.\u00a0Kvietimas teikti parai\u0161kas 2018-11-16\u00a0buvo\u00a0sustabdytas.\u00a0Nuo 2018-11-16 atnaujinta kvietimo dokumentacija ir prat\u0119stas kvietimo galiojimo laikas iki 2018-12-14 KVIETIMO TEIKTI VIETOS PROJEKTUS NR. 6 DOKUMENTACIJA: Kvietimas teikti vietos projektus Nr. 6 (kvietimo skelbimas); VPS priemon\u0117\u00a0\u201eVietos projekt\u0173 parei\u0161k\u0117j\u0173 ir vykdytoj\u0173 mokymas, \u012fg\u016bd\u017ei\u0173 \u012fgijimas\u201c\u00a0Nr. LEADER-19.2-SAVA-3: Finansavimo s\u0105lyg\u0173 apra\u0161as [&hellip;]<\/p>\n","protected":false},"author":2,"featured_media":0,"parent":0,"menu_order":0,"comment_status":"closed","ping_status":"closed","template":"","meta":{"footnotes":""},"class_list":["post-4991","page","type-page","status-publish","hentry"],"_links":{"self":[{"href":"https:\/\/panvvg.lt\/index.php?rest_route=\/wp\/v2\/pages\/4991","targetHints":{"allow":["GET"]}}],"collection":[{"href":"https:\/\/panvvg.lt\/index.php?rest_route=\/wp\/v2\/pages"}],"about":[{"href":"https:\/\/panvvg.lt\/index.php?rest_route=\/wp\/v2\/types\/page"}],"author":[{"embeddable":true,"href":"https:\/\/panvvg.lt\/index.php?rest_route=\/wp\/v2\/users\/2"}],"replies":[{"embeddable":true,"href":"https:\/\/panvvg.lt\/index.php?rest_route=%2Fwp%2Fv2%2Fcomments&post=4991"}],"version-history":[{"count":3,"href":"https:\/\/panvvg.lt\/index.php?rest_route=\/wp\/v2\/pages\/4991\/revisions"}],"predecessor-version":[{"id":4995,"href":"https:\/\/panvvg.lt\/index.php?rest_route=\/wp\/v2\/pages\/4991\/revisions\/4995"}],"wp:attachment":[{"href":"https:\/\/panvvg.lt\/index.php?rest_route=%2Fwp%2Fv2%2Fmedia&parent=4991"}],"curies":[{"name":"wp","href":"https:\/\/api.w.org\/{rel}","templated":true}]}}