{"id":4927,"date":"2018-10-22T05:40:41","date_gmt":"2018-10-22T07:40:41","guid":{"rendered":"http:\/\/panvvg.lt?page_id=4927"},"modified":"2019-09-25T05:48:27","modified_gmt":"2019-09-25T07:48:27","slug":"kvietimai-2-2","status":"publish","type":"page","link":"https:\/\/panvvg.lt?page_id=4927","title":{"rendered":"Kvietimas Nr. 8"},"content":{"rendered":"<p><span color=\"#ff6600\">Parai\u0161kos pagal \u0161\u012f kvietim\u0105 buvo renkamos\u00a0iki 2018 m. gruod\u017eio 21 d. 16.00 val.<\/span><span color=\"#ff6600\"><span color=\"#ff6600\">\u00a0(kvietimo galiojimo terminas baig\u0117si).<br \/>\nArtimiausiu metu planuojam\u0173 skelbti\u00a0<span><a href=\"https:\/\/panvvg.lt\/?page_id=3857\" target=\"_blank\" rel=\"noopener noreferrer\">kvietim\u0173 grafikas<\/a>.<\/span><\/span><\/span><span color=\"#ff6600\"><br \/>\n<span style=\"color: #ff6600;\">\u00a0<\/span><\/span><\/p>\n<p><b><strong class=\"highlights\">KVIETIMO TEIKTI VIETOS PROJEKTUS NR. 8 DOKUMENTACIJA<\/strong><\/b><b>:<\/b><\/p>\n<ul style=\"list-style-type: disc;\">\n<li>Kvietimas teikti vietos projektus Nr. 8 (<strong class=\"highlights\"><a href=\"https:\/\/drive.google.com\/uc?id=1HZmheqhprXL_jXw8MZKFv04zmqt_5GuN\" target=\"_blank\" rel=\"noopener noreferrer\">kvietimo skelbimas<\/a><\/strong>);<\/li>\n<li>VPS priemon\u0117s <strong>\u201eGyventoj\u0173 aktyvumo, verslumo iniciatyv\u0173 skatinimas, kra\u0161to tradicij\u0173 puosel\u0117jimas\u201c <\/strong>Nr. LEADER-19.2-SAVA-6:\n<ul style=\"list-style-type: disc;\">\n<li><strong class=\"highlights\"><a href=\"https:\/\/drive.google.com\/uc?id=1yxN8n-caCDVI46NKJDuhAsdgk5C8uDKH\" target=\"_blank\" rel=\"noopener noreferrer\">Finansavimo s\u0105lyg\u0173 apra\u0161as (FSA)<\/a><\/strong>;<\/li>\n<li>1 priedas <strong class=\"highlights\"><a href=\"https:\/\/drive.google.com\/uc?id=13Ne32KnU0qp_NrrwhUrW6UJTMuRRLvVb\" target=\"_blank\" rel=\"noopener noreferrer\">Vietos projekto parai\u0161ka<\/a><\/strong>;<\/li>\n<li>2 priedas <strong class=\"highlights\"><a href=\"https:\/\/drive.google.com\/uc?id=1O55KKIzgQUZJX3qIQpNCJ8l22PzR0HI3\" target=\"_blank\" rel=\"noopener noreferrer\">Jungtin\u0117s veiklos sutartis<\/a><\/strong>;<\/li>\n<li>3 priedas <strong class=\"highlights\"><a href=\"https:\/\/drive.google.com\/uc?id=1SFfQMQSILpsaApkPALjYEseJUv7A9TJk\" target=\"_blank\" rel=\"noopener noreferrer\">Bendradarbiavimo sutartis<\/a><\/strong>.<\/li>\n<\/ul>\n<\/li>\n<\/ul>\n<p>Bendra kvietimo teikti vietos projektus suma 60 000 Eur i\u0161 E\u017d\u016aFKP ir Lietuvos Respublikos valstyb\u0117s biud\u017eeto l\u0117\u0161\u0173.<br \/>\nDid\u017eiausia galima parama vienam vietos projektui \u012fgyvendinti 14 995,00 Eur.<\/p>\n<p>Paramos vietos projektui \u012fgyvendinti lyginamoji dalis:<br \/>\n&#8211;\u00a0iki 80 proc. vis\u0173 tinkam\u0173 finansuoti vietos projekto i\u0161laid\u0173, kai projekto metu \u012fsigyjamas materialusis turtas;<br \/>\n&#8211; iki 95 proc.\u00a0vis\u0173 tinkam\u0173 finansuoti vietos projekto i\u0161laid\u0173, kai vietos projekto galutinis rezultatas pats savaime n\u0117ra materialusis turtas: esm\u0117 yra pats projektas, o ne nuolatin\u0117 veikla, t.y. veiklos projektams.<\/p>\n<p>Vietos projekt\u0173 parai\u0161kos priimamos Panev\u0117\u017eio rajono vietos veiklos grup\u0117s b\u016bstin\u0117je adresu J. \u017demgulio g. 46 (106 kab.), Panev\u0117\u017eys.<\/p>\n<p><b>PAPILDOMI DOKUMENTAI (pagalba parei\u0161k\u0117jams)<\/b><b>:<\/b><\/p>\n<ul style=\"list-style-type: disc;\">\n<li>I\u0161laid\u0173 tinkamumo finansuoti paramos l\u0117\u0161omis\u00a0<a href=\"https:\/\/www.nma.lt\/uploads\/files\/dir1920\/dir96\/dir4\/5_0.php\" target=\"_blank\" rel=\"noopener noreferrer\"><strong class=\"highlights\">vertinimo tvarka<\/strong><\/a><\/li>\n<li>Vietos projekt\u0173, \u012fgyvendinam\u0173 bendruomeni\u0173 inicijuotos vietos pl\u0117tros b\u016bdu, administravimo taisykl\u0117s (<a href=\"https:\/\/www.e-tar.lt\/portal\/lt\/legalAct\/2c022700800111e6b969d7ae07280e89\/YFJiveyXjx\" target=\"_blank\" rel=\"noopener noreferrer\"><strong class=\"highlights\">kvietimo teikti vietos projekt\u0173 parai\u0161kas Nr. 8 metu taikoma suvestin\u0117 redakcija<\/strong><\/a>)<\/li>\n<li>Vietos projekt\u0173, pateikt\u0173 pagal vietos pl\u0117tros strategijas, \u012fgyvendinamas bendruomeni\u0173 inicijuotos vietos pl\u0117tros b\u016bdu, administravimo proced\u016bros apra\u0161as ir priedai (<a href=\"https:\/\/www.nma.lt\/index.php\/parama\/lietuvos-kaimo-pletros-20142020-m-programa\/priemoniu-sarasas\/parama-vietos-projektams-igyvendinti-pagal-vps-2016-m\/20142020-m-programinio-laikotarpio-vietos-projektu-pateiktu-pagal-vietos-pletros-strategijas-igyvendinamas-bendruomeniu-inicijuotos-vietos-pletros-budu-administravimo-proceduros-aprasas\/11112\" target=\"_blank\" rel=\"noopener noreferrer\"><strong class=\"highlights\">kvietimo teikti vietos projekt\u0173 parai\u0161kas Nr. 8 metu taikoma proced\u016bros apra\u0161o redakcija<\/strong><\/a>)<\/li>\n<li>Renginio organizavimo fiksuotojo \u012fkainio nustatymo <strong class=\"highlights\"><a href=\"http:\/\/www.esinvesticijos.lt\/docview\/?id=10817&amp;h=4b639&amp;t=renginio-organizavimo-fi_2017-08-21\" target=\"_blank\" rel=\"noopener noreferrer\">tyrimo ataskaita (rengini\u0173 organizavimo \u012fkainiai)<\/a><\/strong><\/li>\n<li>Vietos projekt\u0173\u00a0<a href=\"https:\/\/www.e-tar.lt\/portal\/lt\/legalAct\/ed70b9107edc11e4bc68a1493830b8b9\/gcNqPREAbI\" target=\"_blank\" rel=\"noopener noreferrer\"><strong class=\"highlights\">vie\u0161inimo taisykl\u0117s<\/strong><\/a><\/li>\n<li>Projekt\u0173 vykdytoj\u0173 (kuriems netaikomas Vie\u0161\u0173j\u0173 pirkim\u0173 \u012fstatymas), pretenduojan\u010di\u0173 gauti param\u0105, <strong class=\"highlights\"><a href=\"http:\/\/www.infolex.lt\/ta\/320663\" target=\"_blank\" rel=\"noopener noreferrer\">pirkimo taisykl\u0117s<\/a><\/strong><\/li>\n<li>Sankcij\u0173 u\u017e pirkim\u0173 tvarkos pa\u017eeidimus <strong class=\"highlights\"><a href=\"https:\/\/www.e-tar.lt\/portal\/lt\/legalAct\/TAR.946878076DBF\/ZKtuMryeog\" target=\"_blank\" rel=\"noopener noreferrer\">taikymo metodika<\/a><\/strong><\/li>\n<li>Sankcij\u0173 u\u017e pa\u017eeidimus <strong class=\"highlights\"><a href=\"https:\/\/www.e-tar.lt\/portal\/lt\/legalAct\/3a4d3d907c6111e4abe983995522ea30\/kHbwEKPrCo\" target=\"_blank\" rel=\"noopener noreferrer\">taikymo metodika<\/a><\/strong><\/li>\n<\/ul>\n<p><strong>KVIETIMO NR. 8 METU GAUT\u0172 VIETOS PROJEKT\u0172 VERTINIMAS:<\/strong><\/p>\n<p>Informacija apie u\u017eregistruotas vietos projekt\u0173 parai\u0161kas (<a href=\"https:\/\/drive.google.com\/uc?id=1evlKx83NP83dD_YEYSzbZeM2tCnmpwBo\" target=\"_blank\" rel=\"noopener noreferrer\"><strong>projekt\u0173<\/strong><strong><span>\u00a0<\/span>s\u0105ra\u0161as<\/strong><\/a>)<br \/>\n<span>Informacija apie vietos projekt\u0173 parai\u0161k\u0173 prid\u0117tin\u0117s vert\u0117s (kokyb\u0117s) vertinimo\u00a0<\/span><strong class=\"highlights\"><a href=\"https:\/\/drive.google.com\/uc?id=1gaqf_YhTnr7hbl-7y56swUXpZNKIq7Od\" target=\"_blank\" rel=\"noopener noreferrer\">rezultatus<\/a><br \/>\n<\/strong><span>Vietos projekt\u0173 parai\u0161k\u0173 atrankos vertinimo<\/span><span>\u00a0<\/span><strong class=\"highlights\"><a href=\"https:\/\/drive.google.com\/uc?id=1NnO8Ex7WAEUz6eHMpB9vQUcBJuBw7jtg\" target=\"_blank\" rel=\"noopener noreferrer\">rezultat\u0173 suvestin\u0117<\/a><br \/>\n<\/strong>Vietos projekt\u0173 parai\u0161k\u0173 vertinimo rezultat\u0173\u00a0<a href=\"https:\/\/drive.google.com\/uc?id=1AKfH49MknvXmsTEIfrJeyAlnWAX9zvaH\" target=\"_blank\" rel=\"noopener noreferrer\"><strong>suvestin\u0117<\/strong><\/a><br \/>\nVietos projekt\u0173 atrankos komiteto 2019-01-21 <strong><a href=\"https:\/\/drive.google.com\/uc?id=1Md10LOBRmhGTGLG62HxcMv8qsv1GfSJm\" target=\"_blank\" rel=\"noopener noreferrer\">nutariamoji <\/a><\/strong>dalis (LEADER-19.2-SAVA-6)<br \/>\n<span>Skirta parama (proj. Nr. PANE-LEADER-6B-V-8-3-2018) NMA 2019-04-18 direktoriaus \u012fsakymu Nr. BR1-110<\/span><br \/>\nSkirta parama (proj. Nr. PANE-LEADER-6B-V-8-2-2018, PANE-LEADER-6B-JV-8-1-2018, PANE-LEADER-6B-V-8-4-2018) NMA 2019-04-25 direktoriaus \u012fsakymu Nr. BR1-114<strong class=\"highlights\"><br \/>\n<\/strong><\/p>\n","protected":false},"excerpt":{"rendered":"<p>Parai\u0161kos pagal \u0161\u012f kvietim\u0105 buvo renkamos\u00a0iki 2018 m. gruod\u017eio 21 d. 16.00 val.\u00a0(kvietimo galiojimo terminas baig\u0117si). Artimiausiu metu planuojam\u0173 skelbti\u00a0kvietim\u0173 grafikas. \u00a0 : Kvietimas teikti vietos projektus Nr. 8 (); VPS priemon\u0117s \u201eGyventoj\u0173 aktyvumo, verslumo iniciatyv\u0173 skatinimas, kra\u0161to tradicij\u0173 puosel\u0117jimas\u201c Nr. LEADER-19.2-SAVA-6: ; 1 priedas ; 2 priedas ; 3 priedas . Bendra kvietimo teikti [&hellip;]<\/p>\n","protected":false},"author":2,"featured_media":0,"parent":0,"menu_order":0,"comment_status":"closed","ping_status":"closed","template":"","meta":{"footnotes":""},"class_list":["post-4927","page","type-page","status-publish","hentry"],"_links":{"self":[{"href":"https:\/\/panvvg.lt\/index.php?rest_route=\/wp\/v2\/pages\/4927","targetHints":{"allow":["GET"]}}],"collection":[{"href":"https:\/\/panvvg.lt\/index.php?rest_route=\/wp\/v2\/pages"}],"about":[{"href":"https:\/\/panvvg.lt\/index.php?rest_route=\/wp\/v2\/types\/page"}],"author":[{"embeddable":true,"href":"https:\/\/panvvg.lt\/index.php?rest_route=\/wp\/v2\/users\/2"}],"replies":[{"embeddable":true,"href":"https:\/\/panvvg.lt\/index.php?rest_route=%2Fwp%2Fv2%2Fcomments&post=4927"}],"version-history":[{"count":5,"href":"https:\/\/panvvg.lt\/index.php?rest_route=\/wp\/v2\/pages\/4927\/revisions"}],"predecessor-version":[{"id":8934,"href":"https:\/\/panvvg.lt\/index.php?rest_route=\/wp\/v2\/pages\/4927\/revisions\/8934"}],"wp:attachment":[{"href":"https:\/\/panvvg.lt\/index.php?rest_route=%2Fwp%2Fv2%2Fmedia&parent=4927"}],"curies":[{"name":"wp","href":"https:\/\/api.w.org\/{rel}","templated":true}]}}