{"id":4813,"date":"2018-09-12T09:32:21","date_gmt":"2018-09-12T11:32:21","guid":{"rendered":"http:\/\/panvvg.lt?page_id=4813"},"modified":"2019-09-25T05:46:56","modified_gmt":"2019-09-25T07:46:56","slug":"kvietimai-2","status":"publish","type":"page","link":"https:\/\/panvvg.lt?page_id=4813","title":{"rendered":"Kvietimas Nr. 7"},"content":{"rendered":"<p><span color=\"#ff6600\">Parai\u0161kos pagal \u0161\u012f kvietim\u0105 buvo renkamos iki 2018 m. lapkri\u010dio 16 d. <\/span><span color=\"#ff6600\"><span color=\"#ff6600\">(kvietimo galiojimo terminas baig\u0117si).<br \/>\n<\/span><\/span><span color=\"#ff6600\"><span color=\"#ff6600\">Artimiausiu metu planuojam\u0173 skelbti\u00a0<\/span><\/span><span style=\"color: #000000;\"><span color=\"#ff6600\"><span color=\"#ff6600\"><a href=\"https:\/\/panvvg.lt\/?page_id=3857\" target=\"_blank\" rel=\"noopener noreferrer\">kvietim\u0173 grafikas<\/a>.<\/span><\/span><\/span><span color=\"#ff6600\"><br \/>\n<span style=\"color: #ff6600;\">\u00a0<\/span><\/span><\/p>\n<p><b><strong class=\"highlights\">KVIETIMO TEIKTI VIETOS PROJEKTUS NR. 7 DOKUMENTACIJA<\/strong><\/b><b>:<\/b><\/p>\n<ul style=\"list-style-type: disc;\">\n<li>Kvietimas teikti vietos projektus Nr. 7 (<strong class=\"highlights\"><a href=\"https:\/\/drive.google.com\/uc?id=1MfkwVR4TsCgshi6eTpMHFAq_jkBDhOs9\" target=\"_blank\" rel=\"noopener noreferrer\">kvietimo skelbimas<\/a><\/strong>);<\/li>\n<li>VPS priemon\u0117s \u201e\u016akio ir verslo pl\u0117tra\u201c veiklos sritis\u00a0<strong>\u201eParama ne \u017eem\u0117s \u016bkio verslui kaimo vietov\u0117se pl\u0117toti\u201c <\/strong>Nr. LEADER-19.2-6.4:\n<ul style=\"list-style-type: disc;\">\n<li><strong class=\"highlights\"><a href=\"https:\/\/drive.google.com\/uc?id=1UCEjU77myCkOxhCZojDEviehcb-kpTPd\" target=\"_blank\" rel=\"noopener noreferrer\">Finansavimo s\u0105lyg\u0173 apra\u0161as (FSA) aktuali 2019-07-30 redakcija<\/a><\/strong>, <a href=\"https:\/\/drive.google.com\/uc?id=1RU8HkO7hi6uJRMg7EL7pljFxw-JLoXOR\" target=\"_blank\" rel=\"noopener noreferrer\">2018-09-14 FSA redakcija<\/a>;<\/li>\n<li>1 priedas <strong class=\"highlights\"><a href=\"https:\/\/drive.google.com\/uc?id=1QjrOf-5h2IOurQo45JkrsYHAhuQH47LH\" target=\"_blank\" rel=\"noopener noreferrer\">Vietos projekto parai\u0161ka<\/a><\/strong>;<\/li>\n<li>2 priedas <strong class=\"highlights\"><a href=\"https:\/\/drive.google.com\/uc?id=1StemJeDOUz3kS8PNn0XGo6uUXN0C-z56\" target=\"_blank\" rel=\"noopener noreferrer\">Verslo plano forma<\/a><\/strong>;<\/li>\n<li>3 priedas <strong class=\"highlights\"><a href=\"https:\/\/drive.google.com\/uc?id=160zh90F0O-EAHZV8uStmh_D9hfQkyO8z\" target=\"_blank\" rel=\"noopener noreferrer\">Remiamos veiklos pagal<\/a> EVRK<\/strong>;<\/li>\n<li><strong class=\"highlights\"><a href=\"https:\/\/drive.google.com\/uc?id=1tJneLCPbi_X5KrJcN67IErpAwWy6kzNP\" target=\"_blank\" rel=\"noopener noreferrer\">\u201eVienos \u012fmon\u0117s deklaracija\u201c<\/a><\/strong> (pagal komisijos reglament\u0105 (ES) Nr. 1407\/2013 <strong class=\"highlights\"><a href=\"https:\/\/drive.google.com\/uc?id=15QAyok-wa0pQlF7kiZjqhr_yrCP4z-Q6\" target=\"_blank\" rel=\"noopener noreferrer\">xlxs<\/a><\/strong> formatu);<\/li>\n<li><strong class=\"highlights\"><a href=\"https:\/\/drive.google.com\/uc?id=1v9xjnMyQx-ij14CbcZCtlLlGogH9_QhT\" target=\"_blank\" rel=\"noopener noreferrer\">,,Smulkiojo ar vidutinio verslo subjekto statuso deklaracija\u201c<\/a><\/strong> (<strong class=\"highlights\"><a href=\"https:\/\/drive.google.com\/uc?id=1sAYGY81tnvVbYkMCMSCqfECjMK5llgwR\" target=\"_blank\" rel=\"noopener noreferrer\">xlxs<\/a><\/strong> formatu).<\/li>\n<\/ul>\n<\/li>\n<\/ul>\n<p>Bendra kvietimo teikti vietos projektus suma 524 000 Eur i\u0161 E\u017d\u016aFKP ir Lietuvos Respublikos valstyb\u0117s biud\u017eeto l\u0117\u0161\u0173.<br \/>\nDid\u017eiausia galima parama vienam vietos projektui \u012fgyvendinti 75 000 Eur.<\/p>\n<p>Paramos vietos projektui \u012fgyvendinti lyginamoji dalis:<br \/>\n&#8211;\u00a0iki 70 proc. vis\u0173 tinkam\u0173 finansuoti vietos projekto i\u0161laid\u0173, kai vietos projekt\u0105 teikia privatus juridinis ar fizinis asmuo, atitinkantis labai ma\u017eai \u012fmonei keliamus reikalavimus;<br \/>\n&#8211; iki 50 proc.\u00a0vis\u0173 tinkam\u0173 finansuoti vietos projekto i\u0161laid\u0173, kai projekt\u0105 teikia privatus juridinis ar fizinis asmuo, i\u0161skyrus asmenis, atitinkan\u010dius labai ma\u017eai \u012fmonei keliamus reikalavimus.<\/p>\n<p>Kvietimas teikti vietos projektus galioja nuo 2018 m. rugs\u0117jo 17 d. 9.00 val. iki 2018 m. lapkri\u010dio 16 d. 16.00 val.<br \/>\nVietos projekt\u0173 parai\u0161kos priimamos Panev\u0117\u017eio rajono vietos veiklos grup\u0117s b\u016bstin\u0117je adresu J. \u017demgulio g. 46 (106 kab.), Panev\u0117\u017eys.<\/p>\n<p><b>PAPILDOMI DOKUMENTAI (pagalba parei\u0161k\u0117jams)<\/b><b>:<\/b><\/p>\n<ul style=\"list-style-type: disc;\">\n<li>I\u0161laid\u0173 tinkamumo finansuoti paramos l\u0117\u0161omis\u00a0<a href=\"https:\/\/www.nma.lt\/uploads\/files\/dir1920\/dir96\/dir4\/5_0.php\" target=\"_blank\" rel=\"noopener noreferrer\"><strong class=\"highlights\">vertinimo tvarka<\/strong><\/a><\/li>\n<li>Vietos projekt\u0173, \u012fgyvendinam\u0173 bendruomeni\u0173 inicijuotos vietos pl\u0117tros b\u016bdu, administravimo taisykl\u0117s (<a href=\"https:\/\/www.e-tar.lt\/portal\/lt\/legalAct\/2c022700800111e6b969d7ae07280e89\/YFJiveyXjx\" target=\"_blank\" rel=\"noopener noreferrer\"><strong class=\"highlights\">kvietimo teikti vietos projekt\u0173 parai\u0161kas Nr. 7 metu taikoma suvestin\u0117 redakcija<\/strong><\/a>)<\/li>\n<li>Vietos projekt\u0173, pateikt\u0173 pagal vietos pl\u0117tros strategijas, \u012fgyvendinamas bendruomeni\u0173 inicijuotos vietos pl\u0117tros b\u016bdu, administravimo proced\u016bros apra\u0161as ir priedai (<a href=\"https:\/\/www.nma.lt\/index.php\/parama\/lietuvos-kaimo-pletros-20142020-m-programa\/priemoniu-sarasas\/parama-vietos-projektams-igyvendinti-pagal-vps-2016-m\/20142020-m-programinio-laikotarpio-vietos-projektu-pateiktu-pagal-vietos-pletros-strategijas-igyvendinamas-bendruomeniu-inicijuotos-vietos-pletros-budu-administravimo-proceduros-aprasas\/11112\" target=\"_blank\" rel=\"noopener noreferrer\"><strong class=\"highlights\">kvietimo teikti vietos projekt\u0173 parai\u0161kas Nr. 7 metu taikoma proced\u016bros apra\u0161o redakcija<\/strong><\/a>)<\/li>\n<li>Motorini\u0173 transporto priemoni\u0173 ir j\u0173 priekab\u0173 kategorij\u0173 ir klasi\u0173 pagal konstrukcij\u0105 <span lang=\"LT\"><strong class=\"highlights\"><\/span><a href=\"https:\/\/www.e-tar.lt\/portal\/lt\/legalAct\/TAR.385773CCCFE8\/KITraopjTt\" target=\"_blank\" rel=\"noopener noreferrer\">reikalavimai<\/a><span lang=\"LT\"><\/strong><\/span><\/li>\n<li>Ekonominio gyvybingumo <strong class=\"highlights\"><a href=\"https:\/\/www.e-tar.lt\/portal\/lt\/legalAct\/bba802c0163711e4afafe56485a7e49a\/NOWEHzCMpp\" target=\"_blank\" rel=\"noopener noreferrer\">nustatymo taisykl\u0117s<\/a><\/strong><\/li>\n<li>Vidutinio metinio darbuotoj\u0173 skai\u010diaus nustatymo <strong class=\"highlights\"><a href=\"https:\/\/www.e-tar.lt\/portal\/lt\/legalAct\/47a74d00268211e78397ae072f58c508\" target=\"_blank\" rel=\"noopener noreferrer\">tvarkos apra\u0161as<\/a><\/strong><\/li>\n<li>Smulkiojo ir vidutinio <strong class=\"highlights\"><a href=\"https:\/\/www.e-tar.lt\/portal\/lt\/legalAct\/TAR.640D50DB8877\/HgxIVPeiFi\" target=\"_blank\" rel=\"noopener noreferrer\">verslo pl\u0117tros \u012fstatymas<\/a><\/strong><\/li>\n<li>Projekt\u0173, \u012fgyvendinam\u0173 pagal Lietuvos kaimo pl\u0117tros 2014-2020 met\u0173 programos priemones, rodiklio <strong class=\"highlights\">\u201e<a href=\"https:\/\/www.e-tar.lt\/portal\/lt\/legalAct\/4143fdd0c52b11e79122ea2db7aeb5f0\/QrDPWBhqWy\" target=\"_blank\" rel=\"noopener noreferrer\">Naujos darbo vietos suk\u016brimas ir i\u0161laikymas\u201c pasiekimo vertinimo metodika<\/a><\/strong><\/li>\n<li>Vietos projekt\u0173\u00a0<a href=\"https:\/\/www.e-tar.lt\/portal\/lt\/legalAct\/ed70b9107edc11e4bc68a1493830b8b9\/gcNqPREAbI\" target=\"_blank\" rel=\"noopener noreferrer\"><strong class=\"highlights\">vie\u0161inimo taisykl\u0117s<\/strong><\/a><\/li>\n<li>Projekt\u0173 vykdytoj\u0173 (kuriems netaikomas Vie\u0161\u0173j\u0173 pirkim\u0173 \u012fstatymas), pretenduojan\u010di\u0173 gauti param\u0105, <strong class=\"highlights\"><a href=\"http:\/\/www.infolex.lt\/ta\/320663\" target=\"_blank\" rel=\"noopener noreferrer\">pirkimo taisykl\u0117s<\/a><\/strong><\/li>\n<li>Sankcij\u0173 u\u017e pirkim\u0173 tvarkos pa\u017eeidimus <strong class=\"highlights\"><a href=\"https:\/\/www.e-tar.lt\/portal\/lt\/legalAct\/TAR.946878076DBF\/ZKtuMryeog\" target=\"_blank\" rel=\"noopener noreferrer\">taikymo metodika<\/a><\/strong><\/li>\n<li>Sankcij\u0173 u\u017e pa\u017eeidimus <strong class=\"highlights\"><a href=\"https:\/\/www.e-tar.lt\/portal\/lt\/legalAct\/3a4d3d907c6111e4abe983995522ea30\/kHbwEKPrCo\" target=\"_blank\" rel=\"noopener noreferrer\">taikymo metodika<\/a><\/strong><\/li>\n<\/ul>\n<p><strong>KVIETIMO NR. 7 METU GAUT\u0172 VIETOS PROJEKT\u0172 VERTINIMAS:<\/strong><\/p>\n<p>Informacija apie u\u017eregistruotas vietos projekt\u0173 parai\u0161kas (<a href=\"https:\/\/drive.google.com\/uc?id=18JuqJO0ZyGDcpdN1uLdVyyDleC7aw07O\" target=\"_blank\" rel=\"noopener noreferrer\"><strong>projekt\u0173<\/strong><strong><span>\u00a0<\/span>s\u0105ra\u0161as<\/strong><\/a>)<br \/>\n<span>Informacija apie vietos projekt\u0173 parai\u0161k\u0173 prid\u0117tin\u0117s vert\u0117s (kokyb\u0117s) vertinimo\u00a0<\/span><strong class=\"highlights\"><a href=\"https:\/\/drive.google.com\/uc?id=1NC6LfYJ7DIYk0y0E5HEJ8ddwwZeU-5xm\" target=\"_blank\" rel=\"noopener noreferrer\">rezultatus<\/a><br \/>\n<\/strong><span>Vietos projekt\u0173 parai\u0161k\u0173 atrankos vertinimo<\/span> <strong class=\"highlights\"><a href=\"https:\/\/drive.google.com\/uc?id=1yLzR5eKbdh738BGRtx06ygszLYf08ch2\" target=\"_blank\" rel=\"noopener noreferrer\">rezultat\u0173 suvestin\u0117<\/a><br \/>\n<\/strong>Vietos projekt\u0173 parai\u0161k\u0173 vertinimo rezultat\u0173 <a href=\"https:\/\/drive.google.com\/open?id=1O3pJaC-mmV-JHLoF8RQzYRnXzD7nbRwp\" target=\"_blank\" rel=\"noopener noreferrer\"><strong>suvestin\u0117<\/strong><\/a><br \/>\n<span>Vietos projekt\u0173 atrankos komiteto 2019-01-21 <strong class=\"highlights\"><\/strong><\/span><strong class=\"highlights\"><a href=\"https:\/\/drive.google.com\/uc?id=1Md10LOBRmhGTGLG62HxcMv8qsv1GfSJm\" target=\"_blank\" rel=\"noopener noreferrer\">nutariamoji<\/a><\/strong><strong class=\"highlights\"><span>\u00a0<\/span><\/strong><span>dalis (LEADER-19.2-6.4)<br \/>\nSkirta parama (proj. Nr. PANE-LEADER-6A-D-7-6-2018) NMA 2019-04-18 direktoriaus \u012fsakymu Nr. BR1-110<br \/>\nSkirta parama (proj. Nr. PANE-LEADER-6A-D-7-3-2018) NMA 2019-05-07 direktoriaus \u012fsakymu Nr. BR1-127<br \/>\nSkirta parama (proj. Nr. PANE-LEADER-6A-D-7-7-2018, PANE-LEADER-6A-D-7-1-2018) NMA 2019-05-20 direktoriaus \u012fsakymu Nr. BR1-136<br \/>\nSkirta parama (proj. Nr. PANE-LEADER-6A-D-7-5-2018, PANE-LEADER-6A-D-7-4-2018) NMA 2019-05-23 direktoriaus \u012fsakymu Nr. BR1-139<br \/>\nSkirta parama (proj. Nr. PANE-LEADER-6A-D-7-2-2018) NMA 2019-06-14 direktoriaus \u012fsakymu Nr. BR1-169<\/span><\/p>\n<p><strong class=\"highlights\"><\/strong><\/p>\n<p><strong class=\"highlights\"> <\/strong><\/p>\n<p><strong class=\"highlights\"><\/strong><\/p>\n","protected":false},"excerpt":{"rendered":"<p>Parai\u0161kos pagal \u0161\u012f kvietim\u0105 buvo renkamos iki 2018 m. lapkri\u010dio 16 d. (kvietimo galiojimo terminas baig\u0117si). Artimiausiu metu planuojam\u0173 skelbti\u00a0kvietim\u0173 grafikas. \u00a0 : Kvietimas teikti vietos projektus Nr. 7 (); VPS priemon\u0117s \u201e\u016akio ir verslo pl\u0117tra\u201c veiklos sritis\u00a0\u201eParama ne \u017eem\u0117s \u016bkio verslui kaimo vietov\u0117se pl\u0117toti\u201c Nr. LEADER-19.2-6.4: , 2018-09-14 FSA redakcija; 1 priedas ; 2 [&hellip;]<\/p>\n","protected":false},"author":2,"featured_media":0,"parent":0,"menu_order":0,"comment_status":"closed","ping_status":"closed","template":"","meta":{"footnotes":""},"class_list":["post-4813","page","type-page","status-publish","hentry"],"_links":{"self":[{"href":"https:\/\/panvvg.lt\/index.php?rest_route=\/wp\/v2\/pages\/4813","targetHints":{"allow":["GET"]}}],"collection":[{"href":"https:\/\/panvvg.lt\/index.php?rest_route=\/wp\/v2\/pages"}],"about":[{"href":"https:\/\/panvvg.lt\/index.php?rest_route=\/wp\/v2\/types\/page"}],"author":[{"embeddable":true,"href":"https:\/\/panvvg.lt\/index.php?rest_route=\/wp\/v2\/users\/2"}],"replies":[{"embeddable":true,"href":"https:\/\/panvvg.lt\/index.php?rest_route=%2Fwp%2Fv2%2Fcomments&post=4813"}],"version-history":[{"count":22,"href":"https:\/\/panvvg.lt\/index.php?rest_route=\/wp\/v2\/pages\/4813\/revisions"}],"predecessor-version":[{"id":8933,"href":"https:\/\/panvvg.lt\/index.php?rest_route=\/wp\/v2\/pages\/4813\/revisions\/8933"}],"wp:attachment":[{"href":"https:\/\/panvvg.lt\/index.php?rest_route=%2Fwp%2Fv2%2Fmedia&parent=4813"}],"curies":[{"name":"wp","href":"https:\/\/api.w.org\/{rel}","templated":true}]}}