{"id":4627,"date":"2018-06-01T12:44:10","date_gmt":"2018-06-01T14:44:10","guid":{"rendered":"http:\/\/panvvg.lt?page_id=4627"},"modified":"2019-09-25T05:26:40","modified_gmt":"2019-09-25T07:26:40","slug":"kvietimasnr1-2-2-2","status":"publish","type":"page","link":"https:\/\/panvvg.lt?page_id=4627","title":{"rendered":"Kvietimas Nr. 5"},"content":{"rendered":"<p><span color=\"#ff6600\">Parai\u0161kos pagal \u0161\u012f kvietim\u0105 buvo renkamos <\/span><span color=\"#ff6600\">iki<\/span><span color=\"#ff6600\"><span color=\"#ff6600\"> 2018-07-27 <\/span><\/span><span color=\"#ff6600\">(kvietimo galiojimo terminas baig\u0117si).<br \/>\nArtimiausiu metu planuojam\u0173 skelbti <a href=\"https:\/\/panvvg.lt\/?page_id=3857\" target=\"_blank\" rel=\"noopener noreferrer\">kvietim\u0173 grafikas<\/a>.<\/span><\/p>\n<p><b><br \/>\n<strong class=\"highlights\">PAPRASTO KVIETIMO TEIKTI VIETOS PROJEKTUS NR. 5 DOKUMENTACIJA<\/strong>:<\/b><\/p>\n<ul style=\"list-style-type: disc;\">\n<li>Paprastas kvietimas teikti vietos projektus Nr. 5 (<strong class=\"highlights\"><a href=\"https:\/\/drive.google.com\/uc?id=1YcJrdN8MHwnC7ISHJHZN2KahnqqxnXCC\" target=\"_blank\" rel=\"noopener noreferrer\">kvietimo skelbimas<\/a><\/strong>);<\/li>\n<li>VPS priemon\u0117s \u201e\u016akio ir verslo pl\u0117tra\u201c veiklos sritis \u201e<strong>Parama jaun\u0173 \u017emoni\u0173 verslui kaimo vietov\u0117se prad\u0117ti<\/strong>\u201c Nr. LEADER-19.2-6.2:\n<ul style=\"list-style-type: disc;\">\n<li><strong class=\"highlights\"><a href=\"https:\/\/drive.google.com\/uc?id=1vgRcswx48SKNm-ETSrKiACk1CDP4n-ae\" target=\"_blank\" rel=\"noopener noreferrer\">Finansavimo s\u0105lyg\u0173 apra\u0161as (FSA) aktuali 2019-07-30 redakcija<\/a><\/strong>, <a href=\"https:\/\/drive.google.com\/uc?id=1vgRcswx48SKNm-ETSrKiACk1CDP4n-ae\" target=\"_blank\" rel=\"noopener noreferrer\">2018-05-30 FSA redakcija<\/a>;<\/li>\n<li>1 priedas <strong class=\"highlights\"><a href=\"https:\/\/drive.google.com\/uc?id=16JbPU2dwRbYsGRx0MjhHzgekqdBgwiua\" target=\"_blank\" rel=\"noopener noreferrer\">Vietos projekto parai\u0161ka<\/a><\/strong>;<\/li>\n<li>2 priedas <strong class=\"highlights\"><a href=\"https:\/\/drive.google.com\/uc?id=1QX65Nq9vvpWuyIR8fg0cBzbLdXQBrBXJ\" target=\"_blank\" rel=\"noopener noreferrer\">Verslo plano forma<\/a><\/strong>;<\/li>\n<li>3 priedas <strong class=\"highlights\"><a href=\"https:\/\/drive.google.com\/uc?id=1sZSijvhzVaS-csfNtYLm9d90Q1sFhsYe\" target=\"_blank\" rel=\"noopener noreferrer\">Remiamos ir neremiamos veiklos pagal EVRK<\/a><\/strong>;<\/li>\n<li>4 priedas <strong class=\"highlights\"><a href=\"https:\/\/drive.google.com\/uc?id=1Bcs3Sx57_OaFWH2JGfDplKQD2iMtHUKV\" target=\"_blank\" rel=\"noopener noreferrer\">\u201eVienos \u012fmon\u0117s deklaracija\u201c<\/a><\/strong> (pagal komisijos reglament\u0105 (ES) Nr. 1407\/2013 <strong class=\"highlights\"><a href=\"https:\/\/drive.google.com\/uc?id=1XSCy8_BRVkEAGNcjZnHT-hreU46wi36A\" target=\"_blank\" rel=\"noopener noreferrer\">doc<\/a><\/strong> ir <strong class=\"highlights\"><a href=\"https:\/\/drive.google.com\/uc?id=1WQtHcfRSIJTtHyvFRsO10f6oABHS1Cc5\" target=\"_blank\" rel=\"noopener noreferrer\">xlxs<\/a><\/strong> formatu);<\/li>\n<li>5 priedas <strong class=\"highlights\"><a href=\"https:\/\/drive.google.com\/uc?id=11GwHwP4bLWD3Mmz5ZSCOwdqmeutJy2fq\" target=\"_blank\" rel=\"noopener noreferrer\">,,Smulkiojo ar vidutinio verslo subjekto statuso deklaracija\u201c<\/a><\/strong>;<\/li>\n<li>6 priedas <strong class=\"highlights\"><a href=\"https:\/\/drive.google.com\/uc?id=11_XnDeEbuCyg5atvwpZ2OCGy1lzl7_Op\" target=\"_blank\" rel=\"noopener noreferrer\">,,Priemoni\u0173 vietos projekt\u0173 inovatyvumo vertinimo metodika\u201c<\/a><\/strong>.<br \/>\nKvietimui skiriama VPS paramos l\u0117\u0161\u0173 suma 150 000,00 Eur;<br \/>\nDid\u017eiausia galima parama vienam vietos projektui \u012fgyvendinti 50 000,00 Eur.<br \/>\nParamos vietos projektui \u012fgyvendinti lyginamoji dalis:<br \/>\n&#8211;\u00a0iki 70 proc. vis\u0173 tinkam\u0173 finansuoti vietos projekto i\u0161laid\u0173, kai vietos projekt\u0105 teikia privatus juridinis ar fizinis asmuo, atitinkantis labai ma\u017eai \u012fmonei keliamus reikalavimus;<br \/>\n&#8211; iki 50 proc.\u00a0vis\u0173 tinkam\u0173 finansuoti vietos projekto i\u0161laid\u0173, kai projekt\u0105 teikia privatus juridinis ar fizinis asmuo, i\u0161skyrus asmenis, atitinkan\u010dius labai ma\u017eai \u012fmonei keliamus reikalavimus.<\/li>\n<\/ul>\n<\/li>\n<\/ul>\n<ul style=\"list-style-type: disc;\">\n<li>VPS priemon\u0117 \u201e<strong>Bendruomeninio verslo k\u016brimas ir pl\u0117tra<\/strong>\u201c Nr. LEADER-19.2-SAVA-5:\n<ul style=\"list-style-type: disc;\">\n<li><strong class=\"highlights\"><a href=\"https:\/\/drive.google.com\/uc?id=1jk5-at6k_IwggbJqVt3T7LQRt-Xk6k99\" target=\"_blank\" rel=\"noopener noreferrer\">Finansavimo s\u0105lyg\u0173 apra\u0161as (FSA) aktuali 2018-09-14 redakcija<\/a>,<\/strong>\u00a0\u00a0<a href=\"https:\/\/drive.google.com\/uc?id=1NMvosu_qAE1rukBRQnlnuuN5-DeuQvD7\" target=\"_blank\" rel=\"noopener noreferrer\">2018-05-30 FSA redakcija<\/a>;<\/li>\n<li>1 priedas <strong class=\"highlights\"><a href=\"https:\/\/drive.google.com\/uc?id=1nSmaf230w3812eiF5pyEBTKSjqpZ4wtD\" target=\"_blank\" rel=\"noopener noreferrer\">Vietos projekto parai\u0161ka<\/a><\/strong>;<\/li>\n<li>2 priedas <strong class=\"highlights\"><a href=\"https:\/\/drive.google.com\/uc?id=16gvDGHGeheV5GtqasXqYoS4C-m4Mmenw\" target=\"_blank\" rel=\"noopener noreferrer\">Pavyzdin\u0117 jungtin\u0117s veiklos sutarties forma<\/a><\/strong>;<\/li>\n<li>3 priedas\u00a0<strong class=\"highlights\"><a href=\"https:\/\/drive.google.com\/uc?id=1puWa57rJsAmTDZGD17ch38wB0wM__wAM\" target=\"_blank\" rel=\"noopener noreferrer\">Verslo plano forma<\/a><\/strong>;<\/li>\n<li>4 priedas <strong class=\"highlights\"><a href=\"https:\/\/drive.google.com\/uc?id=1inoC7yCLaf4Fd2m9Xy2vV7vAS1YmtDHn\" target=\"_blank\" rel=\"noopener noreferrer\">Remiamos ir neremiamos veiklos pagal EVRK\u00a02018-09-14 pakeista redakcija<\/a><\/strong>, nebegaliojanti <a href=\"https:\/\/drive.google.com\/uc?id=18rT54qXkoRJeDMqcAa_GMfVKWmFqNFzZ\" target=\"_blank\" rel=\"noopener noreferrer\">redakcija<\/a>;<\/li>\n<li>5 priedas <strong class=\"highlights\"><a href=\"https:\/\/drive.google.com\/uc?id=1XSCy8_BRVkEAGNcjZnHT-hreU46wi36A\" target=\"_blank\" rel=\"noopener noreferrer\">\u201eVienos \u012fmon\u0117s deklaracija\u201c<\/a><\/strong> (pagal komisijos reglament\u0105 (ES) Nr. 1407\/2013 <strong class=\"highlights\"><a href=\"https:\/\/drive.google.com\/uc?id=1XSCy8_BRVkEAGNcjZnHT-hreU46wi36A\" target=\"_blank\" rel=\"noopener noreferrer\">doc<\/a><\/strong> ir <strong class=\"highlights\"><a href=\"https:\/\/drive.google.com\/uc?id=1WQtHcfRSIJTtHyvFRsO10f6oABHS1Cc5\" target=\"_blank\" rel=\"noopener noreferrer\">xlxs<\/a><\/strong> formatu);<\/li>\n<li>6 priedas <strong class=\"highlights\"><a href=\"https:\/\/drive.google.com\/uc?id=16BezQ9GxuMKPJ4QsfSwJlkOGsvj3Bjy3\" target=\"_blank\" rel=\"noopener noreferrer\">,,Smulkiojo ar vidutinio verslo subjekto statuso deklaracija\u201c<\/a><\/strong> (<strong class=\"highlights\"><a href=\"https:\/\/drive.google.com\/uc?id=16BezQ9GxuMKPJ4QsfSwJlkOGsvj3Bjy3\" target=\"_blank\" rel=\"noopener noreferrer\">doc<\/a><\/strong> ir <strong class=\"highlights\"><a href=\"https:\/\/drive.google.com\/uc?id=1jJDfZHnlxbXP0NumE51mVEjn5T-zU5M0\" target=\"_blank\" rel=\"noopener noreferrer\">xlxs<\/a><\/strong> formatu).<br \/>\nKvietimui skiriama VPS paramos l\u0117\u0161\u0173 suma 260 000,00 Eur;<br \/>\nDid\u017eiausia galima parama vienam vietos projektui \u012fgyvendinti 65 000,00 Eur.<br \/>\nParamos vietos projektui \u012fgyvendinti lyginamoji dalis &#8211; iki 80 proc. vis\u0173 tinkam\u0173 finansuoti vietos projekto i\u0161laid\u0173.<\/li>\n<\/ul>\n<\/li>\n<\/ul>\n<ul style=\"list-style-type: disc;\"><\/ul>\n<p>Bendra viso kvietimo teikti vietos projektus suma 410 00 Eur i\u0161 E\u017d\u016aFKP ir Lietuvos Respublikos valstyb\u0117s biud\u017eeto l\u0117\u0161\u0173.<br \/>\nVietos projekt\u0173 parai\u0161kos bus priimamos Panev\u0117\u017eio rajono vietos veiklos grup\u0117s b\u016bstin\u0117je adresu J. \u017demgulio g. 46 (106 kab.), Panev\u0117\u017eys.<\/p>\n<p><b><br \/>\nPAPILDOMI DOKUMENTAI (pagalba parei\u0161k\u0117jams)<\/b><b>:<\/b><\/p>\n<ul style=\"list-style-type: disc;\">\n<li>Paprastojo kvietimo teikti vietos projektus dokumentacijos pristatymas\u00a0 (<strong class=\"highlights\">santrauka skaidr\u0117se<\/strong>)<\/li>\n<li>I\u0161laid\u0173 tinkamumo finansuoti paramos l\u0117\u0161omis\u00a0<a href=\"https:\/\/www.nma.lt\/uploads\/files\/dir1920\/dir96\/dir4\/5_0.php\" target=\"_blank\" rel=\"noopener noreferrer\"><strong class=\"highlights\">vertinimo tvarka<\/strong><\/a><\/li>\n<li>Vietos projekt\u0173, \u012fgyvendinam\u0173 bendruomeni\u0173 inicijuotos vietos pl\u0117tros b\u016bdu, administravimo taisykl\u0117s (<a href=\"https:\/\/www.e-tar.lt\/portal\/lt\/legalAct\/2c022700800111e6b969d7ae07280e89\/YFJiveyXjx\" target=\"_blank\" rel=\"noopener noreferrer\"><strong class=\"highlights\">kvietimo teikti vietos projekt\u0173 parai\u0161kas Nr. 5 metu taikoma suvestin\u0117 redakcija<\/strong><\/a>)<\/li>\n<li>Vietos projekt\u0173, pateikt\u0173 pagal vietos pl\u0117tros strategijas, \u012fgyvendinamas bendruomeni\u0173 inicijuotos vietos pl\u0117tros b\u016bdu, administravimo proced\u016bros apra\u0161as ir priedai (<a href=\"https:\/\/www.nma.lt\/index.php\/parama\/lietuvos-kaimo-pletros-20142020-m-programa\/priemoniu-sarasas\/parama-vietos-projektams-igyvendinti-pagal-vps-2016-m\/20142020-m-programinio-laikotarpio-vietos-projektu-pateiktu-pagal-vietos-pletros-strategijas-igyvendinamas-bendruomeniu-inicijuotos-vietos-pletros-budu-administravimo-proceduros-aprasas\/11112\" target=\"_blank\" rel=\"noopener noreferrer\"><strong class=\"highlights\">kvietimo teikti vietos projekt\u0173 parai\u0161kas Nr. 5 metu taikoma proced\u016bros apra\u0161o redakcija<\/strong><\/a>)<\/li>\n<li>Motorini\u0173 transporto priemoni\u0173 ir j\u0173 priekab\u0173 kategorij\u0173 ir klasi\u0173 pagal konstrukcij\u0105 <span lang=\"LT\"><strong class=\"highlights\"><\/span><a href=\"https:\/\/www.e-tar.lt\/portal\/lt\/legalAct\/TAR.385773CCCFE8\/KITraopjTt\" target=\"_blank\" rel=\"noopener noreferrer\">reikalavimai<\/a><span lang=\"LT\"><\/strong><\/span><\/li>\n<li>Ekonominio gyvybingumo <strong class=\"highlights\"><a href=\"https:\/\/www.e-tar.lt\/portal\/lt\/legalAct\/bba802c0163711e4afafe56485a7e49a\/NOWEHzCMpp\" target=\"_blank\" rel=\"noopener noreferrer\">nustatymo taisykl\u0117s<\/a><\/strong><\/li>\n<li>Vidutinio metinio darbuotoj\u0173 skai\u010diaus nustatymo <strong class=\"highlights\"><a href=\"https:\/\/www.e-tar.lt\/portal\/lt\/legalAct\/47a74d00268211e78397ae072f58c508\" target=\"_blank\" rel=\"noopener noreferrer\">tvarkos apra\u0161as<\/a><\/strong><\/li>\n<li>Smulkiojo ir vidutinio <strong class=\"highlights\"><a href=\"https:\/\/www.e-tar.lt\/portal\/lt\/legalAct\/TAR.640D50DB8877\/HgxIVPeiFi\" target=\"_blank\" rel=\"noopener noreferrer\">verslo pl\u0117tros \u012fstatymas<\/a><\/strong><\/li>\n<li>Projekt\u0173, \u012fgyvendinam\u0173 pagal Lietuvos kaimo pl\u0117tros 2014-2020 met\u0173 programos priemones, rodiklio <strong class=\"highlights\">\u201e<a href=\"https:\/\/www.e-tar.lt\/portal\/lt\/legalAct\/4143fdd0c52b11e79122ea2db7aeb5f0\" target=\"_blank\" rel=\"noopener noreferrer\">Naujos darbo vietos suk\u016brimas ir i\u0161laikymas\u201c pasiekimo vertinimo metodika<\/a><\/strong><\/li>\n<li>Vietos projekt\u0173\u00a0<a href=\"https:\/\/www.e-tar.lt\/portal\/lt\/legalAct\/ed70b9107edc11e4bc68a1493830b8b9\/gcNqPREAbI\" target=\"_blank\" rel=\"noopener noreferrer\"><strong class=\"highlights\">vie\u0161inimo taisykl\u0117s<\/strong><\/a><\/li>\n<li>Projekt\u0173 vykdytoj\u0173, pretenduojan\u010di\u0173 gauti param\u0105, <strong class=\"highlights\"><a href=\"http:\/\/www.infolex.lt\/ta\/320663\" target=\"_blank\" rel=\"noopener noreferrer\">pirkimo taisykl\u0117s<\/a><\/strong><\/li>\n<li>Sankcij\u0173 u\u017e pirkim\u0173 tvarkos pa\u017eeidimus <strong class=\"highlights\"><a href=\"https:\/\/www.e-tar.lt\/portal\/lt\/legalAct\/TAR.946878076DBF\/ZKtuMryeog\" target=\"_blank\" rel=\"noopener noreferrer\">taikymo metodika<\/a><\/strong><\/li>\n<li>Sankcij\u0173 u\u017e pa\u017eeidimus <strong class=\"highlights\"><a href=\"https:\/\/www.e-tar.lt\/portal\/lt\/legalAct\/3a4d3d907c6111e4abe983995522ea30\/kHbwEKPrCo\" target=\"_blank\" rel=\"noopener noreferrer\">taikymo metodika<\/a><\/strong><\/li>\n<\/ul>\n<p><span color=\"#ff6600\">Kvietimo teikti vietos projektus Nr. 5 parai\u0161kos buvo renkamos nuo 2018-04-18 iki 2018-06-15.\u00a0Nuo 2018-05-21 \u0161is kvietimas buvo<span>\u00a0<\/span><a href=\"https:\/\/panvvg.lt\/?p=4564\" target=\"_blank\" rel=\"noopener noreferrer\">sustabdytas<\/a><\/span><span color=\"#ff6600\">. Kvietimo iki 2018-05-21 dokumentacij\u0105 (jau nebeaktuali\u0105) galima rasti<span>\u00a0<\/span><a href=\"https:\/\/panvvg.lt\/?page_id=4443\" target=\"_blank\" rel=\"noopener noreferrer\">\u010dia<\/a>. Nuo 2018-06-04 atnaujinta kvietimo dokumentacija ir prat\u0119stas kvietimo galiojimo laikas iki 2018-06-29. Nuo 2018-06-25 kvietimas teikti vietos projekt\u0173 parai\u0161kas buvo <a href=\"https:\/\/panvvg.lt\/?p=4696\" target=\"_blank\" rel=\"noopener noreferrer\">prat\u0119stas iki 208-07-27<\/a>.\u00a0Panev\u0117\u017eio rajono vietos veiklos grup\u0117s 2018-09-12 &#8211; 14 d. virtualiame valdybos pos\u0117dyje buvo patvirtinti Kvietimo Nr. 5 VPS priemon\u0117s \u201eBendruomeninio verslo k\u016brimas ir pl\u0117tra\u201c (Nr. LEADER-19.2-SAVA-5) <a href=\"https:\/\/drive.google.com\/uc?id=1jk5-at6k_IwggbJqVt3T7LQRt-Xk6k99\" target=\"_blank\" rel=\"noopener noreferrer\">finansavimo s\u0105lyg\u0173 apra\u0161o (FSA)<\/a> ir\u00a0<a href=\"https:\/\/drive.google.com\/uc?id=1inoC7yCLaf4Fd2m9Xy2vV7vAS1YmtDHn\" target=\"_blank\" rel=\"noopener noreferrer\">4 priedo<\/a> pakeitimai.<\/span><\/p>\n<p><strong>KVIETIMO NR. 5 METU GAUT\u0172 VIETOS PROJEKT\u0172 VERTINIMAS:<\/strong><\/p>\n<p>Informacija apie u\u017eregistruotas vietos projekt\u0173 parai\u0161kas (<a href=\"https:\/\/drive.google.com\/uc?id=1fKQOSgFT6HW2ZDEhiH4uggo4U_JJlt0_\" target=\"_blank\" rel=\"noopener noreferrer\"><strong>projekt\u0173<\/strong><strong><span>\u00a0<\/span>s\u0105ra\u0161as<\/strong><\/a>)<br \/>\n<span>Informacija apie vietos projekt\u0173 parai\u0161k\u0173 prid\u0117tin\u0117s vert\u0117s (kokyb\u0117s) vertinimo\u00a0<\/span><strong class=\"highlights\"><a href=\"https:\/\/drive.google.com\/uc?id=1bMZnsyOuORRiXU2V0wKeRYNVOsNLk4rU\" target=\"_blank\" rel=\"noopener noreferrer\">rezultatus<\/a><br \/>\n<\/strong><span>Informacija apie vietos projekt\u0173 parai\u0161k\u0173 atrankos vertinimo\u00a0<\/span><strong class=\"highlights\"><a href=\"https:\/\/drive.google.com\/uc?id=19BLZr7SmFvW4D7diDDor6lDpUMQfjmyo\" target=\"_blank\" rel=\"noopener noreferrer\">rezultatus<\/a><br \/>\n<\/strong>Vietos projekt\u0173 parai\u0161k\u0173 atrankos vertinimo<a href=\"https:\/\/drive.google.com\/uc?id=1Jv6MbPcp2gIfOHNLYk-7AMV5Xxnat1LY\"><strong class=\"highlights\"> rezultat\u0173 suvestin\u0117<\/strong><\/a><br \/>\n<span>Vietos projekt\u0173 atrankos komiteto 2018-10-11 <strong class=\"highlights\"><\/strong><\/span><strong class=\"highlights\"><a href=\"https:\/\/drive.google.com\/uc?id=1Md10LOBRmhGTGLG62HxcMv8qsv1GfSJm\" target=\"_blank\" rel=\"noopener noreferrer\">nutariamoji<\/a><\/strong><strong class=\"highlights\"><span>\u00a0<\/span><\/strong><span>dalis (LEADER-19.2-SAVA-5, LEADER-19.2-6.2)<br \/>\nSkirta parama (proj. Nr. PANE-LEADER-6B-D-5-2-2018) NMA 2019-03-27 direktoriaus \u012fsakymu Nr. BR1-80<br \/>\nSkirta parama (proj. Nr. PANE-LEADER-6B-D-5-1-2018) NMA 2019-03-06 direktoriaus \u012fsakymu Nr. BR1-61<br \/>\n<\/span><span>Skirta parama (proj. Nr. PANE-LEADER-6A-DJ-5-3-2018, PANE-LEADER-6A-DJ-5-4-2018) NMA 2019-04-18 direktoriaus \u012fsakymu Nr. BR1-110<\/span><\/p>\n","protected":false},"excerpt":{"rendered":"<p>Parai\u0161kos pagal \u0161\u012f kvietim\u0105 buvo renkamos iki 2018-07-27 (kvietimo galiojimo terminas baig\u0117si). Artimiausiu metu planuojam\u0173 skelbti kvietim\u0173 grafikas. : Paprastas kvietimas teikti vietos projektus Nr. 5 (); VPS priemon\u0117s \u201e\u016akio ir verslo pl\u0117tra\u201c veiklos sritis \u201eParama jaun\u0173 \u017emoni\u0173 verslui kaimo vietov\u0117se prad\u0117ti\u201c Nr. LEADER-19.2-6.2: , 2018-05-30 FSA redakcija; 1 priedas ; 2 priedas ; 3 [&hellip;]<\/p>\n","protected":false},"author":2,"featured_media":0,"parent":0,"menu_order":0,"comment_status":"closed","ping_status":"closed","template":"","meta":{"footnotes":""},"class_list":["post-4627","page","type-page","status-publish","hentry"],"_links":{"self":[{"href":"https:\/\/panvvg.lt\/index.php?rest_route=\/wp\/v2\/pages\/4627","targetHints":{"allow":["GET"]}}],"collection":[{"href":"https:\/\/panvvg.lt\/index.php?rest_route=\/wp\/v2\/pages"}],"about":[{"href":"https:\/\/panvvg.lt\/index.php?rest_route=\/wp\/v2\/types\/page"}],"author":[{"embeddable":true,"href":"https:\/\/panvvg.lt\/index.php?rest_route=\/wp\/v2\/users\/2"}],"replies":[{"embeddable":true,"href":"https:\/\/panvvg.lt\/index.php?rest_route=%2Fwp%2Fv2%2Fcomments&post=4627"}],"version-history":[{"count":22,"href":"https:\/\/panvvg.lt\/index.php?rest_route=\/wp\/v2\/pages\/4627\/revisions"}],"predecessor-version":[{"id":8931,"href":"https:\/\/panvvg.lt\/index.php?rest_route=\/wp\/v2\/pages\/4627\/revisions\/8931"}],"wp:attachment":[{"href":"https:\/\/panvvg.lt\/index.php?rest_route=%2Fwp%2Fv2%2Fmedia&parent=4627"}],"curies":[{"name":"wp","href":"https:\/\/api.w.org\/{rel}","templated":true}]}}