{"id":4619,"date":"2018-06-01T11:56:39","date_gmt":"2018-06-01T13:56:39","guid":{"rendered":"http:\/\/panvvg.lt?page_id=4619"},"modified":"2021-04-30T15:07:46","modified_gmt":"2021-04-30T12:07:46","slug":"kvietimasnr1-2-2","status":"publish","type":"page","link":"https:\/\/panvvg.lt?page_id=4619","title":{"rendered":"Kvietimas Nr. 4"},"content":{"rendered":"<p><span color=\"#ff6600\"><span color=\"#ff6600\">Parai\u0161kos pagal \u0161\u012f kvietim\u0105 buvo renkamos <\/span><\/span><span color=\"#ff6600\"><span color=\"#ff6600\">iki<\/span><\/span><span color=\"#ff6600\"><span color=\"#ff6600\"> 2018-07-27 <\/span><\/span><span color=\"#ff6600\"><span color=\"#ff6600\">(kvietimo galiojimo terminas baig\u0117si).<br \/>\nArtimiausiu metu planuojam\u0173 skelbti <a href=\"https:\/\/panvvg.lt\/?page_id=3857\" target=\"_blank\" rel=\"noopener noreferrer\">kvietim\u0173 grafikas<\/a>.<br \/>\n<\/span><\/span><span style=\"color: #ff6600;\"><span color=\"#ff6600\"><span color=\"#ff6600\" style=\"color: #ff6600;\"><span><br \/>\n<\/span><\/span><\/span><\/span><b><strong class=\"highlights\">PAPRASTO KVIETIMO TEIKTI VIETOS PROJEKTUS NR. 4 DOKUMENTACIJA<\/strong>:<\/b><\/p>\n<ul style=\"list-style-type: disc;\">\n<li>Paprastas kvietimas teikti vietos projektus Nr. 4 (<strong class=\"highlights\"><a href=\"https:\/\/drive.google.com\/uc?id=1-2K81rJ8v0KzqCoUbqAtQuuNAwsUoL7W\" target=\"_blank\" rel=\"noopener noreferrer\">kvietimo skelbimas<\/a><\/strong>);<\/li>\n<li>VPS priemon\u0117 <strong>\u201eNVO socialinio verslo k\u016brimas ir pl\u0117tra\u201c <\/strong>Nr. LEADER-19.2-SAVA-1:\n<ul style=\"list-style-type: disc;\">\n<li><strong class=\"highlights\"><a href=\"https:\/\/drive.google.com\/uc?id=11O9WC7SzWl8-vgjdY1TGdM2vzvr73jYH\" target=\"_blank\" rel=\"noopener noreferrer\">Finansavimo s\u0105lyg\u0173 apra\u0161as (FSA) aktuali 2021-04-17 redakcija<\/a><\/strong>, <a href=\"https:\/\/drive.google.com\/uc?id=1GA3ac9kUfZqog6dm0unyzRdZTG24y9XP\" target=\"_blank\" rel=\"noopener\">2019-07-30 FSA redakcija<\/a>, <a href=\"https:\/\/drive.google.com\/uc?id=1PFiTax4ivdxxjKF8YWK2BC74-QdV9sAg\" target=\"_blank\" rel=\"noopener noreferrer\">2018-05-30 FSA redakcija<\/a>;<\/li>\n<li>1 priedas <strong class=\"highlights\"><a href=\"https:\/\/drive.google.com\/uc?id=1p1GbCnFG6TFm9PcDQxEHTGI-RNxRlyhN\" target=\"_blank\" rel=\"noopener noreferrer\">Vietos projekto parai\u0161ka<\/a><\/strong>;<\/li>\n<li>2 priedas <strong class=\"highlights\"><a href=\"https:\/\/drive.google.com\/uc?id=1mE4tbslm9it_Dxdcx8ei6ZNAi0jMOZoU\" target=\"_blank\" rel=\"noopener noreferrer\">Pavyzdin\u0117 jungtin\u0117s veiklos sutarties forma<\/a><\/strong>;<\/li>\n<li>3 priedas\u00a0<strong class=\"highlights\"><a href=\"https:\/\/drive.google.com\/uc?id=1TxCmeDxezOe_D-hS13Jx0tFu7wsndlbr\" target=\"_blank\" rel=\"noopener noreferrer\">Verslo plano forma<\/a><\/strong>;<\/li>\n<li>4 priedas <strong class=\"highlights\"><a href=\"https:\/\/drive.google.com\/uc?id=1pC-eId-rPs8P_uRAITFHb955cfsUPujq\" target=\"_blank\" rel=\"noopener noreferrer\">Remiamos ir neremiamos veiklos pagal EVRK<\/a><\/strong>;<\/li>\n<li>5 priedas <strong class=\"highlights\"><a href=\"https:\/\/drive.google.com\/uc?id=1XSCy8_BRVkEAGNcjZnHT-hreU46wi36A\" target=\"_blank\" rel=\"noopener noreferrer\">\u201eVienos \u012fmon\u0117s deklaracija\u201c<\/a><\/strong> (pagal komisijos reglament\u0105 (ES) Nr. 1407\/2013 <strong class=\"highlights\"><a href=\"https:\/\/drive.google.com\/uc?id=1XSCy8_BRVkEAGNcjZnHT-hreU46wi36A\" target=\"_blank\" rel=\"noopener noreferrer\">doc<\/a><\/strong> ir <strong class=\"highlights\"><a href=\"https:\/\/drive.google.com\/uc?id=1WQtHcfRSIJTtHyvFRsO10f6oABHS1Cc5\" target=\"_blank\" rel=\"noopener noreferrer\">xlxs<\/a><\/strong> formatu);<\/li>\n<li>6 priedas <strong class=\"highlights\"><a href=\"https:\/\/drive.google.com\/uc?id=16BezQ9GxuMKPJ4QsfSwJlkOGsvj3Bjy3\" target=\"_blank\" rel=\"noopener noreferrer\">,,Smulkiojo ar vidutinio verslo subjekto statuso deklaracija\u201c<\/a><\/strong> (<strong class=\"highlights\"><a href=\"https:\/\/drive.google.com\/uc?id=16BezQ9GxuMKPJ4QsfSwJlkOGsvj3Bjy3\" target=\"_blank\" rel=\"noopener noreferrer\">doc<\/a><\/strong> ir <strong class=\"highlights\"><a href=\"https:\/\/drive.google.com\/uc?id=1jJDfZHnlxbXP0NumE51mVEjn5T-zU5M0\" target=\"_blank\" rel=\"noopener noreferrer\">xlxs<\/a><\/strong> formatu).<br \/>\nKvietimui skiriama VPS paramos l\u0117\u0161\u0173 suma 121 198 Eur;<br \/>\nDid\u017eiausia galima parama vienam vietos projektui \u012fgyvendinti 60 000 Eur;<br \/>\nParamos vietos projektui \u012fgyvendinti lyginamoji dalis &#8211;\u00a0iki 80 proc. vis\u0173 tinkam\u0173 finansuoti vietos projekto i\u0161laid\u0173.<\/li>\n<\/ul>\n<\/li>\n<\/ul>\n<ul style=\"list-style-type: disc;\">\n<li>VPS priemon\u0117 <strong>\u201ePrivataus sektoriaus socialinio verslo k\u016brimas ir pl\u0117tra\u201c <\/strong>Nr. LEADER-19.2-SAVA-2:\n<ul style=\"list-style-type: disc;\">\n<li><strong class=\"highlights\"><a href=\"https:\/\/drive.google.com\/uc?id=1GBBoe_PZMsYwCNkYkyjgfLEtscCrhiNW\" target=\"_blank\" rel=\"noopener noreferrer\">Finansavimo s\u0105lyg\u0173 apra\u0161as (FSA) aktuali 2021-04-07 redakcija<\/a><\/strong>, <a href=\"https:\/\/drive.google.com\/uc?id=1F33KIt1LptkZ4EAQw0VrgAOtSGr5wmMt\" target=\"_blank\" rel=\"noopener\">2019-07-30 redakcija<\/a>, <a href=\"https:\/\/drive.google.com\/uc?id=12KJIFDHYqjIqW14gNJeJEeZgyjZIjzOg\" target=\"_blank\" rel=\"noopener noreferrer\">2018-05-30 FSA redakcija<\/a>;<\/li>\n<li>1 priedas <strong class=\"highlights\"><a href=\"https:\/\/drive.google.com\/uc?id=1yr5EPXk1uv8lVH8FY3etQaz5vpuyZQPh\" target=\"_blank\" rel=\"noopener noreferrer\">Vietos projekto parai\u0161ka<\/a><\/strong>;<\/li>\n<li>2 priedas <strong class=\"highlights\"><a href=\"https:\/\/drive.google.com\/uc?id=1Y3nR45p7yqsXnnsvw1Rj4x6NT6EyvvMV\" target=\"_blank\" rel=\"noopener noreferrer\">Pavyzdin\u0117 jungtin\u0117s veiklos sutarties forma<\/a><\/strong>;<\/li>\n<li>3 priedas\u00a0<strong class=\"highlights\"><a href=\"https:\/\/drive.google.com\/uc?id=1sm3swewQ1j9JRXURBm3oHnIk8157g1Rf\" target=\"_blank\" rel=\"noopener noreferrer\">Verslo plano forma<\/a><\/strong>;<\/li>\n<li>4 priedas <strong class=\"highlights\"><a href=\"https:\/\/drive.google.com\/uc?id=19EggdynhFbRZ-F0V3Sz21pVh5b63CWnD\" target=\"_blank\" rel=\"noopener noreferrer\">Remiamos ir neremiamos veiklos pagal EVRK<\/a><\/strong>;<\/li>\n<li>5 priedas <strong class=\"highlights\"><a href=\"https:\/\/drive.google.com\/uc?id=1XSCy8_BRVkEAGNcjZnHT-hreU46wi36A\" target=\"_blank\" rel=\"noopener noreferrer\">\u201eVienos \u012fmon\u0117s deklaracija\u201c<\/a><\/strong> (pagal komisijos reglament\u0105 (ES) Nr. 1407\/2013 <strong class=\"highlights\"><a href=\"https:\/\/drive.google.com\/uc?id=1XSCy8_BRVkEAGNcjZnHT-hreU46wi36A\" target=\"_blank\" rel=\"noopener noreferrer\">doc<\/a><\/strong> ir <strong class=\"highlights\"><a href=\"https:\/\/drive.google.com\/uc?id=1WQtHcfRSIJTtHyvFRsO10f6oABHS1Cc5\" target=\"_blank\" rel=\"noopener noreferrer\">xlxs<\/a><\/strong> formatu);<\/li>\n<li>6 priedas <strong class=\"highlights\"><a href=\"https:\/\/drive.google.com\/uc?id=16BezQ9GxuMKPJ4QsfSwJlkOGsvj3Bjy3\" target=\"_blank\" rel=\"noopener noreferrer\">,,Smulkiojo ar vidutinio verslo subjekto statuso deklaracija\u201c<\/a><\/strong> (<strong class=\"highlights\"><a href=\"https:\/\/drive.google.com\/uc?id=16BezQ9GxuMKPJ4QsfSwJlkOGsvj3Bjy3\" target=\"_blank\" rel=\"noopener noreferrer\">doc<\/a><\/strong> ir <strong class=\"highlights\"><a href=\"https:\/\/drive.google.com\/uc?id=1jJDfZHnlxbXP0NumE51mVEjn5T-zU5M0\" target=\"_blank\" rel=\"noopener noreferrer\">xlxs<\/a><\/strong> formatu).<br \/>\nKvietimui skiriama VPS paramos l\u0117\u0161\u0173 suma 121 198 Eur;<br \/>\nDid\u017eiausia galima parama vienam vietos projektui \u012fgyvendinti 60 000 Eur;<br \/>\nParamos vietos projektui \u012fgyvendinti lyginamoji dalis &#8211; iki 80 proc. vis\u0173 tinkam\u0173 finansuoti vietos projekto i\u0161laid\u0173.<\/li>\n<\/ul>\n<\/li>\n<\/ul>\n<ul style=\"list-style-type: disc;\"><\/ul>\n<p>Planuojama bendra viso kvietimo teikti vietos projektus suma 242 396 Eur i\u0161 E\u017d\u016aFKP ir Lietuvos Respublikos valstyb\u0117s biud\u017eeto l\u0117\u0161\u0173.<br \/>\n<strong>Vietos projekt\u0173 parai\u0161kos bus priimamos Panev\u0117\u017eio rajono vietos veiklos grup\u0117s b\u016bstin\u0117je adresu J. \u017demgulio g. 46 (106 kab.), Panev\u0117\u017eys.<\/strong><\/p>\n<p>&nbsp;<\/p>\n<p><b><br \/>\nPAPILDOMI DOKUMENTAI (pagalba parei\u0161k\u0117jams)<\/b><b>:<\/b><\/p>\n<ul style=\"list-style-type: disc;\">\n<li>Vietos projekt\u0173, \u012fgyvendinam\u0173 bendruomeni\u0173 inicijuotos vietos pl\u0117tros b\u016bdu, administravimo taisykl\u0117s (<a href=\"https:\/\/www.e-tar.lt\/portal\/lt\/legalAct\/2c022700800111e6b969d7ae07280e89\/YFJiveyXjx\" target=\"_blank\" rel=\"noopener noreferrer\"><strong class=\"highlights\">kvietimo teikti vietos projekt\u0173 parai\u0161kas Nr. 4 metu taikoma suvestin\u0117 redakcija<\/strong><\/a>)<\/li>\n<li>Vietos projekt\u0173, pateikt\u0173 pagal vietos pl\u0117tros strategijas, \u012fgyvendinamas bendruomeni\u0173 inicijuotos vietos pl\u0117tros b\u016bdu, administravimo proced\u016bros apra\u0161as ir priedai (<a href=\"https:\/\/www.nma.lt\/index.php\/parama\/lietuvos-kaimo-pletros-20142020-m-programa\/priemoniu-sarasas\/parama-vietos-projektams-igyvendinti-pagal-vps-2016-m\/20142020-m-programinio-laikotarpio-vietos-projektu-pateiktu-pagal-vietos-pletros-strategijas-igyvendinamas-bendruomeniu-inicijuotos-vietos-pletros-budu-administravimo-proceduros-aprasas\/11112\" target=\"_blank\" rel=\"noopener noreferrer\"><strong class=\"highlights\">kvietimo teikti vietos projekt\u0173 parai\u0161kas Nr. 4 metu taikoma proced\u016bros apra\u0161o redakcija<\/strong><\/a>)<\/li>\n<li>Vietos projekt\u0173\u00a0<a href=\"https:\/\/www.e-tar.lt\/portal\/lt\/legalAct\/ed70b9107edc11e4bc68a1493830b8b9\/gcNqPREAbI\" target=\"_blank\" rel=\"noopener noreferrer\"><strong class=\"highlights\">vie\u0161inimo taisykl\u0117s<\/strong><\/a><\/li>\n<li>Ekonominio gyvybingumo <strong class=\"highlights\"><a href=\"https:\/\/www.e-tar.lt\/portal\/lt\/legalAct\/bba802c0163711e4afafe56485a7e49a\/NOWEHzCMpp\" target=\"_blank\" rel=\"noopener noreferrer\">nustatymo taisykl\u0117s<\/a><\/strong><\/li>\n<li>Projekt\u0173, \u012fgyvendinam\u0173 pagal Lietuvos kaimo pl\u0117tros 2014-2020 met\u0173 programos priemones, rodiklio <strong class=\"highlights\">\u201e<a href=\"https:\/\/www.e-tar.lt\/portal\/lt\/legalAct\/4143fdd0c52b11e79122ea2db7aeb5f0\" target=\"_blank\" rel=\"noopener noreferrer\">Naujos darbo vietos suk\u016brimas ir i\u0161laikymas\u201c pasiekimo vertinimo metodika<\/a><\/strong><\/li>\n<li>Vidutinio metinio darbuotoj\u0173 skai\u010diaus nustatymo <strong class=\"highlights\"><a href=\"https:\/\/www.e-tar.lt\/portal\/lt\/legalAct\/47a74d00268211e78397ae072f58c508\" target=\"_blank\" rel=\"noopener noreferrer\">tvarkos apra\u0161as<\/a><\/strong><\/li>\n<li>Socialinio verslo <strong class=\"highlights\"><a href=\"http:\/\/www.infolex.lt\/ta\/329937\" target=\"_blank\" rel=\"noopener noreferrer\">koncepcija<\/a><\/strong>, VVG puslapis <strong class=\"highlights\"><a href=\"https:\/\/panvvg.lt\/?page_id=1986\" target=\"_blank\" rel=\"noopener noreferrer\">apie socialin\u012f versl\u0105<\/a><\/strong>, straipsniai ir prane\u0161imai <strong class=\"highlights\"><a href=\"https:\/\/panvvg.lt\/?cat=54\" target=\"_blank\" rel=\"noopener noreferrer\">socialinio verslo tematika<\/a><\/strong><\/li>\n<li>Konsultacin\u0117 pagalba pradedantiems socialin\u012f versl\u0105 konkre\u010diomis temomis (konsultuojan\u010di\u0173 <strong class=\"highlights\"><a href=\"https:\/\/www.nma.lt\/uploads\/files\/dir1593\/dir79\/dir3\/7_0.php\" target=\"_blank\" rel=\"noopener noreferrer\">asmen\u0173 ir tem\u0173 s\u0105ra\u0161as<\/a><\/strong>)<\/li>\n<li><strong class=\"highlights\"><a href=\"https:\/\/www.e-tar.lt\/portal\/lt\/legalAct\/c2dd3290c53e11e79122ea2db7aeb5f0\/SjBTrTVUnQ\" target=\"_blank\" rel=\"noopener noreferrer\">Socialinio verslo<\/a><\/strong> vykdymo pagal Lietuvos kaimo pl\u0117tros 2014\u20132020 met\u0173 programos priemones <strong class=\"highlights\"><a href=\"https:\/\/www.e-tar.lt\/portal\/lt\/legalAct\/c2dd3290c53e11e79122ea2db7aeb5f0\/SjBTrTVUnQ\" target=\"_blank\" rel=\"noopener noreferrer\">gair\u0117s<\/a><\/strong> (suvestin\u0117 redakcija nuo <strong class=\"highlights\"><a href=\"https:\/\/www.e-tar.lt\/portal\/lt\/legalAct\/c2dd3290c53e11e79122ea2db7aeb5f0\/SjBTrTVUnQ\" target=\"_blank\" rel=\"noopener noreferrer\">2017-12-02<\/a><\/strong>)<\/li>\n<li><strong class=\"highlights\"><a href=\"https:\/\/drive.google.com\/uc?id=1tBZVOTivEwJ_MeEfuvUy-vCFqxhiVfsH\" target=\"_blank\" rel=\"noopener noreferrer\">Socialinio verslo poveikio skai\u010diuokl\u0117<\/a> <\/strong>(socialinio verslo gairi\u0173 4 priedas <strong class=\"highlights\"><a href=\"https:\/\/www.e-tar.lt\/rs\/aesupplement\/c2dd3290c53e11e79122ea2db7aeb5f0\/SjBTrTVUnQ\/e72ea110d8c111e7910a89ac20768b0f\/\" target=\"_blank\" rel=\"noopener noreferrer\">doc<\/a><\/strong>, <strong class=\"highlights\"><a href=\"https:\/\/drive.google.com\/uc?id=1tBZVOTivEwJ_MeEfuvUy-vCFqxhiVfsH\" target=\"_blank\" rel=\"noopener noreferrer\">xlsx<\/a><\/strong> formatu ir skai\u010diuokl\u0117s i\u0161saugojimo <strong class=\"highlights\"><a href=\"https:\/\/drive.google.com\/open?id=1ruGJOnr_6DvNiwIKCPfaJwg41LE2xXmj\" target=\"_blank\" rel=\"noopener noreferrer\">pdf formatu instrukcija<\/a><\/strong>)<\/li>\n<\/ul>\n<p>&nbsp;<\/p>\n<p><span color=\"#ff6600\">Kvietimo teikti vietos projektus Nr. 4 parai\u0161kos buvo renkamos nuo 2018-04-03 iki 2018-05-31.\u00a0Nuo 2018-05-21 \u0161is kvietimas buvo <a href=\"https:\/\/panvvg.lt\/?p=4564\" target=\"_blank\" rel=\"noopener noreferrer\">sustabdytas<\/a><\/span><span color=\"#ff6600\">. Nuo 2018-06-04 atnaujinta kvietimo dokumentacija ir prat\u0119stas kvietimo galiojimo laikas iki 2018-06-29. Nuo 2018-06-25 kvietimas teikti vietos projekt\u0173 parai\u0161kas buvo <a href=\"https:\/\/panvvg.lt\/?p=4696\" target=\"_blank\" rel=\"noopener noreferrer\">prat\u0119stas iki 208-07-27<\/a>.<br \/>\nSenojo kvietimo dokumentacij\u0105 (jau nebeaktuali\u0105) galima rasti <a href=\"https:\/\/panvvg.lt\/?page_id=4204\" target=\"_blank\" rel=\"noopener noreferrer\">\u010dia<\/a>.<\/span><span style=\"color: #ff6600;\"><span color=\"#ff6600\"><span color=\"#ff6600\" style=\"color: #ff6600;\"><span><\/span><\/span><\/span><\/span><\/p>\n<p>&nbsp;<\/p>\n<p><strong>KVIETIMO NR. 4 METU GAUT\u0172 VIETOS PROJEKT\u0172 VERTINIMAS:<\/strong><\/p>\n<p>Informacija apie u\u017eregistruotas vietos projekt\u0173 parai\u0161kas (<a href=\"https:\/\/drive.google.com\/uc?id=1daaYP-BtagXf1wnB_sZMrm6wS5Np6qqO\" target=\"_blank\" rel=\"noopener noreferrer\"><strong>projekt\u0173<\/strong><strong><span>\u00a0<\/span>s\u0105ra\u0161as<\/strong><\/a>)<br \/>\nInformacija apie vietos projekt\u0173 parai\u0161k\u0173 prid\u0117tin\u0117s vert\u0117s (kokyb\u0117s) vertinimo <a href=\"https:\/\/drive.google.com\/uc?id=1g_Xq1vg2M2ERX35iruMNt5sSIGzlTUTV\" target=\"_blank\" rel=\"noopener noreferrer\"><strong>rezultatus<\/strong><\/a><br \/>\nInformacija apie vietos projekt\u0173 parai\u0161k\u0173 atrankos vertinimo <a href=\"https:\/\/drive.google.com\/uc?id=1NfJ5zd5oXXCUnuN6p7hPDHrs0JBeo8RK\" target=\"_blank\" rel=\"noopener noreferrer\"><strong>rezultatus<\/strong><\/a><br \/>\nVietos projekt\u0173 parai\u0161k\u0173 atrankos vertinimo rezultat\u0173 <a href=\"https:\/\/drive.google.com\/uc?id=1H-qcd-AbCGGJTqWkK2V-YYE3wOse7kpp\" target=\"_blank\" rel=\"noopener noreferrer\"><strong>suvestin\u0117<\/strong><\/a><br \/>\n<span>Vietos projekt\u0173 atrankos komiteto 2018-10-11 <strong class=\"highlights\"><\/strong><\/span><strong class=\"highlights\"><a href=\"https:\/\/drive.google.com\/uc?id=1CS-LiNLZAKg-xK4PHmA7tctA9qJP3XTI\" target=\"_blank\" rel=\"noopener noreferrer\">nutariamoji<\/a><\/strong><strong class=\"highlights\"><span>\u00a0<\/span><\/strong><span>dalis<br \/>\nSkirta parama (proj. Nr. PANE-LEADER-6B-DS-4-1-2018, proj. Nr. PANE-LEADER-6B-DS-4-2-2018) NMA 2019-03-20 direktoriaus \u012fsakymu Nr. BR1-75<br \/>\nSkirta parama (proj. Nr. PANE-LEADER-6B-DS-4-3-2018) NMA 2019-03-29 direktoriaus \u012fsakymu Nr. BR1-86<\/span><\/p>\n<p>&nbsp;<\/p>\n<p>&nbsp;<\/p>\n","protected":false},"excerpt":{"rendered":"<p>Parai\u0161kos pagal \u0161\u012f kvietim\u0105 buvo renkamos iki 2018-07-27 (kvietimo galiojimo terminas baig\u0117si). Artimiausiu metu planuojam\u0173 skelbti kvietim\u0173 grafikas. : Paprastas kvietimas teikti vietos projektus Nr. 4 (); VPS priemon\u0117 \u201eNVO socialinio verslo k\u016brimas ir pl\u0117tra\u201c Nr. LEADER-19.2-SAVA-1: , 2019-07-30 FSA redakcija, 2018-05-30 FSA redakcija; 1 priedas ; 2 priedas ; 3 priedas\u00a0; 4 priedas ; [&hellip;]<\/p>\n","protected":false},"author":2,"featured_media":0,"parent":0,"menu_order":0,"comment_status":"closed","ping_status":"closed","template":"","meta":{"footnotes":""},"class_list":["post-4619","page","type-page","status-publish","hentry"],"_links":{"self":[{"href":"https:\/\/panvvg.lt\/index.php?rest_route=\/wp\/v2\/pages\/4619","targetHints":{"allow":["GET"]}}],"collection":[{"href":"https:\/\/panvvg.lt\/index.php?rest_route=\/wp\/v2\/pages"}],"about":[{"href":"https:\/\/panvvg.lt\/index.php?rest_route=\/wp\/v2\/types\/page"}],"author":[{"embeddable":true,"href":"https:\/\/panvvg.lt\/index.php?rest_route=\/wp\/v2\/users\/2"}],"replies":[{"embeddable":true,"href":"https:\/\/panvvg.lt\/index.php?rest_route=%2Fwp%2Fv2%2Fcomments&post=4619"}],"version-history":[{"count":15,"href":"https:\/\/panvvg.lt\/index.php?rest_route=\/wp\/v2\/pages\/4619\/revisions"}],"predecessor-version":[{"id":9881,"href":"https:\/\/panvvg.lt\/index.php?rest_route=\/wp\/v2\/pages\/4619\/revisions\/9881"}],"wp:attachment":[{"href":"https:\/\/panvvg.lt\/index.php?rest_route=%2Fwp%2Fv2%2Fmedia&parent=4619"}],"curies":[{"name":"wp","href":"https:\/\/api.w.org\/{rel}","templated":true}]}}