{"id":4443,"date":"2018-04-16T06:00:36","date_gmt":"2018-04-16T08:00:36","guid":{"rendered":"http:\/\/panvvg.lt?page_id=4443"},"modified":"2018-06-01T12:48:11","modified_gmt":"2018-06-01T14:48:11","slug":"kvietimasnr1-2-2-2-2","status":"publish","type":"page","link":"https:\/\/panvvg.lt?page_id=4443","title":{"rendered":"Kvietimas Nr. 5 (2018-05-21 sustabdytas)"},"content":{"rendered":"<p><span style=\"color: #ff6600;\"><span color=\"#ff6600\">Pagal \u0161\u012f kvietim\u0105 parai\u0161kos buvo renkamos iki 2018-05-29.\u00a0<\/span><span color=\"#ff6600\">Kvietimas teikti parai\u0161kas 2018-05-21<\/span><span color=\"#ff6600\">\u00a0<\/span><span color=\"#ff6600\">buvo\u00a0<a href=\"https:\/\/panvvg.lt\/?p=4564\" target=\"_blank\" rel=\"noopener\" style=\"color: #ff6600;\">sustabdytas<\/a><\/span><span color=\"#ff6600\"><\/span><span color=\"#ff6600\">.\u00a0<\/span><span color=\"#ff6600\">Nuo 2018-06-04 atnaujinta kvietimo dokumentacija ir prat\u0119stas kvietimo galiojimo laikas iki 2018-06-29<\/span><\/span><\/p>\n<p><span color=\"#ff6600\" style=\"color: #ff6600;\"><br \/>\n<\/span> <b><br \/>\n<span style=\"color: #ff6600;\">PAPRASTO KVIETIMO TEIKTI VIETOS PROJEKTUS NR. 5 DOKUMENTACIJA<\/span><span style=\"color: #ff6600;\">:<\/span><\/b><\/p>\n<ul style=\"list-style-type: disc;\">\n<li>Paprastas kvietimas teikti vietos projektus Nr. 5 (<a href=\"https:\/\/drive.google.com\/uc?id=1PraQla9Uc8k4LNBRR4C3nHCerFWJKhG2\" target=\"_blank\" rel=\"noopener\">kvietimo skelbimas<\/a>);<\/li>\n<li>VPS priemon\u0117s \u201e\u016akio ir verslo pl\u0117tra\u201c veiklos sritis \u201e<strong>Parama jaun\u0173 \u017emoni\u0173 verslui kaimo vietov\u0117se prad\u0117ti<\/strong>\u201c Nr. LEADER-19.2-6.2:\n<ul style=\"list-style-type: disc;\">\n<li><a href=\"https:\/\/drive.google.com\/uc?id=1NQUP8bgLw7ZY_misFoD40LcSdgxyGs4j\" target=\"_blank\" rel=\"noopener\">Finansavimo s\u0105lyg\u0173 apra\u0161as (FSA)<\/a>;<\/li>\n<li>1 priedas <a href=\"https:\/\/drive.google.com\/uc?id=10yEhWvPXdYtZkZ4NqS___eTI_RqHJgIE\" target=\"_blank\" rel=\"noopener\">Vietos projekto parai\u0161ka<\/a>;<\/li>\n<li>2 priedas <a href=\"https:\/\/drive.google.com\/uc?id=13FjueFAVc_zsqtUScVnvznQ9TD6y8MFx\" target=\"_blank\" rel=\"noopener\">Verslo plano forma<\/a>;<\/li>\n<li>3 priedas <a href=\"https:\/\/drive.google.com\/uc?id=1RW3iur5yqztdth2IqnCNCRLz4-qsGCp7\" target=\"_blank\" rel=\"noopener\">Remiamos ir neremiamos veiklos pagal EVRK<\/a>;<\/li>\n<li>4 priedas <a href=\"https:\/\/drive.google.com\/uc?id=1wp8ju3QpulF6Y4Zto_vNRrRgO5uDJd9I\" target=\"_blank\" rel=\"noopener\">\u201eVienos \u012fmon\u0117s deklaracija\u201c<\/a>;<\/li>\n<li>5 priedas <a href=\"https:\/\/drive.google.com\/uc?id=1ASgWc-_x0I8qYYV5oA__UxPToc13jSXj\" target=\"_blank\" rel=\"noopener\">,,Smulkiojo ar vidutinio verslo subjekto statuso deklaracija\u201c<\/a>;<\/li>\n<li>6 priedas <a href=\"https:\/\/drive.google.com\/uc?id=17W-qi5QHe8bj78Xi6qiSxK1jIUWcutMI\" target=\"_blank\" rel=\"noopener\">,,Priemoni\u0173 vietos projekt\u0173 inovatyvumo vertinimo metodika\u201c<\/a>.<br \/>\nKvietimui skiriama VPS paramos l\u0117\u0161\u0173 suma 150 000,00 Eur;<br \/>\nDid\u017eiausia galima parama vienam vietos projektui \u012fgyvendinti 50 000,00 Eur.<br \/>\nParamos vietos projektui \u012fgyvendinti lyginamoji dalis:<br \/>\n&#8211;\u00a0iki 70 proc. vis\u0173 tinkam\u0173 finansuoti vietos projekto i\u0161laid\u0173, kai vietos projekt\u0105 teikia privatus juridinis ar fizinis asmuo, atitinkantis labai ma\u017eai \u012fmonei keliamus reikalavimus;<br \/>\n&#8211; iki 50 proc.\u00a0vis\u0173 tinkam\u0173 finansuoti vietos projekto i\u0161laid\u0173, kai projekt\u0105 teikia privatus juridinis ar fizinis asmuo, i\u0161skyrus asmenis, atitinkan\u010dius labai ma\u017eai \u012fmonei keliamus reikalavimus.<\/li>\n<\/ul>\n<\/li>\n<\/ul>\n<ul style=\"list-style-type: disc;\">\n<li>VPS priemon\u0117 \u201e<strong>Bendruomeninio verslo k\u016brimas ir pl\u0117tra<\/strong>\u201c Nr. LEADER-19.2-SAVA-5:\n<ul style=\"list-style-type: disc;\">\n<li><a href=\"https:\/\/drive.google.com\/uc?id=1nISSfibzYlXN4SkiRQC5Wuh28iXFzSec\" target=\"_blank\" rel=\"noopener\">Finansavimo s\u0105lyg\u0173 apra\u0161as (FSA)<\/a>;<\/li>\n<li>1 priedas <a href=\"https:\/\/drive.google.com\/uc?id=1z3qH5KoLnt4B2F1uZptYHLJkNynCsG2w\" target=\"_blank\" rel=\"noopener\">Vietos projekto parai\u0161ka<\/a>;<\/li>\n<li>2 priedas <a href=\"https:\/\/drive.google.com\/uc?id=1zWeyDMC8U7cr-QV5wI1rRVTV5SVrOSq_\" target=\"_blank\" rel=\"noopener\">Pavyzdin\u0117 jungtin\u0117s veiklos sutarties forma<\/a>;<\/li>\n<li>3 priedas\u00a0<a href=\"https:\/\/drive.google.com\/uc?id=1CoLFucNLBPrfh5wj5cwuROOA_tG7vnvH\" target=\"_blank\" rel=\"noopener\">Verslo plano forma<\/a>;<\/li>\n<li>4 priedas <a href=\"https:\/\/drive.google.com\/uc?id=19dUNoDZZ7MgsmxwLMu6IlE-03nAx-btu\" target=\"_blank\" rel=\"noopener\">Remiamos ir neremiamos veiklos pagal EVRK<\/a>;<\/li>\n<li>5 priedas <a href=\"https:\/\/drive.google.com\/uc?id=1XSCy8_BRVkEAGNcjZnHT-hreU46wi36A\" target=\"_blank\" rel=\"noopener\">\u201eVienos \u012fmon\u0117s deklaracija\u201c<\/a>\u00a0(pagal komisijos reglament\u0105 (ES) Nr. 1407\/2013 <a href=\"https:\/\/drive.google.com\/uc?id=1XSCy8_BRVkEAGNcjZnHT-hreU46wi36A\" target=\"_blank\" rel=\"noopener\">doc<\/a>\u00a0ir <a href=\"https:\/\/drive.google.com\/uc?id=1WQtHcfRSIJTtHyvFRsO10f6oABHS1Cc5\" target=\"_blank\" rel=\"noopener\">xlxs<\/a>\u00a0formatu);<\/li>\n<li>6 priedas <a href=\"https:\/\/drive.google.com\/uc?id=16BezQ9GxuMKPJ4QsfSwJlkOGsvj3Bjy3\" target=\"_blank\" rel=\"noopener\">,,Smulkiojo ar vidutinio verslo subjekto statuso deklaracija\u201c<\/a>\u00a0(<a href=\"https:\/\/drive.google.com\/uc?id=16BezQ9GxuMKPJ4QsfSwJlkOGsvj3Bjy3\" target=\"_blank\" rel=\"noopener\">doc<\/a>\u00a0ir <a href=\"https:\/\/drive.google.com\/uc?id=1jJDfZHnlxbXP0NumE51mVEjn5T-zU5M0\" target=\"_blank\" rel=\"noopener\">xlxs<\/a>\u00a0formatu).<br \/>\nKvietimui skiriama VPS paramos l\u0117\u0161\u0173 suma 260 000,00 Eur;<br \/>\nDid\u017eiausia galima parama vienam vietos projektui \u012fgyvendinti 65 000,00 Eur.<br \/>\nParamos vietos projektui \u012fgyvendinti lyginamoji dalis &#8211; iki 80 proc. vis\u0173 tinkam\u0173 finansuoti vietos projekto i\u0161laid\u0173.<\/li>\n<\/ul>\n<\/li>\n<\/ul>\n<ul style=\"list-style-type: disc;\"><\/ul>\n<p>Bendra viso kvietimo teikti vietos projektus suma 410 00 Eur i\u0161 E\u017d\u016aFKP ir Lietuvos Respublikos valstyb\u0117s biud\u017eeto l\u0117\u0161\u0173.<\/p>\n<p>&nbsp;<\/p>\n","protected":false},"excerpt":{"rendered":"<p>Pagal \u0161\u012f kvietim\u0105 parai\u0161kos buvo renkamos iki 2018-05-29.\u00a0Kvietimas teikti parai\u0161kas 2018-05-21\u00a0buvo\u00a0sustabdytas.\u00a0Nuo 2018-06-04 atnaujinta kvietimo dokumentacija ir prat\u0119stas kvietimo galiojimo laikas iki 2018-06-29 PAPRASTO KVIETIMO TEIKTI VIETOS PROJEKTUS NR. 5 DOKUMENTACIJA: Paprastas kvietimas teikti vietos projektus Nr. 5 (kvietimo skelbimas); VPS priemon\u0117s \u201e\u016akio ir verslo pl\u0117tra\u201c veiklos sritis \u201eParama jaun\u0173 \u017emoni\u0173 verslui kaimo vietov\u0117se prad\u0117ti\u201c Nr. [&hellip;]<\/p>\n","protected":false},"author":2,"featured_media":0,"parent":0,"menu_order":0,"comment_status":"closed","ping_status":"closed","template":"","meta":{"footnotes":""},"class_list":["post-4443","page","type-page","status-publish","hentry"],"_links":{"self":[{"href":"https:\/\/panvvg.lt\/index.php?rest_route=\/wp\/v2\/pages\/4443","targetHints":{"allow":["GET"]}}],"collection":[{"href":"https:\/\/panvvg.lt\/index.php?rest_route=\/wp\/v2\/pages"}],"about":[{"href":"https:\/\/panvvg.lt\/index.php?rest_route=\/wp\/v2\/types\/page"}],"author":[{"embeddable":true,"href":"https:\/\/panvvg.lt\/index.php?rest_route=\/wp\/v2\/users\/2"}],"replies":[{"embeddable":true,"href":"https:\/\/panvvg.lt\/index.php?rest_route=%2Fwp%2Fv2%2Fcomments&post=4443"}],"version-history":[{"count":12,"href":"https:\/\/panvvg.lt\/index.php?rest_route=\/wp\/v2\/pages\/4443\/revisions"}],"predecessor-version":[{"id":4631,"href":"https:\/\/panvvg.lt\/index.php?rest_route=\/wp\/v2\/pages\/4443\/revisions\/4631"}],"wp:attachment":[{"href":"https:\/\/panvvg.lt\/index.php?rest_route=%2Fwp%2Fv2%2Fmedia&parent=4443"}],"curies":[{"name":"wp","href":"https:\/\/api.w.org\/{rel}","templated":true}]}}