{"id":4155,"date":"2018-03-10T01:05:51","date_gmt":"2018-03-10T03:05:51","guid":{"rendered":"http:\/\/panvvg.lt?page_id=4155"},"modified":"2020-09-03T15:06:29","modified_gmt":"2020-09-03T12:06:29","slug":"kvietimasnr1-2","status":"publish","type":"page","link":"https:\/\/panvvg.lt?page_id=4155","title":{"rendered":"Kvietimas Nr. 3"},"content":{"rendered":"<p>Parai\u0161kos pagal \u0161\u012f kvietim\u0105 buvo renkamos nuo 2018-03-12 iki 2018-04-27 (kvietimo galiojimo terminas baig\u0117si).<br \/>\nArtimiausiu metu planuojam\u0173 skelbti<span> <a href=\"https:\/\/panvvg.lt\/?page_id=3857\" target=\"_blank\" rel=\"noopener noreferrer\">kvietim\u0173 grafikas<\/a><\/span>.<br \/>\n<b><br \/>\n<strong class=\"highlights\">PAPRASTO KVIETIMO TEIKTI VIETOS PROJEKTUS NR. 3 DOKUMENTACIJA<\/strong>:<\/b><\/p>\n<ul style=\"list-style-type: disc;\">\n<li>Paprastas kvietimas teikti vietos projektus Nr. 3 (<strong class=\"highlights\"><a href=\"https:\/\/drive.google.com\/uc?id=1v40fus9QeAba-qx6QF63vgdEa1ywAkZh\" target=\"_blank\" rel=\"noopener noreferrer\">kvietimo skelbimas<\/a><\/strong>);<\/li>\n<li>VPS priemon\u0117s \u201ePagrindin\u0117s paslaugos ir kaim\u0173 atnaujinimas kaimo vietov\u0117se\u201c veiklos sritis <strong>\u201eParama investicijoms \u012f vis\u0173 r\u016b\u0161i\u0173 ma\u017eos apimties infrastrukt\u016br\u0105\u201c <\/strong>Nr. LEADER-19.2-7.2:\n<ul style=\"list-style-type: disc;\">\n<li><strong class=\"highlights\"><a href=\"https:\/\/drive.google.com\/uc?id=1-lczqJlMlxsVSVfABbZCZiQeZc4juGpE\" target=\"_blank\" rel=\"noopener noreferrer\">Finansavimo s\u0105lyg\u0173 apra\u0161as (FSA) aktuali 2019-07-30 redakcija<\/a><\/strong>, <a href=\"https:\/\/drive.google.com\/uc?id=1Z_s2oGrYXqyr7uLADa2xdCZKic3V3Uh0\" target=\"_blank\" rel=\"noopener noreferrer\">2018-03-10 FSA redakcija<\/a>;<\/li>\n<li>1 priedas <strong class=\"highlights\"><a href=\"https:\/\/drive.google.com\/uc?id=1d_-wmYH0FhCejP51uxc_MXHg1N0K1G_S\" target=\"_blank\" rel=\"noopener noreferrer\">Vietos projekto parai\u0161ka<\/a><\/strong>;<\/li>\n<li>2 priedas <strong class=\"highlights\"><a href=\"https:\/\/drive.google.com\/uc?id=1L9Q93AZNa1AfZw_BJrQM-Uz7sJKEEw6G\" target=\"_blank\" rel=\"noopener noreferrer\">Pavyzdin\u0117 jungtin\u0117s veiklos sutarties forma<\/a><\/strong>.<\/li>\n<\/ul>\n<\/li>\n<\/ul>\n<ul style=\"list-style-type: disc;\"><\/ul>\n<p>Bendra kvietimo teikti vietos projektus suma 198 943,97 Eur i\u0161 E\u017d\u016aFKP ir Lietuvos Respublikos valstyb\u0117s biud\u017eeto l\u0117\u0161\u0173.<br \/>\nDid\u017eiausia galima parama vienam vietos projektui \u012fgyvendinti 198 943,97 Eur.<\/p>\n<p>Vietos projekt\u0173 parai\u0161kos priimamos Panev\u0117\u017eio rajono vietos veiklos grup\u0117s b\u016bstin\u0117je adresu J. \u017demgulio g. 46 (106 kab.), Panev\u0117\u017eys.<\/p>\n<p>&nbsp;<\/p>\n<p><b>PAPILDOMI DOKUMENTAI (pagalba parei\u0161k\u0117jams)<\/b><b>:<\/b><\/p>\n<ul style=\"list-style-type: disc;\">\n<li>Vietos projekt\u0173, \u012fgyvendinam\u0173 bendruomeni\u0173 inicijuotos vietos pl\u0117tros b\u016bdu, administravimo taisykl\u0117s (<a href=\"https:\/\/www.e-tar.lt\/portal\/lt\/legalAct\/2c022700800111e6b969d7ae07280e89\/UMMTIJDCAq\" target=\"_blank\" rel=\"noopener noreferrer\"><strong class=\"highlights\">kvietimo teikti vietos projekt\u0173 parai\u0161kas Nr. 3 metu taikoma suvestin\u0117 redakcija <\/strong><\/a>).<\/li>\n<li>Vietos projekt\u0173, pateikt\u0173 pagal vietos pl\u0117tros strategijas, \u012fgyvendinamas bendruomeni\u0173 inicijuotos vietos pl\u0117tros b\u016bdu, administravimo proced\u016bros apra\u0161as ir priedai (<a href=\"https:\/\/www.nma.lt\/index.php\/parama\/lietuvos-kaimo-pletros-20142020-m-programa\/priemoniu-sarasas\/parama-vietos-projektams-igyvendinti-pagal-vps-2016-m\/20142020-m-programinio-laikotarpio-vietos-projektu-pateiktu-pagal-vietos-pletros-strategijas-igyvendinamas-bendruomeniu-inicijuotos-vietos-pletros-budu-administravimo-proceduros-aprasas\/11112\" target=\"_blank\" rel=\"noopener noreferrer\"><strong class=\"highlights\">kvietimo teikti vietos projekt\u0173 parai\u0161kas Nr. 3 metu taikoma proced\u016bros apra\u0161o redakcija<\/strong><\/a>).<\/li>\n<li>Vietos projekt\u0173\u00a0<a href=\"https:\/\/www.e-tar.lt\/portal\/lt\/legalAct\/ed70b9107edc11e4bc68a1493830b8b9\/gcNqPREAbI\" target=\"_blank\" rel=\"noopener noreferrer\"><strong class=\"highlights\">vietos projekt\u0173 vie\u0161inimo taisykl\u0117s<\/strong><\/a>.<\/li>\n<\/ul>\n<p>&nbsp;<\/p>\n<p><strong>KVIETIMO NR. 3 METU GAUT\u0172 VIETOS PROJEKT\u0172 VERTINIMAS:<\/strong><\/p>\n<p>Informacija apie u\u017eregistruotas vietos projekt\u0173 parai\u0161kas (<a href=\"https:\/\/drive.google.com\/file\/d\/1cE7zq0Q7l_-iOmT5AH1Qr_V85e_Wgnke\/view?usp=sharing\" target=\"_blank\" rel=\"noopener noreferrer\"><strong>projekt\u0173<\/strong><strong> s\u0105ra\u0161as<\/strong><\/a>)<br \/>\nInformacija apie vietos projekt\u0173 parai\u0161k\u0173 prid\u0117tin\u0117s vert\u0117s (kokyb\u0117s) vertinimo <strong class=\"highlights\"><a href=\"https:\/\/drive.google.com\/uc?id=1u1QiKmsbUj52QEpHxkfgLXEVM1ZAqeUx\" target=\"_blank\" rel=\"noopener noreferrer\">rezultatus<\/a><\/strong><br \/>\nInformacija apie vietos projekt\u0173 parai\u0161k\u0173 atrankos vertinimo <a href=\"https:\/\/drive.google.com\/uc?id=1OGPAkJr1maWVsr7JgjWIMXNl9YT72nJg\" target=\"_blank\" rel=\"noopener noreferrer\"><strong class=\"highlights\">rezultatus<\/strong><\/a><br \/>\nVietos projekt\u0173 parai\u0161k\u0173 atrankos vertinimo rezultat\u0173 <strong><a href=\"https:\/\/drive.google.com\/uc?id=1yj_3qUJEQySB7I_FScZgHWJxc3Ynv7LV\" target=\"_blank\" rel=\"noopener noreferrer\">suvestin\u0117<\/a><\/strong><br \/>\n<span>Vietos projekt\u0173 atrankos komiteto 2018-06-16\u00a0<strong class=\"highlights\"><\/strong><\/span><strong class=\"highlights\"><a href=\"https:\/\/drive.google.com\/uc?id=1fFTYCaLkoKZJ_rPNJ9oJQ91PF03SU8HA\" target=\"_blank\" rel=\"noopener noreferrer\">nutariamoji<\/a><\/strong><strong class=\"highlights\"><span>\u00a0<\/span><\/strong><span>dalis (LEADER-6B-I-3-I-2018)<br \/>\nSkirta parama (proj. Nr. PANE-LEADER-6B-I-3-1-2018) NMA 2018-10-24 direktoriaus \u012fsakymu Nr. BR1-325<strong class=\"highlights\"><\/strong><\/span><\/p>\n<p>&nbsp;<\/p>\n<p>&nbsp;<\/p>\n","protected":false},"excerpt":{"rendered":"<p>Parai\u0161kos pagal \u0161\u012f kvietim\u0105 buvo renkamos nuo 2018-03-12 iki 2018-04-27 (kvietimo galiojimo terminas baig\u0117si). Artimiausiu metu planuojam\u0173 skelbti kvietim\u0173 grafikas. : Paprastas kvietimas teikti vietos projektus Nr. 3 (); VPS priemon\u0117s \u201ePagrindin\u0117s paslaugos ir kaim\u0173 atnaujinimas kaimo vietov\u0117se\u201c veiklos sritis \u201eParama investicijoms \u012f vis\u0173 r\u016b\u0161i\u0173 ma\u017eos apimties infrastrukt\u016br\u0105\u201c Nr. LEADER-19.2-7.2: , 2018-03-10 FSA redakcija; 1 [&hellip;]<\/p>\n","protected":false},"author":2,"featured_media":0,"parent":0,"menu_order":0,"comment_status":"closed","ping_status":"closed","template":"","meta":{"footnotes":""},"class_list":["post-4155","page","type-page","status-publish","hentry"],"_links":{"self":[{"href":"https:\/\/panvvg.lt\/index.php?rest_route=\/wp\/v2\/pages\/4155","targetHints":{"allow":["GET"]}}],"collection":[{"href":"https:\/\/panvvg.lt\/index.php?rest_route=\/wp\/v2\/pages"}],"about":[{"href":"https:\/\/panvvg.lt\/index.php?rest_route=\/wp\/v2\/types\/page"}],"author":[{"embeddable":true,"href":"https:\/\/panvvg.lt\/index.php?rest_route=\/wp\/v2\/users\/2"}],"replies":[{"embeddable":true,"href":"https:\/\/panvvg.lt\/index.php?rest_route=%2Fwp%2Fv2%2Fcomments&post=4155"}],"version-history":[{"count":16,"href":"https:\/\/panvvg.lt\/index.php?rest_route=\/wp\/v2\/pages\/4155\/revisions"}],"predecessor-version":[{"id":9485,"href":"https:\/\/panvvg.lt\/index.php?rest_route=\/wp\/v2\/pages\/4155\/revisions\/9485"}],"wp:attachment":[{"href":"https:\/\/panvvg.lt\/index.php?rest_route=%2Fwp%2Fv2%2Fmedia&parent=4155"}],"curies":[{"name":"wp","href":"https:\/\/api.w.org\/{rel}","templated":true}]}}