{"id":3734,"date":"2017-11-03T13:59:20","date_gmt":"2017-11-03T15:59:20","guid":{"rendered":"http:\/\/panvvg.lt\/?page_id=3734"},"modified":"2020-09-03T15:12:58","modified_gmt":"2020-09-03T12:12:58","slug":"kvietimai","status":"publish","type":"page","link":"https:\/\/panvvg.lt?page_id=3734","title":{"rendered":"Kvietimas Nr. 2"},"content":{"rendered":"<p>Parai\u0161kos pagal \u0161\u012f kvietim\u0105 buvo renkamos nuo\u00a02017-11-20 iki 2017-12-29 (kvietimo galiojimo terminas baig\u0117si).<br \/>\nArtimiausiu metu planuojam\u0173 skelbti<span> <a href=\"https:\/\/panvvg.lt\/?page_id=3857\" target=\"_blank\" rel=\"noopener noreferrer\">kvietim\u0173 grafikas<\/a><\/span>.<\/p>\n<p><b><strong class=\"highlights\">PAPRASTO KVIETIMO TEIKTI VIETOS PROJEKTUS NR. 2 DOKUMENTACIJA<\/strong><\/b><b>:<\/b><\/p>\n<ul style=\"list-style-type: disc;\">\n<li>Paprastas kvietimas teikti vietos projektus Nr. 2 (<strong class=\"highlights\"><a href=\"https:\/\/drive.google.com\/uc?id=1sifNVazaM4quK4X-79gCXv6oAUTtBOJ8\" target=\"_blank\" rel=\"noopener noreferrer\">kvietimo tekstas<\/a><\/strong>);<\/li>\n<\/ul>\n<ul style=\"list-style-type: disc;\">\n<li>VPS priemon\u0117s \u201e\u016akio ir verslo pl\u0117tra\u201c veiklos sritis\u00a0<strong>\u201eParama ne \u017eem\u0117s \u016bkio verslui kaimo vietov\u0117se pl\u0117toti\u201c <\/strong>Nr. LEADER-19.2-6.4:\n<ul style=\"list-style-type: disc;\">\n<li><a href=\"https:\/\/drive.google.com\/uc?id=1kdoQUhiacHepxGKetNd6hfEUJ2VoYn3h\" target=\"_blank\" rel=\"noopener noreferrer\"><strong class=\"highlights\">Finansavimo s\u0105lyg\u0173 apra\u0161as (FSA) aktuali 2019-07-30 redakcija<\/strong><\/a>, <a href=\"https:\/\/drive.google.com\/uc?id=188xCP7cK6iTKnTyCJNSZYJhi_ZME5jjd\" target=\"_blank\" rel=\"noopener noreferrer\">2017-11-09 FSA redakcija<\/a>;<\/li>\n<li><a href=\"https:\/\/drive.google.com\/uc?id=1x76jokRy8-hMqn0udSifxjWQe0nhjayl\" target=\"_blank\" rel=\"noopener noreferrer\">1 priedas <strong class=\"highlights\">Vietos projekto parai\u0161ka<\/strong><\/a>;<\/li>\n<li><a href=\"https:\/\/drive.google.com\/uc?id=1OMqlKtazklBGR0OdJ4uoJyV0I9AeqSiz\" target=\"_blank\" rel=\"noopener noreferrer\">2 priedas <strong class=\"highlights\">Verslo plano forma<\/strong><\/a>;<\/li>\n<li><a href=\"https:\/\/drive.google.com\/uc?id=10RPCR7Y1qxsb5TYMvBH9KpeXnhcPNUer\" target=\"_blank\" rel=\"noopener noreferrer\">3 priedas <strong class=\"highlights\">Remiamos veiklos pagal EVRK<\/strong><\/a>;<\/li>\n<li><a href=\"https:\/\/drive.google.com\/uc?id=1-Lrh5K6wVI2Zb9vhNDe_jEMr75xwqdkr\" target=\"_blank\" rel=\"noopener noreferrer\">4 priedas <strong class=\"highlights\">\u201eVienos \u012fmon\u0117s\u201c deklaracija<\/a><\/strong>;<\/li>\n<li><a href=\"https:\/\/drive.google.com\/uc?id=1sncsZnKHIwcNLvBRrtP8Fuo_BkM6uH2X\" target=\"_blank\" rel=\"noopener noreferrer\">5 priedas <strong class=\"highlights\">SVV statuso deklaracija<\/a><\/strong>;<\/li>\n<li><a href=\"https:\/\/drive.google.com\/uc?id=1kWR5dxbUmAO3UgrzBIgJkvSGEKvOtqGW\" target=\"_blank\" rel=\"noopener noreferrer\">6 priedas <strong class=\"highlights\">Inovatyvumo vertinimo metodika<\/a><\/strong>.<\/li>\n<\/ul>\n<\/li>\n<\/ul>\n<p>Bendra kvietimo teikti vietos projektus suma 375 000 Eur i\u0161 E\u017d\u016aFKP ir Lietuvos Respublikos valstyb\u0117s biud\u017eeto l\u0117\u0161\u0173.<br \/>\nDid\u017eiausia galima parama vienam vietos projektui \u012fgyvendinti 75 000 Eur.<\/p>\n<p>Kvietimas teikti vietos projektus galioja nuo 2017 m. lapkri\u010dio 20 d. 9.00 val. iki 2017 m. gruod\u017eio 29 d. 16.00 val.<br \/>\nVietos projekt\u0173 parai\u0161kos priimamos Panev\u0117\u017eio rajono vietos veiklos grup\u0117s b\u016bstin\u0117je adresu J. \u017demgulio g. 46 (106 kab.), Panev\u0117\u017eys.<\/p>\n<p>&nbsp;<\/p>\n<p><b>PAPILDOMI DOKUMENTAI (pagalba parei\u0161k\u0117jams)<\/b><b>:<\/b><\/p>\n<ul>\n<li>Paprastojo kvietimo teikti vietos projektus dokumentacijos pristatymas\u00a0 (<a href=\"https:\/\/drive.google.com\/uc?id=1mQV4fYhXXjh-eIAk37K9RAZPw-PUyO5a\" target=\"_blank\" rel=\"noopener noreferrer\"><strong class=\"highlights\">santrauka skaidr\u0117se<\/strong><\/a>);<\/li>\n<li>I\u0161laid\u0173 tinkamumo finansuoti paramos l\u0117\u0161omis\u00a0<a href=\"https:\/\/www.nma.lt\/uploads\/files\/dir1542\/dir77\/dir3\/15_0.php\" target=\"_blank\" rel=\"noopener noreferrer\"><strong class=\"highlights\">vertinimo tvarka<\/strong><\/a>;<\/li>\n<li>Parei\u0161k\u0117j\u0173, vykdan\u010di\u0173 \u017eem\u0117s \u016bkio veiklos pl\u0117tr\u0105, neremiam\u0173 <strong class=\"highlights\"><a href=\"https:\/\/www.e-tar.lt\/portal\/lt\/legalAct\/TAR.973BCF52EF45\" target=\"_blank\" rel=\"noopener noreferrer\">paslaug\u0173 \u017eem\u0117s \u016bkiui s\u0105ra\u0161as<\/a><\/strong>;<\/li>\n<li>Ekonominio gyvybingumo <strong class=\"highlights\"><a href=\"https:\/\/www.e-tar.lt\/portal\/lt\/legalAct\/bba802c0163711e4afafe56485a7e49a\/fadcFUpSxE\" target=\"_blank\" rel=\"noopener noreferrer\">nustatymo taisykl\u0117s<\/a><\/strong>;<\/li>\n<li>Vidutinio metinio darbuotoj\u0173 skai\u010diaus nustatymo <strong class=\"highlights\"><a href=\"https:\/\/www.e-tar.lt\/portal\/lt\/legalAct\/47a74d00268211e78397ae072f58c508\" target=\"_blank\" rel=\"noopener noreferrer\">tvarkos apra\u0161as<\/a><\/strong>;<\/li>\n<li>Smulkiojo ir vidutinio <strong class=\"highlights\"><a href=\"https:\/\/www.e-tar.lt\/portal\/lt\/legalAct\/TAR.640D50DB8877\/HgxIVPeiFi\" target=\"_blank\" rel=\"noopener noreferrer\">verslo pl\u0117tros \u012fstatymas<\/a><\/strong>;<\/li>\n<li>SVV statuso deklaravimo <strong class=\"highlights\"><a href=\"https:\/\/e-seimas.lrs.lt\/portal\/legalAct\/lt\/TAD\/TAIS.316716\/euIZDFLoDu\" target=\"_blank\" rel=\"noopener noreferrer\">tvarkos apra\u0161as<\/a><\/strong>, <span lang=\"LT\">deklaracijos form\u0105 (<strong class=\"highlights\"><a href=\"https:\/\/ukmin.lrv.lt\/uploads\/ukmin\/documents\/files\/SVV\/SVV%20statuso%20deklaracija%20po%2005.xlsx\" target=\"_blank\" rel=\"noopener noreferrer\">.xlsx formatu<\/a><\/strong>);<\/span><\/li>\n<li>Motorini\u0173 transporto priemoni\u0173 ir j\u0173 priekab\u0173 kategorij\u0173 ir klasi\u0173 pagal konstrukcij\u0105 <span lang=\"LT\"><strong class=\"highlights\"><\/span><a href=\"https:\/\/www.e-tar.lt\/portal\/lt\/legalAct\/TAR.385773CCCFE8\/KITraopjTt\" target=\"_blank\" rel=\"noopener noreferrer\">reikalavimai<\/a><span lang=\"LT\"><\/strong>;<\/span><\/li>\n<li>Vietos projekt\u0173, \u012fgyvendinam\u0173 bendruomeni\u0173 inicijuotos vietos pl\u0117tros b\u016bdu, administravimo taisykl\u0117s (<a href=\"https:\/\/www.e-tar.lt\/portal\/lt\/legalAct\/2c022700800111e6b969d7ae07280e89\/RTFCTbunrc\" target=\"_blank\" rel=\"noopener noreferrer\"><strong class=\"highlights\">kvietimo teikti vietos projekt\u0173 parai\u0161kas Nr. 2 metu taikoma suvestin\u0117 redakcija<\/a><\/strong>);<\/li>\n<li>Vietos projekt\u0173, pateikt\u0173 pagal vietos pl\u0117tros strategijas, \u012fgyvendinamas bendruomeni\u0173 inicijuotos vietos pl\u0117tros b\u016bdu, administravimo proced\u016bros apra\u0161as ir priedai (<strong class=\"highlights\"><a href=\"https:\/\/www.nma.lt\/index.php\/parama\/lietuvos-kaimo-pletros-20142020-m-programa\/priemoniu-sarasas\/parama-vietos-projektams-igyvendinti-pagal-vps-\/proceduros-apraso-redakcija-iki-2017-12-20\/15258\" target=\"_blank\" rel=\"noopener noreferrer\">kvietimo teikti vietos projekt\u0173 parai\u0161kas Nr. 2 metu taikoma proced\u016bros apra\u0161o redakcija<\/a><\/strong>);<\/li>\n<li>Vietos projekt\u0173\u00a0<a href=\"https:\/\/www.e-tar.lt\/portal\/lt\/legalAct\/ed70b9107edc11e4bc68a1493830b8b9\/gcNqPREAbI\" target=\"_blank\" rel=\"noopener noreferrer\"><strong class=\"highlights\">vie\u0161inimo taisykl\u0117s<\/strong><\/a>;<\/li>\n<li>Projekt\u0173 vykdytoj\u0173, pretenduojan\u010di\u0173 gauti param\u0105, <strong class=\"highlights\"><a href=\"http:\/\/www.infolex.lt\/ta\/320663\" target=\"_blank\" rel=\"noopener noreferrer\">pirkimo taisykl\u0117s<\/a><\/strong>;<\/li>\n<li>Sankcij\u0173 u\u017e pirkim\u0173 tvarkos pa\u017eeidimus <strong class=\"highlights\"><a href=\"https:\/\/www.e-tar.lt\/portal\/lt\/legalAct\/TAR.946878076DBF\/ZKtuMryeog\" target=\"_blank\" rel=\"noopener noreferrer\">taikymo metodika<\/a><\/strong>;<\/li>\n<li>Sankcij\u0173 u\u017e pa\u017eeidimus <strong class=\"highlights\"><a href=\"https:\/\/www.e-tar.lt\/portal\/lt\/legalAct\/3a4d3d907c6111e4abe983995522ea30\/OtSrYGyppe\" target=\"_blank\" rel=\"noopener noreferrer\">taikymo metodika<\/a><\/strong>;<\/li>\n<\/ul>\n<p>&nbsp;<\/p>\n<p><strong>KVIETIMO NR. 2 METU GAUT\u0172 VIETOS PROJEKT\u0172 VERTINIMAS:<\/strong><\/p>\n<p>Informacija apie u\u017eregistruotas vietos projekt\u0173 parai\u0161kas (<strong class=\"highlights\"><a href=\"https:\/\/drive.google.com\/file\/d\/1BBpjhGfFuuBslNYxdzvblF0KmWnlUWvx\/view?usp=sharing\" target=\"_blank\" rel=\"noopener noreferrer\">projekt\u0173 s\u0105ra\u0161as<\/a><\/strong>)<br \/>\nInformacija apie vietos projekt\u0173 parai\u0161k\u0173 prid\u0117tin\u0117s vert\u0117s (kokyb\u0117s) vertinimo <strong class=\"highlights\"><a href=\"https:\/\/drive.google.com\/uc?id=1afbKNQrjxml-MImUtfoRSMEWcs2cXQqp\" target=\"_blank\" rel=\"noopener noreferrer\">rezultatus<\/a><\/strong><br \/>\nInformacija apie vietos projekt\u0173 parai\u0161k\u0173 atrankos vertinimo <strong class=\"highlights\"><a href=\"https:\/\/drive.google.com\/uc?id=1O1p64yCcSKFYopbeaCB_cstZg9VKgVoW\" target=\"_blank\" rel=\"noopener noreferrer\">rezultatus<\/a><\/strong><br \/>\n<span>Vietos projekt\u0173 atrankos komiteto 2018-03-20\u00a0<strong class=\"highlights\"><\/span><a href=\"https:\/\/drive.google.com\/uc?id=17II3XA18Av0Tk4ysTyWmjTWx8yxma871\" target=\"_blank\" rel=\"noopener noreferrer\">nutariamoji<\/a><\/strong><strong class=\"highlights\"><span>\u00a0<\/span><\/strong><span>dalis (LEADER-19.2-6.4)<br \/>\nNMA 2018-06-11 direktoriaus \u012fsakymu Nr. BR1-150 skirta parama (Proj. Nr. PANE-LEADER-6A-D-2-2\/42VS-PV-17-1-04233-PR001).<br \/>\nNMA 2018-07-02 direktoriaus \u012fsakymu Nr. BR1-189 skirta parama (Proj. Nr. PANE-LEADER-6A-D-2-4\/42VS-PV-17-1-04265-PR001; PANE-LEADER-6A-D-2-3\/42VS-PV-17-1-04269-PR001; PANE-LEADER-6A-D-2-1\/42VS-PV-17-1-04232-PR001).<br \/>\n<\/span><\/p>\n","protected":false},"excerpt":{"rendered":"<p>Parai\u0161kos pagal \u0161\u012f kvietim\u0105 buvo renkamos nuo\u00a02017-11-20 iki 2017-12-29 (kvietimo galiojimo terminas baig\u0117si). Artimiausiu metu planuojam\u0173 skelbti kvietim\u0173 grafikas. : Paprastas kvietimas teikti vietos projektus Nr. 2 (); VPS priemon\u0117s \u201e\u016akio ir verslo pl\u0117tra\u201c veiklos sritis\u00a0\u201eParama ne \u017eem\u0117s \u016bkio verslui kaimo vietov\u0117se pl\u0117toti\u201c Nr. LEADER-19.2-6.4: , 2017-11-09 FSA redakcija; 1 priedas ; 2 priedas ; [&hellip;]<\/p>\n","protected":false},"author":2,"featured_media":0,"parent":0,"menu_order":0,"comment_status":"closed","ping_status":"closed","template":"","meta":{"footnotes":""},"class_list":["post-3734","page","type-page","status-publish","hentry"],"_links":{"self":[{"href":"https:\/\/panvvg.lt\/index.php?rest_route=\/wp\/v2\/pages\/3734","targetHints":{"allow":["GET"]}}],"collection":[{"href":"https:\/\/panvvg.lt\/index.php?rest_route=\/wp\/v2\/pages"}],"about":[{"href":"https:\/\/panvvg.lt\/index.php?rest_route=\/wp\/v2\/types\/page"}],"author":[{"embeddable":true,"href":"https:\/\/panvvg.lt\/index.php?rest_route=\/wp\/v2\/users\/2"}],"replies":[{"embeddable":true,"href":"https:\/\/panvvg.lt\/index.php?rest_route=%2Fwp%2Fv2%2Fcomments&post=3734"}],"version-history":[{"count":45,"href":"https:\/\/panvvg.lt\/index.php?rest_route=\/wp\/v2\/pages\/3734\/revisions"}],"predecessor-version":[{"id":9487,"href":"https:\/\/panvvg.lt\/index.php?rest_route=\/wp\/v2\/pages\/3734\/revisions\/9487"}],"wp:attachment":[{"href":"https:\/\/panvvg.lt\/index.php?rest_route=%2Fwp%2Fv2%2Fmedia&parent=3734"}],"curies":[{"name":"wp","href":"https:\/\/api.w.org\/{rel}","templated":true}]}}