{"id":3562,"date":"2017-08-21T12:27:31","date_gmt":"2017-08-21T14:27:31","guid":{"rendered":"http:\/\/panvvg.lt\/?page_id=3562"},"modified":"2019-08-22T13:26:13","modified_gmt":"2019-08-22T15:26:13","slug":"kvietimasnr1","status":"publish","type":"page","link":"https:\/\/panvvg.lt?page_id=3562","title":{"rendered":"Kvietimas Nr. 1"},"content":{"rendered":"<p>Parai\u0161kos pagal \u0161\u012f kvietim\u0105 buvo renkamos nuo 2017-08-24 iki 2017-09-29 (kvietimo galiojimo terminas baig\u0117si)<span style=\"color: #ff6600;\"><br \/>\n<\/span>Artimiausiu metu planuojam\u0173 skelbti<span style=\"color: #ff6600;\"> <a href=\"https:\/\/panvvg.lt\/?page_id=3857\" target=\"_blank\" rel=\"noopener noreferrer\">kvietim\u0173 grafikas<\/a><\/span>.<br \/>\n<b><br \/>\n<strong class=\"highlights\">PAPRASTO KVIETIMO TEIKTI VIETOS PROJEKTUS NR. 1 DOKUMENTACIJA<\/strong>:<\/b><\/p>\n<ul style=\"list-style-type: disc;\">\n<li>Paprastas kvietimas teikti vietos projektus Nr. 1 (<strong class=\"highlights\"><a href=\"https:\/\/drive.google.com\/uc?id=0B19YdmmyR4R6eUZ2eHZ2SmowQTA\" target=\"_blank\" rel=\"noopener noreferrer\">kvietimo tekstas<\/a><\/strong>);<\/li>\n<\/ul>\n<ul style=\"list-style-type: disc;\">\n<li>VPS priemon\u0117s \u201ePagrindin\u0117s paslaugos ir kaim\u0173 atnaujinimas kaimo vietov\u0117se\u201c veiklos sritis <strong>\u201eParama investicijoms \u012f vis\u0173 r\u016b\u0161i\u0173 ma\u017eos apimties infrastrukt\u016br\u0105\u201c <\/strong>Nr. LEADER-19.2-7.2:\n<ul style=\"list-style-type: disc;\">\n<li><a href=\"https:\/\/drive.google.com\/uc?id=1GsegeLTdiNZpyMcyFGg72Ee_DBGK_m8W\" target=\"_blank\" rel=\"noopener noreferrer\"><strong class=\"highlights\">Finansavimo s\u0105lyg\u0173 apra\u0161as (FSA) aktuali 2019-07-30 redakcija<\/strong><\/a>, <a href=\"https:\/\/drive.google.com\/uc?id=0B19YdmmyR4R6TVA5blNCMjZoSVU\" target=\"_blank\" rel=\"noopener noreferrer\">2017-08-17 FSA redakcija<\/a>;<\/li>\n<li><a href=\"https:\/\/drive.google.com\/uc?id=0B19YdmmyR4R6cEd4NFREc1l5aEE\" target=\"_blank\" rel=\"noopener noreferrer\">1 priedas <strong class=\"highlights\">Pirmin\u0117 vietos projekto parai\u0161ka<\/strong><\/a>;<\/li>\n<li><a href=\"https:\/\/drive.google.com\/uc?id=0B19YdmmyR4R6V185R3F2NnlvVWs\" target=\"_blank\" rel=\"noopener noreferrer\">2 priedas <strong class=\"highlights\">Galutin\u0117 vietos projekto parai\u0161ka<\/strong><\/a>;<\/li>\n<li><a href=\"https:\/\/drive.google.com\/uc?id=0B19YdmmyR4R6cE9HbGZ3ZkozNlE\" target=\"_blank\" rel=\"noopener noreferrer\">3 priedas <strong class=\"highlights\">Pavyzdin\u0117 jungtin\u0117s veiklos sutarties forma<\/strong><\/a>;<\/li>\n<li><a href=\"https:\/\/drive.google.com\/uc?id=0B19YdmmyR4R6QXNPUVNYVFRKbUE\" target=\"_blank\" rel=\"noopener noreferrer\">4 priedas <strong class=\"highlights\">\u201eVienos \u012fmon\u0117s\u201c deklaracija<\/a><\/strong>.<\/li>\n<\/ul>\n<\/li>\n<\/ul>\n<ul style=\"list-style-type: disc;\">\n<li>Priemon\u0117 <strong>\u201eGyventoj\u0173 aktyvumo, verslumo iniciatyv\u0173 skatinimas, kra\u0161to tradicij\u0173 puosel\u0117jimas\u201c <\/strong>Nr. LEADER-19.2-SAVA-6:\n<ul style=\"list-style-type: disc;\">\n<li><a href=\"https:\/\/drive.google.com\/uc?id=0B19YdmmyR4R6TXZweWRwZFFpTzA\" target=\"_blank\" rel=\"noopener noreferrer\"><strong class=\"highlights\">Finansavimo s\u0105lyg\u0173 apra\u0161as (FSA)<\/strong><\/a>;<\/li>\n<li><a href=\"https:\/\/drive.google.com\/uc?id=0B19YdmmyR4R6YW9Fb0dOX0VkRFU\" target=\"_blank\" rel=\"noopener noreferrer\">1 priedas <strong class=\"highlights\">Pirmin\u0117 vietos projekto parai\u0161ka<\/strong><\/a>;<\/li>\n<li><a href=\"https:\/\/drive.google.com\/uc?id=0B19YdmmyR4R6QndzeHgwOVhtVnc\" target=\"_blank\" rel=\"noopener noreferrer\">2 priedas <strong class=\"highlights\">Galutin\u0117 vietos projekto parai\u0161ka<\/strong><\/a>;<\/li>\n<li><a href=\"https:\/\/drive.google.com\/uc?id=0B19YdmmyR4R6NGtuSXp2TXVMRzg\" target=\"_blank\" rel=\"noopener noreferrer\">3 priedas <strong class=\"highlights\">Pavyzdin\u0117 jungtin\u0117s veiklos sutarties forma<\/strong><\/a>;<\/li>\n<li><a href=\"https:\/\/drive.google.com\/uc?id=0B19YdmmyR4R6aW5XOTV5bjMzUjA\" target=\"_blank\" rel=\"noopener noreferrer\">4 priedas <strong class=\"highlights\">\u201eVienos \u012fmon\u0117s\u201c deklaracija<\/strong><\/a>.<\/li>\n<\/ul>\n<\/li>\n<\/ul>\n<ul style=\"list-style-type: disc;\">\n<li>Priemon\u0117 <strong>\u201eVietos projekt\u0173 parei\u0161k\u0117j\u0173 ir vykdytoj\u0173 mokymas, \u012fg\u016bd\u017ei\u0173 \u012fgijimas\u201c <\/strong>Nr. LEADR-19.2-SAVA-3:\n<ul style=\"list-style-type: disc;\">\n<li><a href=\"https:\/\/drive.google.com\/uc?id=0B19YdmmyR4R6SnRzbmpEbk1HU00\" target=\"_blank\" rel=\"noopener noreferrer\"><strong class=\"highlights\">Finansavimo s\u0105lyg\u0173 apra\u0161as (FSA)<\/strong><\/a>;<\/li>\n<li><a href=\"https:\/\/drive.google.com\/uc?id=0B19YdmmyR4R6aDV6UWdLWlgxZkk\" target=\"_blank\" rel=\"noopener noreferrer\">1 priedas <strong class=\"highlights\">Pirmin\u0117 vietos projekto parai\u0161ka<\/strong><\/a>;<\/li>\n<li><a href=\"https:\/\/drive.google.com\/uc?id=0B19YdmmyR4R6YTRhRm9lTmlWcTA\" target=\"_blank\" rel=\"noopener noreferrer\">2 priedas <strong class=\"highlights\">Galutin\u0117 vietos projekto parai\u0161ka<\/strong><\/a>;<\/li>\n<li><a href=\"https:\/\/drive.google.com\/uc?id=0B19YdmmyR4R6RVBuT3VaNHd0aTA\" target=\"_blank\" rel=\"noopener noreferrer\">3 priedas <strong class=\"highlights\">\u201eVienos \u012fmon\u0117s\u201c deklaracija<\/strong><\/a>.<\/li>\n<\/ul>\n<\/li>\n<\/ul>\n<p>&nbsp;<\/p>\n<p><b>PAPILDOMI DOKUMENTAI (pagalba parei\u0161k\u0117jams)<\/b><b>:<\/b><\/p>\n<ul style=\"list-style-type: disc;\">\n<li>Vietos projekt\u0173, \u012fgyvendinam\u0173 bendruomeni\u0173 inicijuotos vietos pl\u0117tros b\u016bdu, administravimo taisykl\u0117s (<a href=\"https:\/\/www.e-tar.lt\/portal\/lt\/legalAct\/2c022700800111e6b969d7ae07280e89\/ctzwgLSUks\" target=\"_blank\" rel=\"noopener noreferrer\"><strong class=\"highlights\">kvietimo teikti vietos projekt\u0173 parai\u0161kas Nr. 1 metu taikoma suvestin\u0117 redakcija <\/strong><\/a>).<\/li>\n<li>Vietos projekt\u0173, pateikt\u0173 pagal vietos pl\u0117tros strategijas, \u012fgyvendinamas bendruomeni\u0173 inicijuotos vietos pl\u0117tros b\u016bdu, administravimo proced\u016bros apra\u0161as ir priedai (<a href=\"https:\/\/www.nma.lt\/index.php\/parama\/lietuvos-kaimo-pletros-20142020-m-programa\/priemoniu-sarasas\/parama-vietos-projektams-igyvendinti-pagal-vps-\/proceduros-apraso-redakcija-iki-2017-09-01\/14167\" target=\"_blank\" rel=\"noopener noreferrer\">kvietimo teikti vietos projekt\u0173 parai\u0161kas Nr. 1 metu taikoma proced\u016bros apra\u0161o redakcija,<\/a> <strong class=\"highlights\"><a href=\"https:\/\/www.nma.lt\/index.php\/parama\/lietuvos-kaimo-pletros-20142020-m-programa\/priemoniu-sarasas\/parama-vietos-projektams-igyvendinti-pagal-vps-\/proceduros-apraso-redakcija-iki-2017-09-01\/14167\" target=\"_blank\" rel=\"noopener noreferrer\">atnaujinta proced\u016br\u0173 apra\u0161o redakcija, taikoma projektams, pagal kvietimus teikti vietos projekt\u0173 parai\u0161kas, paskelbtus iki 2017 m. rugs\u0117jo 1 d.<\/a><\/strong>).<\/li>\n<li>Vietos projekt\u0173\u00a0<a href=\"https:\/\/www.e-tar.lt\/portal\/lt\/legalAct\/ed70b9107edc11e4bc68a1493830b8b9\/gcNqPREAbI\" target=\"_blank\" rel=\"noopener noreferrer\"><strong class=\"highlights\">vietos projekt\u0173 vie\u0161inimo taisykl\u0117s<\/strong><\/a>.<\/li>\n<\/ul>\n<p>Bendra kvietimo teikti vietos projektus suma 240 000 Eur i\u0161 E\u017d\u016aFKP ir Lietuvos Respublikos valstyb\u0117s biud\u017eeto l\u0117\u0161\u0173.<\/p>\n<p>&nbsp;<\/p>\n<p><strong>KVIETIMO NR. 1 METU GAUT\u0172 VIETOS PROJEKT\u0172 VERTINIMAS<\/strong><\/p>\n<p>Informacija apie u\u017eregistruotas pirmines vietos projekt\u0173 parai\u0161kas (<a href=\"https:\/\/drive.google.com\/open?id=0B19YdmmyR4R6WWE3WW5CTWFwNGM\" target=\"_blank\" rel=\"noopener noreferrer\"><strong class=\"highlights\">projekt\u0173 s\u0105ra\u0161as<\/strong><\/a>)<br \/>\nPirmini\u0173 vietos projekt\u0173 parai\u0161k\u0173 vertinimo <strong class=\"highlights\"><a href=\"https:\/\/drive.google.com\/uc?id=1pXCr-tXMjZurpnyM5ORCxMLYHE2gqKTS\" target=\"_blank\" rel=\"noopener noreferrer\">rezultatai<\/a><\/strong><br \/>\nGalutini\u0173 vietos projekt\u0173 parai\u0161k\u0173 administracin\u0117s atitikties vertinimo <strong class=\"highlights\"><a href=\"https:\/\/drive.google.com\/uc?id=1Ev6n6m29TIJrc3w64JoBh9v_nCgIdWKT\" target=\"_blank\" rel=\"noopener noreferrer\">rezultatai<\/a><\/strong> (LEADER-19.2.-SAVA-6)<br \/>\nGalutini\u0173 vietos projekt\u0173 parai\u0161k\u0173 administracin\u0117s atitikties vertinimo <strong class=\"highlights\"><a href=\"https:\/\/drive.google.com\/uc?id=1zkinMFNERJW5TCol7CDyBtepsi0w49dv\" target=\"_blank\" rel=\"noopener noreferrer\">rezultatai<\/a><\/strong> (LEADER-19.2-7.2)<br \/>\nGalutini\u0173 vietos projekt\u0173 parai\u0161k\u0173 tinkamumo finansuoti vertinimo <strong class=\"highlights\"><a href=\"https:\/\/drive.google.com\/open?id=1EoRp3OSzmHHta2ljHcwETjyfWGG_Ond8\" target=\"_blank\" rel=\"noopener noreferrer\">rezultatai<\/a><\/strong> (LEADER-19.2.-SAVA-6)<br \/>\nGalutini\u0173 vietos projekt\u0173 parai\u0161k\u0173 tinkamumo finansuoti vertinimo <strong class=\"highlights\"><a href=\"https:\/\/drive.google.com\/uc?id=1tUK7O0GOuXCdTCBuJm9ZlXma769EWFIZ\" target=\"_blank\" rel=\"noopener noreferrer\">rezultatai<\/a><\/strong> (LEADER-19.2-7.2)<br \/>\nVietos projekt\u0173 parai\u0161k\u0173 vertinimo rezultat\u0173 <strong class=\"highlights\"><a href=\"https:\/\/drive.google.com\/open?id=1KZQ2Yd8tpha3DczSgONeP-fmbmu8dVMM\" target=\"_blank\" rel=\"noopener noreferrer\">suvestin\u0117<\/a> <\/strong>(LEADER-19.2.-SAVA-6)<br \/>\nVietos projekt\u0173 parai\u0161k\u0173 vertinimo rezultat\u0173 <strong class=\"highlights\"><a href=\"https:\/\/drive.google.com\/uc?id=1HHOr5N8l6uSD0PPjofalMcEK145PyP7w\" target=\"_blank\" rel=\"noopener noreferrer\">suvestin\u0117<\/a> <\/strong>(LEADER-19.2-7.2)<br \/>\nVietos projekt\u0173 atrankos komiteto 2018-01-24 <strong class=\"highlights\"><a href=\"https:\/\/drive.google.com\/uc?id=18PTW7MLYkWCq3PkqJVq-PY5aVR6tZlC2\" target=\"_blank\" rel=\"noopener noreferrer\">nutariamoji<\/a> <\/strong> dalis (LEADER-19.2.-SAVA-6)<br \/>\nVietos projekt\u0173 atrankos komiteto 2018-03-20 <strong class=\"highlights\"><a href=\"https:\/\/drive.google.com\/open?id=1iVY_0D71MYbkW8AG3Ew5es1fs4pfdSzX\" target=\"_blank\" rel=\"noopener noreferrer\">nutariamoji<\/a> <\/strong> dalis (LEADER-<span>19.2-7.2<\/span>)<\/p>\n","protected":false},"excerpt":{"rendered":"<p>Parai\u0161kos pagal \u0161\u012f kvietim\u0105 buvo renkamos nuo 2017-08-24 iki 2017-09-29 (kvietimo galiojimo terminas baig\u0117si) Artimiausiu metu planuojam\u0173 skelbti kvietim\u0173 grafikas. : Paprastas kvietimas teikti vietos projektus Nr. 1 (); VPS priemon\u0117s \u201ePagrindin\u0117s paslaugos ir kaim\u0173 atnaujinimas kaimo vietov\u0117se\u201c veiklos sritis \u201eParama investicijoms \u012f vis\u0173 r\u016b\u0161i\u0173 ma\u017eos apimties infrastrukt\u016br\u0105\u201c Nr. LEADER-19.2-7.2: , 2017-08-17 FSA redakcija; 1 [&hellip;]<\/p>\n","protected":false},"author":2,"featured_media":0,"parent":0,"menu_order":0,"comment_status":"closed","ping_status":"closed","template":"","meta":{"footnotes":""},"class_list":["post-3562","page","type-page","status-publish","hentry"],"_links":{"self":[{"href":"https:\/\/panvvg.lt\/index.php?rest_route=\/wp\/v2\/pages\/3562","targetHints":{"allow":["GET"]}}],"collection":[{"href":"https:\/\/panvvg.lt\/index.php?rest_route=\/wp\/v2\/pages"}],"about":[{"href":"https:\/\/panvvg.lt\/index.php?rest_route=\/wp\/v2\/types\/page"}],"author":[{"embeddable":true,"href":"https:\/\/panvvg.lt\/index.php?rest_route=\/wp\/v2\/users\/2"}],"replies":[{"embeddable":true,"href":"https:\/\/panvvg.lt\/index.php?rest_route=%2Fwp%2Fv2%2Fcomments&post=3562"}],"version-history":[{"count":37,"href":"https:\/\/panvvg.lt\/index.php?rest_route=\/wp\/v2\/pages\/3562\/revisions"}],"predecessor-version":[{"id":8765,"href":"https:\/\/panvvg.lt\/index.php?rest_route=\/wp\/v2\/pages\/3562\/revisions\/8765"}],"wp:attachment":[{"href":"https:\/\/panvvg.lt\/index.php?rest_route=%2Fwp%2Fv2%2Fmedia&parent=3562"}],"curies":[{"name":"wp","href":"https:\/\/api.w.org\/{rel}","templated":true}]}}