{"id":2847,"date":"2017-06-15T07:00:55","date_gmt":"2017-06-15T09:00:55","guid":{"rendered":"http:\/\/panvvg.lt\/?page_id=2847"},"modified":"2025-12-16T19:14:33","modified_gmt":"2025-12-16T17:14:33","slug":"vvg-valdyba","status":"publish","type":"page","link":"https:\/\/panvvg.lt?page_id=2847","title":{"rendered":"VVG valdyba"},"content":{"rendered":"<p align=\"center\"><span style=\"font-family: Tahoma;\"><strong>PANEV\u0116\u017dIO RAJONO VIETOS VEIKLOS GRUP\u0116S VALDYBOS NARIAI<\/strong><\/span><\/p>\n\n<table id=\"tablepress-16\" class=\"tablepress tablepress-id-16 tbody-has-connected-cells\">\n<thead>\n<tr class=\"row-1\">\n\t<th class=\"column-1\">Eil. Nr.<\/th><th class=\"column-2\">Vardas, pavard\u0117<\/th><th class=\"column-3\">Atstovaujama organizacija ar pareigos<\/th>\n<\/tr>\n<\/thead>\n<tbody class=\"row-striping row-hover\">\n<tr class=\"row-2\">\n\t<td colspan=\"3\" class=\"column-1\">Vietos vald\u017eios atstovai:<\/td>\n<\/tr>\n<tr class=\"row-3\">\n\t<td class=\"column-1\">1.<\/td><td class=\"column-2\">Lina Juozaitien\u0117<\/td><td class=\"column-3\">Fizinis asmuo<\/td>\n<\/tr>\n<tr class=\"row-4\">\n\t<td class=\"column-1\">2.<\/td><td class=\"column-2\">Sandra Budreikien\u0117<\/td><td class=\"column-3\">Fizinis asmuo<\/td>\n<\/tr>\n<tr class=\"row-5\">\n\t<td colspan=\"3\" class=\"column-1\">Verslo atstovai:<\/td>\n<\/tr>\n<tr class=\"row-6\">\n\t<td class=\"column-1\">3.<\/td><td class=\"column-2\">Mikas Pa\u010dekajus<\/td><td class=\"column-3\">\u016akininkas<\/td>\n<\/tr>\n<tr class=\"row-7\">\n\t<td class=\"column-1\">4.<\/td><td class=\"column-2\">Valdas Vai\u010diulis<\/td><td class=\"column-3\">\u016akininkas<\/td>\n<\/tr>\n<tr class=\"row-8\">\n\t<td class=\"column-1\">5.<\/td><td class=\"column-2\">Vaida Kazokien\u0117<\/td><td class=\"column-3\">UAB \u201eMartyno paslauga\u201c<\/td>\n<\/tr>\n<tr class=\"row-9\">\n\t<td class=\"column-1\">6.<\/td><td class=\"column-2\">Saulius Kronis<\/td><td class=\"column-3\">Fizinis asmuo, vykdantis individuali\u0105 veikl\u0105<\/td>\n<\/tr>\n<tr class=\"row-10\">\n\t<td colspan=\"3\" class=\"column-1\">Pilietin\u0117s visuomen\u0117s atstovai:<\/td>\n<\/tr>\n<tr class=\"row-11\">\n\t<td class=\"column-1\">7.<\/td><td class=\"column-2\">Birut\u0117 Bronislava Grabauskien\u0117<\/td><td class=\"column-3\">Panev\u0117\u017eio rajono \u0116ri\u0161ki\u0173 kaimo bendruomen\u0117<\/td>\n<\/tr>\n<tr class=\"row-12\">\n\t<td class=\"column-1\">8.<\/td><td class=\"column-2\">Rasa Remeikien\u0117<\/td><td class=\"column-3\">V\u0161\u012e \u201eViltis sodas\u201c<\/td>\n<\/tr>\n<tr class=\"row-13\">\n\t<td class=\"column-1\">9.<\/td><td class=\"column-2\">Andrius Skauda<\/td><td class=\"column-3\">Panev\u0117\u017eio rajono Vadokli\u0173 ir Mik\u0117n\u0173 kaim\u0173 bendruomen\u0117<\/td>\n<\/tr>\n<tr class=\"row-14\">\n\t<td class=\"column-1\">10.<\/td><td class=\"column-2\">Elena Stanien\u0117, VVG valdybos pirminink\u0117<\/td><td class=\"column-3\">Panev\u0117\u017eio rajono kaimo bendruomen\u0117 \u201ePa\u017eagieniai\u201c<\/td>\n<\/tr>\n<tr class=\"row-15\">\n\t<td colspan=\"3\" class=\"column-1\">Kit\u0173 interes\u0173 grupi\u0173 atstovai:<\/td>\n<\/tr>\n<tr class=\"row-16\">\n\t<td class=\"column-1\">11.<\/td><td class=\"column-2\">Dominykas \u017didonis<\/td><td class=\"column-3\">Fizinis asmuo<\/td>\n<\/tr>\n<tr class=\"row-17\">\n\t<td class=\"column-1\">12.<\/td><td class=\"column-2\">Kotryna Ju\u0161kait\u0117, VVG valdybos pirmininko pavaduotoja<\/td><td class=\"column-3\">Fizinis asmuo<\/td>\n<\/tr>\n<\/tbody>\n<\/table>\n<!-- #tablepress-16 from cache -->\n<p style=\"text-align: center;\">\n<p>Valdybos darbo reglamentas (<a href=\"https:\/\/drive.google.com\/uc?id=1dpZjgt9V-Ui-Uku388HqhEQzbpEsJ9YG\" target=\"_blank\" rel=\"noopener\">2020-12-14 redakcija<\/a>)<br \/>\nValdybos nario <a href=\"https:\/\/drive.google.com\/uc?id=1RjwTcKJOaFUR0tlmXJQlB7ffa49jRd51\" target=\"_blank\" rel=\"noopener\">deklaracija<\/a><\/p>\n","protected":false},"excerpt":{"rendered":"<p>PANEV\u0116\u017dIO RAJONO VIETOS VEIKLOS GRUP\u0116S VALDYBOS NARIAI Valdybos darbo reglamentas (2020-12-14 redakcija) Valdybos nario deklaracija<\/p>\n","protected":false},"author":2,"featured_media":0,"parent":0,"menu_order":0,"comment_status":"closed","ping_status":"closed","template":"","meta":{"footnotes":""},"class_list":["post-2847","page","type-page","status-publish","hentry"],"_links":{"self":[{"href":"https:\/\/panvvg.lt\/index.php?rest_route=\/wp\/v2\/pages\/2847","targetHints":{"allow":["GET"]}}],"collection":[{"href":"https:\/\/panvvg.lt\/index.php?rest_route=\/wp\/v2\/pages"}],"about":[{"href":"https:\/\/panvvg.lt\/index.php?rest_route=\/wp\/v2\/types\/page"}],"author":[{"embeddable":true,"href":"https:\/\/panvvg.lt\/index.php?rest_route=\/wp\/v2\/users\/2"}],"replies":[{"embeddable":true,"href":"https:\/\/panvvg.lt\/index.php?rest_route=%2Fwp%2Fv2%2Fcomments&post=2847"}],"version-history":[{"count":10,"href":"https:\/\/panvvg.lt\/index.php?rest_route=\/wp\/v2\/pages\/2847\/revisions"}],"predecessor-version":[{"id":11548,"href":"https:\/\/panvvg.lt\/index.php?rest_route=\/wp\/v2\/pages\/2847\/revisions\/11548"}],"wp:attachment":[{"href":"https:\/\/panvvg.lt\/index.php?rest_route=%2Fwp%2Fv2%2Fmedia&parent=2847"}],"curies":[{"name":"wp","href":"https:\/\/api.w.org\/{rel}","templated":true}]}}