{"id":2769,"date":"2017-05-30T07:38:47","date_gmt":"2017-05-30T09:38:47","guid":{"rendered":"http:\/\/panvvg.lt\/?page_id=2769"},"modified":"2017-07-13T10:25:46","modified_gmt":"2017-07-13T12:25:46","slug":"vvgp","status":"publish","type":"page","link":"https:\/\/panvvg.lt?page_id=2769","title":{"rendered":"VVG projektai"},"content":{"rendered":"<p>[vc_row class=&#8221;worksRow&#8221;][vc_column][vc_column_text]\u0160iame puslapyje rasite visus Panev\u0117\u017eio rajono vietos veiklos grup\u0117s \u0161iuo metu \u012fgyvendinamus ir \u012fgyvendintus projektus.[\/vc_column_text][\/vc_column][\/vc_row]<\/p>\n","protected":false},"excerpt":{"rendered":"<p>[vc_row class=&#8221;worksRow&#8221;][vc_column][vc_column_text]\u0160iame puslapyje rasite visus Panev\u0117\u017eio rajono vietos veiklos grup\u0117s \u0161iuo metu \u012fgyvendinamus ir \u012fgyvendintus projektus.[\/vc_column_text][\/vc_column][\/vc_row]<\/p>\n","protected":false},"author":2,"featured_media":0,"parent":0,"menu_order":0,"comment_status":"closed","ping_status":"closed","template":"portfolio.php","meta":{"footnotes":""},"class_list":["post-2769","page","type-page","status-publish","hentry"],"_links":{"self":[{"href":"https:\/\/panvvg.lt\/index.php?rest_route=\/wp\/v2\/pages\/2769","targetHints":{"allow":["GET"]}}],"collection":[{"href":"https:\/\/panvvg.lt\/index.php?rest_route=\/wp\/v2\/pages"}],"about":[{"href":"https:\/\/panvvg.lt\/index.php?rest_route=\/wp\/v2\/types\/page"}],"author":[{"embeddable":true,"href":"https:\/\/panvvg.lt\/index.php?rest_route=\/wp\/v2\/users\/2"}],"replies":[{"embeddable":true,"href":"https:\/\/panvvg.lt\/index.php?rest_route=%2Fwp%2Fv2%2Fcomments&post=2769"}],"version-history":[{"count":5,"href":"https:\/\/panvvg.lt\/index.php?rest_route=\/wp\/v2\/pages\/2769\/revisions"}],"predecessor-version":[{"id":2797,"href":"https:\/\/panvvg.lt\/index.php?rest_route=\/wp\/v2\/pages\/2769\/revisions\/2797"}],"wp:attachment":[{"href":"https:\/\/panvvg.lt\/index.php?rest_route=%2Fwp%2Fv2%2Fmedia&parent=2769"}],"curies":[{"name":"wp","href":"https:\/\/api.w.org\/{rel}","templated":true}]}}