{"id":2396,"date":"2017-05-04T05:52:10","date_gmt":"2017-05-04T07:52:10","guid":{"rendered":"http:\/\/panvvg.lt\/?page_id=2396"},"modified":"2025-04-16T15:22:04","modified_gmt":"2025-04-16T12:22:04","slug":"apie-vvg","status":"publish","type":"page","link":"https:\/\/panvvg.lt?page_id=2396","title":{"rendered":"Apie VVG"},"content":{"rendered":"<div align=\"justify\"><strong>Panev\u0117\u017eio rajono vietos veiklos grup\u0117<\/strong> &#8211; tai Panev\u0117\u017eio rajono teritorijoje veikianti, partneryst\u0117s principu savo veikl\u0105 grind\u017eianti organizacija, jungianti nevyriausybini\u0173, bendruomenini\u0173 organizacij\u0173, verslo sektoriaus ir vietos vald\u017eios institucij\u0173 atstovus. Panev\u0117\u017eio rajono vietos veiklos grup\u0117 \u012fkurta 2004 m. bir\u017eelio m\u0117nes\u012f.<\/div>\n<div align=\"justify\"><\/div>\n<div align=\"justify\"><strong><br \/>\nOrganizacijos misija<\/strong> &#8211; stiprinti Panev\u0117\u017eio rajono konkurencingum\u0105, skatinant vietos gyventoj\u0173 ir organizacij\u0173 aktyvum\u0105, lyderyst\u0119, teritorin\u012f bei tarptautin\u012f bendradarbiavim\u0105, sudarant palanki\u0105 aplink\u0105 inovacijoms bei jaun\u0173 \u017emoni\u0173 \u012fsitraukimui.<\/div>\n<div align=\"justify\"><\/div>\n<div align=\"justify\">\u0160iuo metu Panev\u0117\u017eio rajono vietos veiklos grup\u0119 sudaro <a href=\"https:\/\/panvvg.lt\/vvg-nariai\/\" target=\"_blank\" rel=\"noopener\">49 nariai<\/a>.<\/div>\n<div align=\"justify\">\u012egyvendindami savo misij\u0105 remiam\u0117s \u0161iomis pagrindin\u0117mis <strong>vertyb\u0117mis<\/strong>:<\/div>\n<ul>\n<li>\n<div align=\"left\">Bendradarbiavimas<\/div>\n<\/li>\n<li>\n<div align=\"left\">Atsakingumas<\/div>\n<\/li>\n<li>\n<div align=\"left\">Skaidrumas, vie\u0161umas<\/div>\n<\/li>\n<li>\n<div align=\"left\">Veikos tvarumas<\/div>\n<\/li>\n<li>\n<div align=\"left\">K\u016brybi\u0161kumas ir novatori\u0161kumas<\/div>\n<\/li>\n<li>\n<div align=\"left\">Lyderyst\u0117 ir iniciatyvumas<\/div>\n<\/li>\n<\/ul>\n<p align=\"left\">\u0160ios vertyb\u0117s &#8211; m\u016bs\u0173 veiklos pagrindas, padedantis siekti u\u017esibr\u0117\u017et\u0173 tiksl\u0173. Jomis remiam\u0117s ir dirbdami su klientais bei partneriais, ir bendraudami tarpusavyje.<\/p>\n<p align=\"left\">Nuo 2009 m. baland\u017eio m\u0117n. iki 2015 m. rugs\u0117jo m\u0117n. Panev\u0117\u017eio rajono vietos veiklos grup\u0117 s\u0117kmingai \u012fgyvendino vietos pl\u0117tros strategij\u0105 \u201ePanev\u0117\u017eio rajono vietos pl\u0117tros strategija 2007-2013 m.&#8221;. Daugiau informacijos apie strategij\u0105 rasite <a href=\"https:\/\/panvvg.lt\/?portfolio=panevezio-rajono-vietos-pletros-strategija-2007-2013-m-2\" target=\"_blank\" rel=\"noopener\">\u010dia<\/a>.<\/p>\n<p align=\"left\">2016 m. pabaigoje Panev\u0117\u017eio rajono vietos veiklos grup\u0117 prad\u0117jo \u012fgyvendinti nauj\u0105j\u0105 Panev\u0117\u017eio rajono 2016-2023 m. vietos pl\u0117tros strategij\u0105. Daugiau informacijos apie strategij\u0105 ir jos \u012fgyvendinim\u0105 rasite <a href=\"https:\/\/panvvg.lt\/?portfolio=panevezio-rajono-2016-2023-m-vietos-pletros-strategija\">\u010dia<\/a>. I\u0161samiai susipa\u017einti su \u012fgyvendinama vietos pl\u0117tros strategij\u0105 ir VVG veiklos metin\u0117mis ataskaitomis galite atvyk\u0119 \u012f biur\u0105 adresu J. \u017demgulio g. 46 (106 kab.), Panev\u0117\u017eys.<\/p>\n<p align=\"left\">Jei susidom\u0117jote organizacijos veikla ir norite aktyviai dalyvauti kaimo pl\u0117tros procesuose Panev\u0117\u017eio rajone, prisijunkite prie m\u016bs\u0173!<\/p>\n<p align=\"left\">Kaip tapti VVG nariu rasite <a href=\"https:\/\/panvvg.lt\/?page_id=2003\">\u010dia<\/a>.<br \/>\nPanev\u0117\u017eio rajono vietos veiklos grup\u0117s <a href=\"https:\/\/drive.google.com\/uc?id=1IwsYkmnlbvLj9k6EDAz7IdCGIAhUPbNf\">\u012fstatai<\/a><br \/>\nValdybos darbo reglamentas (<a href=\"https:\/\/drive.google.com\/uc?id=1dpZjgt9V-Ui-Uku388HqhEQzbpEsJ9YG\" target=\"_blank\" rel=\"noopener\">2020-12-14 redakcija<\/a>)<\/p>\n<p align=\"left\">VVG administracijos darbuotoj\u0173 <a href=\"https:\/\/panvvg.lt\/?page_id=1599\">kontaktai<\/a><br \/>\n<a href=\"https:\/\/drive.google.com\/uc?id=1ArRPAF3_MHrTMWpQ-QCFRBfCJr6WSZyd\" target=\"_blank\" rel=\"noopener\"><\/a><\/p>\n<p align=\"left\">Panev\u0117\u017eio rajono vietos veiklos grup\u0117s patvirtint\u0173 finansini\u0173 <a href=\"https:\/\/www.registrucentras.lt\/jar\/p\/dok.php?kod=300031486\" target=\"_blank\" rel=\"noopener\">ataskait\u0173 rinkiniai<\/a><\/p>\n<p>&nbsp;<\/p>\n<p>&nbsp;<\/p>\n","protected":false},"excerpt":{"rendered":"<p>Panev\u0117\u017eio rajono vietos veiklos grup\u0117 &#8211; tai Panev\u0117\u017eio rajono teritorijoje veikianti, partneryst\u0117s principu savo veikl\u0105 grind\u017eianti organizacija, jungianti nevyriausybini\u0173, bendruomenini\u0173 organizacij\u0173, verslo sektoriaus ir vietos vald\u017eios institucij\u0173 atstovus. Panev\u0117\u017eio rajono vietos veiklos grup\u0117 \u012fkurta 2004 m. bir\u017eelio m\u0117nes\u012f. Organizacijos misija &#8211; stiprinti Panev\u0117\u017eio rajono konkurencingum\u0105, skatinant vietos gyventoj\u0173 ir organizacij\u0173 aktyvum\u0105, lyderyst\u0119, teritorin\u012f bei tarptautin\u012f [&hellip;]<\/p>\n","protected":false},"author":2,"featured_media":0,"parent":0,"menu_order":0,"comment_status":"closed","ping_status":"closed","template":"","meta":{"footnotes":""},"class_list":["post-2396","page","type-page","status-publish","hentry"],"_links":{"self":[{"href":"https:\/\/panvvg.lt\/index.php?rest_route=\/wp\/v2\/pages\/2396","targetHints":{"allow":["GET"]}}],"collection":[{"href":"https:\/\/panvvg.lt\/index.php?rest_route=\/wp\/v2\/pages"}],"about":[{"href":"https:\/\/panvvg.lt\/index.php?rest_route=\/wp\/v2\/types\/page"}],"author":[{"embeddable":true,"href":"https:\/\/panvvg.lt\/index.php?rest_route=\/wp\/v2\/users\/2"}],"replies":[{"embeddable":true,"href":"https:\/\/panvvg.lt\/index.php?rest_route=%2Fwp%2Fv2%2Fcomments&post=2396"}],"version-history":[{"count":36,"href":"https:\/\/panvvg.lt\/index.php?rest_route=\/wp\/v2\/pages\/2396\/revisions"}],"predecessor-version":[{"id":11221,"href":"https:\/\/panvvg.lt\/index.php?rest_route=\/wp\/v2\/pages\/2396\/revisions\/11221"}],"wp:attachment":[{"href":"https:\/\/panvvg.lt\/index.php?rest_route=%2Fwp%2Fv2%2Fmedia&parent=2396"}],"curies":[{"name":"wp","href":"https:\/\/api.w.org\/{rel}","templated":true}]}}