{"id":1988,"date":"2017-03-14T17:22:48","date_gmt":"2017-03-14T19:22:48","guid":{"rendered":"http:\/\/panvvg.lt\/?page_id=1988"},"modified":"2021-12-20T16:51:10","modified_gmt":"2021-12-20T14:51:10","slug":"viesinimo-zenklai","status":"publish","type":"page","link":"https:\/\/panvvg.lt?page_id=1988","title":{"rendered":"Vie\u0161inimo \u017eenklai"},"content":{"rendered":"<p><span>Suteiktos paramos pagal Lietuvos kaimo pl\u0117tros 2014\u20132020 met\u0173 program\u0105<\/span><span>\u00a0<\/span><a href=\"https:\/\/www.e-tar.lt\/portal\/lt\/legalAct\/ed70b9107edc11e4bc68a1493830b8b9\/UNpnUDjasX\">vie\u0161inimo taisykl\u0117s<\/a>.<\/p>\n<p>Logotipai spaudai:<br \/>\n<span>&#8211; KPF logotipas (<\/span><a href=\"https:\/\/drive.google.com\/uc?id=1g7tX1GlfBiB5Yo5-wBn9uCCfu73irz2q\" target=\"_blank\" rel=\"noopener noreferrer\">cdr formatu<\/a><span>,\u00a0<\/span><a href=\"https:\/\/drive.google.com\/uc?id=14j2g59sN7puVlPUi1GeCRRmVSC4DfBBt\" target=\"_blank\" rel=\"noopener noreferrer\">png<\/a><span>\u00a0formatu);<\/span><br \/>\n<span>&#8211; LEADER logotipas (<a href=\"https:\/\/drive.google.com\/uc?id=1Fj5joYfC9hHFEtcSY4EFqmeu88E8lZrP\" target=\"_blank\" rel=\"noopener noreferrer\">svg<\/a><\/span><span> formatu,\u00a0<\/span><a href=\"https:\/\/drive.google.com\/uc?id=121dEQnOnW2iZq6o0cJpEoTHQoBd4tUVt\" target=\"_blank\" rel=\"noopener noreferrer\">png<\/a><span>\u00a0formatu);<\/span><br \/>\n<span>&#8211;\u00a0Lietuvos LEADER logotipas (<\/span><a href=\"https:\/\/drive.google.com\/file\/d\/0B19YdmmyR4R6OFc3OExJcmRjVkU\/view?usp=sharing&amp;resourcekey=0--7oU5CrZ-x1xTwGV-pJUxw\">cdr<\/a><span>\u00a0ir\u00a0<\/span><a href=\"https:\/\/drive.google.com\/file\/d\/0B19YdmmyR4R6RmJmcUN3RzRfaFk\/view?usp=sharing&amp;resourcekey=0--1388gFRSPpmmfLfCfNM1A\">jpg<\/a><span>\u00a0formatu);<\/span><br \/>\n<span>&#8211; Panev\u0117\u017eio rajono vietos veiklos grup\u0117s logotipas (<\/span><a href=\"https:\/\/drive.google.com\/file\/d\/0B19YdmmyR4R6V1VTS1RUMTlCZkU\/view?usp=sharing&amp;resourcekey=0-YHRNUCDJk_3K68TCniZCDA\" target=\"_blank\" rel=\"noopener\">cdr<\/a><span>\u00a0ir jpg (<\/span><a href=\"https:\/\/drive.google.com\/file\/d\/0B19YdmmyR4R6LVI2aE5nREdyNDg\/view?usp=sharing&amp;resourcekey=0-dfLAcsiLTIVYr1VMFJ629g\" target=\"_blank\" rel=\"noopener\">didelis<\/a><span>,\u00a0<\/span><a href=\"https:\/\/drive.google.com\/file\/d\/0B19YdmmyR4R6UmI3UjJfeFlxcVk\/view?usp=sharing&amp;resourcekey=0-eEvcX7J5lci25zNJtM1_Wg\">ma\u017eas<\/a><span>) formatu);<br \/>\n&#8211; LR \u017dem\u0117s \u016bkio ministerijos vie\u0161inimo \u017eenklai (<a href=\"https:\/\/drive.google.com\/uc?id=1eDV1_mTbjUvQsEom5frHXSMYZjVuWKWr\" target=\"_blank\" rel=\"noopener noreferrer\">cdr<\/a>, <a href=\"https:\/\/drive.google.com\/uc?id=1f0sculqKUeNORVwYtx0PUpvMbUnkFMXU\" target=\"_blank\" rel=\"noopener noreferrer\">jpg<\/a> ir <a href=\"https:\/\/drive.google.com\/uc?id=1ra6D2jb7aDtIItjG9SbpLcu0uikDjuTT\" target=\"_blank\" rel=\"noopener noreferrer\">pdf<\/a> formatu).<\/span><\/p>\n","protected":false},"excerpt":{"rendered":"<p>Suteiktos paramos pagal Lietuvos kaimo pl\u0117tros 2014\u20132020 met\u0173 program\u0105\u00a0vie\u0161inimo taisykl\u0117s. Logotipai spaudai: &#8211; KPF logotipas (cdr formatu,\u00a0png\u00a0formatu); &#8211; LEADER logotipas (svg formatu,\u00a0png\u00a0formatu); &#8211;\u00a0Lietuvos LEADER logotipas (cdr\u00a0ir\u00a0jpg\u00a0formatu); &#8211; Panev\u0117\u017eio rajono vietos veiklos grup\u0117s logotipas (cdr\u00a0ir jpg (didelis,\u00a0ma\u017eas) formatu); &#8211; LR \u017dem\u0117s \u016bkio ministerijos vie\u0161inimo \u017eenklai (cdr, jpg ir pdf formatu).<\/p>\n","protected":false},"author":1,"featured_media":0,"parent":0,"menu_order":0,"comment_status":"closed","ping_status":"closed","template":"","meta":{"footnotes":""},"class_list":["post-1988","page","type-page","status-publish","hentry"],"_links":{"self":[{"href":"https:\/\/panvvg.lt\/index.php?rest_route=\/wp\/v2\/pages\/1988","targetHints":{"allow":["GET"]}}],"collection":[{"href":"https:\/\/panvvg.lt\/index.php?rest_route=\/wp\/v2\/pages"}],"about":[{"href":"https:\/\/panvvg.lt\/index.php?rest_route=\/wp\/v2\/types\/page"}],"author":[{"embeddable":true,"href":"https:\/\/panvvg.lt\/index.php?rest_route=\/wp\/v2\/users\/1"}],"replies":[{"embeddable":true,"href":"https:\/\/panvvg.lt\/index.php?rest_route=%2Fwp%2Fv2%2Fcomments&post=1988"}],"version-history":[{"count":6,"href":"https:\/\/panvvg.lt\/index.php?rest_route=\/wp\/v2\/pages\/1988\/revisions"}],"predecessor-version":[{"id":10096,"href":"https:\/\/panvvg.lt\/index.php?rest_route=\/wp\/v2\/pages\/1988\/revisions\/10096"}],"wp:attachment":[{"href":"https:\/\/panvvg.lt\/index.php?rest_route=%2Fwp%2Fv2%2Fmedia&parent=1988"}],"curies":[{"name":"wp","href":"https:\/\/api.w.org\/{rel}","templated":true}]}}