{"id":1986,"date":"2017-03-14T17:22:32","date_gmt":"2017-03-14T19:22:32","guid":{"rendered":"http:\/\/panvvg.lt\/?page_id=1986"},"modified":"2018-06-13T14:20:49","modified_gmt":"2018-06-13T16:20:49","slug":"apie-socialini-versla","status":"publish","type":"page","link":"https:\/\/panvvg.lt?page_id=1986","title":{"rendered":"Socialinis verslas"},"content":{"rendered":"<p>[vc_row][vc_column][vc_column_text]Pastaraisiais metais Europos S\u0105junga skiria daug d\u0117mesio socialinei ekonomikai ir jos vystymui siekiant spr\u0119sti jaunimo nedarbo, socialin\u0117s atskirties ir kitas problemas.<br \/>\nSocialin\u0119 ekonomik\u0105 sudaro organizacijos, pasi\u017eymin\u010dios keliomis savyb\u0117mis tokiomis kaip:<br \/>\na) jos yra ne valstybin\u0117s, bet priva\u010dios;<br \/>\nb) jos veikia autonomi\u0161kai;<br \/>\nc) j\u0173 pagrindinis tikslas yra tenkinti \u017emoni\u0173 reikmes, o ne siekti finansin\u0117s naudos;<br \/>\nd) jos gali vykdyti ekonomines veiklas, bet pajamos n\u0117ra j\u0173 pagrindinis tikslas;<br \/>\ne) tai demokratin\u0117s organizacijos;<br \/>\nf) visas l\u0117\u0161as naudoja siekiant socialin\u0117s misijos.<\/p>\n<p>Socialinis verslas \u2013 organizacijos, kuri\u0173 misija yra atrasti k\u016brybi\u0161kus, verslius sprendimus did\u017eiausioms visuomen\u0117s problemoms, tokioms kaip skurdas, i\u0161silavinimo galimybi\u0173 stygius, nedarbas, sveikatos ir kitos visuomen\u0119 ar ma\u017eas bendruomenes apiman\u010dios problemos.<\/p>\n<p><a href=\"https:\/\/www.youtube.com\/watch?v=zADS4f9PBUI\" target=\"_blank\" rel=\"noopener\">Socialinis verslas \u2013 kas tai? (trumpas video filmukas)<\/a><br \/>\n<a href=\"https:\/\/drive.google.com\/file\/d\/0B63HghLtuKCHMGdRZE1MSUo0RkU\/view?usp=sharing\">Socialinio verslo gidas<\/a><br \/>\n<a href=\"https:\/\/ukmin.lrv.lt\/uploads\/ukmin\/documents\/files\/Verslo%20aplinka\/socialinis_verslas\/SVS_2015-2017_veiksmu_plano.pdf\">Lietuvos Respublikos \u016bkio ministro 2015 m. gruod\u017eio 23 d. \u012fsakymas Nr. 4-827 \u201eD\u0117l Socialinio verslo skatinimo 2015\u20132017 met\u0173 veiksm\u0173 plano patvirtinimo&#8221;<\/a><br \/>\n<a href=\"http:\/\/www3.lrs.lt\/pls\/inter3\/dokpaieska.showdoc_l?p_id=1021941&amp;p_tr2=2\">Lietuvos Respublikos \u016bkio ministro 2015 m. baland\u017eio 3 d. \u012fsakymas Nr. 4-207 \u201eD\u0117l Socialinio verslo koncepcijos patvirtinimo&#8221;<\/a>(g<span>aliojanti suvestin\u0117 redakcija <a href=\"https:\/\/e-seimas.lrs.lt\/portal\/legalAct\/lt\/TAD\/820ade70da4011e48533ed4be8ca86a2\/KTAPqWmzPt\" target=\"_blank\" rel=\"noopener\">(nuo 2016-08-31)<\/a>)<\/span><br \/>\n<a href=\"http:\/\/www.verslilietuva.lt\/uploads\/media\/56b21bd4a8efb\/Soc%20verslas%20brosura.pdf\">Rekomendacijos savivaldyb\u0117ms d\u0117l veiksming\u0173 vie\u0161ojo administravimo priemoni\u0173, skatinan\u010di\u0173 socialinio verslo pl\u0117tr\u0105<\/a><br \/>\n<a href=\"http:\/\/www.old.panvvg.lt\/default.asp?ID=3&amp;item=421\" target=\"_blank\" rel=\"noopener\">Bendruomenini\u0173 organizacij\u0173 galimyb\u0117s teikti socialines paslaugas kaimo vietov\u0117se (2015-10-21 seminaras)<\/a><br \/>\n<a href=\"http:\/\/www.socialinisverslas.lt\/gerieji-pavyzdziai\/\" target=\"_blank\" rel=\"noopener\">Socialinio verslo gerieji pavyzd\u017eiai (www.socialinisverslas.lt)<\/a><br \/>\n<a href=\"http:\/\/www.socialinisverslas.lt\/forumas\/\" target=\"_blank\" rel=\"noopener\">Socialinio verslo forumas<\/a> (forumo rengini\u0173 <a href=\"https:\/\/drive.google.com\/file\/d\/0B-LmVXTyQiK1M0ZqWnA2cDl0cFU\/view\" target=\"_blank\" rel=\"noopener\">2014 m.<\/a>, <a href=\"https:\/\/drive.google.com\/file\/d\/0B-LmVXTyQiK1LVUwZkxBUkNQaUU\/view\" target=\"_blank\" rel=\"noopener\">2015 m.<\/a>, <a href=\"https:\/\/drive.google.com\/file\/d\/0B0BAFaf2iqeGS1hSdUUtdXppTFk\/view\" target=\"_blank\" rel=\"noopener\">2016 m.<\/a>, <a href=\"http:\/\/www.socialinisverslas.lt\/wp-content\/uploads\/2017\/06\/SOC_LIET_17-1.pdf\" target=\"_blank\" rel=\"noopener\">2017 m.<\/a> ataskaitos lietuvi\u0173 kalba)<br \/>\n<a href=\"https:\/\/www.facebook.com\/groups\/193744704006846\/\" target=\"_blank\" rel=\"noopener\">Socialinio verslo ir socialini\u0173 inovacij\u0173 grup\u0117 socialiniame tinkle facebook<\/a><br \/>\n<a href=\"https:\/\/drive.google.com\/open?id=0B19YdmmyR4R6VndYeHMwLVlKb28\" target=\"_blank\" rel=\"noopener\">Socialinio verslo pl\u0117tros Lietuvoje galimybi\u0173 studija (2016 m., reng\u0117jai: Lietuvos inovacij\u0173 centras, asociacija &#8222;\u017dini\u0173 ekonomikos forumas&#8221;)<\/a><br \/>\n<a href=\"https:\/\/www.e-tar.lt\/portal\/lt\/legalAct\/c2dd3290c53e11e79122ea2db7aeb5f0\/SjBTrTVUnQ\" target=\"_blank\" rel=\"noopener\">Socialinio verslo vykdymo pagal Lietuvos kaimo pl\u0117tros 2014\u20132020 met\u0173 programos priemones gair\u0117s (suvestin\u0117 redakcija nuo 2017-12-02)<\/a><br \/>\nKonsultacin\u0117 pagalba pradedantiems socialin\u012f versl\u0105 konkre\u010diomis temomis (<a href=\"https:\/\/www.nma.lt\/uploads\/files\/dir1593\/dir79\/dir3\/7_0.php\" target=\"_blank\" rel=\"noopener\">konsultuojan\u010di\u0173 asmen\u0173 s\u0105ra\u0161as<\/a>)[\/vc_column_text][\/vc_column][\/vc_row][vc_row class=&#8221;custom_class&#8221;][vc_column][vc_text_separator title=&#8221;Straipsniai ir prane\u0161imai socialinio verslo tematika&#8221; title_align=&#8221;separator_align_left&#8221;][latest_blog dynamic_from_where=&#8221;cat&#8221; dynamic_cat=&#8221;54&#8243; carousel=&#8221;no&#8221; style=&#8221;boxed&#8221; posts_per_page=&#8221;12&#8243;][vc_empty_space height=&#8221;20px&#8221;][vc_column_text]<\/p>\n<p style=\"text-align: left;\"><a class=\"btn-bt default\" style=\"padding: 10px 48px;\" href=\"https:\/\/panvvg.lt\/?cat=54\/\">Daugiau<i class=\"moon-arrow-right-5\"><\/i><\/a><\/p>\n<p>[\/vc_column_text][\/vc_column][\/vc_row]<\/p>\n","protected":false},"excerpt":{"rendered":"<p>[vc_row][vc_column][vc_column_text]Pastaraisiais metais Europos S\u0105junga skiria daug d\u0117mesio socialinei ekonomikai ir jos vystymui siekiant spr\u0119sti jaunimo nedarbo, socialin\u0117s atskirties ir kitas problemas. Socialin\u0119 ekonomik\u0105 sudaro organizacijos, pasi\u017eymin\u010dios keliomis savyb\u0117mis tokiomis kaip: a) jos yra ne valstybin\u0117s, bet priva\u010dios; b) jos veikia autonomi\u0161kai; c) j\u0173 pagrindinis tikslas yra tenkinti \u017emoni\u0173 reikmes, o ne siekti finansin\u0117s naudos; d) [&hellip;]<\/p>\n","protected":false},"author":1,"featured_media":0,"parent":0,"menu_order":0,"comment_status":"closed","ping_status":"closed","template":"","meta":{"footnotes":""},"class_list":["post-1986","page","type-page","status-publish","hentry"],"_links":{"self":[{"href":"https:\/\/panvvg.lt\/index.php?rest_route=\/wp\/v2\/pages\/1986","targetHints":{"allow":["GET"]}}],"collection":[{"href":"https:\/\/panvvg.lt\/index.php?rest_route=\/wp\/v2\/pages"}],"about":[{"href":"https:\/\/panvvg.lt\/index.php?rest_route=\/wp\/v2\/types\/page"}],"author":[{"embeddable":true,"href":"https:\/\/panvvg.lt\/index.php?rest_route=\/wp\/v2\/users\/1"}],"replies":[{"embeddable":true,"href":"https:\/\/panvvg.lt\/index.php?rest_route=%2Fwp%2Fv2%2Fcomments&post=1986"}],"version-history":[{"count":11,"href":"https:\/\/panvvg.lt\/index.php?rest_route=\/wp\/v2\/pages\/1986\/revisions"}],"predecessor-version":[{"id":4685,"href":"https:\/\/panvvg.lt\/index.php?rest_route=\/wp\/v2\/pages\/1986\/revisions\/4685"}],"wp:attachment":[{"href":"https:\/\/panvvg.lt\/index.php?rest_route=%2Fwp%2Fv2%2Fmedia&parent=1986"}],"curies":[{"name":"wp","href":"https:\/\/api.w.org\/{rel}","templated":true}]}}