{"id":1954,"date":"2017-03-14T17:17:29","date_gmt":"2017-03-14T19:17:29","guid":{"rendered":"http:\/\/panvvg.lt\/?page_id=1954"},"modified":"2022-07-22T12:18:32","modified_gmt":"2022-07-22T09:18:32","slug":"viesieji-pirkimai","status":"publish","type":"page","link":"https:\/\/panvvg.lt?page_id=1954","title":{"rendered":"Vie\u0161ieji pirkimai"},"content":{"rendered":"<p><strong>VIE\u0160IEJI PIRKIMAI:<\/strong><\/p>\n<p>AKTUAL\u016aS:<br \/>\n<a href=\"https:\/\/panvvg.lt\/?p=10432\" target=\"_blank\" rel=\"noopener\">Biuro patalp\u0173 nuomos pirkimas<\/a><\/p>\n<p>DOKUMENTACIJA:<br \/>\n<a href=\"http:\/\/mw.eviesiejipirkimai.lt\/vpm\/SVPTS\/svpts_sarasas.asp?SBJ_ID=1020277731\">Panev\u0117\u017eio rajono vietos veiklos grup\u0117s supaprastint\u0173 vie\u0161\u0173j\u0173 pirkim\u0173 taisykl\u0117s<\/a><br \/>\n<a href=\"http:\/\/old.panvvg.lt\/bendruomenes\/File\/Panevezio%20rajono%20vvg%20VPkomisijos%20reglamentas%202010%2006%2014.doc\">Vie\u0161ojo prikimo komisijos darbo reglamentas<\/a><\/p>\n<p>VVG PIRKIMAI:<br \/>\n<a href=\"https:\/\/eviesiejipirkimai.lt\/index.php?option=com_vptpublic&amp;task=sutartys&amp;Itemid=109&amp;filter_show=1&amp;filter_limit=10&amp;vpt_unite=Panev%C4%97%C5%BEio+rajono+vietos+veiklos+grup%C4%97&amp;filter_authority=Panev%C4%97%C5%BEio+rajono+Vietos+Veiklos+Grup%C4%97\" target=\"_blank\" rel=\"noopener\">Panev\u0117\u017eio rajono vietos veiklos grup\u0117s pirkim\u0173 sutartys (evesiejipirkimai.lt)<\/a><br \/>\n<a href=\"http:\/\/drive.google.com\/open?id=0B0VHXJ0YE-y7X0lNb1JoeGRwMnc\">Panev\u0117\u017eio rajono vietos veiklos grup\u0117s planuojami vykdyti (\u012fvyk\u0119) vie\u0161ieji pirkimai (2016 m.)<\/a><a href=\"https:\/\/drive.google.com\/file\/d\/0B63HghLtuKCHZU1RUUthYmZ3N2c\/view?usp=sharing\"><br \/>\n<\/a><a href=\"http:\/\/drive.google.com\/open?id=1O6FQ4Bx-L269Io2KUOLxxbBvvlfffISQov70lB55Me0\">Panev\u0117\u017eio rajono vietos veiklos grup\u0117s planuojami vykdyti (\u012fvyk\u0119) vie\u0161ieji pirkimai (2017 m.)<\/a><\/p>\n<p><span>METODIN\u0116 INFORMACIJA:<\/span><br \/>\n<a href=\"https:\/\/vpt.lrv.lt\/lt\/cvp-is\/mokymu-medziaga\/perkanciosioms-organizacijoms-1\" target=\"_blank\" rel=\"noopener\">Vie\u0161\u0173j\u0173 pirkim\u0173 tarnybos parengta mokym\u0173 med\u017eiaga perkan\u010diosioms organizacijoms<\/a><br \/>\n<a href=\"https:\/\/vpt.lrv.lt\/lt\/cvp-is\/mokymu-medziaga\/mokomieji-filmukai\" target=\"_blank\" rel=\"noopener\">Vie\u0161\u0173j\u0173 pirkim\u0173 tarnybos seminar\u0173 med\u017eiaga<br \/>\n<\/a><a href=\"https:\/\/vpt.lrv.lt\/lt\/cvp-is\/mokymu-medziaga\/mokomieji-filmukai\" target=\"_blank\" rel=\"noopener\">Vie\u0161\u0173j\u0173 pirkim\u0173 tarnybos parengti mokomieji filmukai<\/a><br \/>\n<a href=\"https:\/\/drive.google.com\/uc?id=1sqEIkjW1WdO1yaNs3XRQULGp_dPkqXQs\" target=\"_blank\" rel=\"noopener\">Vie\u0161\u0173j\u0173 pirkim\u0173 tvarkos pakeitim\u0173 nuo 2017-07-01 trumpa santrauka<\/a><a href=\"https:\/\/vpt.lrv.lt\/lt\/cvp-is\/mokymu-medziaga\/seminaru-medziaga\" target=\"_blank\" rel=\"noopener\"><\/a><\/p>\n","protected":false},"excerpt":{"rendered":"<p>VIE\u0160IEJI PIRKIMAI: AKTUAL\u016aS: Biuro patalp\u0173 nuomos pirkimas DOKUMENTACIJA: Panev\u0117\u017eio rajono vietos veiklos grup\u0117s supaprastint\u0173 vie\u0161\u0173j\u0173 pirkim\u0173 taisykl\u0117s Vie\u0161ojo prikimo komisijos darbo reglamentas VVG PIRKIMAI: Panev\u0117\u017eio rajono vietos veiklos grup\u0117s pirkim\u0173 sutartys (evesiejipirkimai.lt) Panev\u0117\u017eio rajono vietos veiklos grup\u0117s planuojami vykdyti (\u012fvyk\u0119) vie\u0161ieji pirkimai (2016 m.) Panev\u0117\u017eio rajono vietos veiklos grup\u0117s planuojami vykdyti (\u012fvyk\u0119) vie\u0161ieji pirkimai (2017 [&hellip;]<\/p>\n","protected":false},"author":1,"featured_media":0,"parent":0,"menu_order":0,"comment_status":"closed","ping_status":"closed","template":"","meta":{"footnotes":""},"class_list":["post-1954","page","type-page","status-publish","hentry"],"_links":{"self":[{"href":"https:\/\/panvvg.lt\/index.php?rest_route=\/wp\/v2\/pages\/1954","targetHints":{"allow":["GET"]}}],"collection":[{"href":"https:\/\/panvvg.lt\/index.php?rest_route=\/wp\/v2\/pages"}],"about":[{"href":"https:\/\/panvvg.lt\/index.php?rest_route=\/wp\/v2\/types\/page"}],"author":[{"embeddable":true,"href":"https:\/\/panvvg.lt\/index.php?rest_route=\/wp\/v2\/users\/1"}],"replies":[{"embeddable":true,"href":"https:\/\/panvvg.lt\/index.php?rest_route=%2Fwp%2Fv2%2Fcomments&post=1954"}],"version-history":[{"count":7,"href":"https:\/\/panvvg.lt\/index.php?rest_route=\/wp\/v2\/pages\/1954\/revisions"}],"predecessor-version":[{"id":10435,"href":"https:\/\/panvvg.lt\/index.php?rest_route=\/wp\/v2\/pages\/1954\/revisions\/10435"}],"wp:attachment":[{"href":"https:\/\/panvvg.lt\/index.php?rest_route=%2Fwp%2Fv2%2Fmedia&parent=1954"}],"curies":[{"name":"wp","href":"https:\/\/api.w.org\/{rel}","templated":true}]}}