{"id":1599,"date":"2014-08-21T14:04:33","date_gmt":"2014-08-21T16:04:33","guid":{"rendered":"http:\/\/104.131.255.213\/specular\/default\/?page_id=1599"},"modified":"2026-02-03T14:58:20","modified_gmt":"2026-02-03T12:58:20","slug":"kontaktai","status":"publish","type":"page","link":"https:\/\/panvvg.lt?page_id=1599","title":{"rendered":"Kontaktai"},"content":{"rendered":"<p>[vc_row type=&#8221;full_width_content&#8221;][vc_column][google_map height=&#8221;380&#8243; style=&#8221;&#8222;border: 0&#8222;;&#8221; src=&#8221;&#8222;https:\/\/www.google.com\/maps\/embed?pb=!1m18!1m12!1m3!1d2247.112394617826!2d24.34820125196007!3d55.7217988804496!2m3!1f0!2f0!3f0!3m2!1i1024!2i768!4f13.1!3m3!1m2!1s0x46e6322378e898a5%3A0x85aeaef54a2dca92!2zSi4gxb1lbWd1bGlvIGcuIDQ2LCBQYW5ldsSXxb55cyAzNTIzNg!5e0!3m2!1sen!2slt!4v1489518206651&#8222;&#8221; width=&#8221;&#8222;600&#8222;&#8221; frameborder=&#8221;&#8222;0&#8222;&#8221; dynamic_src=&#8221;https:\/\/www.google.com\/maps\/embed?pb=!1m18!1m12!1m3!1d2247.112394617826!2d24.34820125196007!3d55.7217988804496!2m3!1f0!2f0!3f0!3m2!1i1024!2i768!4f13.1!3m3!1m2!1s0x46e6322378e898a5%3A0x85aeaef54a2dca92!2zSi4gxb1lbWd1bGlvIGcuIDQ2LCBQYW5ldsSXxb55cyAzNTIzNg!5e0!3m2!1sen!2slt!4v1489518206651&#8243; desc=&#8221;Content after the map&#8221;][\/vc_column][\/vc_row][vc_row type=&#8221;full_width_background&#8221; bg_color=&#8221;#f6f6f6&#8243;][vc_column width=&#8221;1\/4&#8243;][vc_column_text]<\/p>\n<h1>PANEV\u0116\u017dIO RAJONO VIETOS VEIKLOS GRUP\u0116<\/h1>\n<p>Asociacija, kodas 300031486<\/p>\n<p><strong>Darbo laikas:<\/strong><br \/>\nI \u2013 V 9.00 \u2013 18.00 val.<br \/>\npiet\u0173 pertrauka 12.00 \u2013 13.00 val.<\/p>\n<p><strong>SUSITIKIMUS DERINAME I\u0160 ANKSTO &#8211; A\u010cI\u016a U\u017d SUPRATINGUM\u0104!<\/strong><\/p>\n<p>[\/vc_column_text][vc_column_text]<strong>VVG administracija:<\/strong><\/p>\n<div class=\"wpb_content_element list\">\n<ul data-icon=\"linecon-icon-location\">\n<li class=\"simple\"><i class=\"linecon-icon-location\"><\/i><em>J. \u017demgulio g. 46 (106 kab.), 35239 Panev\u0117\u017eys<\/em><i class=\"linecon-icon-phone\"><\/i><\/li>\n<\/ul>\n<\/div>\n<div class=\"wpb_content_element list\">\n<ul data-icon=\"linecon-icon-mail\">\n<li class=\"simple\"><i class=\"linecon-icon-mail\"><\/i><em>panvvg@gmail.com<\/em><\/li>\n<\/ul>\n<\/div>\n<div class=\"wpb_content_element list\"><\/div>\n<p>[\/vc_column_text][\/vc_column][vc_column width=&#8221;1\/4&#8243;][vc_empty_space height=&#8221;20px&#8221;][vc_column_text]<strong>Vilma Juodagalvyt\u0117-Baranovskaja<\/strong><br \/>\nProjekt\u0173 koordinator\u0117<a href=\"https:\/\/drive.google.com\/uc?id=1WaCMPAh_88w9GaMj-IVY-QbidEN7XI7I\" target=\"_blank\" rel=\"noopener\"><\/a><br \/>\n<a href=\"https:\/\/drive.google.com\/uc?id=1xKJ02kQNjOXEHnDKhBzrU4_GwT1KK8s3\" target=\"_blank\" rel=\"noopener\">Pareiginiai nuostatai<\/a><\/p>\n<div class=\"wpb_content_element list\">\n<ul data-icon=\"linecon-icon-phone\">\n<li class=\"simple\"><i class=\"linecon-icon-phone\"><\/i><em>+370 686 03 434<\/em><\/li>\n<\/ul>\n<\/div>\n<div class=\"wpb_content_element list\">\n<ul data-icon=\"linecon-icon-mail\">\n<li class=\"simple\"><i class=\"linecon-icon-mail\"><\/i><em>vilmajuodagalvyte@gmail.com<\/em><\/li>\n<\/ul>\n<\/div>\n<div class=\"wpb_content_element list\"><\/div>\n<div class=\"wpb_text_column wpb_content_element \"><\/div>\n<p>[\/vc_column_text][vc_column_text]<strong>Reda Majauskien\u0117<\/strong><br \/>\nProjekt\u0173 vadov\u0117<br \/>\n<a href=\"https:\/\/drive.google.com\/uc?id=1WaCMPAh_88w9GaMj-IVY-QbidEN7XI7I\" target=\"_blank\" rel=\"noopener\" data-wplink-edit=\"true\">Pareiginiai nuostatai <\/a><\/p>\n<div class=\"wpb_content_element list\">\n<ul data-icon=\"linecon-icon-phone\">\n<li class=\"simple\"><i class=\"linecon-icon-phone\"><\/i><em>+370\u00a0684 48 765<\/em><\/li>\n<\/ul>\n<\/div>\n<div class=\"wpb_content_element list\">\n<ul data-icon=\"linecon-icon-mail\">\n<li class=\"simple\"><i class=\"linecon-icon-mail\"><\/i><em>majauskiene.reda@gmail.com<\/em><\/li>\n<\/ul>\n<\/div>\n<div class=\"wpb_content_element list\"><\/div>\n<div class=\"wpb_text_column wpb_content_element \"><\/div>\n<p>[\/vc_column_text][vc_column_text]<strong>Ernesta Bulovien\u0117<\/strong><br \/>\nKomunikacijos specialist\u0117<br \/>\n<a href=\"https:\/\/drive.google.com\/file\/d\/1CtyVpsOyNFhMkjIMsSMec8UgLOF-ohri\/view?usp=sharing\" target=\"_blank\" rel=\"noopener\">Pareiginiai nuostatai<\/a><\/p>\n<div class=\"wpb_content_element list\">\n<ul data-icon=\"linecon-icon-phone\">\n<li class=\"simple\"><i class=\"linecon-icon-phone\"><\/i><em>+370 683 61 950<\/em><\/li>\n<\/ul>\n<\/div>\n<div class=\"wpb_content_element list\">\n<ul data-icon=\"linecon-icon-mail\">\n<li class=\"simple\"><i class=\"linecon-icon-mail\"><\/i><em>ernestapanvvg@gmail.com<\/em><\/li>\n<\/ul>\n<\/div>\n<div class=\"wpb_content_element list\"><\/div>\n<div class=\"wpb_text_column wpb_content_element \"><\/div>\n<p>[\/vc_column_text][\/vc_column][vc_column width=&#8221;1\/4&#8243;][vc_empty_space height=&#8221;20px&#8221;][vc_column_text]<strong>Vaidas Virbalas<\/strong><br \/>\nVVG pirmininkas<br \/>\n<a href=\"https:\/\/drive.google.com\/file\/d\/18ugJaNROJmQeYYVKO9T_762yG2Hn82Iq\/view?usp=sharing\" target=\"_blank\" rel=\"noopener\">Pareiginiai nuostatai<\/a><\/p>\n<div class=\"wpb_content_element list\">\n<ul data-icon=\"linecon-icon-phone\">\n<li class=\"simple\"><i class=\"linecon-icon-phone\"><\/i><em>+370 618 80 216<\/em><\/li>\n<\/ul>\n<\/div>\n<div class=\"wpb_content_element list\">\n<ul data-icon=\"linecon-icon-mail\">\n<li class=\"simple\"><i class=\"linecon-icon-mail\"><\/i><em>vaidas.virbalas@gmail.com<\/em><\/li>\n<\/ul>\n<\/div>\n<div class=\"wpb_content_element list\"><\/div>\n<div class=\"wpb_text_column wpb_content_element \"><\/div>\n<p>[\/vc_column_text][vc_column_text]<strong>Lina Rep\u0161ien\u0117<\/strong><br \/>\nFinansinink\u0117<br \/>\n<a href=\"https:\/\/drive.google.com\/uc?id=1cFjUeh59gqxvCXpKh9Fb6QMXMfxapmRO\" target=\"_blank\" rel=\"noopener\">Pareiginiai nuostatai<\/a><\/p>\n<div class=\"wpb_content_element list\">\n<ul data-icon=\"linecon-icon-phone\">\n<li class=\"simple\"><i class=\"linecon-icon-phone\"><\/i><em>+370 614 43 553<\/em><\/li>\n<\/ul>\n<\/div>\n<div class=\"wpb_content_element list\">\n<ul data-icon=\"linecon-icon-mail\">\n<li class=\"simple\"><i class=\"linecon-icon-mail\"><\/i><em>linapanvvg@gmail.com<\/em><\/li>\n<\/ul>\n<\/div>\n<div class=\"wpb_content_element list\"><\/div>\n<div class=\"wpb_text_column wpb_content_element \"><\/div>\n<div class=\"wpb_content_element list\"><\/div>\n<div class=\"wpb_text_column wpb_content_element \"><\/div>\n<p>[\/vc_column_text][\/vc_column][vc_column width=&#8221;1\/4&#8243;][block_title style=&#8221;column_title&#8221; title=&#8221;Klauskite&#8221;][\/block_title][vc_column_text]\n<div class=\"wpcf7 no-js\" id=\"wpcf7-f1917-o1\" lang=\"lt-LT\" dir=\"ltr\" data-wpcf7-id=\"1917\">\n<div class=\"screen-reader-response\"><p role=\"status\" aria-live=\"polite\" aria-atomic=\"true\"><\/p> <ul><\/ul><\/div>\n<form action=\"\/index.php?rest_route=%2Fwp%2Fv2%2Fpages%2F1599#wpcf7-f1917-o1\" method=\"post\" class=\"wpcf7-form init\" aria-label=\"Kontakt\u0173 forma\" novalidate=\"novalidate\" data-status=\"init\">\n<fieldset class=\"hidden-fields-container\"><input type=\"hidden\" name=\"_wpcf7\" value=\"1917\" \/><input type=\"hidden\" name=\"_wpcf7_version\" value=\"6.1.2\" \/><input type=\"hidden\" name=\"_wpcf7_locale\" value=\"lt_LT\" \/><input type=\"hidden\" name=\"_wpcf7_unit_tag\" value=\"wpcf7-f1917-o1\" \/><input type=\"hidden\" name=\"_wpcf7_container_post\" value=\"0\" \/><input type=\"hidden\" name=\"_wpcf7_posted_data_hash\" value=\"\" \/>\n<\/fieldset>\n<p><span class=\"wpcf7-form-control-wrap\" data-name=\"your-name\"><input size=\"40\" maxlength=\"400\" class=\"wpcf7-form-control wpcf7-text wpcf7-validates-as-required\" aria-required=\"true\" aria-invalid=\"false\" placeholder=\"Vardas\" value=\"\" type=\"text\" name=\"your-name\" \/><\/span><br \/>\n<span class=\"wpcf7-form-control-wrap\" data-name=\"your-email\"><input size=\"40\" maxlength=\"400\" class=\"wpcf7-form-control wpcf7-email wpcf7-validates-as-required wpcf7-text wpcf7-validates-as-email\" aria-required=\"true\" aria-invalid=\"false\" placeholder=\"El.pa\u0161tas\" value=\"\" type=\"email\" name=\"your-email\" \/><\/span><br \/>\n<span class=\"wpcf7-form-control-wrap\" data-name=\"your-subject\"><input size=\"40\" maxlength=\"400\" class=\"wpcf7-form-control wpcf7-text\" aria-invalid=\"false\" placeholder=\"Klausimo tema\" value=\"\" type=\"text\" name=\"your-subject\" \/><\/span><br \/>\n<span class=\"wpcf7-form-control-wrap\" data-name=\"your-message\"><textarea cols=\"40\" rows=\"10\" maxlength=\"2000\" class=\"wpcf7-form-control wpcf7-textarea\" aria-invalid=\"false\" placeholder=\"Klausimas\" name=\"your-message\"><\/textarea><\/span>\n<\/p>\n<p><input class=\"wpcf7-form-control wpcf7-submit has-spinner\" type=\"submit\" value=\"Klausti\" \/>\n<\/p><div class=\"wpcf7-response-output\" aria-hidden=\"true\"><\/div>\n<\/form>\n<\/div>\n[\/vc_column_text][\/vc_column][\/vc_row]<\/p>\n","protected":false},"excerpt":{"rendered":"<p>[vc_row type=&#8221;full_width_content&#8221;][vc_column][google_map height=&#8221;380&#8243; style=&#8221;&#8222;border: 0&#8222;;&#8221; src=&#8221;&#8222;https:\/\/www.google.com\/maps\/embed?pb=!1m18!1m12!1m3!1d2247.112394617826!2d24.34820125196007!3d55.7217988804496!2m3!1f0!2f0!3f0!3m2!1i1024!2i768!4f13.1!3m3!1m2!1s0x46e6322378e898a5%3A0x85aeaef54a2dca92!2zSi4gxb1lbWd1bGlvIGcuIDQ2LCBQYW5ldsSXxb55cyAzNTIzNg!5e0!3m2!1sen!2slt!4v1489518206651&#8222;&#8221; width=&#8221;&#8222;600&#8222;&#8221; frameborder=&#8221;&#8222;0&#8222;&#8221; dynamic_src=&#8221;https:\/\/www.google.com\/maps\/embed?pb=!1m18!1m12!1m3!1d2247.112394617826!2d24.34820125196007!3d55.7217988804496!2m3!1f0!2f0!3f0!3m2!1i1024!2i768!4f13.1!3m3!1m2!1s0x46e6322378e898a5%3A0x85aeaef54a2dca92!2zSi4gxb1lbWd1bGlvIGcuIDQ2LCBQYW5ldsSXxb55cyAzNTIzNg!5e0!3m2!1sen!2slt!4v1489518206651&#8243; desc=&#8221;Content after the map&#8221;][\/vc_column][\/vc_row][vc_row type=&#8221;full_width_background&#8221; bg_color=&#8221;#f6f6f6&#8243;][vc_column width=&#8221;1\/4&#8243;][vc_column_text] PANEV\u0116\u017dIO RAJONO VIETOS VEIKLOS GRUP\u0116 Asociacija, kodas 300031486 Darbo laikas: I \u2013 V 9.00 \u2013 18.00 val. piet\u0173 pertrauka 12.00 \u2013 13.00 val. SUSITIKIMUS DERINAME I\u0160 ANKSTO &#8211; A\u010cI\u016a U\u017d SUPRATINGUM\u0104! [\/vc_column_text][vc_column_text]VVG administracija: J. \u017demgulio g. 46 (106 kab.), [&hellip;]<\/p>\n","protected":false},"author":1,"featured_media":0,"parent":0,"menu_order":14,"comment_status":"open","ping_status":"closed","template":"","meta":{"footnotes":""},"class_list":["post-1599","page","type-page","status-publish","hentry"],"_links":{"self":[{"href":"https:\/\/panvvg.lt\/index.php?rest_route=\/wp\/v2\/pages\/1599","targetHints":{"allow":["GET"]}}],"collection":[{"href":"https:\/\/panvvg.lt\/index.php?rest_route=\/wp\/v2\/pages"}],"about":[{"href":"https:\/\/panvvg.lt\/index.php?rest_route=\/wp\/v2\/types\/page"}],"author":[{"embeddable":true,"href":"https:\/\/panvvg.lt\/index.php?rest_route=\/wp\/v2\/users\/1"}],"replies":[{"embeddable":true,"href":"https:\/\/panvvg.lt\/index.php?rest_route=%2Fwp%2Fv2%2Fcomments&post=1599"}],"version-history":[{"count":74,"href":"https:\/\/panvvg.lt\/index.php?rest_route=\/wp\/v2\/pages\/1599\/revisions"}],"predecessor-version":[{"id":11570,"href":"https:\/\/panvvg.lt\/index.php?rest_route=\/wp\/v2\/pages\/1599\/revisions\/11570"}],"wp:attachment":[{"href":"https:\/\/panvvg.lt\/index.php?rest_route=%2Fwp%2Fv2%2Fmedia&parent=1599"}],"curies":[{"name":"wp","href":"https:\/\/api.w.org\/{rel}","templated":true}]}}