{"id":11666,"date":"2026-03-25T18:08:27","date_gmt":"2026-03-25T16:08:27","guid":{"rendered":"https:\/\/panvvg.lt?page_id=11666"},"modified":"2026-03-25T18:45:35","modified_gmt":"2026-03-25T16:45:35","slug":"panevezio-regiono-vezantis-skonis","status":"publish","type":"page","link":"https:\/\/panvvg.lt?page_id=11666","title":{"rendered":"Panev\u0117\u017eio regiono ve\u017eantis skonis"},"content":{"rendered":"\n<h3 style=\"text-align: center;\">Panev\u0117\u017eio regiono ve\u017eantis skonis<\/h3>\n<p>Vietos projekto parei\u0161k\u0117jas: <strong>MB ,,Ve\u017eantis skonis\u201c<\/strong><\/p>\n<p>Vietos projekto partneris (-iai): <strong>&#8211;<\/strong><\/p>\n<p>Paramos suma: <strong>22 569,00 Eur<\/strong><\/p>\n<p>Vietos projekto \u012fgyvendinimo vieta: <strong>Panev\u0117\u017eio rajono savivaldyb\u0117.<\/strong><\/p>\n<p>Bendra vietos projekto vert\u0117 su PVM: <strong>42 013,59\u00a0Eur<\/strong><\/p>\n<p>Bendra vietos projekto vert\u0117 be PVM: <strong>34 721,97\u00a0Eur<\/strong><\/p>\n<p>Vietos projekto \u012fgyvendinimo trukm\u0117: <strong>12 m\u0117n.<\/strong><\/p>\n<p>Finansavimo \u0161altinis: <strong>E\u017d\u016aFKP ir Lietuvos valstyb\u0117s biud\u017eeto l\u0117\u0161os.<\/strong><\/p>\n<p><\/p>\n<ol>\n<li><strong>Projekto tikslas<\/strong> &#8211; sukurti mobilios prekybos maistu Panev\u0117\u017eio rajone prieinamum\u0105 kuo didesniam vartotoj\u0173 kiekiui. Tiekti paslaugas privatiems asmenims, taip pat \u0161ven\u010di\u0173, mugi\u0173 ir rengini\u0173 metu.<\/li>\n<\/ol>\n<p><\/p>\n<ol start=\"2\">\n<li><strong>Projekto u\u017edaviniai: <\/strong><\/li>\n<\/ol>\n<ul>\n<li>\u012fsigyti paslaug\u0173 teikimui reikaling\u0105 \u012frang\u0105 (krovinin\u012f N1 kategorijos autobusiuk\u0105, palapin\u0119, generatori\u0173, saul\u0117s baterij\u0105, virtuv\u0117s \u012frang\u0105\/prietaisus);<\/li>\n<li><span style=\"color: #808080;\">sukurti 3 naujas darbo vietas (etatus) maisto pardav\u0117jams.<\/span><\/li>\n<\/ul>\n<ol start=\"3\">\n<li><strong>Projekto santrauka:<\/strong> projektas orientuotas \u012f mobili\u0105 prekyb\u0105 maistu savaitgaliais ir mugi\u0173 bei \u0161ven\u010di\u0173 metu. Savaitgaliais nesant mugi\u0173 bus vykstama \u012f Panev\u0117\u017eio rajono miestelius ir kaimus prekiauti miesteli\u0173 aik\u0161t\u0117se. Taip paslauga taps pasiekiama rajono \u017emon\u0117ms. Panev\u0117\u017eio rajone ir jo apylink\u0117se maitinimo paslaug\u0173 pasi\u016bla yra koncentruota miest\u0173 ir didesni\u0173 miesteli\u0173 centruose (Panev\u0117\u017eyje, Ramygaloje, Krekenavoje), kur veikia kavin\u0117s ir restoranai, ta\u010diau kilnojamojo maitinimo paslaug\u0173 pasi\u016bla i\u0161lieka labai ribota. Dauguma regiono maitinimo \u012fstaig\u0173 neteikia i\u0161vykstam\u0173j\u0173 paslaug\u0173 \u012f ma\u017eesnius miestelius ar renginius, tod\u0117l \u0161vent\u0117se ir mug\u0117se pasi\u016bla da\u017enai b\u016bna atsitiktin\u0117, o pasirinkimas \u2013 menkas ir nepastovus. Planuojamas verslas veiks pagal kilnojamojo maitinimo (food truck) model\u012f, kai maisto gamyba ir pardavimas vykdomi i\u0161 specialiai \u012frengto mikroautobuso. Veikla bus orientuota \u012f Panev\u0117\u017eio rajono miesteli\u0173 \u0161ventes, muges, bendruomeni\u0173 renginius bei priva\u010dius u\u017esakov\u0173 maitinimo aptarnavimo renginius.<\/li>\n<\/ol>\n<p><\/p>\n<p>\u00a0 \u00a0 \u00a0 \u00a04.<strong> Laukiami rezultatai:<\/strong><\/p>\n<ul start=\"4\">\n<li>MB ,,Ve\u017eantis skonis\u201c verslo prad\u017eia;<\/li>\n<li><span style=\"color: #808080;\">sukurtos naujos darbo vietos.<\/span><\/li>\n<\/ul>\n<p><\/p>\n<p><\/p>\n","protected":false},"excerpt":{"rendered":"<p>Panev\u0117\u017eio regiono ve\u017eantis skonis Vietos projekto parei\u0161k\u0117jas: MB ,,Ve\u017eantis skonis\u201c Vietos projekto partneris (-iai): &#8211; Paramos suma: 22 569,00 Eur Vietos projekto \u012fgyvendinimo vieta: Panev\u0117\u017eio rajono savivaldyb\u0117. Bendra vietos projekto vert\u0117 su PVM: 42 013,59\u00a0Eur Bendra vietos projekto vert\u0117 be PVM: 34 721,97\u00a0Eur Vietos projekto \u012fgyvendinimo trukm\u0117: 12 m\u0117n. Finansavimo \u0161altinis: E\u017d\u016aFKP ir Lietuvos valstyb\u0117s [&hellip;]<\/p>\n","protected":false},"author":2,"featured_media":0,"parent":0,"menu_order":0,"comment_status":"closed","ping_status":"closed","template":"","meta":{"footnotes":""},"class_list":["post-11666","page","type-page","status-publish","hentry"],"_links":{"self":[{"href":"https:\/\/panvvg.lt\/index.php?rest_route=\/wp\/v2\/pages\/11666","targetHints":{"allow":["GET"]}}],"collection":[{"href":"https:\/\/panvvg.lt\/index.php?rest_route=\/wp\/v2\/pages"}],"about":[{"href":"https:\/\/panvvg.lt\/index.php?rest_route=\/wp\/v2\/types\/page"}],"author":[{"embeddable":true,"href":"https:\/\/panvvg.lt\/index.php?rest_route=\/wp\/v2\/users\/2"}],"replies":[{"embeddable":true,"href":"https:\/\/panvvg.lt\/index.php?rest_route=%2Fwp%2Fv2%2Fcomments&post=11666"}],"version-history":[{"count":2,"href":"https:\/\/panvvg.lt\/index.php?rest_route=\/wp\/v2\/pages\/11666\/revisions"}],"predecessor-version":[{"id":11677,"href":"https:\/\/panvvg.lt\/index.php?rest_route=\/wp\/v2\/pages\/11666\/revisions\/11677"}],"wp:attachment":[{"href":"https:\/\/panvvg.lt\/index.php?rest_route=%2Fwp%2Fv2%2Fmedia&parent=11666"}],"curies":[{"name":"wp","href":"https:\/\/api.w.org\/{rel}","templated":true}]}}