{"id":11664,"date":"2026-03-25T17:51:44","date_gmt":"2026-03-25T15:51:44","guid":{"rendered":"https:\/\/panvvg.lt?page_id=11664"},"modified":"2026-03-25T18:42:41","modified_gmt":"2026-03-25T16:42:41","slug":"du-krantai-viena-sirdis","status":"publish","type":"page","link":"https:\/\/panvvg.lt?page_id=11664","title":{"rendered":"Du krantai &#8211; viena \u0161irdis"},"content":{"rendered":"\n<h3 style=\"text-align: center;\">Du krantai &#8211; viena \u0161irdis<\/h3>\n<p>Vietos projekto parei\u0161k\u0117jas: <strong>Panev\u0117\u017eio rajono bendruomeni\u0173 s\u0105junga<\/strong><\/p>\n<p>Vietos projekto partneris (-iai): <strong>&#8211;<\/strong><\/p>\n<p>Paramos suma: <strong>15 715,00 Eur<\/strong><\/p>\n<p>Vietos projekto \u012fgyvendinimo vieta: <strong>S. N\u0117ries g. 14, Naujamies\u010dio mstl., Naujamies\u010dio sen., Panev\u0117\u017eio r. (renginiai vyks Raguvos ir Krekenavos seni\u016bnijose).<\/strong><\/p>\n<p>Bendra vietos projekto vert\u0117 su PVM: <strong>17 460,80 <\/strong><strong>Eur<\/strong><\/p>\n<p>Bendra vietos projekto vert\u0117 be PVM: <strong>17 460,80\u00a0Eur<\/strong><\/p>\n<p>Vietos projekto \u012fgyvendinimo trukm\u0117: <strong>18\u00a0m\u0117n.<\/strong><\/p>\n<p>Finansavimo \u0161altinis: <strong>E\u017d\u016aFKP ir Lietuvos valstyb\u0117s biud\u017eeto l\u0117\u0161os.<\/strong><\/p>\n<p><\/p>\n<ol>\n<li><strong>Projekto tikslas<\/strong> &#8211; stiprinti ir aktyvinti Panev\u0117\u017eio rajono bendruomeni\u0173 bendradarbiavim\u0105, ugdyti gyventoj\u0173 s\u0105moningum\u0105, skatinti tvar\u0173 ir atsaking\u0105 vartojim\u0105, didinti u\u017eimtum\u0105 ir socialin\u0119 \u012ftraukt\u012f bei puosel\u0117ti kra\u0161to kult\u016bros tradicijas.<\/li>\n<\/ol>\n<p><\/p>\n<ol start=\"2\">\n<li><strong>Projekto u\u017edaviniai: <\/strong><\/li>\n<\/ol>\n<ul>\n<li>organizuoti Panev\u0117\u017eio rajono bendruomeni\u0173 s\u0105skryd\u012f 2026 m. Raguvos seni\u016bnijoje;<\/li>\n<li>organizuoti Panev\u0117\u017eio rajono bendruomeni\u0173 s\u0105skryd\u012f 2027 m. Krekenavos seni\u016bnijoje;<\/li>\n<li>didinti gyventoj\u0173 aplinkosaugin\u012f ir tvarumo s\u0105moningum\u0105;<\/li>\n<li><span style=\"color: #808080;\">integruoti jaunim\u0105 \u012f bendruomenines veiklas.<\/span><\/li>\n<\/ul>\n<p>\u00a0 \u00a0 \u00a0 3. <strong>Projekto santrauka: <\/strong>projekto \u012fgyvendinimo metu planuojama suorganizuoti du Panev\u0117\u017eio rajono bendruomeni\u0173 s\u0105skryd\u017eius \u2013 2026 m. Raguvos seni\u016bnijoje ir 2027 m. Krekenavos seni\u016bnijoje. Kiekviename renginyje dalyvaus ne ma\u017eiau kaip 150 dalyvi\u0173, i\u0161 viso \u2013 ne ma\u017eiau kaip 300 dalyvi\u0173 i\u0161 ne ma\u017eiau kaip 6 seni\u016bnij\u0173. Rengini\u0173 metu vyks k\u016brybin\u0117s dirbtuv\u0117s, skatinan\u010dios atsaking\u0105 vartojim\u0105, atliek\u0173 ma\u017einim\u0105 ir daikt\u0173 pakartotin\u012f panaudojim\u0105 (\u201eantras daikt\u0173 gyvenimas\u201c), taip pat p\u0117s\u010di\u0173j\u0173 \u017eygiai, orientavimosi var\u017eybos ir sportin\u0117s veiklos. Dalyviai bus supa\u017eindinami su vietos gamtos ir kult\u016bros paveldu, ugdomas j\u0173 s\u0105moningumas aplinkosaugos srityje. Renginiai organizuojami laikantis tvarumo princip\u0173, skatinant naudoti daugkartines priemones ir ma\u017einti atliek\u0173 kiek\u012f. Taip pat numatytos kult\u016brin\u0117s programos su muzikos atlik\u0117j\u0173 pasirodymais, kurios stiprins bendruomeni\u0161kum\u0105 ir tarpusavio ry\u0161ius.\u00a0<\/p>\n<p>\u00a0 \u00a0 \u00a0 \u00a04.<strong> Laukiami rezultatai:<\/strong><\/p>\n<ul>\n<li>organizuoti 2 Panev\u0117\u017eio rajono bendruomeni\u0173 s\u0105skryd\u017eiai (2026 m. ir 2027 m.);<\/li>\n<li><span>projekto veiklose dalyvaus ne ma\u017eiau kaip 300 dalyvi\u0173;<\/span><\/li>\n<li><span>padid\u0117j\u0119s gyventoj\u0173 s\u0105moningumas tvarumo, aplinkosaugos ir atsakingo vartojimo srityse;<\/span><\/li>\n<li><span>sustipr\u0117j\u0119s bendruomeni\u0161kumas ir bendradarbiavimas tarp atskir\u0173 bendruomeni\u0173;<\/span><\/li>\n<li><span>i\u0161aug\u0119s jaunimo \u012fsitraukimas \u012f bendruomenines veiklas;<\/span><\/li>\n<li><span style=\"color: #808080;\">\u012fgyti praktiniai \u012fg\u016bd\u017eiai taikant tvarumo principus ir pakartotin\u012f daikt\u0173 panaudojim\u0105.<\/span><\/li>\n<\/ul>\n<p><\/p>\n<p><\/p>\n<p><\/p>\n","protected":false},"excerpt":{"rendered":"<p>Du krantai &#8211; viena \u0161irdis Vietos projekto parei\u0161k\u0117jas: Panev\u0117\u017eio rajono bendruomeni\u0173 s\u0105junga Vietos projekto partneris (-iai): &#8211; Paramos suma: 15 715,00 Eur Vietos projekto \u012fgyvendinimo vieta: S. N\u0117ries g. 14, Naujamies\u010dio mstl., Naujamies\u010dio sen., Panev\u0117\u017eio r. (renginiai vyks Raguvos ir Krekenavos seni\u016bnijose). Bendra vietos projekto vert\u0117 su PVM: 17 460,80 Eur Bendra vietos projekto vert\u0117 [&hellip;]<\/p>\n","protected":false},"author":2,"featured_media":0,"parent":0,"menu_order":0,"comment_status":"closed","ping_status":"closed","template":"","meta":{"footnotes":""},"class_list":["post-11664","page","type-page","status-publish","hentry"],"_links":{"self":[{"href":"https:\/\/panvvg.lt\/index.php?rest_route=\/wp\/v2\/pages\/11664","targetHints":{"allow":["GET"]}}],"collection":[{"href":"https:\/\/panvvg.lt\/index.php?rest_route=\/wp\/v2\/pages"}],"about":[{"href":"https:\/\/panvvg.lt\/index.php?rest_route=\/wp\/v2\/types\/page"}],"author":[{"embeddable":true,"href":"https:\/\/panvvg.lt\/index.php?rest_route=\/wp\/v2\/users\/2"}],"replies":[{"embeddable":true,"href":"https:\/\/panvvg.lt\/index.php?rest_route=%2Fwp%2Fv2%2Fcomments&post=11664"}],"version-history":[{"count":2,"href":"https:\/\/panvvg.lt\/index.php?rest_route=\/wp\/v2\/pages\/11664\/revisions"}],"predecessor-version":[{"id":11675,"href":"https:\/\/panvvg.lt\/index.php?rest_route=\/wp\/v2\/pages\/11664\/revisions\/11675"}],"wp:attachment":[{"href":"https:\/\/panvvg.lt\/index.php?rest_route=%2Fwp%2Fv2%2Fmedia&parent=11664"}],"curies":[{"name":"wp","href":"https:\/\/api.w.org\/{rel}","templated":true}]}}