{"id":11660,"date":"2026-03-25T17:30:45","date_gmt":"2026-03-25T15:30:45","guid":{"rendered":"https:\/\/panvvg.lt?page_id=11660"},"modified":"2026-03-25T18:41:54","modified_gmt":"2026-03-25T16:41:54","slug":"kaimynu-metai-skaistgiriuose","status":"publish","type":"page","link":"https:\/\/panvvg.lt?page_id=11660","title":{"rendered":"Kaimyn\u0173 metai Skaistgiriuose"},"content":{"rendered":"\n<h3 style=\"text-align: center;\">Kaimyn\u0173 metai Skaistgiriuose<\/h3>\n<p>Vietos projekto parei\u0161k\u0117jas: <strong>Gyventoj\u0173 bendruomen\u0117 &#8222;SKAISTGIRIAI&#8221;<\/strong><\/p>\n<p>Vietos projekto partneris (-iai): <strong>&#8211;<\/strong><\/p>\n<p>Paramos suma: <strong>14 670,00 Eur<\/strong><\/p>\n<p>Vietos projekto \u012fgyvendinimo vieta: <strong>Panev\u0117\u017eio rajono savivaldyb\u0117, Pa\u012fstrio seni\u016bnija, Skaistgiriai, Liep\u0173 2 a ir Vebrup\u0117s 7.<\/strong><\/p>\n<p>Bendra vietos projekto vert\u0117 su PVM: <strong>16 300,00 Eur<\/strong><\/p>\n<p>Bendra vietos projekto vert\u0117 be PVM: <strong>16 300,00 Eur<\/strong><\/p>\n<p>Vietos projekto \u012fgyvendinimo trukm\u0117: <strong>8\u00a0m\u0117n.<\/strong><\/p>\n<p>Finansavimo \u0161altinis: <strong>E\u017d\u016aFKP ir Lietuvos valstyb\u0117s biud\u017eeto l\u0117\u0161os.<\/strong><\/p>\n<p><\/p>\n<ol>\n<li><strong>Projekto tikslas<\/strong> &#8211; stiprinti Skaistgiri\u0173 ir kit\u0173 kaim\u0173 gyventoj\u0173 bendruomeni\u0161kum\u0105, skatinti kult\u016brin\u012f ir sportin\u012f aktyvum\u0105 ir puosel\u0117ti kra\u0161to tradicijas, \u012f veiklas \u012ftraukiant\u00a0 jaunus \u017emones.<\/li>\n<\/ol>\n<p><\/p>\n<ol start=\"2\">\n<li><strong>Projekto u\u017edaviniai: <\/strong><\/li>\n<\/ol>\n<ul>\n<li>suorganizuoti tradicin\u012f rengin\u012f \u201eKAIMYN\u0172 DIENA\u201c, \u012ftraukiant ne tik vietinius gyventojus, jaunim\u0105, bet ir kit\u0173 seni\u016bnij\u0173 bendruomenes bei meno kolektyvus;<\/li>\n<li>suorganizuoti tradicin\u012f rengini\u0173 cikl\u0105 \u201eKAIMYN\u0172 \u017dIEMOS VAKARAI\u201c, \u012f projekto veiklas \u012ftraukti \u0161eimas, senjorus ir vaikus.<\/li>\n<\/ul>\n<p>\u00a0 \u00a0 \u00a0 3. <strong>Projekto santrauka:<\/strong> \u012fgyvendinant vietos projekt\u0105 bus organizuojami tradiciniai Skaistgiri\u0173 bendruomen\u0117s renginiai: \u201eKaimyn\u0173 diena\u201c (\u201eAuk\u0161taits yr gers kaimyns\u201c) ir rengini\u0173 ciklas \u201eKaimyn\u0173 \u017eiemos vakarai\u201c. 2026 m. \u201eKaimyn\u0173 diena\u201c Skaistgiriuose vyks jau septint\u0105 kart\u0105 ir, planuojama, kad suburs ne ma\u017eiau 200 dalyvi\u0173. \u0160is renginys skirtas skatinti bendravim\u0105, bendruomeni\u0161kum\u0105, savanoryst\u0119, kult\u016brin\u012f ir sportin\u012f aktyvum\u0105 bei puosel\u0117ti kra\u0161to tradicijas. Jo metu bus pristatomi bendruomen\u0117s pasiekimai, pagerbiami vyresnieji nariai, sveikinami naujagimiai ir kra\u0161t\u0105 garsinantys gyventojai. Renginio programoje numatytos koncertin\u0117s veiklos, skatinan\u010dios meil\u0119 lietuvi\u0173 kalbai, muzikai ir auk\u0161tai\u010di\u0173 tarmei, taip pat sportin\u0117s rungtys, estafet\u0117s ir \u012fvairaus am\u017eiaus dalyviams skirtos veiklos. \u012e renginius bus kvie\u010diami ne tik vietos, bet ir aplinkini\u0173 seni\u016bnij\u0173 bendruomeni\u0173 atstovai, su kuriais palaikomi bendradarbiavimo ry\u0161iai. Tai stiprins tarpbendruomenin\u012f bendradarbiavim\u0105 ir skatins nauj\u0173 partnerys\u010di\u0173 k\u016brim\u0105. Rengini\u0173 ciklas \u201eKaimyn\u0173 \u017eiemos vakarai\u201c suburs ne ma\u017eiau kaip 100 dalyvi\u0173. Jo metu vyks menin\u0117s ir aplinkosaugos edukacijos: \u201eSenas r\u016bbas naujai\u201c, \u201eNeuroedukacija: mes \u2013 gamta\u201c ir \u201eTvarus Kal\u0117d\u0173 \u017eaisliukas\u201c. Dalyviai mokysis k\u016brybi\u0161kai panaudoti nebereikalingus drabu\u017eius ir med\u017eiagas, tvariai atnaujinti nam\u0173 aplink\u0105 bei kurti ilgaam\u017ees \u0161ventines dekoracijas. Taip pat projekte numatyta i\u0161va\u017eiuojamoji edukacija \u201eKaimynai pas kaimynus\u201c, kurios metu bus lankomos kitos bendruomen\u0117s ir dalijamasi ger\u0105ja patirtimi tvarumo srityje. Projektas ypating\u0105 d\u0117mes\u012f skirs jaunimui ir \u0161eimoms su vaikais, siekiant skatinti j\u0173 \u012fsitraukim\u0105, pa\u017eint\u012f su tradicijomis ir aktyv\u0173 dalyvavim\u0105 bendruomen\u0117s gyvenime. Visos veiklos prisid\u0117s prie socialinio solidarumo, kart\u0173 dialogo stiprinimo, aplinkosauginio s\u0105moningumo didinimo ir atsakingo vartojimo skatinimo.<\/p>\n<p>\u00a0 \u00a0 \u00a0 \u00a04.<strong> Laukiami rezultatai:<\/strong><\/p>\n<ul>\n<li><span>suorganizuotas tradicinis Skaistgiri\u0173 bendruomen\u0117s renginys \u201eKAIMYN\u0172 DIENA\u201c (,,Auk\u0161taits yr gers kaimyns\u201c);<\/span><\/li>\n<li><span style=\"color: #808080;\">suorganizuotas rengini\u0173 ciklas KAIMYN\u0172 \u017dIEMOS VAKARAI: trys edukacijos klimato kaitos \u0161velninimo temomis, \u0161va\u017eiuojamoji edukacija aplankant kito rajono bendruomenebns, kal\u0117din\u0117s programos suaugusiems ir vaikams;<\/span><\/li>\n<li><span style=\"color: #808080;\">projekto veikl\u0173 vie\u0161inimas bendruomen\u0117s socialinio tinklo facebook paskyroje bei \u017einiasklaidoje, vie\u0161\u0173 skelbim\u0173 lentose.<\/span><\/li>\n<\/ul>\n<p><\/p>\n<p><\/p>\n<p><\/p>\n","protected":false},"excerpt":{"rendered":"<p>Kaimyn\u0173 metai Skaistgiriuose Vietos projekto parei\u0161k\u0117jas: Gyventoj\u0173 bendruomen\u0117 &#8222;SKAISTGIRIAI&#8221; Vietos projekto partneris (-iai): &#8211; Paramos suma: 14 670,00 Eur Vietos projekto \u012fgyvendinimo vieta: Panev\u0117\u017eio rajono savivaldyb\u0117, Pa\u012fstrio seni\u016bnija, Skaistgiriai, Liep\u0173 2 a ir Vebrup\u0117s 7. Bendra vietos projekto vert\u0117 su PVM: 16 300,00 Eur Bendra vietos projekto vert\u0117 be PVM: 16 300,00 Eur Vietos projekto [&hellip;]<\/p>\n","protected":false},"author":2,"featured_media":0,"parent":0,"menu_order":0,"comment_status":"closed","ping_status":"closed","template":"","meta":{"footnotes":""},"class_list":["post-11660","page","type-page","status-publish","hentry"],"_links":{"self":[{"href":"https:\/\/panvvg.lt\/index.php?rest_route=\/wp\/v2\/pages\/11660","targetHints":{"allow":["GET"]}}],"collection":[{"href":"https:\/\/panvvg.lt\/index.php?rest_route=\/wp\/v2\/pages"}],"about":[{"href":"https:\/\/panvvg.lt\/index.php?rest_route=\/wp\/v2\/types\/page"}],"author":[{"embeddable":true,"href":"https:\/\/panvvg.lt\/index.php?rest_route=\/wp\/v2\/users\/2"}],"replies":[{"embeddable":true,"href":"https:\/\/panvvg.lt\/index.php?rest_route=%2Fwp%2Fv2%2Fcomments&post=11660"}],"version-history":[{"count":3,"href":"https:\/\/panvvg.lt\/index.php?rest_route=\/wp\/v2\/pages\/11660\/revisions"}],"predecessor-version":[{"id":11674,"href":"https:\/\/panvvg.lt\/index.php?rest_route=\/wp\/v2\/pages\/11660\/revisions\/11674"}],"wp:attachment":[{"href":"https:\/\/panvvg.lt\/index.php?rest_route=%2Fwp%2Fv2%2Fmedia&parent=11660"}],"curies":[{"name":"wp","href":"https:\/\/api.w.org\/{rel}","templated":true}]}}