{"id":11658,"date":"2026-03-25T17:22:46","date_gmt":"2026-03-25T15:22:46","guid":{"rendered":"https:\/\/panvvg.lt?page_id=11658"},"modified":"2026-03-25T17:22:47","modified_gmt":"2026-03-25T15:22:47","slug":"ir-vel-eriskiai-kviecia","status":"publish","type":"page","link":"https:\/\/panvvg.lt?page_id=11658","title":{"rendered":"Ir v\u0117l \u0116ri\u0161kiai kvie\u010dia"},"content":{"rendered":"\n<h3 style=\"text-align: center;\">Ir v\u0117l \u0116ri\u0161kiai kvie\u010dia<\/h3>\n<p>Vietos projekto parei\u0161k\u0117jas: <strong>Panev\u0117\u017eio rajono \u0116ri\u0161ki\u0173 kaimo bendruomen\u0117<\/strong><\/p>\n<p>Vietos projekto partneris (-iai): <strong>&#8211;<\/strong><\/p>\n<p>Paramos suma: <strong>12 159,00 Eur<\/strong><\/p>\n<p>Vietos projekto \u012fgyvendinimo vieta: <strong>Saboni\u0173 g. 4A, \u0116ri\u0161ki\u0173 k., Upyt\u0117s sen. Panev\u0117\u017eio r. sav.<\/strong><\/p>\n<p>Bendra vietos projekto vert\u0117 su PVM: <strong>13 509,89\u00a0Eur<\/strong><\/p>\n<p>Bendra vietos projekto vert\u0117 be PVM: <strong>12 389,79\u00a0Eur<\/strong><\/p>\n<p>Vietos projekto \u012fgyvendinimo trukm\u0117: <strong>24\u00a0m\u0117n.<\/strong><\/p>\n<p>Finansavimo \u0161altinis: <strong>E\u017d\u016aFKP ir Lietuvos valstyb\u0117s biud\u017eeto l\u0117\u0161os.<\/strong><\/p>\n<p><\/p>\n<ol>\n<li><strong>Projekto tikslas<\/strong> &#8211; stiprinti \u0116ri\u0161ki\u0173 kaimo gyventoj\u0173 bendruomeni\u0161kum\u0105, aktyvinant jaunim\u0105 ir ugdant vietos gyventoj\u0173 s\u0105moningum\u0105, prisidedant prie tvaraus vietos ekonomikos augimo.<\/li>\n<\/ol>\n<p><\/p>\n<ol start=\"2\">\n<li><strong>Projekto u\u017edaviniai: <\/strong><\/li>\n<\/ol>\n<ul>\n<li>Suorganizuoti tradicin\u0119 kaimo \u0161vent\u0119 \u201eIr v\u0117l \u0116ri\u0161kiai kvie\u010dia\u201c (2026 m. ir 2027 m.):<\/li>\n<li>1. pravesti Drakono val\u010di\u0173 var\u017eybas;<\/li>\n<li>2. organizuoti vietos \u016bkinink\u0173, verslinink\u0173, amatinink\u0173 produkcijos ir gamini\u0173 mug\u0119;<\/li>\n<li>3. suorganizuoti edukacij\u0105 klimato kaitos poky\u010di\u0173 \u0161velninimo tema;<\/li>\n<li>4. pakviesti abiejose \u0161vent\u0117se dalyvauti 5 Panev\u0117\u017eio rajono seni\u016bnijas (Upyt\u0117s, Vadokli\u0173, Panev\u0117\u017eio, Vel\u017eio ir Ramygalos);<\/li>\n<li>organizuoti akcij\u0105: skatinti \u012f rengin\u012f atvykti p\u0117s\u010diomis, dvira\u010diais arba dalinantis automobiliu;<\/li>\n<li>\u012frengti ne ma\u017eiau 3 atliek\u0173 r\u016b\u0161iavimo stoteles renginio teritorijoje;<\/li>\n<li>vie\u0161inti projekt\u0105 socialiniuose tinkluose<span style=\"color: initial;\">.<\/span><\/li>\n<\/ul>\n<p>\u00a0 \u00a0 \u00a0 3. <strong>Projekto santrauka:<\/strong> projekto \u012fgyvendinimo metu 2026 m. ir 2027 m. planuojama organizuoti 2 renginius \u2013 tradicines kaimo \u0161ventes \u201eIr v\u0117l \u0116ri\u0161kiai kvie\u010dia\u201c, kuri\u0173 metu bus suorganizuotos Drakono val\u010di\u0173 var\u017eybos, vyks koncertin\u0117s programos ir edukacijos klimato kaitos poky\u010di\u0173 \u0161velninimo tema, kuri\u0173 metu vaikai, jaunimas ir senjorai mokysis k\u016brybi\u0161kai panaudoti senus ar nereikalingus daiktus, suteikdami jiems nauj\u0105 funkcij\u0105. Praktiniuose u\u017esi\u0117mimuose dalyviai i\u0161 antrini\u0173 \u017ealiav\u0173 kurs dekoratyvinius gaminius &#8211; Drakoniukus. Taip pat rengini\u0173 metu bus skatinamas atsakingas vartojimas: organizuojama akcija, kvie\u010dianti \u012f \u0161ventes atvykti p\u0117s\u010diomis, dvira\u010diais ar dalijantis automobiliu, o teritorijoje bus \u012frengtos atliek\u0173 r\u016b\u0161iavimo stotel\u0117s. Planuojama, kad i\u0161 viso \u0161vent\u0117se dalyvaus ne ma\u017eiau 270 dalyvi\u0173, i\u0161 kuri\u0173 ne ma\u017eiau kaip 70 dalyvaus edukacijose. Kiekvienoje \u0161vent\u0117je numatoma ne ma\u017eiau kaip 135 dalyviai, i\u0161 j\u0173 daugiau kaip 50 proc. sudarys jaunimas (ne ma\u017eiau 68 dalyviai). Aktyvus \u0116ri\u0161ki\u0173 kaimo bendruomen\u0117s, ypa\u010d jaunimo, \u012fsitraukimas \u012f rengini\u0173 organizavim\u0105, savanoryst\u0119 ir veiklas stiprins bendruomeni\u0161kum\u0105, ugdys organizacinius geb\u0117jimus, didins socialin\u0119 \u012ftraukt\u012f, u\u017eimtum\u0105 bei motyvacij\u0105 dalyvauti visuomeniniame gyvenime. Renginiai ne tik skatins fizin\u012f aktyvum\u0105 ir kult\u016brin\u012f bendravim\u0105, bet ir prisid\u0117s prie vietos ekonomikos stiprinimo. Mugi\u0173 metu bus sudarytos galimyb\u0117s vietos verslams, \u016bkininkams ir amatininkams pristatyti savo produkcij\u0105, megzti partnerystes ir didinti matomum\u0105. Tai skatins gyventojus kurti ir pl\u0117toti veiklas, prisid\u0117s prie vietos turizmo ir paslaug\u0173 pl\u0117tros bei didins ekonomin\u012f aktyvum\u0105. Projektas kompleksi\u0161kai prisid\u0117s prie bendruomen\u0117s sutelktumo, pilieti\u0161kumo, aplinkosauginio s\u0105moningumo ir tvaraus gyvenimo b\u016bdo skatinimo.<\/p>\n<p>\u00a0 \u00a0 \u00a0 \u00a04.<strong> Laukiami rezultatai:<\/strong><\/p>\n<ul>\n<li>surengtos dvi tradicin\u0117s kaimo \u0161vent\u0117s su Drakono val\u010di\u0173 var\u017eybomis (2026 m. ir 2027 m.);<\/li>\n<li>suorganizuotos koncertin\u0117s programos;<\/li>\n<li>suorganizuotos edukacijos klimato kaitos poky\u010di\u0173 \u0161velninimo tema \u201eAntras \u0161ansas daiktams\u201c;<\/li>\n<li>mug\u0117se savo produktus ir gaminius pristatys vietos \u016bkininkai, verslininkai ir amatininkai;<\/li>\n<li>sustipr\u0117s bendruomen\u0117s organizaciniai geb\u0117jimai, veiklumas, bendradarbiavimas su kitomis rajono bendruomen\u0117mis;<\/li>\n<li>sustipr\u0117s gyventoj\u0173 bendruomeni\u0161kumas, socialin\u0117 \u012ftrauktis ir motyvacija \u012fsitraukti \u012f vietos ekonomin\u012f gyvenim\u0105;<\/li>\n<li>projekto dalyviai prisid\u0117s prie klimato kaitos ma\u017einimo pasirinkdami tvar\u0173 transport\u0105, r\u016b\u0161iuodami atliekas;<\/li>\n<li>jaunimas taps aktyvesne bendruomen\u0117s dalimi, geban\u010dia inicijuoti ir \u012fgyvendinti naujas veiklas ateityje.<\/li>\n<\/ul>\n<p><\/p>\n<p><\/p>\n<p><\/p>\n","protected":false},"excerpt":{"rendered":"<p>Ir v\u0117l \u0116ri\u0161kiai kvie\u010dia Vietos projekto parei\u0161k\u0117jas: Panev\u0117\u017eio rajono \u0116ri\u0161ki\u0173 kaimo bendruomen\u0117 Vietos projekto partneris (-iai): &#8211; Paramos suma: 12 159,00 Eur Vietos projekto \u012fgyvendinimo vieta: Saboni\u0173 g. 4A, \u0116ri\u0161ki\u0173 k., Upyt\u0117s sen. Panev\u0117\u017eio r. sav. Bendra vietos projekto vert\u0117 su PVM: 13 509,89\u00a0Eur Bendra vietos projekto vert\u0117 be PVM: 12 389,79\u00a0Eur Vietos projekto \u012fgyvendinimo [&hellip;]<\/p>\n","protected":false},"author":2,"featured_media":0,"parent":0,"menu_order":0,"comment_status":"closed","ping_status":"closed","template":"","meta":{"footnotes":""},"class_list":["post-11658","page","type-page","status-publish","hentry"],"_links":{"self":[{"href":"https:\/\/panvvg.lt\/index.php?rest_route=\/wp\/v2\/pages\/11658","targetHints":{"allow":["GET"]}}],"collection":[{"href":"https:\/\/panvvg.lt\/index.php?rest_route=\/wp\/v2\/pages"}],"about":[{"href":"https:\/\/panvvg.lt\/index.php?rest_route=\/wp\/v2\/types\/page"}],"author":[{"embeddable":true,"href":"https:\/\/panvvg.lt\/index.php?rest_route=\/wp\/v2\/users\/2"}],"replies":[{"embeddable":true,"href":"https:\/\/panvvg.lt\/index.php?rest_route=%2Fwp%2Fv2%2Fcomments&post=11658"}],"version-history":[{"count":1,"href":"https:\/\/panvvg.lt\/index.php?rest_route=\/wp\/v2\/pages\/11658\/revisions"}],"predecessor-version":[{"id":11659,"href":"https:\/\/panvvg.lt\/index.php?rest_route=\/wp\/v2\/pages\/11658\/revisions\/11659"}],"wp:attachment":[{"href":"https:\/\/panvvg.lt\/index.php?rest_route=%2Fwp%2Fv2%2Fmedia&parent=11658"}],"curies":[{"name":"wp","href":"https:\/\/api.w.org\/{rel}","templated":true}]}}