{"id":11543,"date":"2025-12-16T19:01:50","date_gmt":"2025-12-16T17:01:50","guid":{"rendered":"https:\/\/panvvg.lt?page_id=11543"},"modified":"2026-02-03T16:43:15","modified_gmt":"2026-02-03T14:43:15","slug":"uab-lauryhouse-verslo-kurimas","status":"publish","type":"page","link":"https:\/\/panvvg.lt?page_id=11543","title":{"rendered":"UAB LauryHouse verslo k\u016brimas"},"content":{"rendered":"\n<h3 style=\"text-align: center;\"><span>UAB LauryHouse verslo k\u016brimas<\/span><\/h3>\n<p>Vietos projekto parei\u0161k\u0117jas: <strong>UAB LauryHouse<\/strong><\/p>\n<p>Vietos projekto partneris (-iai): <strong>&#8211;<\/strong><\/p>\n<p>Paramos suma: <strong>24\u00a0339,00\u00a0Eur<\/strong><\/p>\n<p>Vietos projekto \u012fgyvendinimo vieta: <strong>Panev\u0117\u017eio r., Panev\u0117\u017eio sen., Piniavos k., L\u0117vens g. 57.<\/strong><\/p>\n<p>Bendra vietos projekto vert\u0117 su PVM: <strong>96\u00a0386,06\u00a0Eur<\/strong><\/p>\n<p>Bendra vietos projekto vert\u0117 be PVM: <strong>79\u00a0970,30\u00a0Eur<\/strong><\/p>\n<p>Vietos projekto \u012fgyvendinimo trukm\u0117: <strong>12 m\u0117n.<\/strong><\/p>\n<p>Finansavimo \u0161altinis: <strong>E\u017d\u016aFKP ir Lietuvos valstyb\u0117s biud\u017eeto l\u0117\u0161os.<\/strong><\/p>\n<p><\/p>\n<ol>\n<li><strong>Projekto tikslas<\/strong> &#8211; sukurti ir i\u0161pl\u0117toti nauj\u0105 ne \u017eem\u0117s \u016bkio versl\u0105 Panev\u0117\u017eio rajone, \u012fdiegiant savaime atsistatan\u010di\u0173 apdailos med\u017eiag\u0173 naudojim\u0105 bendrastatybiniuose darbuose, skatinti tvarum\u0105 bei sukurti 2 naujas darbo vietas rajono gyventojams, taip prisidedant prie regiono ekonomikos augimo ir klimato kaitos \u0161velninimo.<\/li>\n<\/ol>\n<p><\/p>\n<ol start=\"2\">\n<li><strong>Projekto u\u017edaviniai: <\/strong><\/li>\n<\/ol>\n<ul>\n<li>\u012fsigyti reikaling\u0105 \u012frang\u0105, u\u017etikrinan\u010di\u0105 efektyv\u0173 ir tvar\u0173 statybos darb\u0173 vykdym\u0105;<\/li>\n<li>\u012fdiegti ir prad\u0117ti naudoti savaime atsistatan\u010dias apdailos med\u017eiagas bendrastatybiniuose darbuose, taip pritaikant inovatyvius ir aplinkai draugi\u0161kus sprendimus;<\/li>\n<li>sukurti 2 naujas darbo vietas Panev\u0117\u017eio rajono gyventojams, prisidedant prie vietos u\u017eimtumo ir ekonomikos stiprinimo.<\/li>\n<\/ul>\n<ol start=\"3\">\n<li><strong>Projekto santrauka:<\/strong> vietos projekto \u012fgyvendinimo metu bus \u012fsigyta reikalinga \u012franga, u\u017etikrinanti efektyv\u0173 statybos darb\u0173 vykdym\u0105, bus \u012fdarbinti du darbuotojai. Bus sukurta tvari paslauga \u2013 savaime atsistatan\u010di\u0173 apdailos med\u017eiag\u0173 integravimas bendrastatybiniuose darbuose.<\/li>\n<\/ol>\n<p><\/p>\n<p>\u00a0 \u00a0 \u00a0 \u00a04.<strong> Laukiami rezultatai:<\/strong><\/p>\n<ul start=\"4\">\n<li>\u012fsigyta moderni \u012franga, leid\u017eianti efektyviau vykdyti statybos darbus ir ma\u017einti poveik\u012f aplinkai;<\/li>\n<li>sukurtos 2 naujos darbo vietos Panev\u0117\u017eio rajono gyventojams;<\/li>\n<li>prad\u0117ta teikti nauja paslauga &#8211; savaime atsistatan\u010di\u0173 apdailos med\u017eiag\u0173 integravimas bendrastatybiniuose darbuose;<\/li>\n<li>skatinamas Panev\u0117\u017eio rajono tvarumas ir ekonomikos augimas.<\/li>\n<\/ul>\n<p><\/p>\n<p><\/p>\n","protected":false},"excerpt":{"rendered":"<p>UAB LauryHouse verslo k\u016brimas Vietos projekto parei\u0161k\u0117jas: UAB LauryHouse Vietos projekto partneris (-iai): &#8211; Paramos suma: 24\u00a0339,00\u00a0Eur Vietos projekto \u012fgyvendinimo vieta: Panev\u0117\u017eio r., Panev\u0117\u017eio sen., Piniavos k., L\u0117vens g. 57. Bendra vietos projekto vert\u0117 su PVM: 96\u00a0386,06\u00a0Eur Bendra vietos projekto vert\u0117 be PVM: 79\u00a0970,30\u00a0Eur Vietos projekto \u012fgyvendinimo trukm\u0117: 12 m\u0117n. Finansavimo \u0161altinis: E\u017d\u016aFKP ir Lietuvos [&hellip;]<\/p>\n","protected":false},"author":2,"featured_media":0,"parent":0,"menu_order":0,"comment_status":"closed","ping_status":"closed","template":"","meta":{"footnotes":""},"class_list":["post-11543","page","type-page","status-publish","hentry"],"_links":{"self":[{"href":"https:\/\/panvvg.lt\/index.php?rest_route=\/wp\/v2\/pages\/11543","targetHints":{"allow":["GET"]}}],"collection":[{"href":"https:\/\/panvvg.lt\/index.php?rest_route=\/wp\/v2\/pages"}],"about":[{"href":"https:\/\/panvvg.lt\/index.php?rest_route=\/wp\/v2\/types\/page"}],"author":[{"embeddable":true,"href":"https:\/\/panvvg.lt\/index.php?rest_route=\/wp\/v2\/users\/2"}],"replies":[{"embeddable":true,"href":"https:\/\/panvvg.lt\/index.php?rest_route=%2Fwp%2Fv2%2Fcomments&post=11543"}],"version-history":[{"count":6,"href":"https:\/\/panvvg.lt\/index.php?rest_route=\/wp\/v2\/pages\/11543\/revisions"}],"predecessor-version":[{"id":11654,"href":"https:\/\/panvvg.lt\/index.php?rest_route=\/wp\/v2\/pages\/11543\/revisions\/11654"}],"wp:attachment":[{"href":"https:\/\/panvvg.lt\/index.php?rest_route=%2Fwp%2Fv2%2Fmedia&parent=11543"}],"curies":[{"name":"wp","href":"https:\/\/api.w.org\/{rel}","templated":true}]}}