{"id":11539,"date":"2025-12-16T18:52:20","date_gmt":"2025-12-16T16:52:20","guid":{"rendered":"https:\/\/panvvg.lt?page_id=11539"},"modified":"2026-02-03T16:42:08","modified_gmt":"2026-02-03T14:42:08","slug":"apgyvendinimo-paslaugu-teikimas-bistrampolio-dvare","status":"publish","type":"page","link":"https:\/\/panvvg.lt?page_id=11539","title":{"rendered":"Apgyvendinimo paslaug\u0173 teikimas Bistrampolio dvare"},"content":{"rendered":"\n<h3 style=\"text-align: center;\"><span>Apgyvendinimo paslaug\u0173 teikimas Bistrampolio dvare<\/span><\/h3>\n<p>Vietos projekto parei\u0161k\u0117jas: <strong>V\u0161\u012e \u201eBistrampolio dvaras\u201c<\/strong><\/p>\n<p>Vietos projekto partneris (-iai): <strong>&#8211;<\/strong><\/p>\n<p>Paramos suma: <strong>89 984,00\u00a0Eur<\/strong><\/p>\n<p>Vietos projekto \u012fgyvendinimo vieta: <strong>Bistrampolio g. 1, Ku\u010di\u0173 k., Panev\u0117\u017eio r.<\/strong><\/p>\n<p>Bendra vietos projekto vert\u0117 su PVM: <strong>188\u00a0000,20\u00a0Eur<\/strong><\/p>\n<p>Bendra vietos projekto vert\u0117 be PVM: <strong>185\u00a0917,52\u00a0Eur<\/strong><\/p>\n<p>Vietos projekto \u012fgyvendinimo trukm\u0117: <strong>19 m\u0117n.<\/strong><\/p>\n<p>Finansavimo \u0161altinis: <strong>E\u017d\u016aFKP ir Lietuvos valstyb\u0117s biud\u017eeto l\u0117\u0161os.<\/strong><\/p>\n<p><\/p>\n<ol>\n<li><strong>Projekto tikslas<\/strong> &#8211; sukurti turizmo paslaug\u0173 kompleks\u0105 Bistrampolio dvaro parko rekreacin\u0117je teritorijoje, \u012frengiant priva\u010dius modulinius namelius (3 vnt.) ir tokiu b\u016bdu pritaikant kult\u016bros objekt\u0105 turizmo reikm\u0117ms, t. y. trumpalaikio apgyvendinimo paslaugoms vykdyti.<\/li>\n<\/ol>\n<p><\/p>\n<ol start=\"2\">\n<li><strong>Projekto u\u017edaviniai: <\/strong><\/li>\n<\/ol>\n<ul>\n<li>atlikti projektavimo darbus (sklypo plano sprendiniai, vandentiekio ir nuotek\u0173 \u0161alinimo dalis, elektrotechnikos dalis);<\/li>\n<li>pastatyti modulinius poilsio namelius Bistrampolio dvaro rekreacin\u0117je teritorijoje;<\/li>\n<li>\u012fsigyti ir pastatyti 24 vnt. LED lauko \u0161viestuv\u0173;<\/li>\n<li>sukurti 2 naujas darbo vietas (etatus) Panev\u0117\u017eio rajono gyventojams;<\/li>\n<li>didinti Bistrampolio dvaro sodybos komplekso prieinamum\u0105 ir \u017einomum\u0105.<\/li>\n<\/ul>\n<ol start=\"3\">\n<li><strong>Projekto santrauka:<\/strong> projekto \u012fgyvendinimo metu Bistrampolio dvaro rekreacin\u0117je teritorijoje, atokiau nuo dvaro ansamblio pastat\u0173, prie vandens telkinio bus \u012frengti 3 privat\u016bs 36 kv. m nameliai. \u0160is kompleksas bus skirtas savaitgaliams dviese, trumpoms \u0161eimos atostogoms, k\u016brybi\u0161kam pasibuvimui su savimi ar darbo atostogoms. Tai bus puiki galimyb\u0117 pakeisti kasdien\u0119 darbo aplink\u0105, pasisemti motyvacijos, nauj\u0173 k\u016brybini\u0173 id\u0117j\u0173 ir \u012fkv\u0117pimo, darbuojantis gamtos apsuptyje. Parko teritorijoje bus \u012frengti 24 vnt. LED \u0161viestuv\u0173. Projekto \u012fgyvendinimas didins turistams si\u016blom\u0173 paslaug\u0173 prieinamum\u0105 ir kompleksi\u0161kum\u0105, bus sukurta nauja erdv\u0117 atvykstamajam ir vietiniam turistui. Vietos projektas prisid\u0117s prie paslaug\u0173 vietos gyventojams prieinamumo ir \u012fvairov\u0117s bei kaimo gyventoj\u0173 u\u017eimtumo didinimo (bus sukurtos dvi darbo vietos Panev\u0117\u017eio rajono gyventojams).<\/li>\n<\/ol>\n<p><\/p>\n<ol start=\"4\">\n<li><strong>Laukiami rezultatai:<\/strong> vietos projektas didins teritorijos ekonomin\u012f ir socialin\u012f gyvybingum\u0105 kuriant naujas darbo vietas, bus efektyviai naudojami turimi i\u0161tekliai (senoji dvaro sodyba) pritaikant dvaro sodybos teritorij\u0105 apgyvendinimo paslaugoms teikti.<\/li>\n<\/ol>\n<p><\/p>\n<p><\/p>\n","protected":false},"excerpt":{"rendered":"<p>Apgyvendinimo paslaug\u0173 teikimas Bistrampolio dvare Vietos projekto parei\u0161k\u0117jas: V\u0161\u012e \u201eBistrampolio dvaras\u201c Vietos projekto partneris (-iai): &#8211; Paramos suma: 89 984,00\u00a0Eur Vietos projekto \u012fgyvendinimo vieta: Bistrampolio g. 1, Ku\u010di\u0173 k., Panev\u0117\u017eio r. Bendra vietos projekto vert\u0117 su PVM: 188\u00a0000,20\u00a0Eur Bendra vietos projekto vert\u0117 be PVM: 185\u00a0917,52\u00a0Eur Vietos projekto \u012fgyvendinimo trukm\u0117: 19 m\u0117n. Finansavimo \u0161altinis: E\u017d\u016aFKP ir [&hellip;]<\/p>\n","protected":false},"author":2,"featured_media":0,"parent":0,"menu_order":0,"comment_status":"closed","ping_status":"closed","template":"","meta":{"footnotes":""},"class_list":["post-11539","page","type-page","status-publish","hentry"],"_links":{"self":[{"href":"https:\/\/panvvg.lt\/index.php?rest_route=\/wp\/v2\/pages\/11539","targetHints":{"allow":["GET"]}}],"collection":[{"href":"https:\/\/panvvg.lt\/index.php?rest_route=\/wp\/v2\/pages"}],"about":[{"href":"https:\/\/panvvg.lt\/index.php?rest_route=\/wp\/v2\/types\/page"}],"author":[{"embeddable":true,"href":"https:\/\/panvvg.lt\/index.php?rest_route=\/wp\/v2\/users\/2"}],"replies":[{"embeddable":true,"href":"https:\/\/panvvg.lt\/index.php?rest_route=%2Fwp%2Fv2%2Fcomments&post=11539"}],"version-history":[{"count":2,"href":"https:\/\/panvvg.lt\/index.php?rest_route=\/wp\/v2\/pages\/11539\/revisions"}],"predecessor-version":[{"id":11582,"href":"https:\/\/panvvg.lt\/index.php?rest_route=\/wp\/v2\/pages\/11539\/revisions\/11582"}],"wp:attachment":[{"href":"https:\/\/panvvg.lt\/index.php?rest_route=%2Fwp%2Fv2%2Fmedia&parent=11539"}],"curies":[{"name":"wp","href":"https:\/\/api.w.org\/{rel}","templated":true}]}}