{"id":11511,"date":"2025-12-16T17:28:11","date_gmt":"2025-12-16T15:28:11","guid":{"rendered":"https:\/\/panvvg.lt?page_id=11511"},"modified":"2026-02-03T16:42:48","modified_gmt":"2026-02-03T14:42:48","slug":"vsi-vilties-sodas-dienos-uzimtumo-centro-socialiniu-paslaugu-kokybes-gerinimas","status":"publish","type":"page","link":"https:\/\/panvvg.lt?page_id=11511","title":{"rendered":"V\u0161\u012e Vilties sodas dienos u\u017eimtumo centro socialini\u0173 paslaug\u0173 kokyb\u0117s gerinimas"},"content":{"rendered":"\n<h3 style=\"text-align: center;\"><strong>V\u0161\u012e Vilties sodas dienos u\u017eimtumo centro socialini\u0173 paslaug\u0173 kokyb\u0117s gerinimas<\/strong><\/h3>\n<p>Vietos projekto parei\u0161k\u0117jas: \u00a0<strong>V\u0161\u012e \u201eVilties sodas\u201c<\/strong><\/p>\n<p>Vietos projekto partneris (-iai): <strong>Panev\u0117\u017eio rajono savivaldyb\u0117s administracija, biud\u017eetin\u0117 \u012fstaiga<\/strong><\/p>\n<p>Paramos suma: <strong>140 258,00 Eur<\/strong><\/p>\n<p>Vietos projekto \u012fgyvendinimo vieta: <strong>Kurganavos g. 16, Bili\u016bn\u0173 k., Mie\u017ei\u0161ki\u0173 sen., Panev\u0117\u017eio raj.<\/strong><\/p>\n<p>Bendra vietos projekto vert\u0117 su PVM: <strong>147 640,00 Eur<\/strong><\/p>\n<p>Bendra vietos projekto vert\u0117 be PVM: <strong>122 016,52 Eur<\/strong><\/p>\n<p>Vietos projekto \u012fgyvendinimo trukm\u0117: <strong>18 m\u0117n.<\/strong><\/p>\n<p>Finansavimo \u0161altinis: <strong>E\u017d\u016aFKP ir Lietuvos valstyb\u0117s biud\u017eeto l\u0117\u0161os.<\/strong><\/p>\n<p><\/p>\n<ol>\n<li><strong>Projekto tikslas<\/strong> &#8211; dienos u\u017eimtumo centro socialini\u0173 paslaug\u0173 kokyb\u0117s gerinimas atliekant pastato pirmojo auk\u0161to statybos (paprastojo remonto) darbus ir atnaujinant virtuv\u0117l\u0119 pagal ne\u012fgali\u0173j\u0173 poreikius.<\/li>\n<\/ol>\n<p><\/p>\n<ol start=\"2\">\n<li><strong>Projekto u\u017edaviniai: <\/strong><\/li>\n<\/ol>\n<ul>\n<li><span>atlikti pirmo auk\u0161to statybos (paprastojo remonto) darbus;<\/span><\/li>\n<li>atnaujinti virtuv\u0117l\u0117s \u012frang\u0105 pagal klient\u0173 poreikius;<\/li>\n<li>sukurti 2 naujas darbo vietas (etatus).<\/li>\n<\/ul>\n<ol start=\"3\">\n<li><strong>Projekto santrauka:<\/strong> vietos projekto \u012fgyvendinimo metu V\u0161\u012e \u201eVilties sodas\u201c planuoja vykdyti pastato, esan\u010dio Kurganavos g. 16, Mie\u017ei\u0161ki\u0173 sen., Bili\u016bn\u0173 k., Panev\u0117\u017eio r., pirmo auk\u0161to statybos remonto darbus ir \u012fsigyti reikaling\u0105 virtuv\u0117s \u012frang\u0105: \u0161aldytuvas, \u0161aldiklis, konvekcin\u0117 krosnis, kavos aparatas, generatorius. Pastatas valdomas patik\u0117jimo teise (pagal 2018 gegu\u017e\u0117s 22 d. turto patik\u0117jimo sutart\u012f su Panev\u0117\u017eio rajono savivaldybe Nr. S2-70). Vykdomi tik pirmo auk\u0161to statybos remonto darbai: cokolio \u0161iltinimas naudojant polistireno plok\u0161tes, angokra\u0161\u010di\u0173 sutvarkymas, dvisluoksnis tinkavimas armuojant sintetiniais tinkleliais, lietaus nuvedimo sistemos lietvamzd\u017eio latako keitimas, fasadini\u0173 konstrukcij\u0173 apskardinimas ir kiti s\u0105matoje nurodyti b\u016btini darbai. \u012evykd\u017eius statybos darbus ir ap\u0161iltinus pastat\u0105 prognozuojama, kad \u012fstaigai reik\u0117s ma\u017eiau skirti l\u0117\u0161\u0173 perkant i\u0161kastinio kuro \u017ealiavas, kadangi patalpos ma\u017eiau per\u0161als \u0161altuoju metu periodu, daugiau \u0161ilumos liks patalpose, temperat\u016bra taps pastovesn\u0117. Taip \u012fstaiga prisideda prie siekio saugoti aplink\u0105, ma\u017einti neigiam\u0105 poveik\u012f aplinkai, taupyti energij\u0105 ir prisid\u0117ti prie klimato kaitos \u0161velninimo.<\/li>\n<\/ol>\n<p><\/p>\n<ol start=\"4\">\n<li><strong>Laukiami rezultatai:<\/strong> V\u0161\u012e \u201eVilties sodas\u201c klientai gaus kokybi\u0161kesnes paslaugas, kadangi bus atnaujinta tiek pastato i\u0161or\u0117, tiek virtuv\u0117l\u0117. Virtuv\u0117l\u0117je klientai gal\u0117s lengviau pasiruo\u0161ti maist\u0105, taps savaranki\u0161kesni. Ap\u0161iltinus pastato i\u0161or\u0119 temperat\u016bra \u012fstaigos patalpose ilgiau i\u0161silaikys pastovi, nes sienos taip staigiai neper\u0161als ir po savaitgalio nesijaus didesni\u0173 skirtum\u0173, tod\u0117l klientams taps jaukiau u\u017esiimti veiklomis, o darbuotojams dirbti ir atlikti savo tiesiogin\u012f darb\u0105.<\/li>\n<\/ol>\n<p><\/p>\n<p><\/p>\n","protected":false},"excerpt":{"rendered":"<p>V\u0161\u012e Vilties sodas dienos u\u017eimtumo centro socialini\u0173 paslaug\u0173 kokyb\u0117s gerinimas Vietos projekto parei\u0161k\u0117jas: \u00a0V\u0161\u012e \u201eVilties sodas\u201c Vietos projekto partneris (-iai): Panev\u0117\u017eio rajono savivaldyb\u0117s administracija, biud\u017eetin\u0117 \u012fstaiga Paramos suma: 140 258,00 Eur Vietos projekto \u012fgyvendinimo vieta: Kurganavos g. 16, Bili\u016bn\u0173 k., Mie\u017ei\u0161ki\u0173 sen., Panev\u0117\u017eio raj. Bendra vietos projekto vert\u0117 su PVM: 147 640,00 Eur Bendra vietos [&hellip;]<\/p>\n","protected":false},"author":2,"featured_media":0,"parent":0,"menu_order":0,"comment_status":"closed","ping_status":"closed","template":"","meta":{"footnotes":""},"class_list":["post-11511","page","type-page","status-publish","hentry"],"_links":{"self":[{"href":"https:\/\/panvvg.lt\/index.php?rest_route=\/wp\/v2\/pages\/11511","targetHints":{"allow":["GET"]}}],"collection":[{"href":"https:\/\/panvvg.lt\/index.php?rest_route=\/wp\/v2\/pages"}],"about":[{"href":"https:\/\/panvvg.lt\/index.php?rest_route=\/wp\/v2\/types\/page"}],"author":[{"embeddable":true,"href":"https:\/\/panvvg.lt\/index.php?rest_route=\/wp\/v2\/users\/2"}],"replies":[{"embeddable":true,"href":"https:\/\/panvvg.lt\/index.php?rest_route=%2Fwp%2Fv2%2Fcomments&post=11511"}],"version-history":[{"count":12,"href":"https:\/\/panvvg.lt\/index.php?rest_route=\/wp\/v2\/pages\/11511\/revisions"}],"predecessor-version":[{"id":11583,"href":"https:\/\/panvvg.lt\/index.php?rest_route=\/wp\/v2\/pages\/11511\/revisions\/11583"}],"wp:attachment":[{"href":"https:\/\/panvvg.lt\/index.php?rest_route=%2Fwp%2Fv2%2Fmedia&parent=11511"}],"curies":[{"name":"wp","href":"https:\/\/api.w.org\/{rel}","templated":true}]}}