{"id":11506,"date":"2025-12-16T17:04:07","date_gmt":"2025-12-16T15:04:07","guid":{"rendered":"https:\/\/panvvg.lt?page_id=11506"},"modified":"2026-03-25T16:32:20","modified_gmt":"2026-03-25T14:32:20","slug":"vietos-projektai-pagal-panevezio-rajono-2024-2029-m-vietos-pletros-strategija","status":"publish","type":"page","link":"https:\/\/panvvg.lt?page_id=11506","title":{"rendered":"Vietos projektai pagal Panev\u0117\u017eio rajono 2024-2029 m. vietos pl\u0117tros strategij\u0105"},"content":{"rendered":"<p>Vietos projektai pagal Panev\u0117\u017eio rajono 2024-2029 m. vietos pl\u0117tros strategij\u0105<\/p>\n<p><em>I\u0161sami informacija apie projekt\u0105 pateikiama pasirinkus jo pavadinim\u0105<\/em>.<\/p>\n\n<table id=\"tablepress-32\" class=\"tablepress tablepress-id-32 tbody-has-connected-cells\">\n<thead>\n<tr class=\"row-1\">\n\t<th class=\"column-1\"><strong>Eil.<br \/>\r\nNr.<\/strong><\/th><th class=\"column-2\"><strong>Eil.<br \/>\nNr.<\/strong><\/th><th class=\"column-3\"><strong>Vietos projekto Nr.<\/strong><\/th><th class=\"column-4\"><div style=\"display:flex; align-items:center; justify-content:center; height:100%;\"><br \/>\n  <strong>Projekto pavadinimas<\/strong><br \/>\n<\/div><\/th><th class=\"column-5\"><strong>Vykdytojas<\/strong><\/th><th class=\"column-6\"><strong>B\u016bsena<\/strong><\/th>\n<\/tr>\n<\/thead>\n<tbody class=\"row-striping row-hover\">\n<tr class=\"row-2\">\n\t<td colspan=\"3\" class=\"column-1\"><\/td><td colspan=\"3\" class=\"column-4\"><strong>Kvietimas Nr. 1 \u201eSocialinio verslo k\u016brimas ir pl\u0117tra\u201c Nr. PANE-LEADER-20VVG-06-03 <\/strong><\/td>\n<\/tr>\n<tr class=\"row-3\">\n\t<td class=\"column-1\">1<\/td><td class=\"column-2\">1<\/td><td class=\"column-3\">PANE-LEADER-06-1-4<\/td><td class=\"column-4\"><a href=\"https:\/\/panvvg.lt\/?page_id=11511\" target=\"_blank\"style=\"display:block; text-align:center;\">V\u0161\u012e \u201eVilties sodas\" dienos u\u017eimtumo centro socialini\u0173 paslaug\u0173 kokyb\u0117s gerinimas<\/a><\/td><td class=\"column-5\">V\u0161\u012e \u201eVilties sodas\u201c<\/td><td class=\"column-6\">\u012egyvendinamas<\/td>\n<\/tr>\n<tr class=\"row-4\">\n\t<td colspan=\"3\" class=\"column-1\"><\/td><td colspan=\"3\" class=\"column-4\"><strong>Kvietimas Nr. 2 \u201eNe \u017eem\u0117s \u016bkio verslo k\u016brimas ir pl\u0117tra\u201c Nr. PANE-LEADER-20VVG-03-01 <\/strong><\/td>\n<\/tr>\n<tr class=\"row-5\">\n\t<td class=\"column-1\">2<\/td><td class=\"column-2\">1<\/td><td class=\"column-3\">PANE-LEADER-03-2-3<\/td><td class=\"column-4\"><a href=\"https:\/\/panvvg.lt?page_id=11539\" target=\"_blank\"style=\"display:block; text-align:center;\">Apgyvendinimo paslaug\u0173 teikimas Bistrampolio dvare<\/a><\/td><td class=\"column-5\">V\u0161\u012e \u201eBistrampolio dvaras\u201c<\/td><td class=\"column-6\">\u012egyvendinamas<\/td>\n<\/tr>\n<tr class=\"row-6\">\n\t<td class=\"column-1\">3<\/td><td class=\"column-2\">2<\/td><td class=\"column-3\">PANE-LEADER-03-2-1<\/td><td class=\"column-4\"><a href=\"https:\/\/panvvg.lt?page_id=11543\" target=\"_blank\"style=\"display:block; text-align:center;\">UAB LauryHouse verslo k\u016brimas<\/a><\/td><td class=\"column-5\">UAB \u201eLauryHouse\u201c<\/td><td class=\"column-6\">\u012egyvendinamas<\/td>\n<\/tr>\n<tr class=\"row-7\">\n\t<td colspan=\"3\" class=\"column-1\"><\/td><td colspan=\"3\" class=\"column-4\"><strong>Kvietimas Nr. 3 \u201eBendruomeninio verslo k\u016brimas ir pl\u0117tra\u201c Nr. PANE-LEADER-20VVG-07-02 <\/strong><\/td>\n<\/tr>\n<tr class=\"row-8\">\n\t<td class=\"column-1\">-<\/td><td class=\"column-2\">-<\/td><td class=\"column-3\">-<\/td><td class=\"column-4\">-<\/td><td class=\"column-5\">-<\/td><td class=\"column-6\">-<\/td>\n<\/tr>\n<tr class=\"row-9\">\n\t<td colspan=\"3\" class=\"column-1\"><\/td><td colspan=\"3\" class=\"column-4\"><strong>Kvietimas Nr. 4 \u201eKokybi\u0161k\u0173 vie\u0161\u0173j\u0173 paslaug\u0173 prieinamumo didinimas\u201c Nr. PANE-LEADER-20VVG-08-04<\/strong><\/td>\n<\/tr>\n<tr class=\"row-10\">\n\t<td class=\"column-1\">-<\/td><td class=\"column-2\">-<\/td><td class=\"column-3\">-<\/td><td class=\"column-4\">-<\/td><td class=\"column-5\">-<\/td><td class=\"column-6\">-<\/td>\n<\/tr>\n<tr class=\"row-11\">\n\t<td colspan=\"3\" class=\"column-1\"><\/td><td colspan=\"3\" class=\"column-4\"><strong>Kvietimas Nr. 5 \u201eNe \u017eem\u0117s \u016bkio verslo k\u016brimas ir pl\u0117tra\u201c Nr. PANE-LEADER-20VVG-03-01<\/strong><\/td>\n<\/tr>\n<tr class=\"row-12\">\n\t<td class=\"column-1\">4<\/td><td class=\"column-2\">1<\/td><td class=\"column-3\">PANE-LEADER-03-5-6<\/td><td class=\"column-4\"><a href=\"https:\/\/panvvg.lt?page_id=11666\" target=\"_blank\"style=\"display:block; text-align:center;\">Panev\u0117\u017eio regiono ve\u017eantis skonis<\/a><\/td><td class=\"column-5\">MB \u201eVe\u017eantis skonis\u201c<\/td><td class=\"column-6\">\u012egyvendinamas<\/td>\n<\/tr>\n<tr class=\"row-13\">\n\t<td colspan=\"3\" class=\"column-1\"><\/td><td colspan=\"3\" class=\"column-4\"><strong>Kvietimas Nr. 6 \u201eNVO stiprinimas ir vietos gyventoj\u0173 bendruomeni\u0161kumo skatinimas\u201c Nr. PANE-LEADER-20VVG-09-05<\/strong><\/td>\n<\/tr>\n<tr class=\"row-14\">\n\t<td class=\"column-1\">5<\/td><td class=\"column-2\">1<\/td><td class=\"column-3\">PANE-LEADER-09-6-2<\/td><td class=\"column-4\"><a href=\"https:\/\/panvvg.lt?page_id=11662\" target=\"_blank\"style=\"display:block; text-align:center;\">Gatv\u0117s kult\u016bros diena Dembavoje 2026<\/a><\/td><td class=\"column-5\">Dembavos bendruomen\u0117<\/td><td class=\"column-6\">\u012egyvendinamas<\/td>\n<\/tr>\n<tr class=\"row-15\">\n\t<td class=\"column-1\">6<\/td><td class=\"column-2\">2<\/td><td class=\"column-3\">PANE-LEADER-09-6-3<\/td><td class=\"column-4\"><a href=\"https:\/\/panvvg.lt?page_id=11658\" target=\"_blank\"style=\"display:block; text-align:center;\">Ir v\u0117l \u0116ri\u0161kiai kvie\u010dia<\/a><\/td><td class=\"column-5\">Panev\u0117\u017eio rajono \u0116ri\u0161ki\u0173 kaimo bendruomen\u0117<\/td><td class=\"column-6\">\u012egyvendinamas<\/td>\n<\/tr>\n<tr class=\"row-16\">\n\t<td class=\"column-1\">7<\/td><td class=\"column-2\">3<\/td><td class=\"column-3\">PANE-LEADER-09-6-1<\/td><td class=\"column-4\"><a href=\"https:\/\/panvvg.lt?page_id=11655\" target=\"_blank\"style=\"display:block; text-align:center;\">Gyvos tradicijos \u2013 stipri bendruomen\u0117 ir tvari ekonomika<\/a><\/td><td class=\"column-5\">Panev\u0117\u017eio rajono Raguvos bendruomen\u0117 \u201eRaguva kartu\u201c<\/td><td class=\"column-6\">\u012egyvendinamas<\/td>\n<\/tr>\n<tr class=\"row-17\">\n\t<td class=\"column-1\">8<\/td><td class=\"column-2\">4<\/td><td class=\"column-3\">PANE-LEADER-09-6-4<\/td><td class=\"column-4\"><a href=\"https:\/\/panvvg.lt?page_id=11664\" target=\"_blank\"style=\"display:block; text-align:center;\">Du krantai - viena \u0161irdis<\/a><\/td><td class=\"column-5\">PANEV\u0116\u017dIO RAJONO BENDRUOMENI\u0172 S\u0104JUNGA<\/td><td class=\"column-6\">\u012egyvendinamas<\/td>\n<\/tr>\n<tr class=\"row-18\">\n\t<td class=\"column-1\">9<\/td><td class=\"column-2\">5<\/td><td class=\"column-3\">PANE-LEADER-09-6-5<\/td><td class=\"column-4\"><a href=\"https:\/\/panvvg.lt?page_id=11660\" target=\"_blank\"style=\"display:block; text-align:center;\">Kaimyn\u0173 metai Skaistgiriuose<\/a><\/td><td class=\"column-5\">Gyventoj\u0173 bendruomen\u0117 \u201eSKAISTGIRIAI\u201c<\/td><td class=\"column-6\">\u012egyvendinamas<\/td>\n<\/tr>\n<\/tbody>\n<tfoot>\n<tr class=\"row-19\">\n\t<td class=\"column-1\"><\/td><td class=\"column-2\"><\/td><td class=\"column-3\"><\/td><td class=\"column-4\"><\/td><td class=\"column-5\"><\/td><td class=\"column-6\"><\/td>\n<\/tr>\n<\/tfoot>\n<\/table>\n<!-- #tablepress-32 from cache -->\n\n","protected":false},"excerpt":{"rendered":"<p>Vietos projektai pagal Panev\u0117\u017eio rajono 2024-2029 m. vietos pl\u0117tros strategij\u0105 I\u0161sami informacija apie projekt\u0105 pateikiama pasirinkus jo pavadinim\u0105.<\/p>\n","protected":false},"author":2,"featured_media":0,"parent":0,"menu_order":0,"comment_status":"closed","ping_status":"closed","template":"","meta":{"footnotes":""},"class_list":["post-11506","page","type-page","status-publish","hentry"],"_links":{"self":[{"href":"https:\/\/panvvg.lt\/index.php?rest_route=\/wp\/v2\/pages\/11506","targetHints":{"allow":["GET"]}}],"collection":[{"href":"https:\/\/panvvg.lt\/index.php?rest_route=\/wp\/v2\/pages"}],"about":[{"href":"https:\/\/panvvg.lt\/index.php?rest_route=\/wp\/v2\/types\/page"}],"author":[{"embeddable":true,"href":"https:\/\/panvvg.lt\/index.php?rest_route=\/wp\/v2\/users\/2"}],"replies":[{"embeddable":true,"href":"https:\/\/panvvg.lt\/index.php?rest_route=%2Fwp%2Fv2%2Fcomments&post=11506"}],"version-history":[{"count":5,"href":"https:\/\/panvvg.lt\/index.php?rest_route=\/wp\/v2\/pages\/11506\/revisions"}],"predecessor-version":[{"id":11651,"href":"https:\/\/panvvg.lt\/index.php?rest_route=\/wp\/v2\/pages\/11506\/revisions\/11651"}],"wp:attachment":[{"href":"https:\/\/panvvg.lt\/index.php?rest_route=%2Fwp%2Fv2%2Fmedia&parent=11506"}],"curies":[{"name":"wp","href":"https:\/\/api.w.org\/{rel}","templated":true}]}}