{"id":11298,"date":"2025-08-07T17:46:58","date_gmt":"2025-08-07T14:46:58","guid":{"rendered":"https:\/\/panvvg.lt?page_id=11298"},"modified":"2025-12-11T18:46:40","modified_gmt":"2025-12-11T16:46:40","slug":"kvietimas-nr-6-veiklu-projektai","status":"publish","type":"page","link":"https:\/\/panvvg.lt?page_id=11298","title":{"rendered":"Kvietimas Nr. 6 (veikl\u0173 projektai)"},"content":{"rendered":"\n\n<div class=\"wp-block-image\">\n<figure class=\"aligncenter size-full is-resized\"><img decoding=\"async\" src=\"data:image\/gif;base64,R0lGODlhAQABAIAAAAAAAP\/\/\/ywAAAAAAQABAAACAUwAOw==\" fifu-lazy=\"1\" fifu-data-sizes=\"auto\" fifu-data-srcset=\"https:\/\/i0.wp.com\/panvvg.lt\/wp-content\/uploads\/2025\/03\/ESBVIP-e1754580681579.png?ssl=1&w=75&resize=75&ssl=1 75w, https:\/\/i0.wp.com\/panvvg.lt\/wp-content\/uploads\/2025\/03\/ESBVIP-e1754580681579.png?ssl=1&w=100&resize=100&ssl=1 100w, https:\/\/i0.wp.com\/panvvg.lt\/wp-content\/uploads\/2025\/03\/ESBVIP-e1754580681579.png?ssl=1&w=150&resize=150&ssl=1 150w, https:\/\/i0.wp.com\/panvvg.lt\/wp-content\/uploads\/2025\/03\/ESBVIP-e1754580681579.png?ssl=1&w=240&resize=240&ssl=1 240w, https:\/\/i0.wp.com\/panvvg.lt\/wp-content\/uploads\/2025\/03\/ESBVIP-e1754580681579.png?ssl=1&w=320&resize=320&ssl=1 320w, https:\/\/i0.wp.com\/panvvg.lt\/wp-content\/uploads\/2025\/03\/ESBVIP-e1754580681579.png?ssl=1&w=500&resize=500&ssl=1 500w, https:\/\/i0.wp.com\/panvvg.lt\/wp-content\/uploads\/2025\/03\/ESBVIP-e1754580681579.png?ssl=1&w=640&resize=640&ssl=1 640w, https:\/\/i0.wp.com\/panvvg.lt\/wp-content\/uploads\/2025\/03\/ESBVIP-e1754580681579.png?ssl=1&w=800&resize=800&ssl=1 800w, https:\/\/i0.wp.com\/panvvg.lt\/wp-content\/uploads\/2025\/03\/ESBVIP-e1754580681579.png?ssl=1&w=1024&resize=1024&ssl=1 1024w, https:\/\/i0.wp.com\/panvvg.lt\/wp-content\/uploads\/2025\/03\/ESBVIP-e1754580681579.png?ssl=1&w=1280&resize=1280&ssl=1 1280w, https:\/\/i0.wp.com\/panvvg.lt\/wp-content\/uploads\/2025\/03\/ESBVIP-e1754580681579.png?ssl=1&w=1600&resize=1600&ssl=1 1600w\" fifu-data-src=\"https:\/\/i0.wp.com\/panvvg.lt\/wp-content\/uploads\/2025\/03\/ESBVIP-e1754580681579.png?ssl=1\" alt=\"\" class=\"wp-image-11188\" style=\"width:422px;height:auto\"\/><\/figure>\n<\/div>\n\n<p style=\"text-align: center;\"><span style=\"font-weight: normal !msorm;\"><strong><span>KVIETIMAS TEIKTI VIETOS PROJEKTUS NR. 6<\/span><\/strong><\/span><\/p>\n<p style=\"text-align: left;\">Kvie\u010diame teikti parai\u0161kas pagal vietos pl\u0117tros strategijos \u201ePanev\u0117\u017eio rajono 2024-2029 m. vietos pl\u0117tros strategija\u201c priemon\u0119 <strong>\u201eNVO stiprinimas ir vietos gyventoj\u0173 bendruomeni\u0161kumo skatinimas\u201c <\/strong>Nr. PANE-LEADER-20VVG-09-05.<\/p>\n<p>Parai\u0161kos renkamos nuo <strong>2025-09-11<\/strong>\u00a000.00 val. iki <strong>2025-11-10<\/strong>\u00a024.00 val.<\/p>\n<ul style=\"list-style-type: disc;\">\n<li><strong class=\"highlights\"><a href=\"https:\/\/drive.google.com\/file\/d\/1gCHNDcfJQocU3zkJAca7jpcN6vHdZBtb\/view?usp=drive_link\" target=\"_blank\" rel=\"noopener noreferrer\">Kvietimas Nr. 6<\/a><\/strong>;<\/li>\n<li><strong class=\"highlights\"><a href=\"https:\/\/docs.google.com\/spreadsheets\/d\/1utQmNif6trFPI0T_sSObwgsl_zckEHOc\/export?format=xlsx\" target=\"_blank\" rel=\"noopener\">Vietos projekto parai\u0161kos forma<\/a><\/strong>;<\/li>\n<li>1 priedas <strong class=\"highlights\"><a href=\"https:\/\/docs.google.com\/document\/d\/16ApkVWTZmBdpwcSNFtJPi0wsTcz8Oadv\/export?format=docx\" target=\"_blank\" rel=\"noopener noreferrer\">Jungtin\u0117s veiklos sutarties forma<\/a><\/strong>.<\/li>\n<\/ul>\n<ul><\/ul>\n<p>Vietos projekt\u0173 parai\u0161kos priimamos\u00a0<strong>TIK<\/strong>\u00a0<strong>pasira\u0161ytos kvalifikuotu elektroniniu para\u0161u<\/strong>,\u00a0<strong>siun\u010diant elektroniniu pa\u0161tu panvvg@gmail.com<\/strong><strong>.<\/strong><\/p>\n<p><strong>SVARBU<\/strong><strong>!!! <\/strong><strong>Vietos projekto parai\u0161ka turi b\u016bti siun\u010diama Excel formatu.\u00a0 Vietos projekto parai\u0161ka konvertuota \u012f kitus formatus nebus priimama.<\/strong><\/p>\n<p>2024-2029 m. laikotarpyje n\u0117ra rengiami finansavimo s\u0105lyg\u0173 apra\u0161ai (FSA), visos paramos gavimo s\u0105lygos apra\u0161ytos <strong><a href=\"https:\/\/drive.google.com\/file\/d\/1gCHNDcfJQocU3zkJAca7jpcN6vHdZBtb\/view?usp=sharing\">Kvietime Nr. 6<\/a><\/strong>\u00a0ir jame nurodytuose teis\u0117s aktuose.<\/p>\n<p><strong><span style=\"font-weight: normal !msorm;\">NAUDINGOS NUORODOS:<\/span><\/strong><strong> <\/strong><\/p>\n<ul>\n<li><strong class=\"highlights\"><a href=\"https:\/\/panvvg.lt\/?portfolio=2024-2029-m-vietos-pletros-strategija\" target=\"_blank\" rel=\"noopener\">Panev\u0117\u017eio rajono vietos veiklos grup\u0117s vietos pl\u0117tros strategija \u201ePanev\u0117\u017eio rajono 2024-2029 m. vietos pl\u0117tros strategija\u201c<\/a><\/strong> (\u017er. aktuali\u0105 redakcij\u0105);<\/li>\n<li><strong class=\"highlights\"><a href=\"https:\/\/www.e-tar.lt\/portal\/lt\/legalAct\/8cdd3cd032b611ee9de9e7e0fd363afc\/asr\" target=\"_blank\" rel=\"noopener\">Vietos projekt\u0173, \u012fgyvendinam\u0173 bendruomeni\u0173 inicijuotos vietos pl\u0117tros b\u016bdu, administravimo taisykl\u0117s<\/a><\/strong>;<\/li>\n<li><strong class=\"highlights\"><a href=\"https:\/\/e-seimas.lrs.lt\/portal\/legalAct\/lt\/TAD\/6a4d6a81b48211ed924fd817f8fa798e\/asr\" target=\"_blank\" rel=\"noopener\">Lietuvos \u017eem\u0117s \u016bkio ir kaimo pl\u0117tros 2023\u20132027 met\u0173 strateginio plano administravimo taisykl\u0117s<\/a><\/strong>;<\/li>\n<li><a href=\"https:\/\/e-seimas.lrs.lt\/portal\/legalAct\/lt\/TAD\/d1d33d20d00111ed9b3c9397e1236c2a?positionInSearchResults=0&amp;searchModelUUID=735a294d-6fa5-4840-ad4e-6721ff10eade\" target=\"_blank\" rel=\"noopener noreferrer\"><strong class=\"highlights\">Vietos projekt\u0173 vie\u0161inimo taisykl\u0117s<\/strong><\/a>;<\/li>\n<li><strong class=\"highlights\"><a href=\"https:\/\/drive.google.com\/file\/d\/1g78z4YHnWVPXcwNSqL2-6a1UbuDw9Bh8\/view?usp=sharing\" target=\"_blank\" rel=\"noopener\">Projekt\u0173 vie\u0161inimo atmintin\u0117<\/a><\/strong>;<\/li>\n<li><strong class=\"highlights\"><a href=\"https:\/\/drive.google.com\/file\/d\/1eQx-GolEIw-yK0OvKhh9FiOTq2e6R3BQ\/view?usp=sharing\" target=\"_blank\" rel=\"noopener\">Pasira\u0161ymo kvalifikuotu elektroniniu para\u0161u atmintin\u0117<\/a><\/strong><a href=\"https:\/\/www.paramakaimui.lt\/index.php\/parama\/lietuvos-zemes-ukio-ir-kaimo-pletros-20232027-metu-strateginis-planas\/priemoniu-sarasas\/parama-vietos-projektams-igyvendinti-pagal-vps\/20232027-m-programinio-laikotarpio-vietos-projektu-pateiktu-pagal-vietos-pletros-strategijas-igyvendinamas-bendruomeniu-inicijuotos-vietos-pletros-budu-administravimo-proceduros-aprasas\/46563\" target=\"_blank\" rel=\"noopener noreferrer\"><\/a>.<\/li>\n<\/ul>\n<ul><\/ul>\n<ul><\/ul>\n<ul><\/ul>\n<ul><\/ul>\n<p><strong>KVIETIMO NR. 6 METU<span>\u00a0<\/span><\/strong><strong>GAUT\u0172 VIETOS PROJEKT\u0172 ATRANKOS VERTINIMO REZULTATAI:<\/strong><\/p>\n<p>Atrankos vertinimo<span>\u00a0<\/span><strong class=\"highlights\"><a href=\"https:\/\/drive.google.com\/file\/d\/1xeTmpS4njQwgaG3r2ePFyyi3zfWA69z8\/view?usp=sharing\" target=\"_blank\" rel=\"noopener\">rezultatai (s\u0105ra\u0161as)<\/a><\/strong><\/p>\n<p><\/p>\n<p>Panev\u0117\u017eio rajono vietos veiklos grup\u0117\u00a0<strong>neatsako<\/strong>\u00a0u\u017e verslo subjekt\u0173 \u2013 konsultant\u0173\/konsultacini\u0173 \u012fmoni\u0173 internete ar socialiniuose tinkluose platinam\u0105 informacij\u0105 apie Panev\u0117\u017eio rajono vietos veiklos grup\u0117s skelbiamus kvietimus, j\u0173 dokumentacij\u0105 ar pateikimo terminus ir grafikus. Patikim\u0105 informacij\u0105 rasite tik www.panvvg.lt ir www.nma.lt interneto svetain\u0117se.<\/p>\n\n\n\n\n\n\n\n","protected":false},"excerpt":{"rendered":"<p>KVIETIMAS TEIKTI VIETOS PROJEKTUS NR. 6 Kvie\u010diame teikti parai\u0161kas pagal vietos pl\u0117tros strategijos \u201ePanev\u0117\u017eio rajono 2024-2029 m. vietos pl\u0117tros strategija\u201c priemon\u0119 \u201eNVO stiprinimas ir vietos gyventoj\u0173 bendruomeni\u0161kumo skatinimas\u201c Nr. PANE-LEADER-20VVG-09-05. Parai\u0161kos renkamos nuo 2025-09-11\u00a000.00 val. iki 2025-11-10\u00a024.00 val. ; ; 1 priedas . Vietos projekt\u0173 parai\u0161kos priimamos\u00a0TIK\u00a0pasira\u0161ytos kvalifikuotu elektroniniu para\u0161u,\u00a0siun\u010diant elektroniniu pa\u0161tu panvvg@gmail.com. SVARBU!!! Vietos [&hellip;]<\/p>\n","protected":false},"author":2,"featured_media":0,"parent":0,"menu_order":0,"comment_status":"closed","ping_status":"closed","template":"","meta":{"footnotes":""},"class_list":["post-11298","page","type-page","status-publish","hentry"],"_links":{"self":[{"href":"https:\/\/panvvg.lt\/index.php?rest_route=\/wp\/v2\/pages\/11298","targetHints":{"allow":["GET"]}}],"collection":[{"href":"https:\/\/panvvg.lt\/index.php?rest_route=\/wp\/v2\/pages"}],"about":[{"href":"https:\/\/panvvg.lt\/index.php?rest_route=\/wp\/v2\/types\/page"}],"author":[{"embeddable":true,"href":"https:\/\/panvvg.lt\/index.php?rest_route=\/wp\/v2\/users\/2"}],"replies":[{"embeddable":true,"href":"https:\/\/panvvg.lt\/index.php?rest_route=%2Fwp%2Fv2%2Fcomments&post=11298"}],"version-history":[{"count":12,"href":"https:\/\/panvvg.lt\/index.php?rest_route=\/wp\/v2\/pages\/11298\/revisions"}],"predecessor-version":[{"id":11487,"href":"https:\/\/panvvg.lt\/index.php?rest_route=\/wp\/v2\/pages\/11298\/revisions\/11487"}],"wp:attachment":[{"href":"https:\/\/panvvg.lt\/index.php?rest_route=%2Fwp%2Fv2%2Fmedia&parent=11298"}],"curies":[{"name":"wp","href":"https:\/\/api.w.org\/{rel}","templated":true}]}}