{"id":11090,"date":"2024-12-01T09:57:55","date_gmt":"2024-12-01T07:57:55","guid":{"rendered":"https:\/\/panvvg.lt?page_id=11090"},"modified":"2025-03-20T12:36:22","modified_gmt":"2025-03-20T10:36:22","slug":"kvietimas-nr-35-parama-veiklu-projektams","status":"publish","type":"page","link":"https:\/\/panvvg.lt?page_id=11090","title":{"rendered":"Kvietimas Nr. 36 (parama veikl\u0173 projektams)"},"content":{"rendered":"<p><span color=\"#ff6600\">Parai\u0161kos pagal \u0161\u012f kvietim\u0105 buvo renkamos nuo 2024-12-01 9.00 val. iki 2024-12-31 24.00 val.<br \/><span><\/span>Atnaujintas (2024-12-19) kvietimo Nr. 36 skelbimas ir finansavimo s\u0105lyg\u0173 apra\u0161as (FSA).<br \/><\/span><span color=\"#ff6600\"><span style=\"color: #ff6600;\">\u00a0<\/span><\/span><\/p>\n<p><b><strong class=\"highlights\">KVIETIMO TEIKTI VIETOS PROJEKTUS NR. 36 DOKUMENTACIJA<\/strong><\/b><b>:<\/b><\/p>\n<ul style=\"list-style-type: disc;\">\n<li>Kvietimas teikti vietos projektus Nr. 36 (<strong class=\"highlights\"><a href=\"https:\/\/drive.google.com\/uc?id=1eoaq6XzESBAKyAQcp3p26ThDviTKhKW4\" target=\"_blank\" rel=\"noopener\">aktuali 2024-12-19 kvietimo skelbimo redakcija<\/a><\/strong>);<\/li>\n<li>VPS priemon\u0117s <strong>\u201eGyventoj\u0173 aktyvumo, verslumo iniciatyv\u0173 skatinimas, kra\u0161to tradicij\u0173 puosel\u0117jimas\u201c <\/strong>Nr. LEADER-19.2-SAVA-6:\n<ul style=\"list-style-type: disc;\">\n<li><strong class=\"highlights\"><a href=\"https:\/\/drive.google.com\/uc?id=1a6npT4qVE-J2T2TAG9-huLGdC6g9oqUJ\" target=\"_blank\" rel=\"noopener\">Finansavimo s\u0105lyg\u0173 apra\u0161as (FSA) aktuali 2024-12-19 redakcija<\/a>,<\/strong> <a href=\"https:\/\/drive.google.com\/uc?id=1xf4KZT5vB0TWstaM6bxghVpXXWrjApnM\" target=\"_blank\" rel=\"noopener\">2024-11-28 FSA redakcija<\/a>;<\/li>\n<li>1 priedas <strong class=\"highlights\"><a href=\"https:\/\/drive.google.com\/uc?id=1fidCHv39l-SYABsd6-b91shpayBEGK_M\" target=\"_blank\" rel=\"noopener\">Vietos projekto parai\u0161ka<\/a><\/strong>;<\/li>\n<li>2 priedas <strong class=\"highlights\"><a href=\"https:\/\/drive.google.com\/uc?id=1JH-RX_8lRo3Qff3BxsuH35DGL604SaiQ\" target=\"_blank\" rel=\"noopener\">Jungtin\u0117s veiklos sutartis<\/a><\/strong>;<\/li>\n<li>3 priedas <strong class=\"highlights\"><a href=\"https:\/\/drive.google.com\/uc?id=1vSICen4fuXu8iIk_QkLYkUFsXh5E83ld\" target=\"_blank\" rel=\"noopener\">Bendradarbiavimo sutartis<\/a><\/strong>.<\/li>\n<\/ul>\n<\/li>\n<\/ul>\n<p>Bendra kvietimo teikti vietos projektus suma <strong>13 000,00 Eur<\/strong> i\u0161 E\u017d\u016aFKP ir Lietuvos Respublikos valstyb\u0117s biud\u017eeto l\u0117\u0161\u0173.<br \/>Did\u017eiausia galima parama vienam vietos projektui \u012fgyvendinti <strong>14 995,00 Eur<\/strong>.<\/p>\n<p>Paramos vietos projektui \u012fgyvendinti lyginamoji dalis:<br \/>&#8211;\u00a0<strong>iki 80 proc<\/strong>. vis\u0173 tinkam\u0173 finansuoti vietos projekto i\u0161laid\u0173, kai projekto metu \u012fsigyjamas materialusis turtas;<br \/>&#8211; <strong>iki 95 proc<\/strong>. vis\u0173 tinkam\u0173 finansuoti vietos projekto i\u0161laid\u0173, kai vietos projektas susij\u0119s su investicijomis \u012f \u017emogi\u0161k\u0105j\u012f kapital\u0105 (kai vietos projekto galutinis rezultatas pats savaime n\u0117ra materialus turtas; esm\u0117 yra pats projektas, o ne nuolatin\u0117 veikla).<\/p>\n<p>Vietos projekt\u0173 parai\u0161kos priimamos <strong>TIK pasira\u0161ytos kvalifikuotu elektroniniu para\u0161u, siun\u010diant elektroniniu pa\u0161tu panvvg@gmail.com<\/strong>.<\/p>\n<p><b>PAPILDOMI DOKUMENTAI (pagalba parei\u0161k\u0117jams)<\/b><b>:<\/b><\/p>\n<ul>\n<li>Pasira\u0161ymo kvalifikuotu elektroniniu para\u0161u <strong class=\"highlights\"><a href=\"https:\/\/drive.google.com\/uc?id=1dMXNt1rKdH3PJkcg7oJqp9KpOQQ17jUG\" target=\"_blank\" rel=\"noopener\">atmintin\u0117<\/a><\/strong><\/li>\n<li>I\u0161laid\u0173 pagrindimo dokument\u0173, teikiam\u0173 kartu su parai\u0161ka, <a href=\"https:\/\/drive.google.com\/uc?id=1K84dVDV_LWTH5TvPVenlnRP4zQ_TnW-r\" target=\"_blank\" rel=\"noopener noreferrer\"><strong class=\"highlights\">tinkamumo reikalavimai<\/strong><\/a><\/li>\n<li>Vietos projekt\u0173, \u012fgyvendinam\u0173 bendruomeni\u0173 inicijuotos vietos pl\u0117tros b\u016bdu,<strong class=\"highlights\"> <a href=\"https:\/\/www.e-tar.lt\/portal\/lt\/legalAct\/2c022700800111e6b969d7ae07280e89\/asr\" target=\"_blank\" rel=\"noopener\">administravimo taisykl\u0117s<\/a> <\/strong><\/li>\n<li>Vietos projekt\u0173, pateikt\u0173 pagal vietos pl\u0117tros strategijas, \u012fgyvendinamas bendruomeni\u0173 inicijuotos vietos pl\u0117tros b\u016bdu, administravimo <strong class=\"highlights\"><a href=\"https:\/\/www.paramakaimui.lt\/index.php\/parama\/lietuvos-kaimo-pletros-20142020-m-programa\/priemoniu-sarasas\/parama-vietos-projektams-igyvendinti-pagal-vps-2016-m\/20142020-m-programinio-laikotarpio-vietos-projektu-pateiktu-pagal-vietos-pletros-strategijas-igyvendinamas-bendruomeniu-inicijuotos-vietos-pletros-budu-administravimo-proceduros-aprasas\/11112\" target=\"_blank\" rel=\"noopener\">proced\u016bros apra\u0161as ir priedai<\/a><\/strong><\/li>\n<li>Rengini\u0173 organizavimo <strong class=\"highlights\"><a href=\"https:\/\/2014.esinvesticijos.lt\/media\/force_download\/?url=\/uploads\/main\/documents\/docs\/122306_745e3d9c8b6c6affca85b15f3c1d6133.pdf\" target=\"_blank\" rel=\"noopener noreferrer\">\u012fkainiai<\/a><\/strong><\/li>\n<li>Vietos projekt\u0173\u00a0<a href=\"https:\/\/www.e-tar.lt\/portal\/lt\/legalAct\/ed70b9107edc11e4bc68a1493830b8b9\/asr\" target=\"_blank\" rel=\"noopener noreferrer\"><strong class=\"highlights\">vie\u0161inimo taisykl\u0117s<\/strong><\/a><\/li>\n<li>Sankcij\u0173 u\u017e pa\u017eeidimus <strong class=\"highlights\"><a href=\"https:\/\/www.e-tar.lt\/portal\/lt\/legalAct\/3a4d3d907c6111e4abe983995522ea30\/asr\" target=\"_blank\" rel=\"noopener noreferrer\">taikymo metodika<\/a><\/strong><\/li>\n<\/ul>\n<ul style=\"list-style-type: disc;\"><\/ul>\n\n\n<p><strong>KVIETIMO NR. 36 METU GAUT\u0172 VIETOS PROJEKT\u0172 VERTINIMAS:<\/strong><\/p>\n\n\n\n<p>Informacija apie u\u017eregistruotas vietos projekt\u0173 parai\u0161kas (<a rel=\"noreferrer noopener\" href=\"https:\/\/drive.google.com\/uc?id=1NrPRO8GJU4fpzf6z_UPVmmNTiXicJeoM\" target=\"_blank\"><strong>projekt\u0173\u00a0s\u0105ra\u0161as<\/strong><\/a>)<br \/><span>Informacija apie vietos projekt\u0173 parai\u0161k\u0173 prid\u0117tin\u0117s vert\u0117s (kokyb\u0117s) vertinimo\u00a0<\/span><a href=\"https:\/\/drive.google.com\/uc?id=1EknRUbBUBSJ0pkCnVMWQ-HdELdNOrwMw\" target=\"_blank\" rel=\"noopener\"><strong class=\"highlights\">rezultatus<\/strong><\/a><br \/>Vietos projekt\u0173 preliminarus antrasis <strong><a href=\"https:\/\/drive.google.com\/uc?id=1HI6FjOdjx8TlwSBr3Wh0yHm61KWT_0I3\" target=\"_blank\" rel=\"noopener\">prioritetinis s\u0105ra\u0161as<\/a><\/strong><br \/>Rezervinis vietos projekt\u0173 <strong><a href=\"https:\/\/drive.google.com\/uc?id=1VUcUMpmoH6ez8kcpm_Y5XJZ6KjP6I5Gm\" target=\"_blank\" rel=\"noopener\">s\u0105ra\u0161as<\/a><\/strong><\/p>\n<p><\/p>\n\n\n\n<p><\/p>\n","protected":false},"excerpt":{"rendered":"<p>Parai\u0161kos pagal \u0161\u012f kvietim\u0105 buvo renkamos nuo 2024-12-01 9.00 val. iki 2024-12-31 24.00 val.Atnaujintas (2024-12-19) kvietimo Nr. 36 skelbimas ir finansavimo s\u0105lyg\u0173 apra\u0161as (FSA).\u00a0 : Kvietimas teikti vietos projektus Nr. 36 (); VPS priemon\u0117s \u201eGyventoj\u0173 aktyvumo, verslumo iniciatyv\u0173 skatinimas, kra\u0161to tradicij\u0173 puosel\u0117jimas\u201c Nr. LEADER-19.2-SAVA-6: 2024-11-28 FSA redakcija; 1 priedas ; 2 priedas ; 3 priedas [&hellip;]<\/p>\n","protected":false},"author":2,"featured_media":0,"parent":0,"menu_order":0,"comment_status":"closed","ping_status":"closed","template":"","meta":{"footnotes":""},"class_list":["post-11090","page","type-page","status-publish","hentry"],"_links":{"self":[{"href":"https:\/\/panvvg.lt\/index.php?rest_route=\/wp\/v2\/pages\/11090","targetHints":{"allow":["GET"]}}],"collection":[{"href":"https:\/\/panvvg.lt\/index.php?rest_route=\/wp\/v2\/pages"}],"about":[{"href":"https:\/\/panvvg.lt\/index.php?rest_route=\/wp\/v2\/types\/page"}],"author":[{"embeddable":true,"href":"https:\/\/panvvg.lt\/index.php?rest_route=\/wp\/v2\/users\/2"}],"replies":[{"embeddable":true,"href":"https:\/\/panvvg.lt\/index.php?rest_route=%2Fwp%2Fv2%2Fcomments&post=11090"}],"version-history":[{"count":9,"href":"https:\/\/panvvg.lt\/index.php?rest_route=\/wp\/v2\/pages\/11090\/revisions"}],"predecessor-version":[{"id":11215,"href":"https:\/\/panvvg.lt\/index.php?rest_route=\/wp\/v2\/pages\/11090\/revisions\/11215"}],"wp:attachment":[{"href":"https:\/\/panvvg.lt\/index.php?rest_route=%2Fwp%2Fv2%2Fmedia&parent=11090"}],"curies":[{"name":"wp","href":"https:\/\/api.w.org\/{rel}","templated":true}]}}