{"id":10983,"date":"2024-08-30T17:19:18","date_gmt":"2024-08-30T14:19:18","guid":{"rendered":"http:\/\/panvvg.lt?page_id=10983"},"modified":"2025-03-18T13:48:55","modified_gmt":"2025-03-18T11:48:55","slug":"kvietimas-nr-2-ne-zemes-ukio-verslo-kurimas-ir-pletra","status":"publish","type":"page","link":"https:\/\/panvvg.lt?page_id=10983","title":{"rendered":"Kvietimas Nr. 2 (ne \u017eem\u0117s \u016bkio verslo k\u016brimas ir pl\u0117tra)"},"content":{"rendered":"<div class=\"wp-block-image\">\n<figure class=\"aligncenter size-full\"><img decoding=\"async\" src=\"data:image\/gif;base64,R0lGODlhAQABAIAAAAAAAP\/\/\/ywAAAAAAQABAAACAUwAOw==\" fifu-lazy=\"1\" fifu-data-sizes=\"auto\" fifu-data-srcset=\"https:\/\/i0.wp.com\/panvvg.lt\/wp-content\/uploads\/2025\/03\/EScofundingBVIP.png?ssl=1&w=75&resize=75&ssl=1 75w, https:\/\/i0.wp.com\/panvvg.lt\/wp-content\/uploads\/2025\/03\/EScofundingBVIP.png?ssl=1&w=100&resize=100&ssl=1 100w, https:\/\/i0.wp.com\/panvvg.lt\/wp-content\/uploads\/2025\/03\/EScofundingBVIP.png?ssl=1&w=150&resize=150&ssl=1 150w, https:\/\/i0.wp.com\/panvvg.lt\/wp-content\/uploads\/2025\/03\/EScofundingBVIP.png?ssl=1&w=240&resize=240&ssl=1 240w, https:\/\/i0.wp.com\/panvvg.lt\/wp-content\/uploads\/2025\/03\/EScofundingBVIP.png?ssl=1&w=320&resize=320&ssl=1 320w, https:\/\/i0.wp.com\/panvvg.lt\/wp-content\/uploads\/2025\/03\/EScofundingBVIP.png?ssl=1&w=500&resize=500&ssl=1 500w, https:\/\/i0.wp.com\/panvvg.lt\/wp-content\/uploads\/2025\/03\/EScofundingBVIP.png?ssl=1&w=640&resize=640&ssl=1 640w, https:\/\/i0.wp.com\/panvvg.lt\/wp-content\/uploads\/2025\/03\/EScofundingBVIP.png?ssl=1&w=800&resize=800&ssl=1 800w, https:\/\/i0.wp.com\/panvvg.lt\/wp-content\/uploads\/2025\/03\/EScofundingBVIP.png?ssl=1&w=1024&resize=1024&ssl=1 1024w, https:\/\/i0.wp.com\/panvvg.lt\/wp-content\/uploads\/2025\/03\/EScofundingBVIP.png?ssl=1&w=1280&resize=1280&ssl=1 1280w, https:\/\/i0.wp.com\/panvvg.lt\/wp-content\/uploads\/2025\/03\/EScofundingBVIP.png?ssl=1&w=1600&resize=1600&ssl=1 1600w\" fifu-data-src=\"https:\/\/i0.wp.com\/panvvg.lt\/wp-content\/uploads\/2025\/03\/EScofundingBVIP.png?ssl=1\" alt=\"\" class=\"wp-image-11200\"\/><\/figure>\n<\/div>\n\n<p style=\"text-align: center;\"><span style=\"font-weight: normal !msorm;\"><strong><span>KVIETIMAS TEIKTI VIETOS PROJEKTUS NR. 2<\/span><\/strong><\/span><\/p>\n<p>Kvie\u010diame teikti parai\u0161kas pagal vietos pl\u0117tros strategijos \u201ePanev\u0117\u017eio rajono 2024-2029 m. vietos pl\u0117tros strategija\u201c priemon\u0119 <strong>\u201eNe \u017eem\u0117s \u016bkio verslo k\u016brimas ir pl\u0117tra\u201c<\/strong> Nr. PANE-LEADER-20VVG-03-01.<\/p>\n<p>Parai\u0161kos renkamos nuo <strong>2024-09-23<\/strong> 00.00 val. iki <strong>2024-10-31<\/strong> 24.00 val.<\/p>\n<ul style=\"list-style-type: disc;\">\n<li><strong class=\"highlights\"><a href=\"https:\/\/drive.google.com\/uc?id=1KJIXWYZ0tddasdkeJYoG2qM8uO9aKmEX\" target=\"_blank\" rel=\"noopener noreferrer\">Kvietimas Nr. 2<\/a><\/strong>;<\/li>\n<li><strong class=\"highlights\"><a href=\"https:\/\/drive.google.com\/uc?id=1QSClxAQrwxIbFEwzlVcPPUwGY6HwCWit\" target=\"_blank\" rel=\"noopener\">Vietos projekto parai\u0161kos forma<\/a><\/strong>;<\/li>\n<li>1 priedas <strong class=\"highlights\"><a href=\"https:\/\/drive.google.com\/uc?id=1bL3dgCGtSLnWBntVfxypGgUqkb2Fmp-a\" target=\"_blank\" rel=\"noopener noreferrer\">Verslo plano forma <\/a><\/strong>(*.xlsx formatu);<\/li>\n<li>2 priedas <strong class=\"highlights\"><a href=\"https:\/\/drive.google.com\/uc?id=1TNMsI3XJtbPOptXBIvpVJgmJ5Mo6eMXP\" target=\"_blank\" rel=\"noopener noreferrer\">Remiamos ir neremiamos veiklos pagal EVRK<\/a><\/strong>;<\/li>\n<li><strong class=\"highlights\"><a href=\"https:\/\/www.paramakaimui.lt\/uploads\/files\/dir4711\/dir235\/dir11\/16_0.php\" target=\"_blank\" rel=\"noopener noreferrer\">Vienos \u012fmon\u0117s deklaracijos forma<\/a><\/strong>;<\/li>\n<li><strong class=\"highlights\"><a href=\"https:\/\/www.paramakaimui.lt\/uploads\/files\/dir4711\/dir235\/dir11\/15_0.php\" target=\"_blank\" rel=\"noopener noreferrer\">SVV statuso deklaracijos forma<\/a><\/strong>.<\/li>\n<\/ul>\n<ul><\/ul>\n<p>Vietos projekt\u0173 parai\u0161kos priimamos\u00a0<strong>TIK<\/strong>\u00a0<strong>pasira\u0161ytos kvalifikuotu elektroniniu para\u0161u<\/strong>,\u00a0<strong>siun\u010diant elektroniniu pa\u0161tu panvvg@gmail.com<\/strong><strong>.<\/strong><\/p>\n<p><strong>SVARBU<\/strong><strong>! <\/strong>2024-2029 m. laikotarpyje n\u0117ra rengiami finansavimo s\u0105lyg\u0173 apra\u0161ai (FSA), visos paramos gavimo s\u0105lygos apra\u0161ytos <strong><a href=\"https:\/\/drive.google.com\/uc?id=1KJIXWYZ0tddasdkeJYoG2qM8uO9aKmEX\">Kvietime Nr. 2<\/a><\/strong>\u00a0ir jame nurodytuose teis\u0117s aktuose.<\/p>\n<p><strong><span style=\"font-weight: normal !msorm;\">NAUDINGOS NUORODOS:<\/span><\/strong><strong> <\/strong><\/p>\n<ul>\n<li><strong class=\"highlights\"><a href=\"https:\/\/panvvg.lt\/?portfolio=2024-2029-m-vietos-pletros-strategija\" target=\"_blank\" rel=\"noopener\">Panev\u0117\u017eio rajono vietos veiklos grup\u0117s vietos pl\u0117tros strategija \u201ePanev\u0117\u017eio rajono 2024-2029 m. vietos pl\u0117tros strategija\u201c<\/a><\/strong> (\u017er. aktuali\u0105 redakcij\u0105);<\/li>\n<li><strong class=\"highlights\"><a href=\"https:\/\/www.e-tar.lt\/portal\/lt\/legalAct\/8cdd3cd032b611ee9de9e7e0fd363afc\/asr\" target=\"_blank\" rel=\"noopener\">Vietos projekt\u0173, \u012fgyvendinam\u0173 bendruomeni\u0173 inicijuotos vietos pl\u0117tros b\u016bdu, administravimo taisykl\u0117s<\/a><\/strong>;<\/li>\n<li><strong class=\"highlights\"><a href=\"https:\/\/e-seimas.lrs.lt\/portal\/legalAct\/lt\/TAD\/6a4d6a81b48211ed924fd817f8fa798e\/asr\" target=\"_blank\" rel=\"noopener\">Lietuvos \u017eem\u0117s \u016bkio ir kaimo pl\u0117tros 2023\u20132027 met\u0173 strateginio plano administravimo taisykl\u0117s<\/a><\/strong>;<\/li>\n<li><strong class=\"highlights\"><a href=\"https:\/\/e-seimas.lrs.lt\/portal\/legalAct\/lt\/TAD\/09cb4ac29db611eda06e9a4a8dd92fc1?positionInSearchResults=1&amp;searchModelUUID=5f74bbd1-d12f-4e55-b2aa-262d902cc1d4\" target=\"_blank\" rel=\"noopener\">\u201eNaujos darbo vietos suk\u016brimas ir i\u0161laikymas\u201c pasiekimo vertinimo metodika<\/a><\/strong>;<\/li>\n<li><strong class=\"highlights\"><a href=\"https:\/\/www.e-tar.lt\/portal\/lt\/legalAct\/bba802c0163711e4afafe56485a7e49a\/asr\" target=\"_blank\" rel=\"noopener noreferrer\">Ekonominio gyvybingumo nustatymo taisykl\u0117s<\/a><\/strong>;<\/li>\n<li><strong class=\"highlights\"><a href=\"https:\/\/www.e-tar.lt\/portal\/lt\/legalAct\/47a74d00268211e78397ae072f58c508\" target=\"_blank\" rel=\"noopener noreferrer\">Vidutinio metinio darbuotoj\u0173 skai\u010diaus nustatymo tvarkos apra\u0161as<\/a><\/strong>;<\/li>\n<li><strong class=\"highlights\"><a href=\"https:\/\/www.e-tar.lt\/portal\/lt\/legalAct\/TAR.640D50DB8877\/HgxIVPeiFi\" target=\"_blank\" rel=\"noopener noreferrer\">Smulkiojo ir vidutinio verslo pl\u0117tros \u012fstatymas<\/a><\/strong>;<\/li>\n<li><span lang=\"LT\"><strong class=\"highlights\"><\/span><a href=\"https:\/\/www.e-tar.lt\/portal\/lt\/legalAct\/TAR.385773CCCFE8\/KITraopjTt\" target=\"_blank\" rel=\"noopener noreferrer\">Motorini\u0173 transporto priemoni\u0173 ir j\u0173 priekab\u0173 kategorij\u0173 ir klasi\u0173 pagal konstrukcij\u0105 reikalavimai<\/a><span lang=\"LT\"><\/strong>;<\/span><\/li>\n<li><a href=\"https:\/\/e-seimas.lrs.lt\/portal\/legalAct\/lt\/TAD\/d1d33d20d00111ed9b3c9397e1236c2a?positionInSearchResults=0&amp;searchModelUUID=735a294d-6fa5-4840-ad4e-6721ff10eade\" target=\"_blank\" rel=\"noopener noreferrer\"><strong class=\"highlights\">Vietos projekt\u0173 vie\u0161inimo taisykl\u0117s<\/strong><\/a>;<\/li>\n<li><strong class=\"highlights\"><a href=\"https:\/\/drive.google.com\/uc?id=1dMXNt1rKdH3PJkcg7oJqp9KpOQQ17jUG\" target=\"_blank\" rel=\"noopener\">Pasira\u0161ymo kvalifikuotu elektroniniu para\u0161u atmintin\u0117<\/a><\/strong>;<\/li>\n<li><a href=\"https:\/\/www.paramakaimui.lt\/index.php\/parama\/lietuvos-zemes-ukio-ir-kaimo-pletros-20232027-metu-strateginis-planas\/priemoniu-sarasas\/parama-vietos-projektams-igyvendinti-pagal-vps\/20232027-m-programinio-laikotarpio-vietos-projektu-pateiktu-pagal-vietos-pletros-strategijas-igyvendinamas-bendruomeniu-inicijuotos-vietos-pletros-budu-administravimo-proceduros-aprasas\/46563\" target=\"_blank\" rel=\"noopener noreferrer\"><strong class=\"highlights\">Vietos projekt\u0173 administravimo proced\u016bros apra\u0161as<\/strong><\/a>.<\/li>\n<\/ul>\n<p><strong>KVIETIMO NR. 2 METU <\/strong><strong>GAUT\u0172 VIETOS PROJEKT\u0172 VERTINIMO REZULTATAI:<\/strong><\/p>\n<p>Atrankos vertinimo <strong class=\"highlights\"><a href=\"https:\/\/drive.google.com\/uc?id=1Do_zzWMOtJN-C3-m6i8IEcZr0J0oq9PE\" target=\"_blank\" rel=\"noopener\">rezultatai (pirmumo eil\u0117, rezervinis s\u0105ra\u0161as)<\/a><\/strong><\/p>\n<ul><\/ul>\n<ul><\/ul>\n<ul><\/ul>\n<ul><\/ul>\n<p>Panev\u0117\u017eio rajono vietos veiklos grup\u0117\u00a0<strong>neatsako<\/strong>\u00a0u\u017e verslo subjekt\u0173 \u2013 konsultant\u0173\/konsultacini\u0173 \u012fmoni\u0173 internete ar socialiniuose tinkluose platinam\u0105 informacij\u0105 apie Panev\u0117\u017eio rajono vietos veiklos grup\u0117s skelbiamus kvietimus, j\u0173 dokumentacij\u0105 ar pateikimo terminus ir grafikus. Patikim\u0105 informacij\u0105 rasite tik www.panvvg.lt ir www.nma.lt interneto svetain\u0117se.<\/p>\n\n","protected":false},"excerpt":{"rendered":"<p>KVIETIMAS TEIKTI VIETOS PROJEKTUS NR. 2 Kvie\u010diame teikti parai\u0161kas pagal vietos pl\u0117tros strategijos \u201ePanev\u0117\u017eio rajono 2024-2029 m. vietos pl\u0117tros strategija\u201c priemon\u0119 \u201eNe \u017eem\u0117s \u016bkio verslo k\u016brimas ir pl\u0117tra\u201c Nr. PANE-LEADER-20VVG-03-01. Parai\u0161kos renkamos nuo 2024-09-23 00.00 val. iki 2024-10-31 24.00 val. ; ; 1 priedas (*.xlsx formatu); 2 priedas ; ; . Vietos projekt\u0173 parai\u0161kos priimamos\u00a0TIK\u00a0pasira\u0161ytos [&hellip;]<\/p>\n","protected":false},"author":2,"featured_media":0,"parent":0,"menu_order":0,"comment_status":"closed","ping_status":"closed","template":"","meta":{"footnotes":""},"class_list":["post-10983","page","type-page","status-publish","hentry"],"_links":{"self":[{"href":"https:\/\/panvvg.lt\/index.php?rest_route=\/wp\/v2\/pages\/10983","targetHints":{"allow":["GET"]}}],"collection":[{"href":"https:\/\/panvvg.lt\/index.php?rest_route=\/wp\/v2\/pages"}],"about":[{"href":"https:\/\/panvvg.lt\/index.php?rest_route=\/wp\/v2\/types\/page"}],"author":[{"embeddable":true,"href":"https:\/\/panvvg.lt\/index.php?rest_route=\/wp\/v2\/users\/2"}],"replies":[{"embeddable":true,"href":"https:\/\/panvvg.lt\/index.php?rest_route=%2Fwp%2Fv2%2Fcomments&post=10983"}],"version-history":[{"count":18,"href":"https:\/\/panvvg.lt\/index.php?rest_route=\/wp\/v2\/pages\/10983\/revisions"}],"predecessor-version":[{"id":11205,"href":"https:\/\/panvvg.lt\/index.php?rest_route=\/wp\/v2\/pages\/10983\/revisions\/11205"}],"wp:attachment":[{"href":"https:\/\/panvvg.lt\/index.php?rest_route=%2Fwp%2Fv2%2Fmedia&parent=10983"}],"curies":[{"name":"wp","href":"https:\/\/api.w.org\/{rel}","templated":true}]}}