{"id":10971,"date":"2024-08-30T14:59:23","date_gmt":"2024-08-30T11:59:23","guid":{"rendered":"http:\/\/panvvg.lt?page_id=10971"},"modified":"2024-12-11T16:52:40","modified_gmt":"2024-12-11T14:52:40","slug":"kvietimas-nr-35-parama-verslo-pletrai","status":"publish","type":"page","link":"https:\/\/panvvg.lt?page_id=10971","title":{"rendered":"Kvietimas Nr. 35 (parama verslo pl\u0117trai)"},"content":{"rendered":"<p><span color=\"#ff6600\">Parai\u0161kos pagal \u0161\u012f kvietim\u0105 renkamos nuo 2024-09-23 00.00 val. iki 2024-10-31 24.00 val.<\/span><\/p>\r\n<p><b>PAPRASTO KVIETIMO TEIKTI VIETOS PROJEKTUS NR. 35 DOKUMENTACIJA:<\/b><\/p>\r\n<ul style=\"list-style-type: disc;\">\r\n<li>Paprastas kvietimas teikti vietos projektus Nr. 35 (<strong class=\"highlights\"><a href=\"https:\/\/drive.google.com\/uc?id=1fGj-QL6Y9L7aiNvAI3ws4-XBU2jcIxqC\" target=\"_blank\" rel=\"noopener noreferrer\">kvietimo skelbimas<\/a><\/strong>);<\/li>\r\n<li>VPS priemon\u0117s \u201e\u016akio ir verslo pl\u0117tra\u201c veiklos sritis <strong>\u201eParama ne \u017eem\u0117s \u016bkio verslui kaimo vietov\u0117se pl\u0117toti\u201c <\/strong>Nr. LEADER-19.2-6.4:\r\n<ul style=\"list-style-type: disc;\">\r\n<li><strong class=\"highlights\"><a href=\"https:\/\/drive.google.com\/uc?id=1_k52KQ_S2ihEyAKiecZL7s8gAU-ND5WT\" target=\"_blank\" rel=\"noopener noreferrer\">Finansavimo s\u0105lyg\u0173 apra\u0161as (FSA)<\/a><\/strong>;<\/li>\r\n<li>1 priedas <strong class=\"highlights\"><a href=\"https:\/\/drive.google.com\/uc?id=1KGb8mFTYPaU9Vo-RzJN20NWfUp3QWHr8\" target=\"_blank\" rel=\"noopener noreferrer\">Vietos projekto parai\u0161ka<\/a><\/strong>;<\/li>\r\n<li>2 priedas <strong class=\"highlights\"><a href=\"https:\/\/drive.google.com\/uc?id=1KFPe9FGnQ5lst5BKjmRiY8tRO0DhIplc\" target=\"_blank\" rel=\"noopener noreferrer\">Verslo plano forma<\/a><\/strong> (<a href=\"https:\/\/drive.google.com\/uc?id=1KFPe9FGnQ5lst5BKjmRiY8tRO0DhIplc\" target=\"_blank\" rel=\"noopener noreferrer\">xlsx formatu<\/a>);<\/li>\r\n<li>3 priedas <strong class=\"highlights\"><a href=\"https:\/\/drive.google.com\/uc?id=1eU9b-jVGIewhthiZPbdkrNzXnygR0maL\" target=\"_blank\" rel=\"noopener noreferrer\">Remiamos ir neremiamos veiklos pagal EVRK<\/a><\/strong>;<\/li>\r\n<li><strong class=\"highlights\"><a href=\"https:\/\/www.paramakaimui.lt\/uploads\/files\/dir4711\/dir235\/dir11\/16_0.php\" target=\"_blank\" rel=\"noopener noreferrer\">Vienos \u012fmon\u0117s deklaracijos forma<\/a><\/strong> (pagal komisijos reglament\u0105 (ES) Nr. 1407\/2013);<\/li>\r\n<li><strong class=\"highlights\"><a href=\"https:\/\/www.paramakaimui.lt\/uploads\/files\/dir4711\/dir235\/dir11\/15_0.php\" target=\"_blank\" rel=\"noopener noreferrer\">SVV statuso deklaracijos forma<\/a><\/strong>;<\/li>\r\n<li>Paramos vietos projektui \u012fgyvendinti lyginamoji dalis:<br \/>&#8211; <strong>iki 70 proc<\/strong>. vis\u0173 tinkam\u0173 finansuoti vietos projekto i\u0161laid\u0173, kai vietos projekt\u0105 teikia privatus juridinis ar fizinis asmuo, atitinkantis labai ma\u017eai \u012fmonei keliamus reikalavimus, nurodytus Lietuvos Respublikos smulkiojo ir vidutinio verslo pl\u0117tros \u012fstatyme (taikoma juridiniams asmenims) ir Europos Komisijos 2003 m. gegu\u017e\u0117s 6 d. rekomendacijoje Nr. 2003\/361\/EC d\u0117l labai ma\u017eos, ma\u017eos ir vidutin\u0117s \u012fmon\u0117s apibr\u0117\u017eimo (taikoma fiziniams asmenims);<br \/>\u2013<strong> iki 50 proc<\/strong>. vis\u0173 tinkam\u0173 finansuoti vietos projekto i\u0161laid\u0173, kai projekt\u0105 teikia privatus juridinis ar fizinis asmuo, i\u0161skyrus asmenis, atitinkan\u010dius labai ma\u017eai \u012fmonei keliamus reikalavimus.<\/li>\r\n<\/ul>\r\n<\/li>\r\n<\/ul>\r\n<ul style=\"list-style-type: disc;\"><\/ul>\r\n<p>Kvietimui skiriama VPS paramos l\u0117\u0161\u0173 suma <strong>117 849<\/strong> <strong>Eur<\/strong>.<br \/>Did\u017eiausia galima parama vienam vietos projektui \u012fgyvendinti <strong>75 000<\/strong><strong>\u00a0Eur<\/strong>.<br \/>Finansavimo \u0161altinis: E\u017d\u016aFKP ir Lietuvos Respublikos valstyb\u0117s biud\u017eeto l\u0117\u0161os.<\/p>\r\n<p>Vietos projekt\u0173 parai\u0161kos priimamos <strong>TIK<\/strong> <strong>pasira\u0161ytos kvalifikuotu elektroniniu para\u0161u<\/strong>, <strong>siun\u010diant elektroniniu pa\u0161tu <\/strong><span><strong>panvvg@gmail.com<\/strong><\/span><strong>.<\/strong><\/p>\r\n<p><b><br \/>PAPILDOMI DOKUMENTAI (pagalba parei\u0161k\u0117jams)<\/b><b>:<\/b><\/p>\r\n<ul style=\"list-style-type: disc;\">\r\n<li>Vietos projekt\u0173, \u012fgyvendinam\u0173 bendruomeni\u0173 inicijuotos vietos pl\u0117tros b\u016bdu, <strong class=\"highlights\"><a href=\"https:\/\/www.e-tar.lt\/portal\/lt\/legalAct\/2c022700800111e6b969d7ae07280e89\/asr\" target=\"_blank\" rel=\"noopener\">administravimo taisykl\u0117s<\/a> <\/strong><\/li>\r\n<li>I\u0161laid\u0173 tinkamumo finansuoti paramos l\u0117\u0161omis\u00a0<a href=\"https:\/\/drive.google.com\/uc?id=1K84dVDV_LWTH5TvPVenlnRP4zQ_TnW-r\" target=\"_blank\" rel=\"noopener noreferrer\"><strong class=\"highlights\">vertinimo tvarka<\/strong><\/a><\/li>\r\n<li>Ekonominio gyvybingumo <strong class=\"highlights\"><a href=\"https:\/\/www.e-tar.lt\/portal\/lt\/legalAct\/bba802c0163711e4afafe56485a7e49a\/NOWEHzCMpp\" target=\"_blank\" rel=\"noopener noreferrer\">nustatymo taisykl\u0117s<\/a><\/strong><\/li>\r\n<li>Vidutinio metinio darbuotoj\u0173 skai\u010diaus nustatymo <strong class=\"highlights\"><a href=\"https:\/\/www.e-tar.lt\/portal\/lt\/legalAct\/47a74d00268211e78397ae072f58c508\" target=\"_blank\" rel=\"noopener noreferrer\">tvarkos apra\u0161as<\/a><\/strong><\/li>\r\n<li>Projekt\u0173, \u012fgyvendinam\u0173 pagal Lietuvos kaimo pl\u0117tros 2014-2020 met\u0173 programos priemones, rodiklio <strong class=\"highlights\">\u201e<a href=\"https:\/\/www.e-tar.lt\/portal\/lt\/legalAct\/4143fdd0c52b11e79122ea2db7aeb5f0\/asr\" target=\"_blank\" rel=\"noopener noreferrer\">Naujos darbo vietos suk\u016brimas ir i\u0161laikymas\u201c pasiekimo vertinimo metodika<\/a><\/strong><\/li>\r\n<li>Smulkiojo ir vidutinio <strong class=\"highlights\"><a href=\"https:\/\/www.e-tar.lt\/portal\/lt\/legalAct\/TAR.640D50DB8877\/HgxIVPeiFi\" target=\"_blank\" rel=\"noopener noreferrer\">verslo pl\u0117tros \u012fstatymas<\/a><\/strong><\/li>\r\n<li>Motorini\u0173 transporto priemoni\u0173 ir j\u0173 priekab\u0173 kategorij\u0173 ir klasi\u0173 pagal konstrukcij\u0105 <span lang=\"LT\"><strong class=\"highlights\"><\/span><a href=\"https:\/\/www.e-tar.lt\/portal\/lt\/legalAct\/TAR.385773CCCFE8\/KITraopjTt\" target=\"_blank\" rel=\"noopener noreferrer\">reikalavimai<\/a><span lang=\"LT\"><\/strong><\/span><\/li>\r\n<li>Vietos projekt\u0173\u00a0<a href=\"https:\/\/www.e-tar.lt\/portal\/lt\/legalAct\/ed70b9107edc11e4bc68a1493830b8b9\/gcNqPREAbI\" target=\"_blank\" rel=\"noopener noreferrer\"><strong class=\"highlights\">vie\u0161inimo taisykl\u0117s<\/strong><\/a><\/li>\r\n<li>Projekt\u0173 vykdytoj\u0173, pretenduojan\u010di\u0173 gauti param\u0105, <strong class=\"highlights\"><a href=\"https:\/\/www.e-tar.lt\/portal\/lt\/legalAct\/bc9ea1e05e8811ee81b8b446907f594f\/asr\" target=\"_blank\" rel=\"noopener noreferrer\">pirkimo taisykl\u0117s<\/a><\/strong><\/li>\r\n<li>Sankcij\u0173 u\u017e pa\u017eeidimus <strong class=\"highlights\"><a href=\"https:\/\/www.e-tar.lt\/portal\/lt\/legalAct\/3a4d3d907c6111e4abe983995522ea30\/kHbwEKPrCo\" target=\"_blank\" rel=\"noopener noreferrer\">taikymo metodika<\/a><\/strong><\/li>\r\n<li>Pasira\u0161ymo kvalifikuotu elektroniniu para\u0161u <strong class=\"highlights\"><a href=\"https:\/\/www.paramakaimui.lt\/uploads\/files\/dir4534\/dir226\/dir11\/0_0.php\" target=\"_blank\" rel=\"noopener\">atmintin\u0117<\/a><\/strong><\/li>\r\n<li>Vietos projekt\u0173, pateikt\u0173 pagal vietos pl\u0117tros strategijas, \u012fgyvendinamas bendruomeni\u0173 inicijuotos vietos pl\u0117tros b\u016bdu, <strong class=\"highlights\"><a href=\"https:\/\/www.paramakaimui.lt\/index.php\/parama\/lietuvos-kaimo-pletros-20142020-m-programa\/priemoniu-sarasas\/parama-vietos-projektams-igyvendinti-pagal-vps-2016-m\/20142020-m-programinio-laikotarpio-vietos-projektu-pateiktu-pagal-vietos-pletros-strategijas-igyvendinamas-bendruomeniu-inicijuotos-vietos-pletros-budu-administravimo-proceduros-aprasas\/11112\" target=\"_blank\" rel=\"noopener\">administravimo proced\u016bros apra\u0161as<\/a> <\/strong>ir priedai<\/li>\r\n<\/ul>\r\n<p><strong>KVIETIMO NR. 35 METU GAUT\u0172 VIETOS PROJEKT\u0172 VERTINIMAS:<\/strong><\/p>\r\n<p>Informacija apie u\u017eregistruotas vietos projekt\u0173 parai\u0161kas (<a href=\"https:\/\/drive.google.com\/uc?id=1wFQVXLk0hafxZ65UqSSXcDXIJz20ufzZ\" target=\"_blank\" rel=\"noreferrer noopener\" aria-label=\" (atidaroma naujame nar\u0161ykl\u0117s skirtuke)\"><strong>projekt\u0173\u00a0s\u0105ra\u0161as<\/strong><\/a>)<br \/>Informacija apie vietos projekt\u0173 parai\u0161k\u0173 prid\u0117tin\u0117s vert\u0117s (kokyb\u0117s) vertinimo\u00a0<a href=\"https:\/\/drive.google.com\/uc?id=1863_9EvRvsWJ0UMGdXNpSwMVdgh7Guw5\" target=\"_blank\" rel=\"noreferrer noopener\"><strong>rezultatus<\/strong><\/a><\/p>\r\n","protected":false},"excerpt":{"rendered":"<p>Parai\u0161kos pagal \u0161\u012f kvietim\u0105 renkamos nuo 2024-09-23 00.00 val. iki 2024-10-31 24.00 val. PAPRASTO KVIETIMO TEIKTI VIETOS PROJEKTUS NR. 35 DOKUMENTACIJA: Paprastas kvietimas teikti vietos projektus Nr. 35 (); VPS priemon\u0117s \u201e\u016akio ir verslo pl\u0117tra\u201c veiklos sritis \u201eParama ne \u017eem\u0117s \u016bkio verslui kaimo vietov\u0117se pl\u0117toti\u201c Nr. LEADER-19.2-6.4: ; 1 priedas ; 2 priedas (xlsx formatu); [&hellip;]<\/p>\n","protected":false},"author":2,"featured_media":0,"parent":0,"menu_order":0,"comment_status":"closed","ping_status":"closed","template":"","meta":{"footnotes":""},"class_list":["post-10971","page","type-page","status-publish","hentry"],"_links":{"self":[{"href":"https:\/\/panvvg.lt\/index.php?rest_route=\/wp\/v2\/pages\/10971","targetHints":{"allow":["GET"]}}],"collection":[{"href":"https:\/\/panvvg.lt\/index.php?rest_route=\/wp\/v2\/pages"}],"about":[{"href":"https:\/\/panvvg.lt\/index.php?rest_route=\/wp\/v2\/types\/page"}],"author":[{"embeddable":true,"href":"https:\/\/panvvg.lt\/index.php?rest_route=\/wp\/v2\/users\/2"}],"replies":[{"embeddable":true,"href":"https:\/\/panvvg.lt\/index.php?rest_route=%2Fwp%2Fv2%2Fcomments&post=10971"}],"version-history":[{"count":14,"href":"https:\/\/panvvg.lt\/index.php?rest_route=\/wp\/v2\/pages\/10971\/revisions"}],"predecessor-version":[{"id":11105,"href":"https:\/\/panvvg.lt\/index.php?rest_route=\/wp\/v2\/pages\/10971\/revisions\/11105"}],"wp:attachment":[{"href":"https:\/\/panvvg.lt\/index.php?rest_route=%2Fwp%2Fv2%2Fmedia&parent=10971"}],"curies":[{"name":"wp","href":"https:\/\/api.w.org\/{rel}","templated":true}]}}