{"id":10354,"date":"2022-03-31T07:01:58","date_gmt":"2022-03-31T04:01:58","guid":{"rendered":"http:\/\/panvvg.lt?page_id=10354"},"modified":"2023-03-08T14:22:14","modified_gmt":"2023-03-08T12:22:14","slug":"kvietimas-nr-29-bendruomeninis-verslas-2","status":"publish","type":"page","link":"https:\/\/panvvg.lt?page_id=10354","title":{"rendered":"Kvietimas Nr. 29 (bendruomeninis verslas)"},"content":{"rendered":"<p><span color=\"#ff6600\">Parai\u0161kas pagal \u0161\u012f kvietim\u0105 planuojama rinkti nuo 2022-04-01 9.00 val. iki 2022-05-20 16.00 val.<br>Artimiausiu metu planuojam\u0173 skelbti <a href=\"https:\/\/panvvg.lt\/?page_id=3857\" target=\"_blank\" rel=\"noopener noreferrer\">kvietim\u0173 grafikas<\/a>.<\/span><\/p>\n<p><b>PAPRASTO KVIETIMO TEIKTI VIETOS PROJEKTUS NR. 29 DOKUMENTACIJA:<\/b><\/p>\n<ul style=\"list-style-type: disc;\">\n<li>Paprastas kvietimas teikti vietos projektus Nr. 29 (<strong class=\"highlights\"><a href=\"https:\/\/drive.google.com\/uc?id=1lj5lZn_9tto5SXlQMhkteQef8EM6zLby\">kvietimo skelbimas<\/a><\/strong>);<\/li>\n<li>VPS priemon\u0117 \u201e<strong>NVO ir bendruomeninio verslo k\u016brimas ir pl\u0117tra<\/strong>\u201c Nr. LEADER-19.2-SAVA-5:\n<ul style=\"list-style-type: disc;\"><\/ul>\n<ul style=\"list-style-type: disc;\">\n<li><strong class=\"highlights\"><a href=\"https:\/\/drive.google.com\/uc?id=1wRCTxqUEI583fnFwVWCkAE116jbjBWqh\" target=\"_blank\" rel=\"noopener noreferrer\">Finansavimo s\u0105lyg\u0173 apra\u0161as (FSA)<\/a><\/strong>;<\/li>\n<li>1 priedas <strong class=\"highlights\"><a href=\"https:\/\/drive.google.com\/uc?id=1-rEFzlTGRXrOsM40ykTp9JBoVDbE0e1i\" target=\"_blank\" rel=\"noopener noreferrer\">Vietos projekto parai\u0161ka<\/a><\/strong>;<\/li>\n<li>2 priedas <strong class=\"highlights\"><a href=\"https:\/\/drive.google.com\/uc?id=1yWtGhCodn6QRXvOn64S0UlWO1R-xDKTn\" target=\"_blank\" rel=\"noopener noreferrer\">Pavyzdin\u0117 jungtin\u0117s veiklos sutarties forma<\/a><\/strong>;<\/li>\n<li>3 priedas&nbsp;<strong class=\"highlights\"><a href=\"https:\/\/drive.google.com\/uc?id=1wVN6M9y7jsN7_-teVExc1pK24yD3qENb\" target=\"_blank\" rel=\"noopener noreferrer\">Verslo plano forma<\/a><\/strong> (xlsx formatu);<\/li>\n<li>4 priedas <strong class=\"highlights\"><a href=\"https:\/\/drive.google.com\/uc?id=1ETo79YhO5PkhvnI0GkXmg12EPwPqvP1s\" target=\"_blank\" rel=\"noopener noreferrer\">Remiamos ir neremiamos veiklos pagal EVRK<\/a><\/strong>;<\/li>\n<\/ul>\n<\/li>\n<li><strong class=\"highlights\"><a href=\"https:\/\/drive.google.com\/uc?id=1tJneLCPbi_X5KrJcN67IErpAwWy6kzNP\" target=\"_blank\" rel=\"noopener noreferrer\">\u201eVienos \u012fmon\u0117s deklaracija\u201c<\/a><\/strong> (pagal komisijos reglament\u0105 (ES) Nr. 1407\/2013 <strong class=\"highlights\"><a href=\"https:\/\/drive.google.com\/uc?id=1tJneLCPbi_X5KrJcN67IErpAwWy6kzNP\" target=\"_blank\" rel=\"noopener noreferrer\">doc<\/a><\/strong> ir <strong class=\"highlights\"><a href=\"https:\/\/drive.google.com\/uc?id=15QAyok-wa0pQlF7kiZjqhr_yrCP4z-Q6\" target=\"_blank\" rel=\"noopener noreferrer\">xlxs<\/a><\/strong> formatu);<\/li>\n<li><strong class=\"highlights\"><a href=\"https:\/\/drive.google.com\/uc?id=1v9xjnMyQx-ij14CbcZCtlLlGogH9_QhT\" target=\"_blank\" rel=\"noopener noreferrer\">,,Smulkiojo ar vidutinio verslo subjekto statuso deklaracija\u201c<\/a><\/strong> (<strong class=\"highlights\"><a href=\"https:\/\/drive.google.com\/uc?id=1v9xjnMyQx-ij14CbcZCtlLlGogH9_QhT\" target=\"_blank\" rel=\"noopener noreferrer\">docx<\/a><\/strong> ir <strong class=\"highlights\"><a href=\"https:\/\/drive.google.com\/uc?id=1sAYGY81tnvVbYkMCMSCqfECjMK5llgwR\" target=\"_blank\" rel=\"noopener noreferrer\">xlxs<\/a><\/strong> formatu).<\/li>\n<li>Paramos vietos projektui \u012fgyvendinti lyginamoji dalis:<br>&#8211; <strong>iki 95 proc<\/strong>. vis\u0173 tinkam\u0173 finansuoti vietos projekto i\u0161laid\u0173 (taikoma, kai parei\u0161k\u0117jas bendruomenin\u0117 organizacija);<br>&#8211; <strong>iki 80 proc.<\/strong> vis\u0173 tinkam\u0173 finansuoti vietos projekto i\u0161laid\u0173 (taikoma, kai parei\u0161k\u0117jas kitos NVO).<\/li>\n<li>Tinkami vietos projekt\u0173 vykdytojai:<br>vie\u0161ieji juridiniai asmenys (Panev\u0117\u017eio rajone registruotos NVO (bendruomenin\u0117s organizacijos ir kitos nevyriausybin\u0117s (jaunimo, sporto, kult\u016bros ir kt.) organizacijos)).\n<ul style=\"list-style-type: disc;\"><\/ul>\n<\/li>\n<\/ul>\n<ul style=\"list-style-type: disc;\"><\/ul>\n<p>Bendra viso kvietimo teikti vietos projektus suma <strong>100 000,00 Eur<\/strong> i\u0161 E\u017d\u016aFKP ir Lietuvos Respublikos valstyb\u0117s biud\u017eeto l\u0117\u0161\u0173. <br>Did\u017eiausia galima parama vienam vietos projektui \u012fgyvendinti <strong>100 000,00 Eur<\/strong>.<\/p>\n<p>Vietos projekt\u0173 parai\u0161kos priimamos <strong>TIK<\/strong> <strong>pasira\u0161ytos kvalifikuotu elektroniniu para\u0161u<\/strong>, <strong>siun\u010diant elektroniniu pa\u0161tu <\/strong><span><strong>panvvg@gmail.com<\/strong><\/span>.<\/p>\n<p><b><br>PAPILDOMI DOKUMENTAI (pagalba parei\u0161k\u0117jams)<\/b><b>:<\/b><\/p>\n<ul style=\"list-style-type: disc;\">\n<li>Pasira\u0161ymo kvalifikuotu elektroniniu para\u0161u <strong class=\"highlights\"><a href=\"https:\/\/drive.google.com\/uc?id=1dMXNt1rKdH3PJkcg7oJqp9KpOQQ17jUG\" target=\"_blank\" rel=\"noopener\">atmintin\u0117<\/a><\/strong><\/li>\n<li>I\u0161laid\u0173 pagrindimo dokument\u0173 <a href=\"https:\/\/drive.google.com\/uc?id=1w8rBk37fopuNO4iHKcZq7mjiL4fSLD9v\" target=\"_blank\" rel=\"noopener noreferrer\"><strong class=\"highlights\">tinkamumo reikalavimai<\/strong><\/a><\/li>\n<li>Vietos projekt\u0173, \u012fgyvendinam\u0173 bendruomeni\u0173 inicijuotos vietos pl\u0117tros b\u016bdu, administravimo taisykl\u0117s (<a href=\"https:\/\/www.e-tar.lt\/portal\/lt\/legalAct\/2c022700800111e6b969d7ae07280e89\/asr\" target=\"_blank\" rel=\"noopener noreferrer\"><strong class=\"highlights\">kvietimo teikti vietos projekt\u0173 parai\u0161kas Nr. 29 metu taikoma suvestin\u0117 redakcija<\/strong><\/a>)<\/li>\n<li>Vietos projekt\u0173, pateikt\u0173 pagal vietos pl\u0117tros strategijas, \u012fgyvendinamas bendruomeni\u0173 inicijuotos vietos pl\u0117tros b\u016bdu, administravimo proced\u016bros apra\u0161as ir priedai (<a href=\"https:\/\/www.nma.lt\/index.php\/parama\/lietuvos-kaimo-pletros-20142020-m-programa\/priemoniu-sarasas\/parama-vietos-projektams-igyvendinti-pagal-vps-2016-m\/20142020-m-programinio-laikotarpio-vietos-projektu-pateiktu-pagal-vietos-pletros-strategijas-igyvendinamas-bendruomeniu-inicijuotos-vietos-pletros-budu-administravimo-proceduros-aprasas\/11112\" target=\"_blank\" rel=\"noopener noreferrer\"><strong class=\"highlights\">kvietimo teikti vietos projekt\u0173 parai\u0161kas Nr. 29 metu taikoma proced\u016bros apra\u0161o redakcija<\/strong><\/a>)<\/li>\n<li>Motorini\u0173 transporto priemoni\u0173 ir j\u0173 priekab\u0173 kategorij\u0173 ir klasi\u0173 pagal konstrukcij\u0105 <span lang=\"LT\"><strong class=\"highlights\"><\/span><a href=\"https:\/\/www.e-tar.lt\/portal\/lt\/legalAct\/TAR.385773CCCFE8\/KITraopjTt\" target=\"_blank\" rel=\"noopener noreferrer\">reikalavimai<\/a><span lang=\"LT\"><\/strong><\/span><\/li>\n<li>Ekonominio gyvybingumo <strong class=\"highlights\"><a href=\"https:\/\/www.e-tar.lt\/portal\/lt\/legalAct\/bba802c0163711e4afafe56485a7e49a\/NOWEHzCMpp\" target=\"_blank\" rel=\"noopener noreferrer\">nustatymo taisykl\u0117s<\/a><\/strong><\/li>\n<li>Vidutinio metinio darbuotoj\u0173 skai\u010diaus nustatymo <strong class=\"highlights\"><a href=\"https:\/\/www.e-tar.lt\/portal\/lt\/legalAct\/47a74d00268211e78397ae072f58c508\" target=\"_blank\" rel=\"noopener noreferrer\">tvarkos apra\u0161as<\/a><\/strong><\/li>\n<li>Smulkiojo ir vidutinio <strong class=\"highlights\"><a href=\"https:\/\/www.e-tar.lt\/portal\/lt\/legalAct\/TAR.640D50DB8877\/HgxIVPeiFi\" target=\"_blank\" rel=\"noopener noreferrer\">verslo pl\u0117tros \u012fstatymas<\/a><\/strong><\/li>\n<li>Projekt\u0173, \u012fgyvendinam\u0173 pagal Lietuvos kaimo pl\u0117tros 2014-2020 met\u0173 programos priemones, rodiklio <strong class=\"highlights\">\u201e<a href=\"https:\/\/www.e-tar.lt\/portal\/lt\/legalAct\/4143fdd0c52b11e79122ea2db7aeb5f0\" target=\"_blank\" rel=\"noopener noreferrer\">Naujos darbo vietos suk\u016brimas ir i\u0161laikymas\u201c pasiekimo vertinimo metodika<\/a><\/strong><\/li>\n<li>Vietos projekt\u0173&nbsp;<a href=\"https:\/\/www.e-tar.lt\/portal\/lt\/legalAct\/ed70b9107edc11e4bc68a1493830b8b9\/gcNqPREAbI\" target=\"_blank\" rel=\"noopener noreferrer\"><strong class=\"highlights\">vie\u0161inimo taisykl\u0117s<\/strong><\/a><\/li>\n<li>Projekt\u0173 vykdytoj\u0173, pretenduojan\u010di\u0173 gauti param\u0105, <strong class=\"highlights\"><a href=\"http:\/\/www.infolex.lt\/ta\/320663\" target=\"_blank\" rel=\"noopener noreferrer\">pirkimo taisykl\u0117s<\/a><\/strong><\/li>\n<li>Sankcij\u0173 u\u017e pa\u017eeidimus <strong class=\"highlights\"><a href=\"https:\/\/www.e-tar.lt\/portal\/lt\/legalAct\/3a4d3d907c6111e4abe983995522ea30\/kHbwEKPrCo\" target=\"_blank\" rel=\"noopener noreferrer\">taikymo metodika<\/a><\/strong><\/li>\n<\/ul>\n\n\n<p><strong>KVIETIMO NR. 29 METU GAUT\u0172 VIETOS PROJEKT\u0172 VERTINIMAS:<\/strong><\/p>\n<p>Informacija apie u\u017eregistruotas vietos projekt\u0173 parai\u0161kas (<a href=\"https:\/\/drive.google.com\/uc?id=1osX6yXYDZ-mv9xUH2PF6QbptttGzwqFT\" target=\"_blank\" rel=\"noreferrer noopener\" aria-label=\" (atidaroma naujame nar\u0161ykl\u0117s skirtuke)\"><strong>projekt\u0173\u00a0s\u0105ra\u0161as<\/strong><\/a>)<br \/><span>Informacija apie vietos projekt\u0173 parai\u0161k\u0173 prid\u0117tin\u0117s vert\u0117s (kokyb\u0117s) vertinimo\u00a0<\/span><strong class=\"highlights\"><a href=\"https:\/\/drive.google.com\/uc?id=1SxBKhc9U3WiMuB7E1lVput9VXIxfz-Fz\" target=\"_blank\" rel=\"noopener noreferrer\">rezultatus<\/a><br \/><\/strong>Vietos projekt\u0173 preliminarus pirmasis prioritetinis <strong><a href=\"https:\/\/drive.google.com\/uc?id=1k38nKFh7YagHZ5Ffb2x9GrME-tDWYM1n\">s\u0105ra\u0161as<\/a><\/strong><br \/>Rezervinis vietos projekt\u0173 <a href=\"https:\/\/drive.google.com\/uc?id=10EMWipEsHR8SNMCQ4Zwi0DJrFMmyjlgp\"><strong>s\u0105ra\u0161as<\/strong><\/a><br \/>Vietos projekt\u0173 parai\u0161k\u0173 atrankos vertinimo rezultat\u0173 <a href=\"https:\/\/drive.google.com\/uc?id=1fu2wxa4LQkcw18wAeemRpDnBc7MCGXld\"><strong>suvestin\u0117<\/strong><\/a><br \/>Vietos projekt\u0173 atrankos komiteto 2022-06-15 Nr. (27-30)-1<strong class=\"highlights\"><strong> <a href=\"https:\/\/drive.google.com\/uc?id=1HhDDSFkR18QWlU3yxASPnvw86ShNUwbP\" target=\"_blank\" rel=\"noopener\">nutariamoji<\/a> <\/strong><\/strong>dalis<strong class=\"highlights\"><br \/><\/strong>Vietos projekt\u0173 parai\u0161k\u0173 vertinimo <strong class=\"highlights\"><a href=\"https:\/\/drive.google.com\/uc?id=1E873N9A4nIM0VwKy1Nj6A8UfwDMwxena\" target=\"_blank\" rel=\"noopener\">rezultat\u0173 suvestin\u0117<\/a><br \/><\/strong><\/p>\n","protected":false},"excerpt":{"rendered":"<p>Parai\u0161kas pagal \u0161\u012f kvietim\u0105 planuojama rinkti nuo 2022-04-01 9.00 val. iki 2022-05-20 16.00 val.Artimiausiu metu planuojam\u0173 skelbti kvietim\u0173 grafikas. PAPRASTO KVIETIMO TEIKTI VIETOS PROJEKTUS NR. 29 DOKUMENTACIJA: Paprastas kvietimas teikti vietos projektus Nr. 29 (); VPS priemon\u0117 \u201eNVO ir bendruomeninio verslo k\u016brimas ir pl\u0117tra\u201c Nr. LEADER-19.2-SAVA-5: ; 1 priedas ; 2 priedas ; 3 priedas&nbsp; [&hellip;]<\/p>\n","protected":false},"author":2,"featured_media":0,"parent":0,"menu_order":0,"comment_status":"closed","ping_status":"closed","template":"","meta":{"footnotes":""},"class_list":["post-10354","page","type-page","status-publish","hentry"],"_links":{"self":[{"href":"https:\/\/panvvg.lt\/index.php?rest_route=\/wp\/v2\/pages\/10354","targetHints":{"allow":["GET"]}}],"collection":[{"href":"https:\/\/panvvg.lt\/index.php?rest_route=\/wp\/v2\/pages"}],"about":[{"href":"https:\/\/panvvg.lt\/index.php?rest_route=\/wp\/v2\/types\/page"}],"author":[{"embeddable":true,"href":"https:\/\/panvvg.lt\/index.php?rest_route=\/wp\/v2\/users\/2"}],"replies":[{"embeddable":true,"href":"https:\/\/panvvg.lt\/index.php?rest_route=%2Fwp%2Fv2%2Fcomments&post=10354"}],"version-history":[{"count":4,"href":"https:\/\/panvvg.lt\/index.php?rest_route=\/wp\/v2\/pages\/10354\/revisions"}],"predecessor-version":[{"id":10585,"href":"https:\/\/panvvg.lt\/index.php?rest_route=\/wp\/v2\/pages\/10354\/revisions\/10585"}],"wp:attachment":[{"href":"https:\/\/panvvg.lt\/index.php?rest_route=%2Fwp%2Fv2%2Fmedia&parent=10354"}],"curies":[{"name":"wp","href":"https:\/\/api.w.org\/{rel}","templated":true}]}}