{"id":10352,"date":"2022-03-31T07:00:49","date_gmt":"2022-03-31T04:00:49","guid":{"rendered":"http:\/\/panvvg.lt?page_id=10352"},"modified":"2023-03-08T15:45:21","modified_gmt":"2023-03-08T13:45:21","slug":"kvietimas-nr-28-parama-infrastrukturai","status":"publish","type":"page","link":"https:\/\/panvvg.lt?page_id=10352","title":{"rendered":"Kvietimas Nr. 28 (parama infrastrukt\u016brai)"},"content":{"rendered":"<p><span color=\"#ff6600\">Parai\u0161kas pagal \u0161\u012f kvietim\u0105 planuojama rinkti nuo 2022-04-01 9.00 val. iki 2022-05-20 16.00 val.<br>Artimiausiu metu planuojam\u0173 skelbti <a href=\"https:\/\/panvvg.lt\/?page_id=3857\" target=\"_blank\" rel=\"noopener noreferrer\">kvietim\u0173 grafikas<\/a>.<br><\/span><span color=\"#ff6600\"><span style=\"color: #ff6600;\">&nbsp;<\/span><\/span><\/p>\n<p><b>KVIETIMO TEIKTI VIETOS PROJEKTUS NR. 28 DOKUMENTACIJA:<\/b><\/p>\n<ul style=\"list-style-type: disc;\">\n<li>Kvietimas teikti vietos projektus Nr. 28 (<strong class=\"highlights\"><a href=\"https:\/\/drive.google.com\/uc?id=1lTiDATkK6ZiC1CNQ-dSFWqFduUV2Jc0O\" target=\"_blank\" rel=\"noopener noreferrer\">kvietimo skelbimas<\/a><\/strong>);<\/li>\n<li>VPS priemon\u0117s \u201ePagrindin\u0117s paslaugos ir kaim\u0173 atnaujinimas kaimo vietov\u0117se\u201c veiklos sritis <strong>\u201eParama investicijoms \u012f vis\u0173 r\u016b\u0161i\u0173 ma\u017eos apimties infrastrukt\u016br\u0105\u201c<\/strong> Nr. LEADER-19.2-7.2\n<ul style=\"list-style-type: disc;\">\n<li><strong class=\"highlights\"><a href=\"https:\/\/drive.google.com\/uc?id=1S8w4sJSJtB2CM1n4HSnngbHK6IKO8jOl\" target=\"_blank\" rel=\"noopener noreferrer\">Finansavimo s\u0105lyg\u0173 apra\u0161as (FSA)<\/a><\/strong> ir&nbsp;<strong class=\"highlights\"><a href=\"https:\/\/drive.google.com\/uc?id=1It6IfOOWIgv7aHGrpm2INhTyzdZIvTHT\" target=\"_blank\" rel=\"noopener noreferrer\">Informacija potencialiems parei\u0161k\u0117jams<\/a><\/strong>;<\/li>\n<li>1 priedas <strong class=\"highlights\"><a href=\"https:\/\/drive.google.com\/uc?id=1OWr8xvEFRxf4zTliN2W-1zBwM4dXtqhr\" target=\"_blank\" rel=\"noopener noreferrer\">Vietos projekto parai\u0161ka<\/a><\/strong>;<\/li>\n<li>2 priedas <strong class=\"highlights\"><a href=\"https:\/\/drive.google.com\/uc?id=1-u5qqDvIF2w5z2mvBhR-ovMvyJNYZByL\" target=\"_blank\" rel=\"noopener noreferrer\">Jungtin\u0117s veiklos sutartis<\/a><\/strong>.<\/li>\n<\/ul>\n<\/li>\n<\/ul>\n<ul>\n<li style=\"list-style-type: none;\">\n<ul style=\"list-style-type: disc;\"><\/ul>\n<\/li>\n<\/ul>\n<p>Paramos vietos projektui \u012fgyvendinti lyginamoji dalis &#8211; <strong>iki 80 proc<\/strong>. vis\u0173 tinkam\u0173 finansuoti vietos projekto i\u0161laid\u0173;<br>Kvietimui skiriama VPS paramos l\u0117\u0161\u0173 suma <strong>129 758,00<\/strong>&nbsp;<strong>Eur<\/strong> i\u0161 E\u017d\u016aFKP ir Lietuvos Respublikos valstyb\u0117s biud\u017eeto l\u0117\u0161\u0173;<br>Did\u017eiausia galima parama vienam vietos projektui \u012fgyvendinti <strong> 129 758,00<\/strong>&nbsp;<strong>Eur<\/strong>.<\/p>\n<p>Tinkami vietos projekt\u0173 vykdytojai:<br>\u2022 Panev\u0117\u017eio rajone registruotos NVO (bendruomenin\u0117s organizacijos ir kitos nevyriausybin\u0117s (jaunimo, sporto, kult\u016bros ir kt.) organizacijos);<br>\u2022 Panev\u0117\u017eio rajono savivaldyb\u0117s administracija, Panev\u0117\u017eio rajono savivaldyb\u0117s biud\u017eetin\u0117s \u012fstaigos.<\/p>\n<p>Vietos projekt\u0173 parai\u0161kos priimamos <strong>TIK<\/strong> <strong>pasira\u0161ytos kvalifikuotu elektroniniu para\u0161u<\/strong>, <strong>siun\u010diant elektroniniu pa\u0161tu <\/strong><span><strong>panvvg@gmail.com<\/strong><\/span>.<\/p>\n<p><b>PAPILDOMI DOKUMENTAI (pagalba parei\u0161k\u0117jams)<\/b><b>:<\/b><\/p>\n<ul>\n<li>Pasira\u0161ymo kvalifikuotu elektroniniu para\u0161u <strong class=\"highlights\"><a href=\"https:\/\/drive.google.com\/uc?id=1dMXNt1rKdH3PJkcg7oJqp9KpOQQ17jUG\" target=\"_blank\" rel=\"noopener\">atmintin\u0117<\/a><\/strong><\/li>\n<li>I\u0161laid\u0173 pagrindimo dokument\u0173, teikiam\u0173 kartu su parai\u0161ka, <a href=\"https:\/\/drive.google.com\/uc?id=1w8rBk37fopuNO4iHKcZq7mjiL4fSLD9v\" target=\"_blank\" rel=\"noopener noreferrer\"><strong class=\"highlights\">tinkamumo reikalavimai<\/strong><\/a><\/li>\n<li>Vietos projekt\u0173, \u012fgyvendinam\u0173 bendruomeni\u0173 inicijuotos vietos pl\u0117tros b\u016bdu, administravimo taisykl\u0117s (<a href=\"https:\/\/www.e-tar.lt\/portal\/lt\/legalAct\/2c022700800111e6b969d7ae07280e89\/asr\" target=\"_blank\" rel=\"noopener noreferrer\"><strong class=\"highlights\">kvietimo teikti vietos projekt\u0173 parai\u0161kas Nr. 28 metu taikoma suvestin\u0117 redakcija<\/strong><\/a>)<\/li>\n<li>Vietos projekt\u0173, pateikt\u0173 pagal vietos pl\u0117tros strategijas, \u012fgyvendinamas bendruomeni\u0173 inicijuotos vietos pl\u0117tros b\u016bdu, administravimo proced\u016bros apra\u0161as ir priedai (<a href=\"https:\/\/www.nma.lt\/index.php\/parama\/lietuvos-kaimo-pletros-20142020-m-programa\/priemoniu-sarasas\/parama-vietos-projektams-igyvendinti-pagal-vps-2016-m\/20142020-m-programinio-laikotarpio-vietos-projektu-pateiktu-pagal-vietos-pletros-strategijas-igyvendinamas-bendruomeniu-inicijuotos-vietos-pletros-budu-administravimo-proceduros-aprasas\/11112\" target=\"_blank\" rel=\"noopener noreferrer\"><strong class=\"highlights\">kvietimo teikti vietos projekt\u0173 parai\u0161kas Nr. 28 metu taikoma proced\u016bros apra\u0161o redakcija<\/strong><\/a>)<\/li>\n<li>Vietos projekt\u0173&nbsp;<a href=\"https:\/\/www.e-tar.lt\/portal\/lt\/legalAct\/ed70b9107edc11e4bc68a1493830b8b9\/asr\" target=\"_blank\" rel=\"noopener noreferrer\"><strong class=\"highlights\">vie\u0161inimo taisykl\u0117s<\/strong><\/a><\/li>\n<li>Projekt\u0173 vykdytoj\u0173, pretenduojan\u010di\u0173 gauti param\u0105, <strong class=\"highlights\"><a href=\"http:\/\/www.infolex.lt\/ta\/320663\" target=\"_blank\" rel=\"noopener noreferrer\">pirkimo taisykl\u0117s<\/a><\/strong><\/li>\n<li>Sankcij\u0173 u\u017e pa\u017eeidimus <strong class=\"highlights\"><a href=\"https:\/\/www.e-tar.lt\/portal\/lt\/legalActEditions\/3a4d3d907c6111e4abe983995522ea30?faces-redirect=true\" target=\"_blank\" rel=\"noopener noreferrer\">taikymo metodika<\/a><\/strong><\/li>\n<\/ul>\n\n\n<p><strong>KVIETIMO NR. 28 METU GAUT\u0172 VIETOS PROJEKT\u0172 VERTINIMAS:<\/strong><\/p>\n<p>Informacija apie u\u017eregistruotas vietos projekt\u0173 parai\u0161kas (<a href=\"https:\/\/drive.google.com\/uc?id=1p51FWekuGFaHVE9iVLYXk2eJxvvKL0Vi\" target=\"_blank\" rel=\"noreferrer noopener\" aria-label=\" (atidaroma naujame nar\u0161ykl\u0117s skirtuke)\"><strong>projekt\u0173\u00a0s\u0105ra\u0161as<\/strong><\/a>)<br \/><span>Informacija apie vietos projekt\u0173 parai\u0161k\u0173 prid\u0117tin\u0117s vert\u0117s (kokyb\u0117s) vertinimo\u00a0<\/span><strong class=\"highlights\"><a href=\"https:\/\/drive.google.com\/uc?id=1R44zAC-gi7c-Me22N6OfuRBonwqxtqUs\" target=\"_blank\" rel=\"noopener noreferrer\">rezultatus<\/a><br \/><\/strong>Vietos projekt\u0173 parai\u0161k\u0173 atrankos vertinimo<strong class=\"highlights\"><a href=\"https:\/\/drive.google.com\/uc?id=1R7lu7HMtcQyICsKMXEhmZfOgep2Kakha\" target=\"_blank\" rel=\"noopener noreferrer\">rezultat\u0173 suvestin\u0117<\/a><br \/><\/strong>Vietos projekt\u0173 atrankos komiteto 2022-06-15 Nr. (27-30)-1 <strong class=\"highlights\"><strong><a href=\"https:\/\/drive.google.com\/uc?id=1HhDDSFkR18QWlU3yxASPnvw86ShNUwbP\" target=\"_blank\" rel=\"noopener\">nutariamoji<\/a> <\/strong><\/strong>dalis<strong class=\"highlights\"><br \/><\/strong>Vietos projekt\u0173 parai\u0161k\u0173 vertinimo <strong class=\"highlights\"><a href=\"https:\/\/drive.google.com\/uc?id=1-t7II9SQPnjHZjxc9Rvo9JNEEgCnWWas\" target=\"_blank\" rel=\"noopener\">rezultat\u0173 suvestin\u0117<\/a><br \/><\/strong><\/p>\n","protected":false},"excerpt":{"rendered":"<p>Parai\u0161kas pagal \u0161\u012f kvietim\u0105 planuojama rinkti nuo 2022-04-01 9.00 val. iki 2022-05-20 16.00 val.Artimiausiu metu planuojam\u0173 skelbti kvietim\u0173 grafikas.&nbsp; KVIETIMO TEIKTI VIETOS PROJEKTUS NR. 28 DOKUMENTACIJA: Kvietimas teikti vietos projektus Nr. 28 (); VPS priemon\u0117s \u201ePagrindin\u0117s paslaugos ir kaim\u0173 atnaujinimas kaimo vietov\u0117se\u201c veiklos sritis \u201eParama investicijoms \u012f vis\u0173 r\u016b\u0161i\u0173 ma\u017eos apimties infrastrukt\u016br\u0105\u201c Nr. LEADER-19.2-7.2 ir&nbsp;; [&hellip;]<\/p>\n","protected":false},"author":2,"featured_media":0,"parent":0,"menu_order":0,"comment_status":"closed","ping_status":"closed","template":"","meta":{"footnotes":""},"class_list":["post-10352","page","type-page","status-publish","hentry"],"_links":{"self":[{"href":"https:\/\/panvvg.lt\/index.php?rest_route=\/wp\/v2\/pages\/10352","targetHints":{"allow":["GET"]}}],"collection":[{"href":"https:\/\/panvvg.lt\/index.php?rest_route=\/wp\/v2\/pages"}],"about":[{"href":"https:\/\/panvvg.lt\/index.php?rest_route=\/wp\/v2\/types\/page"}],"author":[{"embeddable":true,"href":"https:\/\/panvvg.lt\/index.php?rest_route=\/wp\/v2\/users\/2"}],"replies":[{"embeddable":true,"href":"https:\/\/panvvg.lt\/index.php?rest_route=%2Fwp%2Fv2%2Fcomments&post=10352"}],"version-history":[{"count":6,"href":"https:\/\/panvvg.lt\/index.php?rest_route=\/wp\/v2\/pages\/10352\/revisions"}],"predecessor-version":[{"id":10586,"href":"https:\/\/panvvg.lt\/index.php?rest_route=\/wp\/v2\/pages\/10352\/revisions\/10586"}],"wp:attachment":[{"href":"https:\/\/panvvg.lt\/index.php?rest_route=%2Fwp%2Fv2%2Fmedia&parent=10352"}],"curies":[{"name":"wp","href":"https:\/\/api.w.org\/{rel}","templated":true}]}}