{"id":10350,"date":"2022-03-31T06:59:30","date_gmt":"2022-03-31T03:59:30","guid":{"rendered":"http:\/\/panvvg.lt?page_id=10350"},"modified":"2023-04-03T10:55:35","modified_gmt":"2023-04-03T07:55:35","slug":"kvietimas-nr-27-verslo-pletra","status":"publish","type":"page","link":"https:\/\/panvvg.lt?page_id=10350","title":{"rendered":"Kvietimas Nr. 27 (verslo pl\u0117tra)"},"content":{"rendered":"<p><span color=\"#ff6600\">Parai\u0161kas pagal \u0161\u012f kvietim\u0105 planuojama rinkti nuo 2022-04-01 9.00 val. iki 2022-05-20 16.00 val.<br \/>Artimiausiu metu planuojam\u0173 skelbti <a href=\"https:\/\/panvvg.lt\/?page_id=3857\" target=\"_blank\" rel=\"noopener noreferrer\">kvietim\u0173 grafikas<\/a>.<br \/><\/span><span color=\"#ff6600\"><span style=\"color: #ff6600;\">\u00a0<\/span><\/span><\/p>\n<p><b>KVIETIMO TEIKTI VIETOS PROJEKTUS NR. 27 DOKUMENTACIJA:<\/b><\/p>\n<ul style=\"list-style-type: disc;\">\n<li>Kvietimas teikti vietos projektus Nr. 27 (<strong class=\"highlights\"><a href=\"https:\/\/drive.google.com\/uc?id=1ZuNO9zckwgA-7b80gfO3m0Q5XmPJ3aLV\" target=\"_blank\" rel=\"noopener noreferrer\">kvietimo skelbimas<\/a><\/strong>);<\/li>\n<li>VPS priemon\u0117s \u201e\u016akio ir verslo pl\u0117tra\u201c veiklos sritis <strong>\u201eParama ne \u017eem\u0117s \u016bkio verslui kaimo vietov\u0117se pl\u0117toti\u201c <\/strong>Nr. LEADER-19.2-6.4:\n<ul style=\"list-style-type: disc;\">\n<li><strong class=\"highlights\"><a href=\"https:\/\/drive.google.com\/uc?id=1t2VqqzaeuBg9dkdJ7ENFp-TcAmgLhr_k\" target=\"_blank\" rel=\"noopener noreferrer\">Finansavimo s\u0105lyg\u0173 apra\u0161as (FSA)<\/a><\/strong>;<\/li>\n<li>1 priedas <strong class=\"highlights\"><a href=\"https:\/\/drive.google.com\/uc?id=1QLBoHvI0utiCzmgZ-qEVT_k7_ew3Vz78\" target=\"_blank\" rel=\"noopener noreferrer\">Vietos projekto parai\u0161ka<\/a><\/strong>;<\/li>\n<li>2 priedas <strong class=\"highlights\"><a href=\"https:\/\/drive.google.com\/uc?id=1UFNA5v14Ca1mKEYt7MItyaFifuhbavSa\" target=\"_blank\" rel=\"noopener noreferrer\">Verslo plano forma<\/a><\/strong>;<\/li>\n<li>3 priedas <strong class=\"highlights\"><a href=\"https:\/\/drive.google.com\/uc?id=1Afg-kl-4DwIrcOesF6qxi7bO_u-KXwtz\" target=\"_blank\" rel=\"noopener noreferrer\">Remiamos ir neremiamos veiklos pagal EVRK<\/a><a href=\"https:\/\/drive.google.com\/uc?id=1SFfQMQSILpsaApkPALjYEseJUv7A9TJk\" target=\"_blank\" rel=\"noopener noreferrer\"><\/a><\/strong>;<\/li>\n<\/ul>\n<\/li>\n<li><strong class=\"highlights\"><a href=\"https:\/\/drive.google.com\/uc?id=1tJneLCPbi_X5KrJcN67IErpAwWy6kzNP\" target=\"_blank\" rel=\"noopener noreferrer\">\u201eVienos \u012fmon\u0117s deklaracija\u201c<\/a><\/strong> (pagal komisijos reglament\u0105 (ES) Nr. 1407\/2013 <strong class=\"highlights\"><a href=\"https:\/\/drive.google.com\/uc?id=15QAyok-wa0pQlF7kiZjqhr_yrCP4z-Q6\" target=\"_blank\" rel=\"noopener noreferrer\">xlxs<\/a><\/strong> formatu);<\/li>\n<li><strong class=\"highlights\"><a href=\"https:\/\/drive.google.com\/uc?id=1v9xjnMyQx-ij14CbcZCtlLlGogH9_QhT\" target=\"_blank\" rel=\"noopener noreferrer\">,,Smulkiojo ar vidutinio verslo subjekto statuso deklaracija\u201c<\/a><\/strong> (<strong class=\"highlights\"><a href=\"https:\/\/drive.google.com\/uc?id=1sAYGY81tnvVbYkMCMSCqfECjMK5llgwR\" target=\"_blank\" rel=\"noopener noreferrer\">xlxs<\/a><\/strong> formatu).<\/li>\n<\/ul>\n<ul>\n<li style=\"list-style-type: none;\">\n<ul style=\"list-style-type: disc;\"><\/ul>\n<\/li>\n<\/ul>\n<p>Paramos vietos projektui \u012fgyvendinti lyginamoji dalis:<br \/>&#8211;\u00a0<strong>iki 70 proc<\/strong>. vis\u0173 tinkam\u0173 finansuoti vietos projekto i\u0161laid\u0173, kai vietos projekt\u0105 teikia privatus juridinis ar fizinis asmuo, atitinkantis labai ma\u017eai \u012fmonei keliamus reikalavimus, nurodytus Lietuvos Respublikos smulkiojo ir vidutinio verslo pl\u0117tros \u012fstatyme (taikoma juridiniams asmenims) ir Europos Komisijos 2003 m. gegu\u017e\u0117s 6 d. rekomendacijoje Nr. 2003\/361\/EC d\u0117l labai ma\u017eos, ma\u017eos ir vidutin\u0117s \u012fmon\u0117s apibr\u0117\u017eimo (taikoma fiziniams asmenims);<br \/>&#8211; <strong>iki 50 proc<\/strong>.\u00a0vis\u0173 tinkam\u0173 finansuoti vietos projekto i\u0161laid\u0173, kai projekt\u0105 teikia privatus juridinis ar fizinis asmuo, i\u0161skyrus asmenis, atitinkan\u010dius labai ma\u017eai \u012fmonei keliamus reikalavimus.<\/p>\n<p>Kvietimui skiriama VPS paramos l\u0117\u0161\u0173 suma <strong>192 238.00<\/strong>\u00a0<strong>Eur<\/strong> i\u0161 E\u017d\u016aFKP ir Lietuvos Respublikos valstyb\u0117s biud\u017eeto l\u0117\u0161\u0173;<br \/>Did\u017eiausia galima parama vienam vietos projektui \u012fgyvendinti <strong>\u00a075 000,00<\/strong> <strong>Eur<\/strong>.<\/p>\n<p>Vietos projekt\u0173 parai\u0161kos priimamos <strong>TIK<\/strong> <strong>pasira\u0161ytos kvalifikuotu elektroniniu para\u0161u<\/strong>, <strong>siun\u010diant elektroniniu pa\u0161tu <\/strong><span><strong>panvvg@gmail.com<\/strong><\/span>.<\/p>\n<p><b>PAPILDOMI DOKUMENTAI (pagalba parei\u0161k\u0117jams)<\/b><b>:<\/b><\/p>\n<ul>\n<li>Pasira\u0161ymo kvalifikuotu elektroniniu para\u0161u <strong class=\"highlights\"><a href=\"https:\/\/drive.google.com\/uc?id=1dMXNt1rKdH3PJkcg7oJqp9KpOQQ17jUG\" target=\"_blank\" rel=\"noopener\">atmintin\u0117<\/a><\/strong><\/li>\n<li>I\u0161laid\u0173 pagrindimo dokument\u0173, teikiam\u0173 kartu su parai\u0161ka, <a href=\"https:\/\/drive.google.com\/uc?id=1w8rBk37fopuNO4iHKcZq7mjiL4fSLD9v\" target=\"_blank\" rel=\"noopener noreferrer\"><strong class=\"highlights\">tinkamumo reikalavimai<\/strong><\/a><\/li>\n<li>Vietos projekt\u0173, \u012fgyvendinam\u0173 bendruomeni\u0173 inicijuotos vietos pl\u0117tros b\u016bdu, administravimo taisykl\u0117s (<a href=\"https:\/\/www.e-tar.lt\/portal\/lt\/legalAct\/2c022700800111e6b969d7ae07280e89\/asr\" target=\"_blank\" rel=\"noopener noreferrer\"><strong class=\"highlights\">kvietimo teikti vietos projekt\u0173 parai\u0161kas Nr. 27 metu taikoma suvestin\u0117 redakcija<\/strong><\/a>)<\/li>\n<li>Vietos projekt\u0173, pateikt\u0173 pagal vietos pl\u0117tros strategijas, \u012fgyvendinamas bendruomeni\u0173 inicijuotos vietos pl\u0117tros b\u016bdu, administravimo proced\u016bros apra\u0161as ir priedai (<a href=\"https:\/\/www.nma.lt\/index.php\/parama\/lietuvos-kaimo-pletros-20142020-m-programa\/priemoniu-sarasas\/parama-vietos-projektams-igyvendinti-pagal-vps-2016-m\/20142020-m-programinio-laikotarpio-vietos-projektu-pateiktu-pagal-vietos-pletros-strategijas-igyvendinamas-bendruomeniu-inicijuotos-vietos-pletros-budu-administravimo-proceduros-aprasas\/11112\" target=\"_blank\" rel=\"noopener noreferrer\"><strong class=\"highlights\">kvietimo teikti vietos projekt\u0173 parai\u0161kas Nr. 27 metu taikoma proced\u016bros apra\u0161o redakcija<\/strong><\/a>)<\/li>\n<li>Motorini\u0173 transporto priemoni\u0173 ir j\u0173 priekab\u0173 kategorij\u0173 ir klasi\u0173 pagal konstrukcij\u0105 <span lang=\"LT\"><strong class=\"highlights\"><\/span><a href=\"https:\/\/www.e-tar.lt\/portal\/lt\/legalAct\/TAR.385773CCCFE8\/WuDxdLlJej\" target=\"_blank\" rel=\"noopener noreferrer\">reikalavimai<\/a><span lang=\"LT\"><\/strong><\/span><\/li>\n<li>Ekonominio gyvybingumo <strong class=\"highlights\"><a href=\"https:\/\/www.e-tar.lt\/portal\/lt\/legalAct\/bba802c0163711e4afafe56485a7e49a\/ZbAtSKbjar\" target=\"_blank\" rel=\"noopener noreferrer\">nustatymo taisykl\u0117s<\/a><\/strong><\/li>\n<li>Vidutinio metinio darbuotoj\u0173 skai\u010diaus nustatymo <strong class=\"highlights\"><a href=\"https:\/\/www.e-tar.lt\/portal\/lt\/legalAct\/47a74d00268211e78397ae072f58c508\" target=\"_blank\" rel=\"noopener noreferrer\">tvarkos apra\u0161as<\/a><\/strong><\/li>\n<li>Smulkiojo ir vidutinio <strong class=\"highlights\"><a href=\"https:\/\/www.e-tar.lt\/portal\/lt\/legalAct\/TAR.640D50DB8877\/iKJGgOOWkj\" target=\"_blank\" rel=\"noopener noreferrer\">verslo pl\u0117tros \u012fstatymas<\/a><\/strong><\/li>\n<li>Projekt\u0173, \u012fgyvendinam\u0173 pagal Lietuvos kaimo pl\u0117tros 2014-2020 met\u0173 programos priemones, rodiklio <strong class=\"highlights\">\u201e<a href=\"https:\/\/www.e-tar.lt\/portal\/lt\/legalAct\/4143fdd0c52b11e79122ea2db7aeb5f0\/asr\" target=\"_blank\" rel=\"noopener noreferrer\">Naujos darbo vietos suk\u016brimas ir i\u0161laikymas\u201c pasiekimo vertinimo metodika<\/a><\/strong><\/li>\n<li>Vietos projekt\u0173\u00a0<a href=\"https:\/\/www.e-tar.lt\/portal\/lt\/legalAct\/ed70b9107edc11e4bc68a1493830b8b9\/asr\" target=\"_blank\" rel=\"noopener noreferrer\"><strong class=\"highlights\">vie\u0161inimo taisykl\u0117s<\/strong><\/a><\/li>\n<li>Projekt\u0173 vykdytoj\u0173, pretenduojan\u010di\u0173 gauti param\u0105, <strong class=\"highlights\"><a href=\"https:\/\/www.e-tar.lt\/portal\/lt\/legalAct\/61051eb07af111e48d20daf2927aba7d\/asr\" target=\"_blank\" rel=\"noopener noreferrer\">pirkimo taisykl\u0117s<\/a><\/strong><\/li>\n<li>Sankcij\u0173 u\u017e pa\u017eeidimus <strong class=\"highlights\"><a href=\"https:\/\/www.e-tar.lt\/portal\/lt\/legalActEditions\/3a4d3d907c6111e4abe983995522ea30?faces-redirect=true\" target=\"_blank\" rel=\"noopener noreferrer\">taikymo metodika<\/a><\/strong><\/li>\n<\/ul>\n\n\n<p><strong>KVIETIMO NR. 27 METU GAUT\u0172 VIETOS PROJEKT\u0172 VERTINIMAS:<\/strong><\/p>\n<p>Informacija apie u\u017eregistruotas vietos projekt\u0173 parai\u0161kas (<a href=\"https:\/\/drive.google.com\/uc?id=1UefeFXuKhgk44yxcN5nVTTtNLw5oTMWM\" target=\"_blank\" rel=\"noreferrer noopener\" aria-label=\" (atidaroma naujame nar\u0161ykl\u0117s skirtuke)\"><strong>projekt\u0173\u00a0s\u0105ra\u0161as<\/strong><\/a>)<br \/><span>Informacija apie vietos projekt\u0173 parai\u0161k\u0173 prid\u0117tin\u0117s vert\u0117s (kokyb\u0117s) vertinimo\u00a0<\/span><strong class=\"highlights\"><a href=\"https:\/\/drive.google.com\/uc?id=1AVeFwP5PZec7CtmDMB5U9qCN0bEdotwu\" target=\"_blank\" rel=\"noopener noreferrer\">rezultatus<\/a><br \/><\/strong>Vietos projekt\u0173 pirmasis <strong class=\"highlights\"><span><strong><a href=\"https:\/\/drive.google.com\/uc?id=1EhK0IiZksCF6BVdZRS7SedwPb5dMvz0R\" target=\"_blank\" rel=\"noopener\">prioritetinis s\u0105ra\u0161as<\/a><br \/><\/strong><\/span><\/strong>Rezervinis vietos<strong class=\"highlights\"><span><strong> <a href=\"https:\/\/drive.google.com\/uc?id=1dJaK5tnvSdCEpuKJuHrfpb24Voh8a_cb\" target=\"_blank\" rel=\"noopener\">projekt\u0173 s\u0105ra\u0161as<\/a><\/strong><\/span><br \/><\/strong>Vietos projekt\u0173 parai\u0161k\u0173 atrankos vertinimo rezultat\u0173 <a href=\"https:\/\/drive.google.com\/uc?id=1TQwq9tCbxOhGssOh1x4NyAUiAL1RWht3\"><strong>suvestin\u0117<\/strong><\/a><br \/>Vietos projekt\u0173 atrankos komiteto 2022-06-15 Nr. (27-30)-1 <strong class=\"highlights\"><strong><a href=\"https:\/\/drive.google.com\/uc?id=1HhDDSFkR18QWlU3yxASPnvw86ShNUwbP\" target=\"_blank\" rel=\"noopener\">nutariamoji<\/a> <\/strong><\/strong>dalis<br \/>Vietos projekt\u0173 atrankos vertinimo<strong class=\"highlights\"> <a href=\"https:\/\/drive.google.com\/uc?id=1vPWo9EmmgXnZc_-V3yIG4sZAs1706KrU\" target=\"_blank\" rel=\"noopener noreferrer\">rezultat\u0173 suvestin\u0117<\/a><br \/><\/strong><\/p>\n","protected":false},"excerpt":{"rendered":"<p>Parai\u0161kas pagal \u0161\u012f kvietim\u0105 planuojama rinkti nuo 2022-04-01 9.00 val. iki 2022-05-20 16.00 val.Artimiausiu metu planuojam\u0173 skelbti kvietim\u0173 grafikas.\u00a0 KVIETIMO TEIKTI VIETOS PROJEKTUS NR. 27 DOKUMENTACIJA: Kvietimas teikti vietos projektus Nr. 27 (); VPS priemon\u0117s \u201e\u016akio ir verslo pl\u0117tra\u201c veiklos sritis \u201eParama ne \u017eem\u0117s \u016bkio verslui kaimo vietov\u0117se pl\u0117toti\u201c Nr. LEADER-19.2-6.4: ; 1 priedas ; [&hellip;]<\/p>\n","protected":false},"author":2,"featured_media":0,"parent":0,"menu_order":0,"comment_status":"closed","ping_status":"closed","template":"","meta":{"footnotes":""},"class_list":["post-10350","page","type-page","status-publish","hentry"],"_links":{"self":[{"href":"https:\/\/panvvg.lt\/index.php?rest_route=\/wp\/v2\/pages\/10350","targetHints":{"allow":["GET"]}}],"collection":[{"href":"https:\/\/panvvg.lt\/index.php?rest_route=\/wp\/v2\/pages"}],"about":[{"href":"https:\/\/panvvg.lt\/index.php?rest_route=\/wp\/v2\/types\/page"}],"author":[{"embeddable":true,"href":"https:\/\/panvvg.lt\/index.php?rest_route=\/wp\/v2\/users\/2"}],"replies":[{"embeddable":true,"href":"https:\/\/panvvg.lt\/index.php?rest_route=%2Fwp%2Fv2%2Fcomments&post=10350"}],"version-history":[{"count":5,"href":"https:\/\/panvvg.lt\/index.php?rest_route=\/wp\/v2\/pages\/10350\/revisions"}],"predecessor-version":[{"id":10630,"href":"https:\/\/panvvg.lt\/index.php?rest_route=\/wp\/v2\/pages\/10350\/revisions\/10630"}],"wp:attachment":[{"href":"https:\/\/panvvg.lt\/index.php?rest_route=%2Fwp%2Fv2%2Fmedia&parent=10350"}],"curies":[{"name":"wp","href":"https:\/\/api.w.org\/{rel}","templated":true}]}}